{"id":768,"date":"2022-09-17T11:11:48","date_gmt":"2022-09-17T08:11:48","guid":{"rendered":"https:\/\/drhimmelclinic.com\/al\/?page_id=768"},"modified":"2022-10-11T13:34:04","modified_gmt":"2022-10-11T10:34:04","slug":"estetike-e-qepallave","status":"publish","type":"page","link":"https:\/\/drhimmelclinic.com\/al\/estetike-e-qepallave","title":{"rendered":"Estetike e Qepallave"},"content":{"rendered":"\t\t<div data-elementor-type=\"wp-page\" data-elementor-id=\"768\" class=\"elementor elementor-768\">\n\t\t\t\t\t\t\t\t\t<section class=\"elementor-section elementor-top-section elementor-element elementor-element-100bd8a5 elementor-section-boxed elementor-section-height-default elementor-section-height-default\" data-id=\"100bd8a5\" data-element_type=\"section\">\n\t\t\t\t\t\t<div class=\"elementor-container elementor-column-gap-default\">\n\t\t\t\t\t<div class=\"lqd-css-sticky-column elementor-column elementor-col-50 elementor-top-column elementor-element elementor-element-2eda37c\" style=\"--lqd-sticky-offset:30px\" data-id=\"2eda37c\" data-element_type=\"column\">\n\t\t\t<div class=\"elementor-widget-wrap elementor-element-populated\">\n\t\t\t\t\t\t\t\t<section class=\"elementor-section elementor-inner-section elementor-element elementor-element-505692c0 elementor-section-boxed elementor-section-height-default elementor-section-height-default\" data-id=\"505692c0\" data-element_type=\"section\">\n\t\t\t\t\t\t<div class=\"elementor-container elementor-column-gap-default\">\n\t\t\t\t\t<div class=\"elementor-column elementor-col-100 elementor-inner-column elementor-element elementor-element-702ef4b5\" data-id=\"702ef4b5\" data-element_type=\"column\" data-settings=\"{&quot;background_background&quot;:&quot;classic&quot;}\">\n\t\t\t<div class=\"elementor-widget-wrap elementor-element-populated\">\n\t\t\t\t\t\t\t\t<div class=\"elementor-element elementor-element-c4b355e elementor-widget elementor-widget-hub_fancy_heading\" data-id=\"c4b355e\" data-element_type=\"widget\" data-widget_type=\"hub_fancy_heading.default\">\n\t\t\t\t<div class=\"elementor-widget-container\">\n\t\t\t\n\t\t<div id=\"ld-fancy-heading-69f0e9a0e17c8\" class=\"ld-fancy-heading pos-rel\">\n\t\t\t<h2 class=\"ld-fh-element d-inline-block pos-rel  elementor-heading-title lqd-highlight-classic lqd-highlight-grow-left h2\"  > Merrni informacion tani<\/h2>\t\t<\/div>\n\n\t\t\t\t<\/div>\n\t\t\t\t<\/div>\n\t\t\t\t<div class=\"elementor-element elementor-element-b7b8b7b elementor-widget elementor-widget-ld_cf722\" data-id=\"b7b8b7b\" data-element_type=\"widget\" data-widget_type=\"ld_cf722.default\">\n\t\t\t\t<div class=\"elementor-widget-container\">\n\t\t\t\n\t<div class=\"lqd-contact-form lqd-contact-form-inputs-filled lqd-contact-form-inputs-round lqd-contact-form-button-block lqd-contact-form-button-round\" >\n\t\t<div role=\"form\" class=\"wpcf7\" id=\"wpcf7-f6-o1\" lang=\"tr-TR\" dir=\"ltr\">\n<div class=\"screen-reader-response\"><p role=\"status\" aria-live=\"polite\" aria-atomic=\"true\"><\/p> <ul><\/ul><\/div>\n<form action=\"\/al\/wp-json\/wp\/v2\/pages\/768#wpcf7-f6-o1\" method=\"post\" class=\"wpcf7-form init\" novalidate=\"novalidate\" data-status=\"init\">\n<div style=\"display: none;\">\n<input type=\"hidden\" name=\"_wpcf7\" value=\"6\" \/>\n<input type=\"hidden\" name=\"_wpcf7_version\" value=\"5.6.3\" \/>\n<input type=\"hidden\" name=\"_wpcf7_locale\" value=\"tr_TR\" \/>\n<input type=\"hidden\" name=\"_wpcf7_unit_tag\" value=\"wpcf7-f6-o1\" \/>\n<input type=\"hidden\" name=\"_wpcf7_container_post\" value=\"0\" \/>\n<input type=\"hidden\" name=\"_wpcf7_posted_data_hash\" value=\"\" \/>\n<\/div>\n<p><span class=\"wpcf7-form-control-wrap\" data-name=\"adi\"><input type=\"text\" name=\"adi\" value=\"\" size=\"40\" class=\"wpcf7-form-control wpcf7-text wpcf7-validates-as-required\" aria-required=\"true\" aria-invalid=\"false\" placeholder=\"Emri\" \/><\/span><br \/>\n<span class=\"wpcf7-form-control-wrap\" data-name=\"telefon\"><input type=\"text\" name=\"telefon\" value=\"\" size=\"40\" class=\"wpcf7-form-control wpcf7-text wpcf7-validates-as-required\" aria-required=\"true\" aria-invalid=\"false\" placeholder=\"Numri i Telefonit\" \/><\/span><br \/>\n<span class=\"wpcf7-form-control-wrap\" data-name=\"mesaj\"><textarea name=\"mesaj\" cols=\"40\" rows=\"3\" class=\"wpcf7-form-control wpcf7-textarea\" aria-invalid=\"false\" placeholder=\"Mesazh\"><\/textarea><\/span><br \/>\n<input type=\"submit\" value=\"Paraqisni Formularin\" class=\"wpcf7-form-control has-spinner wpcf7-submit\" \/><\/p>\n<div class=\"wpcf7-response-output\" aria-hidden=\"true\"><\/div><\/form><\/div>\t<\/div>\n\n\t\t\t<\/div>\n\t\t\t\t<\/div>\n\t\t\t\t\t<\/div>\n\t\t<\/div>\n\t\t\t\t\t\t\t<\/div>\n\t\t<\/section>\n\t\t\t\t\t<\/div>\n\t\t<\/div>\n\t\t\t\t<div class=\"elementor-column elementor-col-50 elementor-top-column elementor-element elementor-element-231f3078\" data-id=\"231f3078\" data-element_type=\"column\">\n\t\t\t<div class=\"elementor-widget-wrap elementor-element-populated\">\n\t\t\t\t\t\t\t\t<div class=\"elementor-element elementor-element-cc9606b elementor-widget elementor-widget-image\" data-id=\"cc9606b\" data-element_type=\"widget\" data-widget_type=\"image.default\">\n\t\t\t\t<div class=\"elementor-widget-container\">\n\t\t\t<style>\/*! elementor - v3.7.4 - 31-08-2022 *\/\n.elementor-widget-image{text-align:center}.elementor-widget-image a{display:inline-block}.elementor-widget-image a img[src$=\".svg\"]{width:48px}.elementor-widget-image img{vertical-align:middle;display:inline-block}<\/style>\t\t\t\t\t\t\t\t\t\t\t\t<img decoding=\"async\" width=\"930\" height=\"550\" src=\"https:\/\/drhimmelclinic.com\/al\/wp-content\/uploads\/2022\/09\/goz-kapagi-estetigi-header.jpg\" class=\"elementor-animation-float attachment-full size-full\" alt=\"\" srcset=\"https:\/\/drhimmelclinic.com\/al\/wp-content\/uploads\/2022\/09\/goz-kapagi-estetigi-header.jpg 930w, https:\/\/drhimmelclinic.com\/al\/wp-content\/uploads\/2022\/09\/goz-kapagi-estetigi-header-300x177.jpg 300w, https:\/\/drhimmelclinic.com\/al\/wp-content\/uploads\/2022\/09\/goz-kapagi-estetigi-header-600x355.jpg 600w\" sizes=\"(max-width: 930px) 100vw, 930px\" \/>\t\t\t\t\t\t\t\t\t\t\t\t\t\t\t<\/div>\n\t\t\t\t<\/div>\n\t\t\t\t<div class=\"elementor-element elementor-element-c153a33 elementor-widget elementor-widget-spacer\" data-id=\"c153a33\" data-element_type=\"widget\" data-widget_type=\"spacer.default\">\n\t\t\t\t<div class=\"elementor-widget-container\">\n\t\t\t<style>\/*! elementor - v3.7.4 - 31-08-2022 *\/\n.elementor-column .elementor-spacer-inner{height:var(--spacer-size)}.e-container{--container-widget-width:100%}.e-container>.elementor-widget-spacer{width:var(--container-widget-width,var(--spacer-size));-ms-flex-item-align:stretch;align-self:stretch;-ms-flex-negative:0;flex-shrink:0}.e-container>.elementor-widget-spacer>.elementor-widget-container,.e-container>.elementor-widget-spacer>.elementor-widget-container>.elementor-spacer{height:100%}.e-container>.elementor-widget-spacer>.elementor-widget-container>.elementor-spacer>.elementor-spacer-inner{height:var(--container-widget-height,var(--spacer-size))}<\/style>\t\t<div class=\"elementor-spacer\">\n\t\t\t<div class=\"elementor-spacer-inner\"><\/div>\n\t\t<\/div>\n\t\t\t\t<\/div>\n\t\t\t\t<\/div>\n\t\t\t\t<div class=\"elementor-element elementor-element-527f0d1f elementor-widget elementor-widget-hub_fancy_heading\" data-id=\"527f0d1f\" data-element_type=\"widget\" data-widget_type=\"hub_fancy_heading.default\">\n\t\t\t\t<div class=\"elementor-widget-container\">\n\t\t\t\n\t\t<div id=\"ld-fancy-heading-69f0e9a0e83f4\" class=\"ld-fancy-heading pos-rel\">\n\t\t\t<h2 class=\"ld-fh-element d-inline-block pos-rel  elementor-heading-title lqd-highlight-classic lqd-highlight-grow-left h2\"  > Estetike e Qepallave<\/h2>\t\t<\/div>\n\n\t\t\t\t<\/div>\n\t\t\t\t<\/div>\n\t\t\t\t<div class=\"elementor-element elementor-element-7eef461 elementor-widget elementor-widget-text-editor\" data-id=\"7eef461\" data-element_type=\"widget\" data-widget_type=\"text-editor.default\">\n\t\t\t\t<div class=\"elementor-widget-container\">\n\t\t\t<style>\/*! elementor - v3.7.4 - 31-08-2022 *\/\n.elementor-widget-text-editor.elementor-drop-cap-view-stacked .elementor-drop-cap{background-color:#818a91;color:#fff}.elementor-widget-text-editor.elementor-drop-cap-view-framed .elementor-drop-cap{color:#818a91;border:3px solid;background-color:transparent}.elementor-widget-text-editor:not(.elementor-drop-cap-view-default) .elementor-drop-cap{margin-top:8px}.elementor-widget-text-editor:not(.elementor-drop-cap-view-default) .elementor-drop-cap-letter{width:1em;height:1em}.elementor-widget-text-editor .elementor-drop-cap{float:left;text-align:center;line-height:1;font-size:50px}.elementor-widget-text-editor .elementor-drop-cap-letter{display:inline-block}<\/style>\t\t\t\t<p>Estetika e qepallave, p\u00ebrkat\u00ebsisht blefaroplastika, \u00ebsht\u00eb nj\u00eb procedur\u00eb kirurgjikale estetike q\u00eb aplikohet n\u00eb qepallat dhe siguron shtr\u00ebngim t\u00eb pjes\u00ebve t\u00eb zon\u00ebs s\u00eb syve. Kryesisht pas mosh\u00ebs 35 deri n\u00eb 40 vje\u00e7, v\u00ebrehen r\u00ebnie t\u00eb qepallave t\u00eb sip\u00ebrme, qeska posht\u00eb syve dhe rrudha. Kjo i jep personit nj\u00eb pamje t\u00eb trishtuar dhe t\u00eb lodhur. P\u00ebr t\u00eb parandaluar k\u00ebt\u00eb pamje, i hiqet l\u00ebkura e tep\u00ebrt n\u00eb qepall\u00eb t\u00eb personit. N\u00eb k\u00ebt\u00eb m\u00ebnyr\u00eb personi do t\u00eb ket\u00eb nj\u00eb pamje m\u00eb t\u00eb re dhe m\u00eb t\u00eb fresk\u00ebt. Operacionet estetike t\u00eb qepallave n\u00eb p\u00ebrgjith\u00ebsi nevojiten m\u00eb shum\u00eb pas mosh\u00ebs 35 vje\u00e7are. Rreziqet kirurgjikale t\u00eb k\u00ebtyre aplikimeve estetike jan\u00eb t\u00eb ul\u00ebta. P\u00ebr arsye trash\u00ebgimore, shihet se disa persona kan\u00eb probleme shqet\u00ebsuese n\u00eb qepallat n\u00eb mosh\u00eb t\u00eb re. Tek k\u00ebta persona kirurgjia estetike e qepallave mund t\u00eb kryhet q\u00eb n\u00eb mosh\u00eb t\u00eb vog\u00ebl. Para kryerjes s\u00eb estetik\u00ebs s\u00eb qepallave, duhet t\u00eb ekzaminohet shum\u00eb mir\u00eb pozicioni i vetullave t\u00eb njer\u00ebzve. N\u00ebse personi ka vetulla t\u00eb ul\u00ebta, operacioni p\u00ebr ngritjen e vetullave duhet t\u00eb jet\u00eb nd\u00ebr operacionet q\u00eb duhet t\u00eb merren parasysh.<\/p><p>Duke qen\u00eb se l\u00ebkura e syve \u00ebsht\u00eb l\u00ebkura m\u00eb e holl\u00eb n\u00eb trupin ton\u00eb, ajo \u00ebsht\u00eb edhe zona m\u00eb e leht\u00eb e rrudhosur. Edhe pse \u00ebsht\u00eb e mundur t\u00eb korrigjohen p\u00ebrkoh\u00ebsisht k\u00ebto rrudha rreth syve me botox, duhet kryer patjet\u00ebr kirurgjia e qepallave p\u00ebr nj\u00eb zgjidhje t\u00eb p\u00ebrhershme. Kirurgjia e qepallave \u00ebsht\u00eb nj\u00eb metod\u00eb q\u00eb mund t\u00eb aplikohet leht\u00ebsisht tek kushdo dhe n\u00eb \u00e7do mosh\u00eb me k\u00ebto rrudha dhe deformime.<\/p><p>Gjat\u00eb operacionit t\u00eb qepall\u00ebs, l\u00ebkura e tep\u00ebrt n\u00eb qepall\u00ebn e sip\u00ebrme hiqet me nj\u00eb metod\u00eb t\u00eb thjesht\u00eb dhe qepet n\u00eb vij\u00ebn ekzistuese n\u00eb zon\u00eb. Po k\u00ebshtu, n\u00ebse ka tepric\u00eb n\u00eb qepall\u00ebn e poshtme, l\u00ebkura hapet me nj\u00eb vij\u00eb pak posht\u00eb qerpik\u00ebve dhe hiqet indi dhjamor brenda, pastaj mbyllet p\u00ebrs\u00ebri qepalla e poshtme. Me pak fjal\u00eb, kjo linj\u00eb e formuar gjat\u00eb operacionit nuk do t\u00eb shihet pasi do t\u00eb jet\u00eb vet\u00ebm posht\u00eb qerpik\u00ebve.<\/p>\t\t\t\t\t\t<\/div>\n\t\t\t\t<\/div>\n\t\t\t\t<div class=\"elementor-element elementor-element-4e40ebec elementor-widget-divider--view-line elementor-widget elementor-widget-divider\" data-id=\"4e40ebec\" data-element_type=\"widget\" data-widget_type=\"divider.default\">\n\t\t\t\t<div class=\"elementor-widget-container\">\n\t\t\t<style>\/*! elementor - v3.7.4 - 31-08-2022 *\/\n.elementor-widget-divider{--divider-border-style:none;--divider-border-width:1px;--divider-color:#2c2c2c;--divider-icon-size:20px;--divider-element-spacing:10px;--divider-pattern-height:24px;--divider-pattern-size:20px;--divider-pattern-url:none;--divider-pattern-repeat:repeat-x}.elementor-widget-divider .elementor-divider{display:-webkit-box;display:-ms-flexbox;display:flex}.elementor-widget-divider .elementor-divider__text{font-size:15px;line-height:1;max-width:95%}.elementor-widget-divider .elementor-divider__element{margin:0 var(--divider-element-spacing);-ms-flex-negative:0;flex-shrink:0}.elementor-widget-divider .elementor-icon{font-size:var(--divider-icon-size)}.elementor-widget-divider .elementor-divider-separator{display:-webkit-box;display:-ms-flexbox;display:flex;margin:0;direction:ltr}.elementor-widget-divider--view-line_icon .elementor-divider-separator,.elementor-widget-divider--view-line_text .elementor-divider-separator{-webkit-box-align:center;-ms-flex-align:center;align-items:center}.elementor-widget-divider--view-line_icon .elementor-divider-separator:after,.elementor-widget-divider--view-line_icon .elementor-divider-separator:before,.elementor-widget-divider--view-line_text .elementor-divider-separator:after,.elementor-widget-divider--view-line_text .elementor-divider-separator:before{display:block;content:\"\";border-bottom:0;-webkit-box-flex:1;-ms-flex-positive:1;flex-grow:1;border-top:var(--divider-border-width) var(--divider-border-style) var(--divider-color)}.elementor-widget-divider--element-align-left .elementor-divider .elementor-divider-separator>.elementor-divider__svg:first-of-type{-webkit-box-flex:0;-ms-flex-positive:0;flex-grow:0;-ms-flex-negative:100;flex-shrink:100}.elementor-widget-divider--element-align-left .elementor-divider-separator:before{content:none}.elementor-widget-divider--element-align-left .elementor-divider__element{margin-left:0}.elementor-widget-divider--element-align-right .elementor-divider .elementor-divider-separator>.elementor-divider__svg:last-of-type{-webkit-box-flex:0;-ms-flex-positive:0;flex-grow:0;-ms-flex-negative:100;flex-shrink:100}.elementor-widget-divider--element-align-right .elementor-divider-separator:after{content:none}.elementor-widget-divider--element-align-right .elementor-divider__element{margin-right:0}.elementor-widget-divider:not(.elementor-widget-divider--view-line_text):not(.elementor-widget-divider--view-line_icon) .elementor-divider-separator{border-top:var(--divider-border-width) var(--divider-border-style) var(--divider-color)}.elementor-widget-divider--separator-type-pattern{--divider-border-style:none}.elementor-widget-divider--separator-type-pattern.elementor-widget-divider--view-line .elementor-divider-separator,.elementor-widget-divider--separator-type-pattern:not(.elementor-widget-divider--view-line) .elementor-divider-separator:after,.elementor-widget-divider--separator-type-pattern:not(.elementor-widget-divider--view-line) .elementor-divider-separator:before,.elementor-widget-divider--separator-type-pattern:not([class*=elementor-widget-divider--view]) .elementor-divider-separator{width:100%;min-height:var(--divider-pattern-height);-webkit-mask-size:var(--divider-pattern-size) 100%;mask-size:var(--divider-pattern-size) 100%;-webkit-mask-repeat:var(--divider-pattern-repeat);mask-repeat:var(--divider-pattern-repeat);background-color:var(--divider-color);-webkit-mask-image:var(--divider-pattern-url);mask-image:var(--divider-pattern-url)}.elementor-widget-divider--no-spacing{--divider-pattern-size:auto}.elementor-widget-divider--bg-round{--divider-pattern-repeat:round}.rtl .elementor-widget-divider .elementor-divider__text{direction:rtl}.e-container>.elementor-widget-divider{width:var(--container-widget-width,100%);--flex-grow:var(--container-widget-flex-grow,0)}<\/style>\t\t<div class=\"elementor-divider\">\n\t\t\t<span class=\"elementor-divider-separator\">\n\t\t\t\t\t\t<\/span>\n\t\t<\/div>\n\t\t\t\t<\/div>\n\t\t\t\t<\/div>\n\t\t\t\t<div class=\"elementor-element elementor-element-35c57f11 elementor-widget elementor-widget-hub_fancy_heading\" data-id=\"35c57f11\" data-element_type=\"widget\" data-widget_type=\"hub_fancy_heading.default\">\n\t\t\t\t<div class=\"elementor-widget-container\">\n\t\t\t\n\t\t<div id=\"ld-fancy-heading-69f0e9a0eb26e\" class=\"ld-fancy-heading pos-rel\">\n\t\t\t<h3 class=\"ld-fh-element d-inline-block pos-rel  elementor-heading-title lqd-highlight-classic lqd-highlight-grow-left h3\"  > Pyetjet e b\u00ebra m\u00eb shpesh<\/h3>\t\t<\/div>\n\n\t\t\t\t<\/div>\n\t\t\t\t<\/div>\n\t\t\t\t<div class=\"elementor-element elementor-element-71ce774c elementor-widget elementor-widget-ld_accordion\" data-id=\"71ce774c\" data-element_type=\"widget\" data-widget_type=\"ld_accordion.default\">\n\t\t\t\t<div class=\"elementor-widget-container\">\n\t\t\t\n\t\t<div class=\"accordion accordion-lg accordion-side-spacing accordion-title-bg-transparent accordion-expander-lg accordion-active-has-fill\" id=\"accordion-69f0e9a0eccf4\" role=\"tablist\" aria-multiselectable=\"true\">\n\t\t\t\t\t\t\t\t\t\t\t\t<div class=\"accordion-item panel  active\">\n\t\t\t\t\n\t\t\t\t<div class=\"accordion-heading\" role=\"tab\" id=\"heading-1901\">\n\t\t\t\t<h4 class=\"accordion-title \">\t\t\t\t\t<a class=\"\" role=\"button\" data-toggle=\"collapse\" \n\t\t\t\t\tdata-parent=\"#accordion-69f0e9a0eccf4\" href=\"#collapse-1901\" \n\t\t\t\t\taria-expanded=\"true\" aria-controls=\"collapse-1901\">\n\t\t\t\t\t\t\t\t\t\t\t\t<span class=\"accordion-title-txt\">Sa koh\u00eb zgjat operacioni?<\/span>\n\t\t\t\t\t\t\t\t\t\t\t\t\t<span class=\"accordion-expander\"><i class=\"lqd-icn-ess icon-ion-ios-arrow-down\"><\/i><i class=\"lqd-icn-ess icon-ion-ios-arrow-up\"><\/i><\/span>\t\t\t\t\t\t\t\t\t\t\t<\/a>\n\t\t\t\t<\/h4>\t\t\t\t<\/div>\n\t\t\t\t\n\t\t\t\t<div id=\"collapse-1901\" class=\"accordion-collapse collapse  in\" role=\"tabpanel\" aria-labelledby=\"heading-1901\">\n\n\t\t\t\t<div class=\"accordion-content\">\n\t\t\t\t\t<p>Kirurgjia e qepallave \u00ebsht\u00eb nj\u00eb operacion i thjesht\u00eb q\u00eb zakonisht kryhet n\u00ebn anestezi lokale ose qet\u00ebsim. Operacioni i qepall\u00ebs s\u00eb sip\u00ebrme zgjat rreth gjysm\u00eb ore dhe operacioni i qepall\u00ebs s\u00eb poshtme zakonisht zgjat nj\u00eb or\u00eb. Operacioni i qepall\u00ebs s\u00eb sip\u00ebrme dhe t\u00eb poshtme mund t\u00eb kryhet n\u00eb t\u00eb nj\u00ebjt\u00ebn koh\u00eb. N\u00eb k\u00ebt\u00eb rast, operacioni do t\u00eb p\u00ebrfundoj\u00eb n\u00eb 1.5 or\u00eb.<\/p>\t\t\t\t<\/div>\n\t\t\t\t\t\t\n\t\t\t\t<\/div>\n\t\t\t\t\n\t\t\t<\/div>\n\t\t\t\t\t\t\t\t\t<div class=\"accordion-item panel \">\n\t\t\t\t\n\t\t\t\t<div class=\"accordion-heading\" role=\"tab\" id=\"heading-1902\">\n\t\t\t\t<h4 class=\"accordion-title \">\t\t\t\t\t<a class=\"collapsed\" role=\"button\" data-toggle=\"collapse\" \n\t\t\t\t\tdata-parent=\"#accordion-69f0e9a0eccf4\" href=\"#collapse-1902\" \n\t\t\t\t\taria-expanded=\"false\" aria-controls=\"collapse-1902\">\n\t\t\t\t\t\t\t\t\t\t\t\t<span class=\"accordion-title-txt\">A mund t\u00eb kthehem n\u00eb jet\u00ebn time normale menj\u00ebher\u00eb pas operacionit t\u00eb qepallave?<\/span>\n\t\t\t\t\t\t\t\t\t\t\t\t\t<span class=\"accordion-expander\"><i class=\"lqd-icn-ess icon-ion-ios-arrow-down\"><\/i><i class=\"lqd-icn-ess icon-ion-ios-arrow-up\"><\/i><\/span>\t\t\t\t\t\t\t\t\t\t\t<\/a>\n\t\t\t\t<\/h4>\t\t\t\t<\/div>\n\t\t\t\t\n\t\t\t\t<div id=\"collapse-1902\" class=\"accordion-collapse collapse \" role=\"tabpanel\" aria-labelledby=\"heading-1902\">\n\n\t\t\t\t<div class=\"accordion-content\">\n\t\t\t\t\t<p>Duke qen\u00eb se operacioni i qepallave \u00ebsht\u00eb nj\u00eb operacion shum\u00eb i thjesht\u00eb, pacienti mund t\u00eb kthehet n\u00eb sht\u00ebpi brenda s\u00eb nj\u00ebjt\u00ebs dit\u00eb. Nj\u00eb dit\u00eb pas operacionit, ai do t\u00eb jet\u00eb n\u00eb gjendje t\u00eb shikoj\u00eb TV dhe t\u00eb lexoj\u00eb leht\u00ebsisht nj\u00eb lib\u00ebr. Pas operacionit, qepjet n\u00eb qepall\u00eb do t\u00eb hiqen brenda nj\u00eb jave pas operacionit. Me pak fjal\u00eb, menj\u00ebher\u00eb pas operacionit, personi do t\u00eb jet\u00eb n\u00eb gjendje t\u00eb vazhdoj\u00eb me leht\u00ebsi jet\u00ebn e tij normale.<\/p>\t\t\t\t<\/div>\n\t\t\t\t\t\t\n\t\t\t\t<\/div>\n\t\t\t\t\n\t\t\t<\/div>\n\t\t\t\t\t\t\t\t\t<div class=\"accordion-item panel \">\n\t\t\t\t\n\t\t\t\t<div class=\"accordion-heading\" role=\"tab\" id=\"heading-1903\">\n\t\t\t\t<h4 class=\"accordion-title \">\t\t\t\t\t<a class=\"collapsed\" role=\"button\" data-toggle=\"collapse\" \n\t\t\t\t\tdata-parent=\"#accordion-69f0e9a0eccf4\" href=\"#collapse-1903\" \n\t\t\t\t\taria-expanded=\"false\" aria-controls=\"collapse-1903\">\n\t\t\t\t\t\t\t\t\t\t\t\t<span class=\"accordion-title-txt\">\u00c7far\u00eb duhet t'i kushtoj v\u00ebmendje pas operacionit t\u00eb qepallave?<\/span>\n\t\t\t\t\t\t\t\t\t\t\t\t\t<span class=\"accordion-expander\"><i class=\"lqd-icn-ess icon-ion-ios-arrow-down\"><\/i><i class=\"lqd-icn-ess icon-ion-ios-arrow-up\"><\/i><\/span>\t\t\t\t\t\t\t\t\t\t\t<\/a>\n\t\t\t\t<\/h4>\t\t\t\t<\/div>\n\t\t\t\t\n\t\t\t\t<div id=\"collapse-1903\" class=\"accordion-collapse collapse \" role=\"tabpanel\" aria-labelledby=\"heading-1903\">\n\n\t\t\t\t<div class=\"accordion-content\">\n\t\t\t\t\t<p>Pas operacionit t\u00eb qepallave, n\u00eb at\u00eb zon\u00eb do t\u00eb ket\u00eb shirita t\u00eb holl\u00eb dhe t\u00eb shkurt\u00ebr, por nuk ka nevoj\u00eb t\u00eb mbyllni syt\u00eb pavar\u00ebsisht k\u00ebsaj. Pas operacionit, rekomandohet q\u00eb pacienti t\u00eb shtrihet n\u00eb nj\u00eb jast\u00ebk t\u00eb lart\u00eb. Duke qen\u00eb se kirurgjia estetike e qepallave \u00ebsht\u00eb nj\u00eb operacion i thjesht\u00eb, pacienti mund t'i rikthehet jet\u00ebs s\u00eb tij normale pasi ka pushuar p\u00ebr 1-2 dit\u00eb.<\/p>\t\t\t\t<\/div>\n\t\t\t\t\t\t\n\t\t\t\t<\/div>\n\t\t\t\t\n\t\t\t<\/div>\n\t\t\t\t\t\t\t\t\t\n\t\t<\/div>\n\n\t\t\t\t<\/div>\n\t\t\t\t<\/div>\n\t\t\t\t\t<\/div>\n\t\t<\/div>\n\t\t\t\t\t\t\t<\/div>\n\t\t<\/section>\n\t\t\t\t\t\t\t<\/div>\n\t\t","protected":false},"excerpt":{"rendered":"<p>Merrni informacion tani Estetike e Qepallave Estetika e qepallave, p\u00ebrkat\u00ebsisht blefaroplastika, \u00ebsht\u00eb nj\u00eb procedur\u00eb kirurgjikale estetike q\u00eb aplikohet n\u00eb qepallat dhe siguron shtr\u00ebngim t\u00eb pjes\u00ebve t\u00eb zon\u00ebs s\u00eb syve. Kryesisht pas mosh\u00ebs 35 deri n\u00eb 40 vje\u00e7, v\u00ebrehen r\u00ebnie t\u00eb qepallave t\u00eb sip\u00ebrme, qeska posht\u00eb syve dhe rrudha. Kjo i jep personit nj\u00eb pamje t\u00eb [&hellip;]<\/p>\n","protected":false},"author":1,"featured_media":0,"parent":0,"menu_order":0,"comment_status":"closed","ping_status":"closed","template":"","meta":{"footnotes":""},"class_list":["post-768","page","type-page","status-publish","hentry"],"_links":{"self":[{"href":"https:\/\/drhimmelclinic.com\/al\/wp-json\/wp\/v2\/pages\/768","targetHints":{"allow":["GET"]}}],"collection":[{"href":"https:\/\/drhimmelclinic.com\/al\/wp-json\/wp\/v2\/pages"}],"about":[{"href":"https:\/\/drhimmelclinic.com\/al\/wp-json\/wp\/v2\/types\/page"}],"author":[{"embeddable":true,"href":"https:\/\/drhimmelclinic.com\/al\/wp-json\/wp\/v2\/users\/1"}],"replies":[{"embeddable":true,"href":"https:\/\/drhimmelclinic.com\/al\/wp-json\/wp\/v2\/comments?post=768"}],"version-history":[{"count":11,"href":"https:\/\/drhimmelclinic.com\/al\/wp-json\/wp\/v2\/pages\/768\/revisions"}],"predecessor-version":[{"id":1537,"href":"https:\/\/drhimmelclinic.com\/al\/wp-json\/wp\/v2\/pages\/768\/revisions\/1537"}],"wp:attachment":[{"href":"https:\/\/drhimmelclinic.com\/al\/wp-json\/wp\/v2\/media?parent=768"}],"curies":[{"name":"wp","href":"https:\/\/api.w.org\/{rel}","templated":true}]}}