{"id":803,"date":"2022-09-17T11:27:16","date_gmt":"2022-09-17T08:27:16","guid":{"rendered":"https:\/\/drhimmelclinic.com\/al\/?page_id=803"},"modified":"2022-10-11T12:59:12","modified_gmt":"2022-10-11T09:59:12","slug":"rreth-nesh","status":"publish","type":"page","link":"https:\/\/drhimmelclinic.com\/al\/rreth-nesh","title":{"rendered":"Rreth Nesh"},"content":{"rendered":"\t\t<div data-elementor-type=\"wp-page\" data-elementor-id=\"803\" class=\"elementor elementor-803\">\n\t\t\t\t\t\t\t\t\t<section class=\"elementor-section elementor-top-section elementor-element elementor-element-53223b1 elementor-section-content-middle elementor-section-boxed elementor-section-height-default elementor-section-height-default\" data-id=\"53223b1\" data-element_type=\"section\" data-settings=\"{&quot;background_background&quot;:&quot;classic&quot;}\">\n\t\t\t\t\t\t<div class=\"elementor-container elementor-column-gap-extended\">\n\t\t\t\t\t<div class=\"elementor-column elementor-col-50 elementor-top-column elementor-element elementor-element-a05d18e\" data-id=\"a05d18e\" data-element_type=\"column\">\n\t\t\t<div class=\"elementor-widget-wrap elementor-element-populated\">\n\t\t\t\t\t\t\t\t<div class=\"elementor-element elementor-element-fd704c8 elementor-widget elementor-widget-image\" data-id=\"fd704c8\" data-element_type=\"widget\" data-widget_type=\"image.default\">\n\t\t\t\t<div class=\"elementor-widget-container\">\n\t\t\t<style>\/*! elementor - v3.7.4 - 31-08-2022 *\/\n.elementor-widget-image{text-align:center}.elementor-widget-image a{display:inline-block}.elementor-widget-image a img[src$=\".svg\"]{width:48px}.elementor-widget-image img{vertical-align:middle;display:inline-block}<\/style>\t\t\t\t\t\t\t\t\t\t\t\t<img decoding=\"async\" width=\"708\" height=\"948\" src=\"https:\/\/drhimmelclinic.com\/al\/wp-content\/uploads\/2022\/09\/klinik2.jpg\" class=\"attachment-full size-full\" alt=\"\" srcset=\"https:\/\/drhimmelclinic.com\/al\/wp-content\/uploads\/2022\/09\/klinik2.jpg 708w, https:\/\/drhimmelclinic.com\/al\/wp-content\/uploads\/2022\/09\/klinik2-224x300.jpg 224w, https:\/\/drhimmelclinic.com\/al\/wp-content\/uploads\/2022\/09\/klinik2-600x803.jpg 600w\" sizes=\"(max-width: 708px) 100vw, 708px\" \/>\t\t\t\t\t\t\t\t\t\t\t\t\t\t\t<\/div>\n\t\t\t\t<\/div>\n\t\t\t\t\t<\/div>\n\t\t<\/div>\n\t\t\t\t<div class=\"elementor-column elementor-col-50 elementor-top-column elementor-element elementor-element-b93b610\" data-id=\"b93b610\" data-element_type=\"column\">\n\t\t\t<div class=\"elementor-widget-wrap elementor-element-populated\">\n\t\t\t\t\t\t\t\t<div class=\"elementor-element elementor-element-d3ce508 elementor-widget elementor-widget-hub_fancy_heading\" data-id=\"d3ce508\" data-element_type=\"widget\" data-widget_type=\"hub_fancy_heading.default\">\n\t\t\t\t<div class=\"elementor-widget-container\">\n\t\t\t\n\t\t<div id=\"ld-fancy-heading-69f0e9b3e731f\" class=\"ld-fancy-heading pos-rel\">\n\t\t\t<h2 class=\"ld-fh-element d-inline-block pos-rel  elementor-heading-title lqd-highlight-classic lqd-highlight-grow-left h2\"  > Dr. Himmel Clinic<\/h2>\t\t<\/div>\n\n\t\t\t\t<\/div>\n\t\t\t\t<\/div>\n\t\t\t\t<div class=\"elementor-element elementor-element-8e69009 elementor-widget elementor-widget-text-editor\" data-id=\"8e69009\" data-element_type=\"widget\" data-widget_type=\"text-editor.default\">\n\t\t\t\t<div class=\"elementor-widget-container\">\n\t\t\t<style>\/*! elementor - v3.7.4 - 31-08-2022 *\/\n.elementor-widget-text-editor.elementor-drop-cap-view-stacked .elementor-drop-cap{background-color:#818a91;color:#fff}.elementor-widget-text-editor.elementor-drop-cap-view-framed .elementor-drop-cap{color:#818a91;border:3px solid;background-color:transparent}.elementor-widget-text-editor:not(.elementor-drop-cap-view-default) .elementor-drop-cap{margin-top:8px}.elementor-widget-text-editor:not(.elementor-drop-cap-view-default) .elementor-drop-cap-letter{width:1em;height:1em}.elementor-widget-text-editor .elementor-drop-cap{float:left;text-align:center;line-height:1;font-size:50px}.elementor-widget-text-editor .elementor-drop-cap-letter{display:inline-block}<\/style>\t\t\t\t<p><strong>Dr. Himmel Clinic<\/strong> Ne ofrojm\u00eb sh\u00ebrbime p\u00ebr pacient\u00ebt dhe klient\u00ebt tan\u00eb n\u00eb fusha t\u00eb ndryshme mjek\u00ebsore. Nga estetika mjek\u00ebsore te transplantimi i flok\u00ebve, ne jemi me ju n\u00eb \u00e7do hap t\u00eb rrug\u00ebs me pajisjet tona m\u00eb t\u00eb fundit dhe ekipin e ekspert\u00ebve.<\/p>\n<p><strong>Dr. Himmel Clinic<\/strong> Ne ofrojm\u00eb opsione t\u00eb ndryshme trajtimi p\u00ebr t&#8217;i dh\u00ebn\u00eb pacient\u00ebve tan\u00eb pamjen q\u00eb duan t\u00eb arrijn\u00eb.<\/p>\n<p><strong>Dr. Himmel Clinic<\/strong> Ajo ka mjek\u00eb kompetent\u00eb dhe me p\u00ebrvoj\u00eb, t\u00eb cil\u00ebt d\u00ebshirojn\u00eb t&#8217;u ofrojn\u00eb pacient\u00ebve t\u00eb tyre metodat dhe rezultatet m\u00eb t\u00eb mira dhe m\u00eb t\u00eb sigurta t\u00eb trajtimit.<\/p><p><strong>Dr. Himmel Clinic<\/strong> dfokusi i mjek\u00ebve t\u00eb tyre \u00ebsht\u00eb gjithmon\u00eb te pacient\u00ebt e tyre; ata d\u00ebgjojn\u00eb shqet\u00ebsimet e tyre dhe hartojn\u00eb procedura trajtimi p\u00ebr t\u00eb marr\u00eb rezultatet q\u00eb d\u00ebshirojn\u00eb.&nbsp;<\/p><p>Kirurgjia Plastike, Transplantimi i Flok\u00ebve dhe Aplikimet Dentare dhe Bariatrike; T\u00eb kontribuoj\u00eb n\u00eb zhvillimin e mjek\u00ebsis\u00eb pa kompromentuar parimet etike, duke ofruar sh\u00ebrbime sh\u00ebndet\u00ebsore t\u00eb orientuara nga njeriu, holistike, t\u00eb q\u00ebndrueshme me nj\u00eb kuptim nd\u00ebrkomb\u00ebtar t\u00eb cil\u00ebsis\u00eb. P\u00ebr t\u00eb ofruar sh\u00ebrbime nd\u00ebrkomb\u00ebtare sh\u00ebndet\u00ebsore dhe p\u00ebr t\u00eb qen\u00eb nj\u00eb qend\u00ebr referimi n\u00eb bot\u00eb me stafin ton\u00eb ekspert dhe infrastruktur\u00ebn teknologjike t\u00eb p\u00ebrdit\u00ebsuar.<\/p>\t\t\t\t\t\t<\/div>\n\t\t\t\t<\/div>\n\t\t\t\t\t<\/div>\n\t\t<\/div>\n\t\t\t\t\t\t\t<\/div>\n\t\t<\/section>\n\t\t\t\t\t\t\t<\/div>\n\t\t","protected":false},"excerpt":{"rendered":"<p>Dr. Himmel Clinic Dr. Himmel Clinic Ne ofrojm\u00eb sh\u00ebrbime p\u00ebr pacient\u00ebt dhe klient\u00ebt tan\u00eb n\u00eb fusha t\u00eb ndryshme mjek\u00ebsore. Nga estetika mjek\u00ebsore te transplantimi i flok\u00ebve, ne jemi me ju n\u00eb \u00e7do hap t\u00eb rrug\u00ebs me pajisjet tona m\u00eb t\u00eb fundit dhe ekipin e ekspert\u00ebve. Dr. Himmel Clinic Ne ofrojm\u00eb opsione t\u00eb ndryshme trajtimi p\u00ebr [&hellip;]<\/p>\n","protected":false},"author":1,"featured_media":0,"parent":0,"menu_order":0,"comment_status":"closed","ping_status":"closed","template":"","meta":{"footnotes":""},"class_list":["post-803","page","type-page","status-publish","hentry"],"_links":{"self":[{"href":"https:\/\/drhimmelclinic.com\/al\/wp-json\/wp\/v2\/pages\/803","targetHints":{"allow":["GET"]}}],"collection":[{"href":"https:\/\/drhimmelclinic.com\/al\/wp-json\/wp\/v2\/pages"}],"about":[{"href":"https:\/\/drhimmelclinic.com\/al\/wp-json\/wp\/v2\/types\/page"}],"author":[{"embeddable":true,"href":"https:\/\/drhimmelclinic.com\/al\/wp-json\/wp\/v2\/users\/1"}],"replies":[{"embeddable":true,"href":"https:\/\/drhimmelclinic.com\/al\/wp-json\/wp\/v2\/comments?post=803"}],"version-history":[{"count":23,"href":"https:\/\/drhimmelclinic.com\/al\/wp-json\/wp\/v2\/pages\/803\/revisions"}],"predecessor-version":[{"id":1477,"href":"https:\/\/drhimmelclinic.com\/al\/wp-json\/wp\/v2\/pages\/803\/revisions\/1477"}],"wp:attachment":[{"href":"https:\/\/drhimmelclinic.com\/al\/wp-json\/wp\/v2\/media?parent=803"}],"curies":[{"name":"wp","href":"https:\/\/api.w.org\/{rel}","templated":true}]}}