{"id":817,"date":"2022-09-17T11:32:23","date_gmt":"2022-09-17T08:32:23","guid":{"rendered":"https:\/\/drhimmelclinic.com\/al\/?page_id=817"},"modified":"2022-10-11T14:39:59","modified_gmt":"2022-10-11T11:39:59","slug":"tummy-tuck","status":"publish","type":"page","link":"https:\/\/drhimmelclinic.com\/al\/tummy-tuck","title":{"rendered":"Tummy Tuck"},"content":{"rendered":"\t\t<div data-elementor-type=\"wp-page\" data-elementor-id=\"817\" class=\"elementor elementor-817\">\n\t\t\t\t\t\t\t\t\t<section class=\"elementor-section elementor-top-section elementor-element elementor-element-100bd8a5 elementor-section-boxed elementor-section-height-default elementor-section-height-default\" data-id=\"100bd8a5\" data-element_type=\"section\">\n\t\t\t\t\t\t<div class=\"elementor-container elementor-column-gap-default\">\n\t\t\t\t\t<div class=\"lqd-css-sticky-column elementor-column elementor-col-50 elementor-top-column elementor-element elementor-element-2eda37c\" style=\"--lqd-sticky-offset:30px\" data-id=\"2eda37c\" data-element_type=\"column\">\n\t\t\t<div class=\"elementor-widget-wrap elementor-element-populated\">\n\t\t\t\t\t\t\t\t<section class=\"elementor-section elementor-inner-section elementor-element elementor-element-505692c0 elementor-section-boxed elementor-section-height-default elementor-section-height-default\" data-id=\"505692c0\" data-element_type=\"section\">\n\t\t\t\t\t\t<div class=\"elementor-container elementor-column-gap-default\">\n\t\t\t\t\t<div class=\"elementor-column elementor-col-100 elementor-inner-column elementor-element elementor-element-702ef4b5\" data-id=\"702ef4b5\" data-element_type=\"column\" data-settings=\"{&quot;background_background&quot;:&quot;classic&quot;}\">\n\t\t\t<div class=\"elementor-widget-wrap elementor-element-populated\">\n\t\t\t\t\t\t\t\t<div class=\"elementor-element elementor-element-c4b355e elementor-widget elementor-widget-hub_fancy_heading\" data-id=\"c4b355e\" data-element_type=\"widget\" data-widget_type=\"hub_fancy_heading.default\">\n\t\t\t\t<div class=\"elementor-widget-container\">\n\t\t\t\n\t\t<div id=\"ld-fancy-heading-69f0e9bfe2315\" class=\"ld-fancy-heading pos-rel\">\n\t\t\t<h2 class=\"ld-fh-element d-inline-block pos-rel  elementor-heading-title lqd-highlight-classic lqd-highlight-grow-left h2\"  > Merrni informacion tani<\/h2>\t\t<\/div>\n\n\t\t\t\t<\/div>\n\t\t\t\t<\/div>\n\t\t\t\t<div class=\"elementor-element elementor-element-b7b8b7b elementor-widget elementor-widget-ld_cf722\" data-id=\"b7b8b7b\" data-element_type=\"widget\" data-widget_type=\"ld_cf722.default\">\n\t\t\t\t<div class=\"elementor-widget-container\">\n\t\t\t\n\t<div class=\"lqd-contact-form lqd-contact-form-inputs-filled lqd-contact-form-inputs-round lqd-contact-form-button-block lqd-contact-form-button-round\" >\n\t\t<div role=\"form\" class=\"wpcf7\" id=\"wpcf7-f6-o1\" lang=\"tr-TR\" dir=\"ltr\">\n<div class=\"screen-reader-response\"><p role=\"status\" aria-live=\"polite\" aria-atomic=\"true\"><\/p> <ul><\/ul><\/div>\n<form action=\"\/al\/wp-json\/wp\/v2\/pages\/817#wpcf7-f6-o1\" method=\"post\" class=\"wpcf7-form init\" novalidate=\"novalidate\" data-status=\"init\">\n<div style=\"display: none;\">\n<input type=\"hidden\" name=\"_wpcf7\" value=\"6\" \/>\n<input type=\"hidden\" name=\"_wpcf7_version\" value=\"5.6.3\" \/>\n<input type=\"hidden\" name=\"_wpcf7_locale\" value=\"tr_TR\" \/>\n<input type=\"hidden\" name=\"_wpcf7_unit_tag\" value=\"wpcf7-f6-o1\" \/>\n<input type=\"hidden\" name=\"_wpcf7_container_post\" value=\"0\" \/>\n<input type=\"hidden\" name=\"_wpcf7_posted_data_hash\" value=\"\" \/>\n<\/div>\n<p><span class=\"wpcf7-form-control-wrap\" data-name=\"adi\"><input type=\"text\" name=\"adi\" value=\"\" size=\"40\" class=\"wpcf7-form-control wpcf7-text wpcf7-validates-as-required\" aria-required=\"true\" aria-invalid=\"false\" placeholder=\"Emri\" \/><\/span><br \/>\n<span class=\"wpcf7-form-control-wrap\" data-name=\"telefon\"><input type=\"text\" name=\"telefon\" value=\"\" size=\"40\" class=\"wpcf7-form-control wpcf7-text wpcf7-validates-as-required\" aria-required=\"true\" aria-invalid=\"false\" placeholder=\"Numri i Telefonit\" \/><\/span><br \/>\n<span class=\"wpcf7-form-control-wrap\" data-name=\"mesaj\"><textarea name=\"mesaj\" cols=\"40\" rows=\"3\" class=\"wpcf7-form-control wpcf7-textarea\" aria-invalid=\"false\" placeholder=\"Mesazh\"><\/textarea><\/span><br \/>\n<input type=\"submit\" value=\"Paraqisni Formularin\" class=\"wpcf7-form-control has-spinner wpcf7-submit\" \/><\/p>\n<div class=\"wpcf7-response-output\" aria-hidden=\"true\"><\/div><\/form><\/div>\t<\/div>\n\n\t\t\t<\/div>\n\t\t\t\t<\/div>\n\t\t\t\t\t<\/div>\n\t\t<\/div>\n\t\t\t\t\t\t\t<\/div>\n\t\t<\/section>\n\t\t\t\t\t<\/div>\n\t\t<\/div>\n\t\t\t\t<div class=\"elementor-column elementor-col-50 elementor-top-column elementor-element elementor-element-231f3078\" data-id=\"231f3078\" data-element_type=\"column\">\n\t\t\t<div class=\"elementor-widget-wrap elementor-element-populated\">\n\t\t\t\t\t\t\t\t<div class=\"elementor-element elementor-element-cc9606b elementor-widget elementor-widget-image\" data-id=\"cc9606b\" data-element_type=\"widget\" data-widget_type=\"image.default\">\n\t\t\t\t<div class=\"elementor-widget-container\">\n\t\t\t<style>\/*! elementor - v3.7.4 - 31-08-2022 *\/\n.elementor-widget-image{text-align:center}.elementor-widget-image a{display:inline-block}.elementor-widget-image a img[src$=\".svg\"]{width:48px}.elementor-widget-image img{vertical-align:middle;display:inline-block}<\/style>\t\t\t\t\t\t\t\t\t\t\t\t<img decoding=\"async\" width=\"930\" height=\"550\" src=\"https:\/\/drhimmelclinic.com\/al\/wp-content\/uploads\/2022\/09\/karin-germe-header.jpg\" class=\"elementor-animation-float attachment-full size-full\" alt=\"\" srcset=\"https:\/\/drhimmelclinic.com\/al\/wp-content\/uploads\/2022\/09\/karin-germe-header.jpg 930w, https:\/\/drhimmelclinic.com\/al\/wp-content\/uploads\/2022\/09\/karin-germe-header-300x177.jpg 300w, https:\/\/drhimmelclinic.com\/al\/wp-content\/uploads\/2022\/09\/karin-germe-header-600x355.jpg 600w\" sizes=\"(max-width: 930px) 100vw, 930px\" \/>\t\t\t\t\t\t\t\t\t\t\t\t\t\t\t<\/div>\n\t\t\t\t<\/div>\n\t\t\t\t<div class=\"elementor-element elementor-element-c153a33 elementor-widget elementor-widget-spacer\" data-id=\"c153a33\" data-element_type=\"widget\" data-widget_type=\"spacer.default\">\n\t\t\t\t<div class=\"elementor-widget-container\">\n\t\t\t<style>\/*! elementor - v3.7.4 - 31-08-2022 *\/\n.elementor-column .elementor-spacer-inner{height:var(--spacer-size)}.e-container{--container-widget-width:100%}.e-container>.elementor-widget-spacer{width:var(--container-widget-width,var(--spacer-size));-ms-flex-item-align:stretch;align-self:stretch;-ms-flex-negative:0;flex-shrink:0}.e-container>.elementor-widget-spacer>.elementor-widget-container,.e-container>.elementor-widget-spacer>.elementor-widget-container>.elementor-spacer{height:100%}.e-container>.elementor-widget-spacer>.elementor-widget-container>.elementor-spacer>.elementor-spacer-inner{height:var(--container-widget-height,var(--spacer-size))}<\/style>\t\t<div class=\"elementor-spacer\">\n\t\t\t<div class=\"elementor-spacer-inner\"><\/div>\n\t\t<\/div>\n\t\t\t\t<\/div>\n\t\t\t\t<\/div>\n\t\t\t\t<div class=\"elementor-element elementor-element-527f0d1f elementor-widget elementor-widget-hub_fancy_heading\" data-id=\"527f0d1f\" data-element_type=\"widget\" data-widget_type=\"hub_fancy_heading.default\">\n\t\t\t\t<div class=\"elementor-widget-container\">\n\t\t\t\n\t\t<div id=\"ld-fancy-heading-69f0e9bfece4b\" class=\"ld-fancy-heading pos-rel\">\n\t\t\t<h2 class=\"ld-fh-element d-inline-block pos-rel  elementor-heading-title lqd-highlight-classic lqd-highlight-grow-left h2\"  > Tummy Tuck<\/h2>\t\t<\/div>\n\n\t\t\t\t<\/div>\n\t\t\t\t<\/div>\n\t\t\t\t<div class=\"elementor-element elementor-element-7eef461 elementor-widget elementor-widget-text-editor\" data-id=\"7eef461\" data-element_type=\"widget\" data-widget_type=\"text-editor.default\">\n\t\t\t\t<div class=\"elementor-widget-container\">\n\t\t\t<style>\/*! elementor - v3.7.4 - 31-08-2022 *\/\n.elementor-widget-text-editor.elementor-drop-cap-view-stacked .elementor-drop-cap{background-color:#818a91;color:#fff}.elementor-widget-text-editor.elementor-drop-cap-view-framed .elementor-drop-cap{color:#818a91;border:3px solid;background-color:transparent}.elementor-widget-text-editor:not(.elementor-drop-cap-view-default) .elementor-drop-cap{margin-top:8px}.elementor-widget-text-editor:not(.elementor-drop-cap-view-default) .elementor-drop-cap-letter{width:1em;height:1em}.elementor-widget-text-editor .elementor-drop-cap{float:left;text-align:center;line-height:1;font-size:50px}.elementor-widget-text-editor .elementor-drop-cap-letter{display:inline-block}<\/style>\t\t\t\t<p>Abdominoplastika \u00ebsht\u00eb nj\u00eb procedur\u00eb kirurgjikale n\u00eb t\u00eb cil\u00ebn hiqet yndyra e tep\u00ebrt dhe l\u00ebkura e varur n\u00eb pjes\u00ebn e p\u00ebrparme t\u00eb barkut dhe shtrihen muskujt e barkut. K\u00ebto \u00e7arje zakonisht shihen n\u00eb ndryshimet e papritura t\u00eb pesh\u00ebs dhe shtatz\u00ebnis\u00eb. Q\u00ebllimi i operacionit t\u00eb barkut \u00ebsht\u00eb heqja e strijave, heqja e yndyr\u00ebs s\u00eb barkut dhe rivendosja e pamjes ideale t\u00eb barkut pas operacionit. Koh\u00ebzgjatja e operacionit t\u00eb barkut varion nga 2 deri n\u00eb 4 or\u00eb. Qepjet e pacientit t\u00eb operuar hiqen n\u00eb 10-15 dit\u00eb n\u00eb var\u00ebsi t\u00eb procesit t\u00eb sh\u00ebrimit. Pacient\u00ebt mund t\u00eb largohen nga spitali pas nj\u00eb nate n\u00ebn mbik\u00ebqyrjen ton\u00eb dhe mund t\u00eb kthehen n\u00eb pun\u00eb pas 2 deri n\u00eb 4 jav\u00eb. Kirurg\u00ebt tan\u00eb k\u00ebshillojn\u00eb pacient\u00ebt tan\u00eb q\u00eb t\u00eb mbajn\u00eb nj\u00eb korse p\u00ebr nj\u00eb periudh\u00eb t\u00eb caktuar kohore pas operacionit t\u00eb barkut dhe t\u00eb q\u00ebndrojn\u00eb larg ushtrimeve p\u00ebr nj\u00eb koh\u00eb. Pas operacionit t\u00eb barkut, do t\u00eb mbetet nj\u00eb mbres\u00eb e leht\u00eb. Meqen\u00ebse kjo mbres\u00eb do t\u00eb zbehet me kalimin e koh\u00ebs pas nj\u00eb periudhe t\u00eb caktuar kohore dhe vendndodhja e plag\u00ebve kirurgjikale do t\u00eb p\u00ebrcaktohet sipas modelit t\u00eb preferuar t\u00eb t\u00eb brendshmeve, nuk do t\u00eb p\u00ebrb\u00ebj\u00eb asnj\u00eb problem p\u00ebr pacient\u00ebt.<\/p><p>Kirurgjia e barkut t\u00eb plot\u00eb zbatohet p\u00ebr njer\u00ebzit q\u00eb kan\u00eb p\u00ebrjetuar ndryshim t\u00eb tep\u00ebrt t\u00eb pesh\u00ebs ose kan\u00eb lindur. N\u00ebse pacienti ka l\u00ebkur\u00eb t\u00eb tep\u00ebrt n\u00eb pjes\u00ebn e sip\u00ebrme t\u00eb k\u00ebrthiz\u00ebs, dhe n\u00eb pjes\u00ebn e poshtme t\u00eb k\u00ebrthiz\u00ebs krijohet nj\u00eb palosje duke q\u00ebndruar ulur, aq sa mund t\u00eb mbaj\u00eb me dor\u00eb, kjo do t\u00eb thot\u00eb se pacienti \u00ebsht\u00eb i p\u00ebrshtatsh\u00ebm p\u00ebr kirurgjin\u00eb e barkut. Personat q\u00eb nuk jan\u00eb tep\u00ebr obez\u00eb p\u00ebr kirurgjin\u00eb e barkut, ata q\u00eb dhjami i barkut nuk shkrihet pavar\u00ebsisht diet\u00ebs dhe sportit, ata q\u00eb kan\u00eb varje, lirim dhe \u00e7arje n\u00eb bark pas humbjes s\u00eb pesh\u00ebs, ata q\u00eb kan\u00eb nj\u00eb bark t\u00eb madh edhe n\u00ebse nuk kan\u00eb dh\u00ebn\u00eb. lindja, ato qe kane varje, lirim dhe plasaritje per shkak te shtatzanise, ato qe kane trup te varur, lirim dhe te plasaritur ne permasa estetike.Megjithate ata qe kane dhjam ne bark jane te pershtatshem per operacion barku. Personat q\u00eb nuk kan\u00eb ndonj\u00eb problem sh\u00ebndet\u00ebsor q\u00eb parandalon operacionin e barkut mund t&#8217;i n\u00ebnshtrohen leht\u00ebsisht operacionit t\u00eb barkut (abdominoplastik\u00eb). N\u00ebse pacienti nuk ka l\u00ebkur\u00eb t\u00eb tep\u00ebrt, n\u00ebse ka vet\u00ebm pak lubrifikim, n\u00ebse muri i barkut \u00ebsht\u00eb liruar p\u00ebr shkak t\u00eb lindjes dhe ndryshimit t\u00eb pesh\u00ebs, preferohet kirurgjia endoskopike e barkut. N\u00ebse l\u00ebkura dhe yndyra e tep\u00ebrt grumbullohen vet\u00ebm n\u00eb pjes\u00ebn e poshtme t\u00eb k\u00ebrthiz\u00ebs, kryhet nj\u00eb mini-operacion i barkut.<\/p><p>Ashtu si me t\u00eb gjitha operacionet, ka disa gj\u00ebra q\u00eb duhet t&#8217;i kushtoni v\u00ebmendje menj\u00ebher\u00eb p\u00ebrpara operacionit t\u00eb barkut. Nj\u00eb nga k\u00ebto \u00ebsht\u00eb l\u00ebnia e duhanit. Sepse pirja e duhanit ngadal\u00ebson qarkullimin e gjakut dhe zgjat koh\u00ebn e sh\u00ebrimit t\u00eb plag\u00ebve kirurgjikale. N\u00eb jav\u00ebn e fundit t\u00eb operacionit, patjet\u00ebr duhet t\u00eb ndaloni p\u00ebrdorimin e holluesve t\u00eb gjakut dhe ila\u00e7eve q\u00eb do t\u00eb ndikojn\u00eb negativisht n\u00eb anestezin\u00eb. Do t\u00eb jet\u00eb e r\u00ebnd\u00ebsishme t\u00eb planifikoni paraprakisht n\u00eb p\u00ebrputhje me rrethanat n\u00eb m\u00ebnyr\u00eb q\u00eb dit\u00ebt e ve\u00e7anta t\u00eb grave t\u00eb mos p\u00ebrkojn\u00eb me dat\u00ebn e operacionit.<\/p>\t\t\t\t\t\t<\/div>\n\t\t\t\t<\/div>\n\t\t\t\t<div class=\"elementor-element elementor-element-4e40ebec elementor-widget-divider--view-line elementor-widget elementor-widget-divider\" data-id=\"4e40ebec\" data-element_type=\"widget\" data-widget_type=\"divider.default\">\n\t\t\t\t<div class=\"elementor-widget-container\">\n\t\t\t<style>\/*! elementor - v3.7.4 - 31-08-2022 *\/\n.elementor-widget-divider{--divider-border-style:none;--divider-border-width:1px;--divider-color:#2c2c2c;--divider-icon-size:20px;--divider-element-spacing:10px;--divider-pattern-height:24px;--divider-pattern-size:20px;--divider-pattern-url:none;--divider-pattern-repeat:repeat-x}.elementor-widget-divider .elementor-divider{display:-webkit-box;display:-ms-flexbox;display:flex}.elementor-widget-divider .elementor-divider__text{font-size:15px;line-height:1;max-width:95%}.elementor-widget-divider .elementor-divider__element{margin:0 var(--divider-element-spacing);-ms-flex-negative:0;flex-shrink:0}.elementor-widget-divider .elementor-icon{font-size:var(--divider-icon-size)}.elementor-widget-divider .elementor-divider-separator{display:-webkit-box;display:-ms-flexbox;display:flex;margin:0;direction:ltr}.elementor-widget-divider--view-line_icon .elementor-divider-separator,.elementor-widget-divider--view-line_text .elementor-divider-separator{-webkit-box-align:center;-ms-flex-align:center;align-items:center}.elementor-widget-divider--view-line_icon .elementor-divider-separator:after,.elementor-widget-divider--view-line_icon .elementor-divider-separator:before,.elementor-widget-divider--view-line_text .elementor-divider-separator:after,.elementor-widget-divider--view-line_text .elementor-divider-separator:before{display:block;content:\"\";border-bottom:0;-webkit-box-flex:1;-ms-flex-positive:1;flex-grow:1;border-top:var(--divider-border-width) var(--divider-border-style) var(--divider-color)}.elementor-widget-divider--element-align-left .elementor-divider .elementor-divider-separator>.elementor-divider__svg:first-of-type{-webkit-box-flex:0;-ms-flex-positive:0;flex-grow:0;-ms-flex-negative:100;flex-shrink:100}.elementor-widget-divider--element-align-left .elementor-divider-separator:before{content:none}.elementor-widget-divider--element-align-left .elementor-divider__element{margin-left:0}.elementor-widget-divider--element-align-right .elementor-divider .elementor-divider-separator>.elementor-divider__svg:last-of-type{-webkit-box-flex:0;-ms-flex-positive:0;flex-grow:0;-ms-flex-negative:100;flex-shrink:100}.elementor-widget-divider--element-align-right .elementor-divider-separator:after{content:none}.elementor-widget-divider--element-align-right .elementor-divider__element{margin-right:0}.elementor-widget-divider:not(.elementor-widget-divider--view-line_text):not(.elementor-widget-divider--view-line_icon) .elementor-divider-separator{border-top:var(--divider-border-width) var(--divider-border-style) var(--divider-color)}.elementor-widget-divider--separator-type-pattern{--divider-border-style:none}.elementor-widget-divider--separator-type-pattern.elementor-widget-divider--view-line .elementor-divider-separator,.elementor-widget-divider--separator-type-pattern:not(.elementor-widget-divider--view-line) .elementor-divider-separator:after,.elementor-widget-divider--separator-type-pattern:not(.elementor-widget-divider--view-line) .elementor-divider-separator:before,.elementor-widget-divider--separator-type-pattern:not([class*=elementor-widget-divider--view]) .elementor-divider-separator{width:100%;min-height:var(--divider-pattern-height);-webkit-mask-size:var(--divider-pattern-size) 100%;mask-size:var(--divider-pattern-size) 100%;-webkit-mask-repeat:var(--divider-pattern-repeat);mask-repeat:var(--divider-pattern-repeat);background-color:var(--divider-color);-webkit-mask-image:var(--divider-pattern-url);mask-image:var(--divider-pattern-url)}.elementor-widget-divider--no-spacing{--divider-pattern-size:auto}.elementor-widget-divider--bg-round{--divider-pattern-repeat:round}.rtl .elementor-widget-divider .elementor-divider__text{direction:rtl}.e-container>.elementor-widget-divider{width:var(--container-widget-width,100%);--flex-grow:var(--container-widget-flex-grow,0)}<\/style>\t\t<div class=\"elementor-divider\">\n\t\t\t<span class=\"elementor-divider-separator\">\n\t\t\t\t\t\t<\/span>\n\t\t<\/div>\n\t\t\t\t<\/div>\n\t\t\t\t<\/div>\n\t\t\t\t<div class=\"elementor-element elementor-element-35c57f11 elementor-widget elementor-widget-hub_fancy_heading\" data-id=\"35c57f11\" data-element_type=\"widget\" data-widget_type=\"hub_fancy_heading.default\">\n\t\t\t\t<div class=\"elementor-widget-container\">\n\t\t\t\n\t\t<div id=\"ld-fancy-heading-69f0e9bff2088\" class=\"ld-fancy-heading pos-rel\">\n\t\t\t<h3 class=\"ld-fh-element d-inline-block pos-rel  elementor-heading-title lqd-highlight-classic lqd-highlight-grow-left h3\"  > Pyetjet e b\u00ebra m\u00eb shpesh<\/h3>\t\t<\/div>\n\n\t\t\t\t<\/div>\n\t\t\t\t<\/div>\n\t\t\t\t<div class=\"elementor-element elementor-element-71ce774c elementor-widget elementor-widget-ld_accordion\" data-id=\"71ce774c\" data-element_type=\"widget\" data-widget_type=\"ld_accordion.default\">\n\t\t\t\t<div class=\"elementor-widget-container\">\n\t\t\t\n\t\t<div class=\"accordion accordion-lg accordion-side-spacing accordion-title-bg-transparent accordion-expander-lg accordion-active-has-fill\" id=\"accordion-69f0e9c000df1\" role=\"tablist\" aria-multiselectable=\"true\">\n\t\t\t\t\t\t\t\t\t\t\t\t<div class=\"accordion-item panel  active\">\n\t\t\t\t\n\t\t\t\t<div class=\"accordion-heading\" role=\"tab\" id=\"heading-1901\">\n\t\t\t\t<h4 class=\"accordion-title \">\t\t\t\t\t<a class=\"\" role=\"button\" data-toggle=\"collapse\" \n\t\t\t\t\tdata-parent=\"#accordion-69f0e9c000df1\" href=\"#collapse-1901\" \n\t\t\t\t\taria-expanded=\"true\" aria-controls=\"collapse-1901\">\n\t\t\t\t\t\t\t\t\t\t\t\t<span class=\"accordion-title-txt\">A do t\u00eb ndjej dhimbje gjat\u00eb operacionit t\u00eb barkut?<\/span>\n\t\t\t\t\t\t\t\t\t\t\t\t\t<span class=\"accordion-expander\"><i class=\"lqd-icn-ess icon-ion-ios-arrow-down\"><\/i><i class=\"lqd-icn-ess icon-ion-ios-arrow-up\"><\/i><\/span>\t\t\t\t\t\t\t\t\t\t\t<\/a>\n\t\t\t\t<\/h4>\t\t\t\t<\/div>\n\t\t\t\t\n\t\t\t\t<div id=\"collapse-1901\" class=\"accordion-collapse collapse  in\" role=\"tabpanel\" aria-labelledby=\"heading-1901\">\n\n\t\t\t\t<div class=\"accordion-content\">\n\t\t\t\t\t<p>Abdominoplastika nuk \u00ebsht\u00eb nj\u00eb operacion i dhimbsh\u00ebm. Gjat\u00eb operacionit t\u00eb barkut, anestezia lokale aplikohet n\u00eb t\u00eb gjitha prerjet dhe muret e barkut, e cila ka nj\u00eb efekt afatgjat\u00eb. N\u00eb k\u00ebt\u00eb m\u00ebnyr\u00eb pacient\u00ebt nuk do t\u00eb ndjejn\u00eb dhimbje pas operacionit. Edhe pse mund t\u00eb ndjejn\u00eb pak dhimbje dit\u00ebn pas operacionit, kjo dhimbje do t\u00eb jet\u00eb p\u00ebr shkak t\u00eb tensionit t\u00eb shkaktuar nga barku. N\u00eb operacionet endoskopike t\u00eb barkut dhe mini-tuck-ut, dhimbja do t\u00eb jet\u00eb edhe m\u00eb e vog\u00ebl.<\/p>\t\t\t\t<\/div>\n\t\t\t\t\t\t\n\t\t\t\t<\/div>\n\t\t\t\t\n\t\t\t<\/div>\n\t\t\t\t\t\t\t\t\t<div class=\"accordion-item panel \">\n\t\t\t\t\n\t\t\t\t<div class=\"accordion-heading\" role=\"tab\" id=\"heading-1902\">\n\t\t\t\t<h4 class=\"accordion-title \">\t\t\t\t\t<a class=\"collapsed\" role=\"button\" data-toggle=\"collapse\" \n\t\t\t\t\tdata-parent=\"#accordion-69f0e9c000df1\" href=\"#collapse-1902\" \n\t\t\t\t\taria-expanded=\"false\" aria-controls=\"collapse-1902\">\n\t\t\t\t\t\t\t\t\t\t\t\t<span class=\"accordion-title-txt\">\u00c7far\u00eb do t\u00eb p\u00ebrjetoj pas operacionit t\u00eb barkut?<\/span>\n\t\t\t\t\t\t\t\t\t\t\t\t\t<span class=\"accordion-expander\"><i class=\"lqd-icn-ess icon-ion-ios-arrow-down\"><\/i><i class=\"lqd-icn-ess icon-ion-ios-arrow-up\"><\/i><\/span>\t\t\t\t\t\t\t\t\t\t\t<\/a>\n\t\t\t\t<\/h4>\t\t\t\t<\/div>\n\t\t\t\t\n\t\t\t\t<div id=\"collapse-1902\" class=\"accordion-collapse collapse \" role=\"tabpanel\" aria-labelledby=\"heading-1902\">\n\n\t\t\t\t<div class=\"accordion-content\">\n\t\t\t\t\t<p>Pas operacionit t\u00eb barkut, pacient\u00ebt vendosen patjet\u00ebr me \u00e7orape anti-embolike, vendoset nj\u00eb kateter urinar, vendoset nj\u00eb drenazh dhe vihet nj\u00eb korse abdominale. Ju mund t\u00eb hani dhe t\u00eb ngriheni n\u00eb k\u00ebmb\u00eb disa or\u00eb pas operacionit. P\u00ebr t\u00eb mos u ngarkuar shum\u00eb shtresa, ato duhet t\u00eb ecin p\u00ebrpara t\u00eb p\u00ebrkulur n\u00eb fillim. Meqen\u00ebse qepjet mbeten n\u00ebn l\u00ebkur\u00eb pas operacionit, nuk ka nevoj\u00eb p\u00ebr heqjen e qepjeve. Ju mund t\u00eb ktheheni n\u00eb jet\u00ebn tuaj normale pas nj\u00eb jave dhe mund t\u00eb filloni sportin pas tre jav\u00ebsh.<\/p>\t\t\t\t<\/div>\n\t\t\t\t\t\t\n\t\t\t\t<\/div>\n\t\t\t\t\n\t\t\t<\/div>\n\t\t\t\t\t\t\t\t\t<div class=\"accordion-item panel \">\n\t\t\t\t\n\t\t\t\t<div class=\"accordion-heading\" role=\"tab\" id=\"heading-1903\">\n\t\t\t\t<h4 class=\"accordion-title \">\t\t\t\t\t<a class=\"collapsed\" role=\"button\" data-toggle=\"collapse\" \n\t\t\t\t\tdata-parent=\"#accordion-69f0e9c000df1\" href=\"#collapse-1903\" \n\t\t\t\t\taria-expanded=\"false\" aria-controls=\"collapse-1903\">\n\t\t\t\t\t\t\t\t\t\t\t\t<span class=\"accordion-title-txt\">A do t\u00eb kthehem n\u00eb veten time t\u00eb vjet\u00ebr pas operacionit t\u00eb barkut?<\/span>\n\t\t\t\t\t\t\t\t\t\t\t\t\t<span class=\"accordion-expander\"><i class=\"lqd-icn-ess icon-ion-ios-arrow-down\"><\/i><i class=\"lqd-icn-ess icon-ion-ios-arrow-up\"><\/i><\/span>\t\t\t\t\t\t\t\t\t\t\t<\/a>\n\t\t\t\t<\/h4>\t\t\t\t<\/div>\n\t\t\t\t\n\t\t\t\t<div id=\"collapse-1903\" class=\"accordion-collapse collapse \" role=\"tabpanel\" aria-labelledby=\"heading-1903\">\n\n\t\t\t\t<div class=\"accordion-content\">\n\t\t\t\t\t<p>Abdominoplastika sjell zgjidhje t\u00eb p\u00ebrhershme p\u00ebr problemet n\u00eb at\u00eb rajon. Megjithat\u00eb, n\u00ebse ka ndryshim t\u00eb tep\u00ebrt n\u00eb pesh\u00eb dhe shtatz\u00ebni pas operacionit, mund t\u00eb ndodh\u00eb nj\u00eb humbje. Megjithat\u00eb, pacienti nuk kthehet n\u00eb veten e tij t\u00eb vjet\u00ebr. N\u00ebse pacient\u00ebt i kushtojn\u00eb v\u00ebmendje pesh\u00ebs s\u00eb tyre pas operacionit t\u00eb barkut dhe han\u00eb nj\u00eb diet\u00eb t\u00eb ekuilibruar, ata nuk do t\u00eb ken\u00eb asnj\u00eb problem.<\/p>\t\t\t\t<\/div>\n\t\t\t\t\t\t\n\t\t\t\t<\/div>\n\t\t\t\t\n\t\t\t<\/div>\n\t\t\t\t\t\t\t\t\t\n\t\t<\/div>\n\n\t\t\t\t<\/div>\n\t\t\t\t<\/div>\n\t\t\t\t\t<\/div>\n\t\t<\/div>\n\t\t\t\t\t\t\t<\/div>\n\t\t<\/section>\n\t\t\t\t\t\t\t<\/div>\n\t\t","protected":false},"excerpt":{"rendered":"<p>Merrni informacion tani Tummy Tuck Abdominoplastika \u00ebsht\u00eb nj\u00eb procedur\u00eb kirurgjikale n\u00eb t\u00eb cil\u00ebn hiqet yndyra e tep\u00ebrt dhe l\u00ebkura e varur n\u00eb pjes\u00ebn e p\u00ebrparme t\u00eb barkut dhe shtrihen muskujt e barkut. K\u00ebto \u00e7arje zakonisht shihen n\u00eb ndryshimet e papritura t\u00eb pesh\u00ebs dhe shtatz\u00ebnis\u00eb. Q\u00ebllimi i operacionit t\u00eb barkut \u00ebsht\u00eb heqja e strijave, heqja e [&hellip;]<\/p>\n","protected":false},"author":1,"featured_media":0,"parent":0,"menu_order":0,"comment_status":"closed","ping_status":"closed","template":"","meta":{"footnotes":""},"class_list":["post-817","page","type-page","status-publish","hentry"],"_links":{"self":[{"href":"https:\/\/drhimmelclinic.com\/al\/wp-json\/wp\/v2\/pages\/817","targetHints":{"allow":["GET"]}}],"collection":[{"href":"https:\/\/drhimmelclinic.com\/al\/wp-json\/wp\/v2\/pages"}],"about":[{"href":"https:\/\/drhimmelclinic.com\/al\/wp-json\/wp\/v2\/types\/page"}],"author":[{"embeddable":true,"href":"https:\/\/drhimmelclinic.com\/al\/wp-json\/wp\/v2\/users\/1"}],"replies":[{"embeddable":true,"href":"https:\/\/drhimmelclinic.com\/al\/wp-json\/wp\/v2\/comments?post=817"}],"version-history":[{"count":11,"href":"https:\/\/drhimmelclinic.com\/al\/wp-json\/wp\/v2\/pages\/817\/revisions"}],"predecessor-version":[{"id":1574,"href":"https:\/\/drhimmelclinic.com\/al\/wp-json\/wp\/v2\/pages\/817\/revisions\/1574"}],"wp:attachment":[{"href":"https:\/\/drhimmelclinic.com\/al\/wp-json\/wp\/v2\/media?parent=817"}],"curies":[{"name":"wp","href":"https:\/\/api.w.org\/{rel}","templated":true}]}}