{"id":913,"date":"2022-09-17T12:40:54","date_gmt":"2022-09-17T09:40:54","guid":{"rendered":"https:\/\/drhimmelclinic.com\/al\/?page_id=913"},"modified":"2022-10-11T13:11:42","modified_gmt":"2022-10-11T10:11:42","slug":"smile-design","status":"publish","type":"page","link":"https:\/\/drhimmelclinic.com\/al\/smile-design","title":{"rendered":"Smile Design"},"content":{"rendered":"\t\t<div data-elementor-type=\"wp-page\" data-elementor-id=\"913\" class=\"elementor elementor-913\">\n\t\t\t\t\t\t\t\t\t<section class=\"elementor-section elementor-top-section elementor-element elementor-element-100bd8a5 elementor-section-boxed elementor-section-height-default elementor-section-height-default\" data-id=\"100bd8a5\" data-element_type=\"section\">\n\t\t\t\t\t\t<div class=\"elementor-container elementor-column-gap-default\">\n\t\t\t\t\t<div class=\"lqd-css-sticky-column elementor-column elementor-col-50 elementor-top-column elementor-element elementor-element-2eda37c\" style=\"--lqd-sticky-offset:30px\" data-id=\"2eda37c\" data-element_type=\"column\">\n\t\t\t<div class=\"elementor-widget-wrap elementor-element-populated\">\n\t\t\t\t\t\t\t\t<section class=\"elementor-section elementor-inner-section elementor-element elementor-element-505692c0 elementor-section-boxed elementor-section-height-default elementor-section-height-default\" data-id=\"505692c0\" data-element_type=\"section\">\n\t\t\t\t\t\t<div class=\"elementor-container elementor-column-gap-default\">\n\t\t\t\t\t<div class=\"elementor-column elementor-col-100 elementor-inner-column elementor-element elementor-element-702ef4b5\" data-id=\"702ef4b5\" data-element_type=\"column\" data-settings=\"{&quot;background_background&quot;:&quot;classic&quot;}\">\n\t\t\t<div class=\"elementor-widget-wrap elementor-element-populated\">\n\t\t\t\t\t\t\t\t<div class=\"elementor-element elementor-element-c4b355e elementor-widget elementor-widget-hub_fancy_heading\" data-id=\"c4b355e\" data-element_type=\"widget\" data-widget_type=\"hub_fancy_heading.default\">\n\t\t\t\t<div class=\"elementor-widget-container\">\n\t\t\t\n\t\t<div id=\"ld-fancy-heading-69f0e9ce8e8a5\" class=\"ld-fancy-heading pos-rel\">\n\t\t\t<h2 class=\"ld-fh-element d-inline-block pos-rel  elementor-heading-title lqd-highlight-classic lqd-highlight-grow-left h2\"  > Merrni informacion tani<\/h2>\t\t<\/div>\n\n\t\t\t\t<\/div>\n\t\t\t\t<\/div>\n\t\t\t\t<div class=\"elementor-element elementor-element-b7b8b7b elementor-widget elementor-widget-ld_cf722\" data-id=\"b7b8b7b\" data-element_type=\"widget\" data-widget_type=\"ld_cf722.default\">\n\t\t\t\t<div class=\"elementor-widget-container\">\n\t\t\t\n\t<div class=\"lqd-contact-form lqd-contact-form-inputs-filled lqd-contact-form-inputs-round lqd-contact-form-button-block lqd-contact-form-button-round\" >\n\t\t<div role=\"form\" class=\"wpcf7\" id=\"wpcf7-f6-o1\" lang=\"tr-TR\" dir=\"ltr\">\n<div class=\"screen-reader-response\"><p role=\"status\" aria-live=\"polite\" aria-atomic=\"true\"><\/p> <ul><\/ul><\/div>\n<form action=\"\/al\/wp-json\/wp\/v2\/pages\/913#wpcf7-f6-o1\" method=\"post\" class=\"wpcf7-form init\" novalidate=\"novalidate\" data-status=\"init\">\n<div style=\"display: none;\">\n<input type=\"hidden\" name=\"_wpcf7\" value=\"6\" \/>\n<input type=\"hidden\" name=\"_wpcf7_version\" value=\"5.6.3\" \/>\n<input type=\"hidden\" name=\"_wpcf7_locale\" value=\"tr_TR\" \/>\n<input type=\"hidden\" name=\"_wpcf7_unit_tag\" value=\"wpcf7-f6-o1\" \/>\n<input type=\"hidden\" name=\"_wpcf7_container_post\" value=\"0\" \/>\n<input type=\"hidden\" name=\"_wpcf7_posted_data_hash\" value=\"\" \/>\n<\/div>\n<p><span class=\"wpcf7-form-control-wrap\" data-name=\"adi\"><input type=\"text\" name=\"adi\" value=\"\" size=\"40\" class=\"wpcf7-form-control wpcf7-text wpcf7-validates-as-required\" aria-required=\"true\" aria-invalid=\"false\" placeholder=\"Emri\" \/><\/span><br \/>\n<span class=\"wpcf7-form-control-wrap\" data-name=\"telefon\"><input type=\"text\" name=\"telefon\" value=\"\" size=\"40\" class=\"wpcf7-form-control wpcf7-text wpcf7-validates-as-required\" aria-required=\"true\" aria-invalid=\"false\" placeholder=\"Numri i Telefonit\" \/><\/span><br \/>\n<span class=\"wpcf7-form-control-wrap\" data-name=\"mesaj\"><textarea name=\"mesaj\" cols=\"40\" rows=\"3\" class=\"wpcf7-form-control wpcf7-textarea\" aria-invalid=\"false\" placeholder=\"Mesazh\"><\/textarea><\/span><br \/>\n<input type=\"submit\" value=\"Paraqisni Formularin\" class=\"wpcf7-form-control has-spinner wpcf7-submit\" \/><\/p>\n<div class=\"wpcf7-response-output\" aria-hidden=\"true\"><\/div><\/form><\/div>\t<\/div>\n\n\t\t\t<\/div>\n\t\t\t\t<\/div>\n\t\t\t\t\t<\/div>\n\t\t<\/div>\n\t\t\t\t\t\t\t<\/div>\n\t\t<\/section>\n\t\t\t\t\t<\/div>\n\t\t<\/div>\n\t\t\t\t<div class=\"elementor-column elementor-col-50 elementor-top-column elementor-element elementor-element-231f3078\" data-id=\"231f3078\" data-element_type=\"column\">\n\t\t\t<div class=\"elementor-widget-wrap elementor-element-populated\">\n\t\t\t\t\t\t\t\t<div class=\"elementor-element elementor-element-cc9606b elementor-widget elementor-widget-image\" data-id=\"cc9606b\" data-element_type=\"widget\" data-widget_type=\"image.default\">\n\t\t\t\t<div class=\"elementor-widget-container\">\n\t\t\t<style>\/*! elementor - v3.7.4 - 31-08-2022 *\/\n.elementor-widget-image{text-align:center}.elementor-widget-image a{display:inline-block}.elementor-widget-image a img[src$=\".svg\"]{width:48px}.elementor-widget-image img{vertical-align:middle;display:inline-block}<\/style>\t\t\t\t\t\t\t\t\t\t\t\t<img decoding=\"async\" width=\"930\" height=\"550\" src=\"https:\/\/drhimmelclinic.com\/al\/wp-content\/uploads\/2022\/09\/gulus-tasarimi-header.jpg\" class=\"elementor-animation-float attachment-full size-full\" alt=\"\" srcset=\"https:\/\/drhimmelclinic.com\/al\/wp-content\/uploads\/2022\/09\/gulus-tasarimi-header.jpg 930w, https:\/\/drhimmelclinic.com\/al\/wp-content\/uploads\/2022\/09\/gulus-tasarimi-header-300x177.jpg 300w, https:\/\/drhimmelclinic.com\/al\/wp-content\/uploads\/2022\/09\/gulus-tasarimi-header-600x355.jpg 600w\" sizes=\"(max-width: 930px) 100vw, 930px\" \/>\t\t\t\t\t\t\t\t\t\t\t\t\t\t\t<\/div>\n\t\t\t\t<\/div>\n\t\t\t\t<div class=\"elementor-element elementor-element-c153a33 elementor-widget elementor-widget-spacer\" data-id=\"c153a33\" data-element_type=\"widget\" data-widget_type=\"spacer.default\">\n\t\t\t\t<div class=\"elementor-widget-container\">\n\t\t\t<style>\/*! elementor - v3.7.4 - 31-08-2022 *\/\n.elementor-column .elementor-spacer-inner{height:var(--spacer-size)}.e-container{--container-widget-width:100%}.e-container>.elementor-widget-spacer{width:var(--container-widget-width,var(--spacer-size));-ms-flex-item-align:stretch;align-self:stretch;-ms-flex-negative:0;flex-shrink:0}.e-container>.elementor-widget-spacer>.elementor-widget-container,.e-container>.elementor-widget-spacer>.elementor-widget-container>.elementor-spacer{height:100%}.e-container>.elementor-widget-spacer>.elementor-widget-container>.elementor-spacer>.elementor-spacer-inner{height:var(--container-widget-height,var(--spacer-size))}<\/style>\t\t<div class=\"elementor-spacer\">\n\t\t\t<div class=\"elementor-spacer-inner\"><\/div>\n\t\t<\/div>\n\t\t\t\t<\/div>\n\t\t\t\t<\/div>\n\t\t\t\t<div class=\"elementor-element elementor-element-527f0d1f elementor-widget elementor-widget-hub_fancy_heading\" data-id=\"527f0d1f\" data-element_type=\"widget\" data-widget_type=\"hub_fancy_heading.default\">\n\t\t\t\t<div class=\"elementor-widget-container\">\n\t\t\t\n\t\t<div id=\"ld-fancy-heading-69f0e9ce94a0e\" class=\"ld-fancy-heading pos-rel\">\n\t\t\t<h2 class=\"ld-fh-element d-inline-block pos-rel  elementor-heading-title lqd-highlight-classic lqd-highlight-grow-left h2\"  > Smile Design<\/h2>\t\t<\/div>\n\n\t\t\t\t<\/div>\n\t\t\t\t<\/div>\n\t\t\t\t<div class=\"elementor-element elementor-element-7eef461 elementor-widget elementor-widget-text-editor\" data-id=\"7eef461\" data-element_type=\"widget\" data-widget_type=\"text-editor.default\">\n\t\t\t\t<div class=\"elementor-widget-container\">\n\t\t\t<style>\/*! elementor - v3.7.4 - 31-08-2022 *\/\n.elementor-widget-text-editor.elementor-drop-cap-view-stacked .elementor-drop-cap{background-color:#818a91;color:#fff}.elementor-widget-text-editor.elementor-drop-cap-view-framed .elementor-drop-cap{color:#818a91;border:3px solid;background-color:transparent}.elementor-widget-text-editor:not(.elementor-drop-cap-view-default) .elementor-drop-cap{margin-top:8px}.elementor-widget-text-editor:not(.elementor-drop-cap-view-default) .elementor-drop-cap-letter{width:1em;height:1em}.elementor-widget-text-editor .elementor-drop-cap{float:left;text-align:center;line-height:1;font-size:50px}.elementor-widget-text-editor .elementor-drop-cap-letter{display:inline-block}<\/style>\t\t\t\t<p>Dizajni i buz\u00ebqeshjes \u00ebsht\u00eb aplikimi i stomatologjis\u00eb dhe artit s\u00eb bashku p\u00ebr t\u00eb ofruar nj\u00eb buz\u00ebqeshje unike p\u00ebr fytyr\u00ebn. Para s\u00eb gjithash, nj\u00eb plan buz\u00ebqeshjeje t\u00eb sh\u00ebndetshme b\u00ebhet me d\u00ebshirat tuaja personale dhe rekomandimet e mjekut tuaj. Dizajni i buz\u00ebqeshjes; \u00cbsht\u00eb planifikuar sipas mosh\u00ebs, gjinis\u00eb, form\u00ebs s\u00eb fytyr\u00ebs, profesionit dhe karakterit tuaj. Pika m\u00eb e r\u00ebnd\u00ebsishme e dizajnit t\u00eb buz\u00ebqeshjes \u00ebsht\u00eb q\u00eb buz\u00ebqeshja juaj t\u00eb ristrukturohet duke ruajtur sh\u00ebndetin dhe natyralitetin tuaj. Kur filloni dizajnin e buz\u00ebqeshjes, para s\u00eb gjithash, p\u00ebrcaktohet se me cil\u00ebn form\u00eb gjeometrike p\u00ebrshtatet linja juaj e fytyr\u00ebs. Sepse linjat n\u00eb fytyr\u00ebn e personit japin fjal\u00ebkalimet se \u00e7far\u00eb forme duhet t\u00eb jet\u00eb dh\u00ebmbi. Anatomia e mashkullit dhe e femr\u00ebs jan\u00eb krejt\u00ebsisht t\u00eb ndryshme nga nj\u00ebra-tjetra. Nd\u00ebrsa tranzicionet jan\u00eb m\u00eb t\u00eb buta te femrat, harqet e hund\u00ebs dhe vetullave jan\u00eb gjithashtu m\u00eb t\u00eb zbehta. Tek meshkujt, tiparet e fytyr\u00ebs jan\u00eb m\u00eb t\u00eb mprehta dhe m\u00eb t\u00eb theksuara. P\u00ebrqindja e maj\u00ebs s\u00eb ballit, hund\u00ebs dhe mjekr\u00ebs ndryshon me fytyrat e grave. Tek femrat, qoshet e dh\u00ebmb\u00ebve jan\u00eb m\u00eb t\u00eb but\u00eb, dhe dy dh\u00ebmb\u00ebt e mes\u00ebm jan\u00eb m\u00eb t\u00eb gjat\u00eb se dh\u00ebmb\u00ebt an\u00ebsor\u00eb. Ekzistojn\u00eb gjithashtu boshll\u00ebqe t\u00eb vogla midis qosheve t\u00eb dh\u00ebmb\u00ebve fqinj\u00eb. P\u00ebrve\u00e7 k\u00ebsaj, linja e t\u00eb qeshurit tregon edhe nj\u00eb kthes\u00eb lart. Tek meshkujt vijat e dh\u00ebmb\u00ebve jan\u00eb m\u00eb t\u00eb theksuara dhe dh\u00ebmb\u00ebt ngjitur duken m\u00eb t\u00eb drejt\u00eb. P\u00ebrve\u00e7 k\u00ebsaj, linja e t\u00eb qeshurit \u00ebsht\u00eb m\u00eb e drejt\u00eb te meshkujt n\u00eb krahasim me femrat. Fal\u00eb modelit t\u00eb buz\u00ebqeshjes, ju mund t\u00eb keni dh\u00ebmb\u00eb m\u00eb t\u00eb sh\u00ebndetsh\u00ebm n\u00eb \u00e7do aspekt.<\/p><p>N\u00eb p\u00ebrgjith\u00ebsi, shprehjet e buz\u00ebqeshjes ndahen n\u00eb tre. E para prej tyre \u00ebsht\u00eb buz\u00ebqeshja t\u00ebrheq\u00ebse, e dyta \u00ebsht\u00eb buz\u00ebqeshja intelektuale dhe e treta \u00ebsht\u00eb buz\u00ebqeshja sportive. P\u00ebr nj\u00eb buz\u00ebqeshje t\u00ebrheq\u00ebse, dh\u00ebmb\u00ebt e p\u00ebrparm\u00eb duhet t\u00eb jen\u00eb duksh\u00ebm m\u00eb t\u00eb gjat\u00eb se dh\u00ebmb\u00ebt an\u00ebsore. Projektimi i dh\u00ebmb\u00ebve t\u00eb p\u00ebrparm\u00eb n\u00eb k\u00ebt\u00eb m\u00ebnyr\u00eb ju jep nj\u00eb buz\u00ebqeshje t\u00eb re, dinamike dhe t\u00ebrheq\u00ebse. Dh\u00ebmb\u00ebt e rreshtuar n\u00eb nj\u00eb vij\u00eb t\u00eb drejt\u00eb jan\u00eb t\u00eb nevojshme p\u00ebr nj\u00eb buz\u00ebqeshje intelektuale. Kjo buz\u00ebqeshje i jep fytyr\u00ebs tuaj nj\u00eb shprehje t\u00eb pjekur dhe t\u00eb ditur. N\u00eb nj\u00eb buz\u00ebqeshje sportive, inciziv\u00ebt tuaj qendror\u00eb duhet t\u00eb jen\u00eb pak m\u00eb t\u00eb gjat\u00eb se ato an\u00ebsore. Kjo buz\u00ebqeshje do t&#8217;ju jap\u00eb nj\u00eb shprehje t\u00eb sinqert\u00eb, t\u00eb jasht\u00ebzakonshme dhe t\u00eb ngroht\u00eb.<\/p><p>\u00c7ngjyrosja e dh\u00ebmb\u00ebve me dizajn buz\u00ebqeshjeje, dh\u00ebmb\u00eb t\u00eb vet\u00ebm ose disa jan\u00eb n\u00eb nj\u00eb shtrirje ose pozicion t\u00eb ndrysh\u00ebm nga nj\u00ebri-tjetri, duke eliminuar boshll\u00ebqet e shkaktuara nga mungesa e dh\u00ebmb\u00ebve, shtrirjen e gingivave, eliminimin e disproporcionit t\u00eb sasis\u00eb s\u00eb dh\u00ebmb\u00ebve t\u00eb duksh\u00ebm dhe gingivave, parandalimin e gjat\u00ebsis\u00eb s\u00eb dh\u00ebmb\u00ebve t\u00eb papajtuesh\u00ebm n\u00eb buz\u00eb , kolapsi i fytyres dhe buzeve Synohet te parandaloje pamjen e plakur te shkaktuar nga mungesa e dhembeve. Duke qen\u00eb se t\u00eb gjitha k\u00ebto probleme do t\u00eb shkaktojn\u00eb p\u00ebrkeq\u00ebsim t\u00eb pamjes estetike t\u00eb pacientit, synohet t\u00eb eliminohen t\u00eb gjitha me dizajnin e buz\u00ebqeshjes.<\/p>\t\t\t\t\t\t<\/div>\n\t\t\t\t<\/div>\n\t\t\t\t<div class=\"elementor-element elementor-element-4e40ebec elementor-widget-divider--view-line elementor-widget elementor-widget-divider\" data-id=\"4e40ebec\" data-element_type=\"widget\" data-widget_type=\"divider.default\">\n\t\t\t\t<div class=\"elementor-widget-container\">\n\t\t\t<style>\/*! elementor - v3.7.4 - 31-08-2022 *\/\n.elementor-widget-divider{--divider-border-style:none;--divider-border-width:1px;--divider-color:#2c2c2c;--divider-icon-size:20px;--divider-element-spacing:10px;--divider-pattern-height:24px;--divider-pattern-size:20px;--divider-pattern-url:none;--divider-pattern-repeat:repeat-x}.elementor-widget-divider .elementor-divider{display:-webkit-box;display:-ms-flexbox;display:flex}.elementor-widget-divider .elementor-divider__text{font-size:15px;line-height:1;max-width:95%}.elementor-widget-divider .elementor-divider__element{margin:0 var(--divider-element-spacing);-ms-flex-negative:0;flex-shrink:0}.elementor-widget-divider .elementor-icon{font-size:var(--divider-icon-size)}.elementor-widget-divider .elementor-divider-separator{display:-webkit-box;display:-ms-flexbox;display:flex;margin:0;direction:ltr}.elementor-widget-divider--view-line_icon .elementor-divider-separator,.elementor-widget-divider--view-line_text .elementor-divider-separator{-webkit-box-align:center;-ms-flex-align:center;align-items:center}.elementor-widget-divider--view-line_icon .elementor-divider-separator:after,.elementor-widget-divider--view-line_icon .elementor-divider-separator:before,.elementor-widget-divider--view-line_text .elementor-divider-separator:after,.elementor-widget-divider--view-line_text .elementor-divider-separator:before{display:block;content:\"\";border-bottom:0;-webkit-box-flex:1;-ms-flex-positive:1;flex-grow:1;border-top:var(--divider-border-width) var(--divider-border-style) var(--divider-color)}.elementor-widget-divider--element-align-left .elementor-divider .elementor-divider-separator>.elementor-divider__svg:first-of-type{-webkit-box-flex:0;-ms-flex-positive:0;flex-grow:0;-ms-flex-negative:100;flex-shrink:100}.elementor-widget-divider--element-align-left .elementor-divider-separator:before{content:none}.elementor-widget-divider--element-align-left .elementor-divider__element{margin-left:0}.elementor-widget-divider--element-align-right .elementor-divider .elementor-divider-separator>.elementor-divider__svg:last-of-type{-webkit-box-flex:0;-ms-flex-positive:0;flex-grow:0;-ms-flex-negative:100;flex-shrink:100}.elementor-widget-divider--element-align-right .elementor-divider-separator:after{content:none}.elementor-widget-divider--element-align-right .elementor-divider__element{margin-right:0}.elementor-widget-divider:not(.elementor-widget-divider--view-line_text):not(.elementor-widget-divider--view-line_icon) .elementor-divider-separator{border-top:var(--divider-border-width) var(--divider-border-style) var(--divider-color)}.elementor-widget-divider--separator-type-pattern{--divider-border-style:none}.elementor-widget-divider--separator-type-pattern.elementor-widget-divider--view-line .elementor-divider-separator,.elementor-widget-divider--separator-type-pattern:not(.elementor-widget-divider--view-line) .elementor-divider-separator:after,.elementor-widget-divider--separator-type-pattern:not(.elementor-widget-divider--view-line) .elementor-divider-separator:before,.elementor-widget-divider--separator-type-pattern:not([class*=elementor-widget-divider--view]) .elementor-divider-separator{width:100%;min-height:var(--divider-pattern-height);-webkit-mask-size:var(--divider-pattern-size) 100%;mask-size:var(--divider-pattern-size) 100%;-webkit-mask-repeat:var(--divider-pattern-repeat);mask-repeat:var(--divider-pattern-repeat);background-color:var(--divider-color);-webkit-mask-image:var(--divider-pattern-url);mask-image:var(--divider-pattern-url)}.elementor-widget-divider--no-spacing{--divider-pattern-size:auto}.elementor-widget-divider--bg-round{--divider-pattern-repeat:round}.rtl .elementor-widget-divider .elementor-divider__text{direction:rtl}.e-container>.elementor-widget-divider{width:var(--container-widget-width,100%);--flex-grow:var(--container-widget-flex-grow,0)}<\/style>\t\t<div class=\"elementor-divider\">\n\t\t\t<span class=\"elementor-divider-separator\">\n\t\t\t\t\t\t<\/span>\n\t\t<\/div>\n\t\t\t\t<\/div>\n\t\t\t\t<\/div>\n\t\t\t\t<div class=\"elementor-element elementor-element-35c57f11 elementor-widget elementor-widget-hub_fancy_heading\" data-id=\"35c57f11\" data-element_type=\"widget\" data-widget_type=\"hub_fancy_heading.default\">\n\t\t\t\t<div class=\"elementor-widget-container\">\n\t\t\t\n\t\t<div id=\"ld-fancy-heading-69f0e9ce976e9\" class=\"ld-fancy-heading pos-rel\">\n\t\t\t<h3 class=\"ld-fh-element d-inline-block pos-rel  elementor-heading-title lqd-highlight-classic lqd-highlight-grow-left h3\"  > Pyetjet e b\u00ebra m\u00eb shpesh<\/h3>\t\t<\/div>\n\n\t\t\t\t<\/div>\n\t\t\t\t<\/div>\n\t\t\t\t<div class=\"elementor-element elementor-element-71ce774c elementor-widget elementor-widget-ld_accordion\" data-id=\"71ce774c\" data-element_type=\"widget\" data-widget_type=\"ld_accordion.default\">\n\t\t\t\t<div class=\"elementor-widget-container\">\n\t\t\t\n\t\t<div class=\"accordion accordion-lg accordion-side-spacing accordion-title-bg-transparent accordion-expander-lg accordion-active-has-fill\" id=\"accordion-69f0e9ce9916a\" role=\"tablist\" aria-multiselectable=\"true\">\n\t\t\t\t\t\t\t\t\t\t\t\t<div class=\"accordion-item panel  active\">\n\t\t\t\t\n\t\t\t\t<div class=\"accordion-heading\" role=\"tab\" id=\"heading-1901\">\n\t\t\t\t<h4 class=\"accordion-title \">\t\t\t\t\t<a class=\"\" role=\"button\" data-toggle=\"collapse\" \n\t\t\t\t\tdata-parent=\"#accordion-69f0e9ce9916a\" href=\"#collapse-1901\" \n\t\t\t\t\taria-expanded=\"true\" aria-controls=\"collapse-1901\">\n\t\t\t\t\t\t\t\t\t\t\t\t<span class=\"accordion-title-txt\">Cilat trajtime p\u00ebrdoren n\u00eb dizajnin e buz\u00ebqeshjes?<\/span>\n\t\t\t\t\t\t\t\t\t\t\t\t\t<span class=\"accordion-expander\"><i class=\"lqd-icn-ess icon-ion-ios-arrow-down\"><\/i><i class=\"lqd-icn-ess icon-ion-ios-arrow-up\"><\/i><\/span>\t\t\t\t\t\t\t\t\t\t\t<\/a>\n\t\t\t\t<\/h4>\t\t\t\t<\/div>\n\t\t\t\t\n\t\t\t\t<div id=\"collapse-1901\" class=\"accordion-collapse collapse  in\" role=\"tabpanel\" aria-labelledby=\"heading-1901\">\n\n\t\t\t\t<div class=\"accordion-content\">\n\t\t\t\t\t<p>Dizajni i buz\u00ebqeshjes p\u00ebrcaktohet nga pozicioni dhe gjendja e dh\u00ebmbit. Trajtime t\u00eb tilla si zgjatja e dh\u00ebmb\u00ebve, shkurtimi i dh\u00ebmb\u00ebve, korrigjimi i form\u00ebs s\u00eb dh\u00ebmbit, rrallimi dhe trashja sipas pozicionit t\u00eb dh\u00ebmbit, korrigjimi i zgavrave t\u00eb gingiv\u00ebs, rrafshimi i shtres\u00ebs s\u00eb sip\u00ebrfaqes s\u00eb dh\u00ebmbit dhe dizenjimi i k\u00ebndit, p\u00ebrkat\u00ebsisht katrori, mprehja, rrumbullakimi, mbushja jan\u00eb. kryer.<\/p>\t\t\t\t<\/div>\n\t\t\t\t\t\t\n\t\t\t\t<\/div>\n\t\t\t\t\n\t\t\t<\/div>\n\t\t\t\t\t\t\t\t\t<div class=\"accordion-item panel \">\n\t\t\t\t\n\t\t\t\t<div class=\"accordion-heading\" role=\"tab\" id=\"heading-1902\">\n\t\t\t\t<h4 class=\"accordion-title \">\t\t\t\t\t<a class=\"collapsed\" role=\"button\" data-toggle=\"collapse\" \n\t\t\t\t\tdata-parent=\"#accordion-69f0e9ce9916a\" href=\"#collapse-1902\" \n\t\t\t\t\taria-expanded=\"false\" aria-controls=\"collapse-1902\">\n\t\t\t\t\t\t\t\t\t\t\t\t<span class=\"accordion-title-txt\">Cil\u00ebt jan\u00eb faktor\u00ebt q\u00eb ndikojn\u00eb n\u00eb dizajnin e buz\u00ebqeshjes?<\/span>\n\t\t\t\t\t\t\t\t\t\t\t\t\t<span class=\"accordion-expander\"><i class=\"lqd-icn-ess icon-ion-ios-arrow-down\"><\/i><i class=\"lqd-icn-ess icon-ion-ios-arrow-up\"><\/i><\/span>\t\t\t\t\t\t\t\t\t\t\t<\/a>\n\t\t\t\t<\/h4>\t\t\t\t<\/div>\n\t\t\t\t\n\t\t\t\t<div id=\"collapse-1902\" class=\"accordion-collapse collapse \" role=\"tabpanel\" aria-labelledby=\"heading-1902\">\n\n\t\t\t\t<div class=\"accordion-content\">\n\t\t\t\t\t<p>Mosha, gjinia, buz\u00ebt, tiparet e fytyr\u00ebs, ngjyra e l\u00ebkur\u00ebs, shtrirja e dh\u00ebmb\u00ebve dhe mishrave t\u00eb dh\u00ebmb\u00ebve jan\u00eb nd\u00ebr faktor\u00ebt q\u00eb ndikojn\u00eb n\u00eb k\u00ebt\u00eb proces kur p\u00ebrcaktohet nj\u00eb dizajn i personalizuar i buz\u00ebqeshjes.<\/p>\t\t\t\t<\/div>\n\t\t\t\t\t\t\n\t\t\t\t<\/div>\n\t\t\t\t\n\t\t\t<\/div>\n\t\t\t\t\t\t\t\t\t<div class=\"accordion-item panel \">\n\t\t\t\t\n\t\t\t\t<div class=\"accordion-heading\" role=\"tab\" id=\"heading-1903\">\n\t\t\t\t<h4 class=\"accordion-title \">\t\t\t\t\t<a class=\"collapsed\" role=\"button\" data-toggle=\"collapse\" \n\t\t\t\t\tdata-parent=\"#accordion-69f0e9ce9916a\" href=\"#collapse-1903\" \n\t\t\t\t\taria-expanded=\"false\" aria-controls=\"collapse-1903\">\n\t\t\t\t\t\t\t\t\t\t\t\t<span class=\"accordion-title-txt\">N\u00eb sa seanca \u00ebsht\u00eb p\u00ebrfunduar dizajni i buz\u00ebqeshjes?<\/span>\n\t\t\t\t\t\t\t\t\t\t\t\t\t<span class=\"accordion-expander\"><i class=\"lqd-icn-ess icon-ion-ios-arrow-down\"><\/i><i class=\"lqd-icn-ess icon-ion-ios-arrow-up\"><\/i><\/span>\t\t\t\t\t\t\t\t\t\t\t<\/a>\n\t\t\t\t<\/h4>\t\t\t\t<\/div>\n\t\t\t\t\n\t\t\t\t<div id=\"collapse-1903\" class=\"accordion-collapse collapse \" role=\"tabpanel\" aria-labelledby=\"heading-1903\">\n\n\t\t\t\t<div class=\"accordion-content\">\n\t\t\t\t\t<p>Pas p\u00ebrcaktimit t\u00eb trajtimit q\u00eb do t\u00eb b\u00ebhet duke marr\u00eb parasysh gjendjen aktuale t\u00eb dh\u00ebmb\u00ebve dhe sh\u00ebndetin oral t\u00eb personit, numri i seancave do t\u00eb p\u00ebrcaktohet n\u00eb p\u00ebrputhje me rrethanat. Nd\u00ebrsa trajtimi mund t\u00eb p\u00ebrfundoj\u00eb n\u00eb 1 seanc\u00eb, ai mund t\u00eb p\u00ebrfundoj\u00eb edhe n\u00eb disa jav\u00eb.<\/p>\t\t\t\t<\/div>\n\t\t\t\t\t\t\n\t\t\t\t<\/div>\n\t\t\t\t\n\t\t\t<\/div>\n\t\t\t\t\t\t\t\t\t\n\t\t<\/div>\n\n\t\t\t\t<\/div>\n\t\t\t\t<\/div>\n\t\t\t\t\t<\/div>\n\t\t<\/div>\n\t\t\t\t\t\t\t<\/div>\n\t\t<\/section>\n\t\t\t\t\t\t\t<\/div>\n\t\t","protected":false},"excerpt":{"rendered":"<p>Merrni informacion tani Smile Design Dizajni i buz\u00ebqeshjes \u00ebsht\u00eb aplikimi i stomatologjis\u00eb dhe artit s\u00eb bashku p\u00ebr t\u00eb ofruar nj\u00eb buz\u00ebqeshje unike p\u00ebr fytyr\u00ebn. Para s\u00eb gjithash, nj\u00eb plan buz\u00ebqeshjeje t\u00eb sh\u00ebndetshme b\u00ebhet me d\u00ebshirat tuaja personale dhe rekomandimet e mjekut tuaj. Dizajni i buz\u00ebqeshjes; \u00cbsht\u00eb planifikuar sipas mosh\u00ebs, gjinis\u00eb, form\u00ebs s\u00eb fytyr\u00ebs, profesionit dhe [&hellip;]<\/p>\n","protected":false},"author":1,"featured_media":0,"parent":0,"menu_order":0,"comment_status":"closed","ping_status":"closed","template":"","meta":{"footnotes":""},"class_list":["post-913","page","type-page","status-publish","hentry"],"_links":{"self":[{"href":"https:\/\/drhimmelclinic.com\/al\/wp-json\/wp\/v2\/pages\/913","targetHints":{"allow":["GET"]}}],"collection":[{"href":"https:\/\/drhimmelclinic.com\/al\/wp-json\/wp\/v2\/pages"}],"about":[{"href":"https:\/\/drhimmelclinic.com\/al\/wp-json\/wp\/v2\/types\/page"}],"author":[{"embeddable":true,"href":"https:\/\/drhimmelclinic.com\/al\/wp-json\/wp\/v2\/users\/1"}],"replies":[{"embeddable":true,"href":"https:\/\/drhimmelclinic.com\/al\/wp-json\/wp\/v2\/comments?post=913"}],"version-history":[{"count":12,"href":"https:\/\/drhimmelclinic.com\/al\/wp-json\/wp\/v2\/pages\/913\/revisions"}],"predecessor-version":[{"id":1497,"href":"https:\/\/drhimmelclinic.com\/al\/wp-json\/wp\/v2\/pages\/913\/revisions\/1497"}],"wp:attachment":[{"href":"https:\/\/drhimmelclinic.com\/al\/wp-json\/wp\/v2\/media?parent=913"}],"curies":[{"name":"wp","href":"https:\/\/api.w.org\/{rel}","templated":true}]}}