{"id":918,"date":"2022-09-17T12:43:11","date_gmt":"2022-09-17T09:43:11","guid":{"rendered":"https:\/\/drhimmelclinic.com\/al\/?page_id=918"},"modified":"2022-10-11T13:10:06","modified_gmt":"2022-10-11T10:10:06","slug":"zbardhja-e-dhembeve","status":"publish","type":"page","link":"https:\/\/drhimmelclinic.com\/al\/zbardhja-e-dhembeve","title":{"rendered":"Zbardhja e Dhembeve"},"content":{"rendered":"\t\t<div data-elementor-type=\"wp-page\" data-elementor-id=\"918\" class=\"elementor elementor-918\">\n\t\t\t\t\t\t\t\t\t<section class=\"elementor-section elementor-top-section elementor-element elementor-element-100bd8a5 elementor-section-boxed elementor-section-height-default elementor-section-height-default\" data-id=\"100bd8a5\" data-element_type=\"section\">\n\t\t\t\t\t\t<div class=\"elementor-container elementor-column-gap-default\">\n\t\t\t\t\t<div class=\"lqd-css-sticky-column elementor-column elementor-col-50 elementor-top-column elementor-element elementor-element-2eda37c\" style=\"--lqd-sticky-offset:30px\" data-id=\"2eda37c\" data-element_type=\"column\">\n\t\t\t<div class=\"elementor-widget-wrap elementor-element-populated\">\n\t\t\t\t\t\t\t\t<section class=\"elementor-section elementor-inner-section elementor-element elementor-element-505692c0 elementor-section-boxed elementor-section-height-default elementor-section-height-default\" data-id=\"505692c0\" data-element_type=\"section\">\n\t\t\t\t\t\t<div class=\"elementor-container elementor-column-gap-default\">\n\t\t\t\t\t<div class=\"elementor-column elementor-col-100 elementor-inner-column elementor-element elementor-element-702ef4b5\" data-id=\"702ef4b5\" data-element_type=\"column\" data-settings=\"{&quot;background_background&quot;:&quot;classic&quot;}\">\n\t\t\t<div class=\"elementor-widget-wrap elementor-element-populated\">\n\t\t\t\t\t\t\t\t<div class=\"elementor-element elementor-element-c4b355e elementor-widget elementor-widget-hub_fancy_heading\" data-id=\"c4b355e\" data-element_type=\"widget\" data-widget_type=\"hub_fancy_heading.default\">\n\t\t\t\t<div class=\"elementor-widget-container\">\n\t\t\t\n\t\t<div id=\"ld-fancy-heading-69f0e9cf46d73\" class=\"ld-fancy-heading pos-rel\">\n\t\t\t<h2 class=\"ld-fh-element d-inline-block pos-rel  elementor-heading-title lqd-highlight-classic lqd-highlight-grow-left h2\"  > Merrni informacion tani<\/h2>\t\t<\/div>\n\n\t\t\t\t<\/div>\n\t\t\t\t<\/div>\n\t\t\t\t<div class=\"elementor-element elementor-element-b7b8b7b elementor-widget elementor-widget-ld_cf722\" data-id=\"b7b8b7b\" data-element_type=\"widget\" data-widget_type=\"ld_cf722.default\">\n\t\t\t\t<div class=\"elementor-widget-container\">\n\t\t\t\n\t<div class=\"lqd-contact-form lqd-contact-form-inputs-filled lqd-contact-form-inputs-round lqd-contact-form-button-block lqd-contact-form-button-round\" >\n\t\t<div role=\"form\" class=\"wpcf7\" id=\"wpcf7-f6-o1\" lang=\"tr-TR\" dir=\"ltr\">\n<div class=\"screen-reader-response\"><p role=\"status\" aria-live=\"polite\" aria-atomic=\"true\"><\/p> <ul><\/ul><\/div>\n<form action=\"\/al\/wp-json\/wp\/v2\/pages\/918#wpcf7-f6-o1\" method=\"post\" class=\"wpcf7-form init\" novalidate=\"novalidate\" data-status=\"init\">\n<div style=\"display: none;\">\n<input type=\"hidden\" name=\"_wpcf7\" value=\"6\" \/>\n<input type=\"hidden\" name=\"_wpcf7_version\" value=\"5.6.3\" \/>\n<input type=\"hidden\" name=\"_wpcf7_locale\" value=\"tr_TR\" \/>\n<input type=\"hidden\" name=\"_wpcf7_unit_tag\" value=\"wpcf7-f6-o1\" \/>\n<input type=\"hidden\" name=\"_wpcf7_container_post\" value=\"0\" \/>\n<input type=\"hidden\" name=\"_wpcf7_posted_data_hash\" value=\"\" \/>\n<\/div>\n<p><span class=\"wpcf7-form-control-wrap\" data-name=\"adi\"><input type=\"text\" name=\"adi\" value=\"\" size=\"40\" class=\"wpcf7-form-control wpcf7-text wpcf7-validates-as-required\" aria-required=\"true\" aria-invalid=\"false\" placeholder=\"Emri\" \/><\/span><br \/>\n<span class=\"wpcf7-form-control-wrap\" data-name=\"telefon\"><input type=\"text\" name=\"telefon\" value=\"\" size=\"40\" class=\"wpcf7-form-control wpcf7-text wpcf7-validates-as-required\" aria-required=\"true\" aria-invalid=\"false\" placeholder=\"Numri i Telefonit\" \/><\/span><br \/>\n<span class=\"wpcf7-form-control-wrap\" data-name=\"mesaj\"><textarea name=\"mesaj\" cols=\"40\" rows=\"3\" class=\"wpcf7-form-control wpcf7-textarea\" aria-invalid=\"false\" placeholder=\"Mesazh\"><\/textarea><\/span><br \/>\n<input type=\"submit\" value=\"Paraqisni Formularin\" class=\"wpcf7-form-control has-spinner wpcf7-submit\" \/><\/p>\n<div class=\"wpcf7-response-output\" aria-hidden=\"true\"><\/div><\/form><\/div>\t<\/div>\n\n\t\t\t<\/div>\n\t\t\t\t<\/div>\n\t\t\t\t\t<\/div>\n\t\t<\/div>\n\t\t\t\t\t\t\t<\/div>\n\t\t<\/section>\n\t\t\t\t\t<\/div>\n\t\t<\/div>\n\t\t\t\t<div class=\"elementor-column elementor-col-50 elementor-top-column elementor-element elementor-element-231f3078\" data-id=\"231f3078\" data-element_type=\"column\">\n\t\t\t<div class=\"elementor-widget-wrap elementor-element-populated\">\n\t\t\t\t\t\t\t\t<div class=\"elementor-element elementor-element-cc9606b elementor-widget elementor-widget-image\" data-id=\"cc9606b\" data-element_type=\"widget\" data-widget_type=\"image.default\">\n\t\t\t\t<div class=\"elementor-widget-container\">\n\t\t\t<style>\/*! elementor - v3.7.4 - 31-08-2022 *\/\n.elementor-widget-image{text-align:center}.elementor-widget-image a{display:inline-block}.elementor-widget-image a img[src$=\".svg\"]{width:48px}.elementor-widget-image img{vertical-align:middle;display:inline-block}<\/style>\t\t\t\t\t\t\t\t\t\t\t\t<img decoding=\"async\" width=\"930\" height=\"550\" src=\"https:\/\/drhimmelclinic.com\/al\/wp-content\/uploads\/2022\/09\/dis-beyazlatma-header.jpg\" class=\"elementor-animation-float attachment-full size-full\" alt=\"\" srcset=\"https:\/\/drhimmelclinic.com\/al\/wp-content\/uploads\/2022\/09\/dis-beyazlatma-header.jpg 930w, https:\/\/drhimmelclinic.com\/al\/wp-content\/uploads\/2022\/09\/dis-beyazlatma-header-300x177.jpg 300w, https:\/\/drhimmelclinic.com\/al\/wp-content\/uploads\/2022\/09\/dis-beyazlatma-header-600x355.jpg 600w\" sizes=\"(max-width: 930px) 100vw, 930px\" \/>\t\t\t\t\t\t\t\t\t\t\t\t\t\t\t<\/div>\n\t\t\t\t<\/div>\n\t\t\t\t<div class=\"elementor-element elementor-element-c153a33 elementor-widget elementor-widget-spacer\" data-id=\"c153a33\" data-element_type=\"widget\" data-widget_type=\"spacer.default\">\n\t\t\t\t<div class=\"elementor-widget-container\">\n\t\t\t<style>\/*! elementor - v3.7.4 - 31-08-2022 *\/\n.elementor-column .elementor-spacer-inner{height:var(--spacer-size)}.e-container{--container-widget-width:100%}.e-container>.elementor-widget-spacer{width:var(--container-widget-width,var(--spacer-size));-ms-flex-item-align:stretch;align-self:stretch;-ms-flex-negative:0;flex-shrink:0}.e-container>.elementor-widget-spacer>.elementor-widget-container,.e-container>.elementor-widget-spacer>.elementor-widget-container>.elementor-spacer{height:100%}.e-container>.elementor-widget-spacer>.elementor-widget-container>.elementor-spacer>.elementor-spacer-inner{height:var(--container-widget-height,var(--spacer-size))}<\/style>\t\t<div class=\"elementor-spacer\">\n\t\t\t<div class=\"elementor-spacer-inner\"><\/div>\n\t\t<\/div>\n\t\t\t\t<\/div>\n\t\t\t\t<\/div>\n\t\t\t\t<div class=\"elementor-element elementor-element-527f0d1f elementor-widget elementor-widget-hub_fancy_heading\" data-id=\"527f0d1f\" data-element_type=\"widget\" data-widget_type=\"hub_fancy_heading.default\">\n\t\t\t\t<div class=\"elementor-widget-container\">\n\t\t\t\n\t\t<div id=\"ld-fancy-heading-69f0e9cf5044f\" class=\"ld-fancy-heading pos-rel\">\n\t\t\t<h2 class=\"ld-fh-element d-inline-block pos-rel  elementor-heading-title lqd-highlight-classic lqd-highlight-grow-left h2\"  > Zbardhja e Dhembeve<\/h2>\t\t<\/div>\n\n\t\t\t\t<\/div>\n\t\t\t\t<\/div>\n\t\t\t\t<div class=\"elementor-element elementor-element-7eef461 elementor-widget elementor-widget-text-editor\" data-id=\"7eef461\" data-element_type=\"widget\" data-widget_type=\"text-editor.default\">\n\t\t\t\t<div class=\"elementor-widget-container\">\n\t\t\t<style>\/*! elementor - v3.7.4 - 31-08-2022 *\/\n.elementor-widget-text-editor.elementor-drop-cap-view-stacked .elementor-drop-cap{background-color:#818a91;color:#fff}.elementor-widget-text-editor.elementor-drop-cap-view-framed .elementor-drop-cap{color:#818a91;border:3px solid;background-color:transparent}.elementor-widget-text-editor:not(.elementor-drop-cap-view-default) .elementor-drop-cap{margin-top:8px}.elementor-widget-text-editor:not(.elementor-drop-cap-view-default) .elementor-drop-cap-letter{width:1em;height:1em}.elementor-widget-text-editor .elementor-drop-cap{float:left;text-align:center;line-height:1;font-size:50px}.elementor-widget-text-editor .elementor-drop-cap-letter{display:inline-block}<\/style>\t\t\t\t<p>Dh\u00ebmb\u00ebt e sh\u00ebndetsh\u00ebm dhe t\u00eb bardh\u00eb jan\u00eb shum\u00eb t\u00eb r\u00ebnd\u00ebsish\u00ebm p\u00ebr nj\u00eb buz\u00ebqeshje t\u00eb bukur dhe efektive. Megjithat\u00eb, n\u00eb disa raste, defektet strukturore, antibiotik\u00ebt e p\u00ebrdorur n\u00eb f\u00ebmij\u00ebri ose n\u00eb mit\u00ebr, sasia e fluorit n\u00eb ushqim, pije dhe uj\u00eb t\u00eb pijsh\u00ebm shkaktojn\u00eb njoll\u00eb n\u00eb protezat e vjetra, fasetat, mbushjet dhe dh\u00ebmb\u00ebt e mosh\u00ebs s\u00eb vjet\u00ebr. Zbardhja e dh\u00ebmb\u00ebve \u00ebsht\u00eb procesi i zbardhjes s\u00eb shtres\u00ebs s\u00eb smaltit, e cila ka ndryshuar ngjyr\u00eb dhe \u00ebsht\u00eb zverdhur p\u00ebr arsye t\u00eb ndryshme, dhe heqja e \u00e7ngjyrosjes. \u00c7do gj\u00eb q\u00eb ham\u00eb dhe pim\u00eb, e cila p\u00ebrmban ngjyrues, err\u00ebson sip\u00ebrfaqen e dh\u00ebmb\u00ebve tan\u00eb me kalimin e koh\u00ebs. N\u00eb k\u00ebt\u00eb m\u00ebnyr\u00eb, n\u00eb vend q\u00eb t\u00eb ket\u00eb nj\u00eb shtres\u00eb porcelani n\u00eb dh\u00ebmb\u00ebt e err\u00ebsuar ose t\u00eb zverdhur, mund t\u00eb aplikohet nj\u00eb metod\u00eb e zbardhjes s\u00eb p\u00ebrhershme t\u00eb dh\u00ebmb\u00ebve, e njohur edhe si zbardhje. Si rezultat i k\u00ebtij procesi, n\u00eb var\u00ebsi t\u00eb gjendjes s\u00eb dh\u00ebmb\u00ebve tuaj, hapen 8-10 ton\u00eb. Zbardhja e dh\u00ebmb\u00ebve \u00ebsht\u00eb aplikimi i xhelit t\u00eb p\u00ebrgatitur posa\u00e7\u00ebrisht n\u00eb dh\u00ebmb\u00eb dhe i p\u00ebrshpejtuar me ndihm\u00ebn e nj\u00eb burimi drite ose lazeri. Dy lloje t\u00eb \u00e7ngjyrosjes shihen p\u00ebrgjith\u00ebsisht n\u00eb dh\u00ebmb\u00eb. E para \u00ebsht\u00eb ngjyrimi i brendsh\u00ebm, i dyti \u00ebsht\u00eb ngjyrimi i jasht\u00ebm. \u00c7ngjyrosja e brendshme p\u00ebrfshin njollat \u200b\u200bq\u00eb dep\u00ebrtojn\u00eb n\u00eb dh\u00ebmb dhe nuk mund t\u00eb hiqen me fur\u00e7\u00eb. N\u00eb zbardhjen e jashtme, \u00ebsht\u00eb ngjyrimi q\u00eb ngjitet n\u00eb sip\u00ebrfaqen e dh\u00ebmbit nga ngjyrosja e ushqimeve si cigare, kola, kafe. N\u00eb t\u00eb dyja \u00e7ngjyrosjet, procesi i zbardhjes s\u00eb dh\u00ebmb\u00ebve, pra procesi i Zbardhimit, rezulton me shum\u00eb sukses.<\/p><p>Zbardhja e dh\u00ebmb\u00ebve \u00ebsht\u00eb nj\u00eb procedur\u00eb q\u00eb duhet t\u00eb kryhet n\u00ebn kontrollin e nj\u00eb mjeku. Xhel zbardhues t\u00eb aplikuar n\u00eb sip\u00ebrfaqen e jashtme t\u00eb dh\u00ebmbit me njoll\u00eb reagojn\u00eb me nj\u00eb drit\u00eb t\u00eb ve\u00e7ant\u00eb t\u00eb aplikuar. N\u00eb k\u00ebt\u00eb m\u00ebnyr\u00eb, dh\u00ebmb\u00ebt zbardhen shum\u00eb shpejt dhe n\u00eb m\u00ebnyr\u00eb efektive. N\u00eb nj\u00eb procedur\u00eb t\u00eb kryer n\u00eb k\u00ebt\u00eb m\u00ebnyr\u00eb, mesatarisht 3-4 ton ngjyr\u00eb dh\u00ebmbi zbardhet n\u00eb nj\u00eb seanc\u00eb t\u00eb vetme.<\/p><p>Zbardhja e dh\u00ebmb\u00ebve \u00ebsht\u00eb nj\u00eb procedur\u00eb jasht\u00ebzakonisht e sigurt q\u00eb mund t\u00eb aplikohet p\u00ebr k\u00ebdo. N\u00ebse kjo procedur\u00eb kryhet n\u00eb klinika t\u00eb besueshme dhe n\u00ebn kontrollin e nj\u00eb mjeku, nuk do t\u00eb ket\u00eb d\u00ebm. Procesi i zbardhjes, i cili nuk rekomandohet p\u00ebr njer\u00ebzit, rritja dhe zhvillimi i t\u00eb cil\u00ebve vazhdon, duhet t\u00eb b\u00ebhet me kujdes edhe p\u00ebr grat\u00eb shtatz\u00ebna dhe n\u00ebnat me gji.<\/p>\t\t\t\t\t\t<\/div>\n\t\t\t\t<\/div>\n\t\t\t\t<div class=\"elementor-element elementor-element-4e40ebec elementor-widget-divider--view-line elementor-widget elementor-widget-divider\" data-id=\"4e40ebec\" data-element_type=\"widget\" data-widget_type=\"divider.default\">\n\t\t\t\t<div class=\"elementor-widget-container\">\n\t\t\t<style>\/*! elementor - v3.7.4 - 31-08-2022 *\/\n.elementor-widget-divider{--divider-border-style:none;--divider-border-width:1px;--divider-color:#2c2c2c;--divider-icon-size:20px;--divider-element-spacing:10px;--divider-pattern-height:24px;--divider-pattern-size:20px;--divider-pattern-url:none;--divider-pattern-repeat:repeat-x}.elementor-widget-divider .elementor-divider{display:-webkit-box;display:-ms-flexbox;display:flex}.elementor-widget-divider .elementor-divider__text{font-size:15px;line-height:1;max-width:95%}.elementor-widget-divider .elementor-divider__element{margin:0 var(--divider-element-spacing);-ms-flex-negative:0;flex-shrink:0}.elementor-widget-divider .elementor-icon{font-size:var(--divider-icon-size)}.elementor-widget-divider .elementor-divider-separator{display:-webkit-box;display:-ms-flexbox;display:flex;margin:0;direction:ltr}.elementor-widget-divider--view-line_icon .elementor-divider-separator,.elementor-widget-divider--view-line_text .elementor-divider-separator{-webkit-box-align:center;-ms-flex-align:center;align-items:center}.elementor-widget-divider--view-line_icon .elementor-divider-separator:after,.elementor-widget-divider--view-line_icon .elementor-divider-separator:before,.elementor-widget-divider--view-line_text .elementor-divider-separator:after,.elementor-widget-divider--view-line_text .elementor-divider-separator:before{display:block;content:\"\";border-bottom:0;-webkit-box-flex:1;-ms-flex-positive:1;flex-grow:1;border-top:var(--divider-border-width) var(--divider-border-style) var(--divider-color)}.elementor-widget-divider--element-align-left .elementor-divider .elementor-divider-separator>.elementor-divider__svg:first-of-type{-webkit-box-flex:0;-ms-flex-positive:0;flex-grow:0;-ms-flex-negative:100;flex-shrink:100}.elementor-widget-divider--element-align-left .elementor-divider-separator:before{content:none}.elementor-widget-divider--element-align-left .elementor-divider__element{margin-left:0}.elementor-widget-divider--element-align-right .elementor-divider .elementor-divider-separator>.elementor-divider__svg:last-of-type{-webkit-box-flex:0;-ms-flex-positive:0;flex-grow:0;-ms-flex-negative:100;flex-shrink:100}.elementor-widget-divider--element-align-right .elementor-divider-separator:after{content:none}.elementor-widget-divider--element-align-right .elementor-divider__element{margin-right:0}.elementor-widget-divider:not(.elementor-widget-divider--view-line_text):not(.elementor-widget-divider--view-line_icon) .elementor-divider-separator{border-top:var(--divider-border-width) var(--divider-border-style) var(--divider-color)}.elementor-widget-divider--separator-type-pattern{--divider-border-style:none}.elementor-widget-divider--separator-type-pattern.elementor-widget-divider--view-line .elementor-divider-separator,.elementor-widget-divider--separator-type-pattern:not(.elementor-widget-divider--view-line) .elementor-divider-separator:after,.elementor-widget-divider--separator-type-pattern:not(.elementor-widget-divider--view-line) .elementor-divider-separator:before,.elementor-widget-divider--separator-type-pattern:not([class*=elementor-widget-divider--view]) .elementor-divider-separator{width:100%;min-height:var(--divider-pattern-height);-webkit-mask-size:var(--divider-pattern-size) 100%;mask-size:var(--divider-pattern-size) 100%;-webkit-mask-repeat:var(--divider-pattern-repeat);mask-repeat:var(--divider-pattern-repeat);background-color:var(--divider-color);-webkit-mask-image:var(--divider-pattern-url);mask-image:var(--divider-pattern-url)}.elementor-widget-divider--no-spacing{--divider-pattern-size:auto}.elementor-widget-divider--bg-round{--divider-pattern-repeat:round}.rtl .elementor-widget-divider .elementor-divider__text{direction:rtl}.e-container>.elementor-widget-divider{width:var(--container-widget-width,100%);--flex-grow:var(--container-widget-flex-grow,0)}<\/style>\t\t<div class=\"elementor-divider\">\n\t\t\t<span class=\"elementor-divider-separator\">\n\t\t\t\t\t\t<\/span>\n\t\t<\/div>\n\t\t\t\t<\/div>\n\t\t\t\t<\/div>\n\t\t\t\t<div class=\"elementor-element elementor-element-35c57f11 elementor-widget elementor-widget-hub_fancy_heading\" data-id=\"35c57f11\" data-element_type=\"widget\" data-widget_type=\"hub_fancy_heading.default\">\n\t\t\t\t<div class=\"elementor-widget-container\">\n\t\t\t\n\t\t<div id=\"ld-fancy-heading-69f0e9cf54842\" class=\"ld-fancy-heading pos-rel\">\n\t\t\t<h3 class=\"ld-fh-element d-inline-block pos-rel  elementor-heading-title lqd-highlight-classic lqd-highlight-grow-left h3\"  > Pyetjet e b\u00ebra m\u00eb shpesh<\/h3>\t\t<\/div>\n\n\t\t\t\t<\/div>\n\t\t\t\t<\/div>\n\t\t\t\t<div class=\"elementor-element elementor-element-71ce774c elementor-widget elementor-widget-ld_accordion\" data-id=\"71ce774c\" data-element_type=\"widget\" data-widget_type=\"ld_accordion.default\">\n\t\t\t\t<div class=\"elementor-widget-container\">\n\t\t\t\n\t\t<div class=\"accordion accordion-lg accordion-side-spacing accordion-title-bg-transparent accordion-expander-lg accordion-active-has-fill\" id=\"accordion-69f0e9cf57c6a\" role=\"tablist\" aria-multiselectable=\"true\">\n\t\t\t\t\t\t\t\t\t\t\t\t<div class=\"accordion-item panel  active\">\n\t\t\t\t\n\t\t\t\t<div class=\"accordion-heading\" role=\"tab\" id=\"heading-1901\">\n\t\t\t\t<h4 class=\"accordion-title \">\t\t\t\t\t<a class=\"\" role=\"button\" data-toggle=\"collapse\" \n\t\t\t\t\tdata-parent=\"#accordion-69f0e9cf57c6a\" href=\"#collapse-1901\" \n\t\t\t\t\taria-expanded=\"true\" aria-controls=\"collapse-1901\">\n\t\t\t\t\t\t\t\t\t\t\t\t<span class=\"accordion-title-txt\">\u00c7far\u00eb duhet pasur parasysh n\u00eb procesin e zbardhjes s\u00eb dh\u00ebmb\u00ebve?<\/span>\n\t\t\t\t\t\t\t\t\t\t\t\t\t<span class=\"accordion-expander\"><i class=\"lqd-icn-ess icon-ion-ios-arrow-down\"><\/i><i class=\"lqd-icn-ess icon-ion-ios-arrow-up\"><\/i><\/span>\t\t\t\t\t\t\t\t\t\t\t<\/a>\n\t\t\t\t<\/h4>\t\t\t\t<\/div>\n\t\t\t\t\n\t\t\t\t<div id=\"collapse-1901\" class=\"accordion-collapse collapse  in\" role=\"tabpanel\" aria-labelledby=\"heading-1901\">\n\n\t\t\t\t<div class=\"accordion-content\">\n\t\t\t\t\t<p>Nj\u00eb ndjeshm\u00ebri e leht\u00eb mund t\u00eb shfaqet gjat\u00eb ose pas procesit t\u00eb zbardhjes s\u00eb dh\u00ebmb\u00ebve. Megjithat\u00eb, kjo ndjeshm\u00ebri do t\u00eb zhduket n\u00eb 1 deri n\u00eb 3 dit\u00eb. Gj\u00ebja e r\u00ebnd\u00ebsishme k\u00ebtu \u00ebsht\u00eb kryerja e hapave t\u00eb k\u00ebrkuar nga procesi i zbardhjes s\u00eb dh\u00ebmb\u00ebve. Nuk do t\u00eb ket\u00eb asnj\u00eb t\u00eb keqe n\u00eb k\u00ebt\u00eb proces kur b\u00ebhet nga ekipe profesionale.<\/p>\t\t\t\t<\/div>\n\t\t\t\t\t\t\n\t\t\t\t<\/div>\n\t\t\t\t\n\t\t\t<\/div>\n\t\t\t\t\t\t\t\t\t<div class=\"accordion-item panel \">\n\t\t\t\t\n\t\t\t\t<div class=\"accordion-heading\" role=\"tab\" id=\"heading-1902\">\n\t\t\t\t<h4 class=\"accordion-title \">\t\t\t\t\t<a class=\"collapsed\" role=\"button\" data-toggle=\"collapse\" \n\t\t\t\t\tdata-parent=\"#accordion-69f0e9cf57c6a\" href=\"#collapse-1902\" \n\t\t\t\t\taria-expanded=\"false\" aria-controls=\"collapse-1902\">\n\t\t\t\t\t\t\t\t\t\t\t\t<span class=\"accordion-title-txt\">Sa koh\u00eb duhet q\u00eb dh\u00ebmb\u00ebt e mi t\u00eb zbardhen n\u00eb maksimum?<\/span>\n\t\t\t\t\t\t\t\t\t\t\t\t\t<span class=\"accordion-expander\"><i class=\"lqd-icn-ess icon-ion-ios-arrow-down\"><\/i><i class=\"lqd-icn-ess icon-ion-ios-arrow-up\"><\/i><\/span>\t\t\t\t\t\t\t\t\t\t\t<\/a>\n\t\t\t\t<\/h4>\t\t\t\t<\/div>\n\t\t\t\t\n\t\t\t\t<div id=\"collapse-1902\" class=\"accordion-collapse collapse \" role=\"tabpanel\" aria-labelledby=\"heading-1902\">\n\n\t\t\t\t<div class=\"accordion-content\">\n\t\t\t\t\t<p>Rezultatet e zbardhjes s\u00eb dh\u00ebmb\u00ebve ndryshojn\u00eb nga personi n\u00eb person. Disa dh\u00ebmb\u00eb zbardhen n\u00eb pak dit\u00eb, nd\u00ebrsa t\u00eb tjer\u00ebve u duhen nj\u00eb ose dy muaj p\u00ebr t'u zbardhur. Por dh\u00ebmb\u00ebt e nj\u00eb personi mesatar zbardhen n\u00eb 2 deri n\u00eb 3 jav\u00eb. N\u00ebse zverdhja e dh\u00ebmb\u00ebve tuaj \u00ebsht\u00eb m\u00eb shum\u00eb se thinja, procesi i zbardhjes do t\u00eb jet\u00eb shum\u00eb m\u00eb i mir\u00eb. Megjithat\u00eb, do t\u00eb jet\u00eb m\u00eb e v\u00ebshtir\u00eb p\u00ebr t\u00eb zbardhur thinjat e shkaktuara nga p\u00ebrdorimi i antibiotik\u00ebve. N\u00eb k\u00ebt\u00eb rast, do t\u00eb duhet pak m\u00eb shum\u00eb p\u00ebr t\u00eb arritur rezultatin.<\/p>\t\t\t\t<\/div>\n\t\t\t\t\t\t\n\t\t\t\t<\/div>\n\t\t\t\t\n\t\t\t<\/div>\n\t\t\t\t\t\t\t\t\t<div class=\"accordion-item panel \">\n\t\t\t\t\n\t\t\t\t<div class=\"accordion-heading\" role=\"tab\" id=\"heading-1903\">\n\t\t\t\t<h4 class=\"accordion-title \">\t\t\t\t\t<a class=\"collapsed\" role=\"button\" data-toggle=\"collapse\" \n\t\t\t\t\tdata-parent=\"#accordion-69f0e9cf57c6a\" href=\"#collapse-1903\" \n\t\t\t\t\taria-expanded=\"false\" aria-controls=\"collapse-1903\">\n\t\t\t\t\t\t\t\t\t\t\t\t<span class=\"accordion-title-txt\">\u00c7far\u00eb do t\u00eb p\u00ebrjetoj gjat\u00eb trajtimit t\u00eb zbardhjes s\u00eb dh\u00ebmb\u00ebve?<\/span>\n\t\t\t\t\t\t\t\t\t\t\t\t\t<span class=\"accordion-expander\"><i class=\"lqd-icn-ess icon-ion-ios-arrow-down\"><\/i><i class=\"lqd-icn-ess icon-ion-ios-arrow-up\"><\/i><\/span>\t\t\t\t\t\t\t\t\t\t\t<\/a>\n\t\t\t\t<\/h4>\t\t\t\t<\/div>\n\t\t\t\t\n\t\t\t\t<div id=\"collapse-1903\" class=\"accordion-collapse collapse \" role=\"tabpanel\" aria-labelledby=\"heading-1903\">\n\n\t\t\t\t<div class=\"accordion-content\">\n\t\t\t\t\t<p>Duke qen\u00eb se zbardhja e dh\u00ebmb\u00ebve vazhdon brenda 2 jav\u00ebsh pas p\u00ebrfundimit t\u00eb procesit t\u00eb zbardhjes s\u00eb dh\u00ebmb\u00ebve, \u00ebsht\u00eb e nevojshme t\u00eb mos vazhdohet p\u00ebrdorimi i agjent\u00ebve ngjyrues n\u00eb k\u00ebt\u00eb proces. M\u00eb pas, ju mund t\u00eb d\u00ebshironi t\u00eb konsideroni reduktimin e k\u00ebtyre ushqimeve dhe pijeve sa m\u00eb shum\u00eb q\u00eb t\u00eb jet\u00eb e mundur. Ndjeshm\u00ebria nxeht\u00eb-ftoht\u00eb e p\u00ebrjetuar gjat\u00eb trajtimit do t\u00eb p\u00ebrfundoj\u00eb gjithashtu pas trajtimit.<\/p>\t\t\t\t<\/div>\n\t\t\t\t\t\t\n\t\t\t\t<\/div>\n\t\t\t\t\n\t\t\t<\/div>\n\t\t\t\t\t\t\t\t\t\n\t\t<\/div>\n\n\t\t\t\t<\/div>\n\t\t\t\t<\/div>\n\t\t\t\t\t<\/div>\n\t\t<\/div>\n\t\t\t\t\t\t\t<\/div>\n\t\t<\/section>\n\t\t\t\t\t\t\t<\/div>\n\t\t","protected":false},"excerpt":{"rendered":"<p>Merrni informacion tani Zbardhja e Dhembeve Dh\u00ebmb\u00ebt e sh\u00ebndetsh\u00ebm dhe t\u00eb bardh\u00eb jan\u00eb shum\u00eb t\u00eb r\u00ebnd\u00ebsish\u00ebm p\u00ebr nj\u00eb buz\u00ebqeshje t\u00eb bukur dhe efektive. Megjithat\u00eb, n\u00eb disa raste, defektet strukturore, antibiotik\u00ebt e p\u00ebrdorur n\u00eb f\u00ebmij\u00ebri ose n\u00eb mit\u00ebr, sasia e fluorit n\u00eb ushqim, pije dhe uj\u00eb t\u00eb pijsh\u00ebm shkaktojn\u00eb njoll\u00eb n\u00eb protezat e vjetra, fasetat, mbushjet [&hellip;]<\/p>\n","protected":false},"author":1,"featured_media":0,"parent":0,"menu_order":0,"comment_status":"closed","ping_status":"closed","template":"","meta":{"footnotes":""},"class_list":["post-918","page","type-page","status-publish","hentry"],"_links":{"self":[{"href":"https:\/\/drhimmelclinic.com\/al\/wp-json\/wp\/v2\/pages\/918","targetHints":{"allow":["GET"]}}],"collection":[{"href":"https:\/\/drhimmelclinic.com\/al\/wp-json\/wp\/v2\/pages"}],"about":[{"href":"https:\/\/drhimmelclinic.com\/al\/wp-json\/wp\/v2\/types\/page"}],"author":[{"embeddable":true,"href":"https:\/\/drhimmelclinic.com\/al\/wp-json\/wp\/v2\/users\/1"}],"replies":[{"embeddable":true,"href":"https:\/\/drhimmelclinic.com\/al\/wp-json\/wp\/v2\/comments?post=918"}],"version-history":[{"count":11,"href":"https:\/\/drhimmelclinic.com\/al\/wp-json\/wp\/v2\/pages\/918\/revisions"}],"predecessor-version":[{"id":1493,"href":"https:\/\/drhimmelclinic.com\/al\/wp-json\/wp\/v2\/pages\/918\/revisions\/1493"}],"wp:attachment":[{"href":"https:\/\/drhimmelclinic.com\/al\/wp-json\/wp\/v2\/media?parent=918"}],"curies":[{"name":"wp","href":"https:\/\/api.w.org\/{rel}","templated":true}]}}