{"id":877,"date":"2022-09-17T12:27:24","date_gmt":"2022-09-17T09:27:24","guid":{"rendered":"https:\/\/drhimmelclinic.com\/it\/?page_id=877"},"modified":"2022-11-24T15:56:37","modified_gmt":"2022-11-24T12:56:37","slug":"trapianto-di-capelli-dhi","status":"publish","type":"page","link":"https:\/\/drhimmelclinic.com\/it\/trapianto-di-capelli-dhi","title":{"rendered":"Trapianto di Capelli DHI"},"content":{"rendered":"\t\t<div data-elementor-type=\"wp-page\" data-elementor-id=\"877\" class=\"elementor elementor-877\">\n\t\t\t\t\t\t\t\t\t<section class=\"elementor-section elementor-top-section elementor-element elementor-element-100bd8a5 elementor-section-boxed elementor-section-height-default elementor-section-height-default\" data-id=\"100bd8a5\" data-element_type=\"section\">\n\t\t\t\t\t\t<div class=\"elementor-container elementor-column-gap-default\">\n\t\t\t\t\t<div class=\"lqd-css-sticky-column elementor-column elementor-col-50 elementor-top-column elementor-element elementor-element-2eda37c\" style=\"--lqd-sticky-offset:30px\" data-id=\"2eda37c\" data-element_type=\"column\">\n\t\t\t<div class=\"elementor-widget-wrap elementor-element-populated\">\n\t\t\t\t\t\t\t\t<section class=\"elementor-section elementor-inner-section elementor-element elementor-element-505692c0 elementor-section-boxed elementor-section-height-default elementor-section-height-default\" data-id=\"505692c0\" data-element_type=\"section\">\n\t\t\t\t\t\t<div class=\"elementor-container elementor-column-gap-default\">\n\t\t\t\t\t<div class=\"elementor-column elementor-col-100 elementor-inner-column elementor-element elementor-element-702ef4b5\" data-id=\"702ef4b5\" data-element_type=\"column\" data-settings=\"{&quot;background_background&quot;:&quot;classic&quot;}\">\n\t\t\t<div class=\"elementor-widget-wrap elementor-element-populated\">\n\t\t\t\t\t\t\t\t<div class=\"elementor-element elementor-element-c4b355e elementor-widget elementor-widget-hub_fancy_heading\" data-id=\"c4b355e\" data-element_type=\"widget\" data-widget_type=\"hub_fancy_heading.default\">\n\t\t\t\t<div class=\"elementor-widget-container\">\n\t\t\t\n\t\t<div id=\"ld-fancy-heading-69f342b3c4292\" class=\"ld-fancy-heading pos-rel\">\n\t\t\t<h2 class=\"ld-fh-element d-inline-block pos-rel  elementor-heading-title lqd-highlight-classic lqd-highlight-grow-left h2\"  > Ottieni Informazioni Ora<\/h2>\t\t<\/div>\n\n\t\t\t\t<\/div>\n\t\t\t\t<\/div>\n\t\t\t\t<div class=\"elementor-element elementor-element-b7b8b7b elementor-widget elementor-widget-ld_cf722\" data-id=\"b7b8b7b\" data-element_type=\"widget\" data-widget_type=\"ld_cf722.default\">\n\t\t\t\t<div class=\"elementor-widget-container\">\n\t\t\t\n\t<div class=\"lqd-contact-form lqd-contact-form-inputs-filled lqd-contact-form-inputs-round lqd-contact-form-button-block lqd-contact-form-button-round\" >\n\t\t<div role=\"form\" class=\"wpcf7\" id=\"wpcf7-f6-o1\" lang=\"tr-TR\" dir=\"ltr\">\n<div class=\"screen-reader-response\"><p role=\"status\" aria-live=\"polite\" aria-atomic=\"true\"><\/p> <ul><\/ul><\/div>\n<form action=\"\/it\/wp-json\/wp\/v2\/pages\/877#wpcf7-f6-o1\" method=\"post\" class=\"wpcf7-form init\" novalidate=\"novalidate\" data-status=\"init\">\n<div style=\"display: none;\">\n<input type=\"hidden\" name=\"_wpcf7\" value=\"6\" \/>\n<input type=\"hidden\" name=\"_wpcf7_version\" value=\"5.6.3\" \/>\n<input type=\"hidden\" name=\"_wpcf7_locale\" value=\"tr_TR\" \/>\n<input type=\"hidden\" name=\"_wpcf7_unit_tag\" value=\"wpcf7-f6-o1\" \/>\n<input type=\"hidden\" name=\"_wpcf7_container_post\" value=\"0\" \/>\n<input type=\"hidden\" name=\"_wpcf7_posted_data_hash\" value=\"\" \/>\n<\/div>\n<p><span class=\"wpcf7-form-control-wrap\" data-name=\"adi\"><input type=\"text\" name=\"adi\" value=\"\" size=\"40\" class=\"wpcf7-form-control wpcf7-text wpcf7-validates-as-required\" aria-required=\"true\" aria-invalid=\"false\" placeholder=\"Nome\" \/><\/span><br \/>\n<span class=\"wpcf7-form-control-wrap\" data-name=\"telefon\"><input type=\"text\" name=\"telefon\" value=\"\" size=\"40\" class=\"wpcf7-form-control wpcf7-text wpcf7-validates-as-required\" aria-required=\"true\" aria-invalid=\"false\" placeholder=\"Numero di Telefono\" \/><\/span><br \/>\n<span class=\"wpcf7-form-control-wrap\" data-name=\"mesaj\"><textarea name=\"mesaj\" cols=\"40\" rows=\"3\" class=\"wpcf7-form-control wpcf7-textarea\" aria-invalid=\"false\" placeholder=\"Messaggio\"><\/textarea><\/span><br \/>\n<input type=\"submit\" value=\"Inviare il Modulo\" class=\"wpcf7-form-control has-spinner wpcf7-submit\" \/><\/p>\n<div class=\"wpcf7-response-output\" aria-hidden=\"true\"><\/div><\/form><\/div>\t<\/div>\n\n\t\t\t<\/div>\n\t\t\t\t<\/div>\n\t\t\t\t\t<\/div>\n\t\t<\/div>\n\t\t\t\t\t\t\t<\/div>\n\t\t<\/section>\n\t\t\t\t\t<\/div>\n\t\t<\/div>\n\t\t\t\t<div class=\"elementor-column elementor-col-50 elementor-top-column elementor-element elementor-element-231f3078\" data-id=\"231f3078\" data-element_type=\"column\">\n\t\t\t<div class=\"elementor-widget-wrap elementor-element-populated\">\n\t\t\t\t\t\t\t\t<div class=\"elementor-element elementor-element-cc9606b elementor-widget elementor-widget-image\" data-id=\"cc9606b\" data-element_type=\"widget\" data-widget_type=\"image.default\">\n\t\t\t\t<div class=\"elementor-widget-container\">\n\t\t\t<style>\/*! elementor - v3.7.4 - 31-08-2022 *\/\n.elementor-widget-image{text-align:center}.elementor-widget-image a{display:inline-block}.elementor-widget-image a img[src$=\".svg\"]{width:48px}.elementor-widget-image img{vertical-align:middle;display:inline-block}<\/style>\t\t\t\t\t\t\t\t\t\t\t\t<img decoding=\"async\" width=\"930\" height=\"550\" src=\"https:\/\/drhimmelclinic.com\/it\/wp-content\/uploads\/2022\/09\/sac-ekimi1-header.jpg\" class=\"elementor-animation-float attachment-full size-full\" alt=\"\" srcset=\"https:\/\/drhimmelclinic.com\/it\/wp-content\/uploads\/2022\/09\/sac-ekimi1-header.jpg 930w, https:\/\/drhimmelclinic.com\/it\/wp-content\/uploads\/2022\/09\/sac-ekimi1-header-300x177.jpg 300w, https:\/\/drhimmelclinic.com\/it\/wp-content\/uploads\/2022\/09\/sac-ekimi1-header-600x355.jpg 600w\" sizes=\"(max-width: 930px) 100vw, 930px\" \/>\t\t\t\t\t\t\t\t\t\t\t\t\t\t\t<\/div>\n\t\t\t\t<\/div>\n\t\t\t\t<div class=\"elementor-element elementor-element-c153a33 elementor-widget elementor-widget-spacer\" data-id=\"c153a33\" data-element_type=\"widget\" data-widget_type=\"spacer.default\">\n\t\t\t\t<div class=\"elementor-widget-container\">\n\t\t\t<style>\/*! elementor - v3.7.4 - 31-08-2022 *\/\n.elementor-column .elementor-spacer-inner{height:var(--spacer-size)}.e-container{--container-widget-width:100%}.e-container>.elementor-widget-spacer{width:var(--container-widget-width,var(--spacer-size));-ms-flex-item-align:stretch;align-self:stretch;-ms-flex-negative:0;flex-shrink:0}.e-container>.elementor-widget-spacer>.elementor-widget-container,.e-container>.elementor-widget-spacer>.elementor-widget-container>.elementor-spacer{height:100%}.e-container>.elementor-widget-spacer>.elementor-widget-container>.elementor-spacer>.elementor-spacer-inner{height:var(--container-widget-height,var(--spacer-size))}<\/style>\t\t<div class=\"elementor-spacer\">\n\t\t\t<div class=\"elementor-spacer-inner\"><\/div>\n\t\t<\/div>\n\t\t\t\t<\/div>\n\t\t\t\t<\/div>\n\t\t\t\t<div class=\"elementor-element elementor-element-527f0d1f elementor-widget elementor-widget-hub_fancy_heading\" data-id=\"527f0d1f\" data-element_type=\"widget\" data-widget_type=\"hub_fancy_heading.default\">\n\t\t\t\t<div class=\"elementor-widget-container\">\n\t\t\t\n\t\t<div id=\"ld-fancy-heading-69f342b3cbc4e\" class=\"ld-fancy-heading pos-rel\">\n\t\t\t<h2 class=\"ld-fh-element d-inline-block pos-rel  elementor-heading-title lqd-highlight-classic lqd-highlight-grow-left h2\"  > Trapianto di Capelli DHI<\/h2>\t\t<\/div>\n\n\t\t\t\t<\/div>\n\t\t\t\t<\/div>\n\t\t\t\t<div class=\"elementor-element elementor-element-7eef461 elementor-widget elementor-widget-text-editor\" data-id=\"7eef461\" data-element_type=\"widget\" data-widget_type=\"text-editor.default\">\n\t\t\t\t<div class=\"elementor-widget-container\">\n\t\t\t<style>\/*! elementor - v3.7.4 - 31-08-2022 *\/\n.elementor-widget-text-editor.elementor-drop-cap-view-stacked .elementor-drop-cap{background-color:#818a91;color:#fff}.elementor-widget-text-editor.elementor-drop-cap-view-framed .elementor-drop-cap{color:#818a91;border:3px solid;background-color:transparent}.elementor-widget-text-editor:not(.elementor-drop-cap-view-default) .elementor-drop-cap{margin-top:8px}.elementor-widget-text-editor:not(.elementor-drop-cap-view-default) .elementor-drop-cap-letter{width:1em;height:1em}.elementor-widget-text-editor .elementor-drop-cap{float:left;text-align:center;line-height:1;font-size:50px}.elementor-widget-text-editor .elementor-drop-cap-letter{display:inline-block}<\/style>\t\t\t\t<p>Trapianto di capelli DHI (impianto di capelli diretto) significa &#8220;trapianto di capelli diretto&#8221;. In questo metodo, gli innesti vengono raccolti grazie alla penna medica chiamata choi, che dovrebbe essere utilizzata solo da esperti, e poi i capelli prelevati con questa penna vengono posizionati direttamente sulla pelle senza incisione o apertura del canale. Nei metodi noti di trapianto di capelli, queste due operazioni vengono eseguite in tempi separati e, grazie alla speciale penna utilizzata, la procedura viene ridotta a una sola, fornendo cos\u00ec comfort e comodit\u00e0 al paziente. In breve, mentre la tecnica di trapianto di capelli chiamata FUE \u00e8 in tre fasi, DHI \u00e8 in due fasi. Lo scopo dell&#8217;applicazione; aumentare la qualit\u00e0 del trapianto di capelli, fornire un&#8217;immagine intensa, preservare l&#8217;immagine pelosa esistente e garantire che la persona che ha il trapianto di capelli ritorni rapidamente alla sua vita quotidiana senza accorciare i capelli.<\/p><p>Con la tecnica del trapianto di capelli DHI, il trapianto di capelli pu\u00f2 essere eseguito in anestesia locale, rasato o non rasato. I follicoli piliferi prelevati dall&#8217;area donatrice vengono trapiantati direttamente nell&#8217;area ricevente utilizzando la penna Dhi.<\/p><p>L&#8217;unit\u00e0 follicolare prelevata dall&#8217;area donatrice viene posta all&#8217;interno dell&#8217;ago Choi. I follicoli piliferi di spessore adeguato, che vengono inseriti in aghi di diverso diametro con un angolo di 40-45 gradi, vengono piantati uno ad uno nell&#8217;area da depilare secondo la pianificazione precedentemente creata. L&#8217;ago Choi, mentre spinge il follicolo pilifero, posiziona contemporaneamente il follicolo pilifero nel canale che ha aperto sul cuoio capelluto.<\/p><p>Nell&#8217;operazione di trapianto di capelli Dhi vengono utilizzate almeno 2 penne Choi e una media di 10-12 diverse punte Choi. Punte e penne con diametri variabili vengono selezionate individualmente in base allo spessore dei capelli prima dell&#8217;operazione.<\/p><p>Applicando l&#8217;anestesia locale nell&#8217;area donatrice, i follicoli piliferi vengono rilassati e i follicoli piliferi vengono raccolti con una penna speciale. Quindi, i follicoli piliferi raccolti vengono posizionati sul cuoio capelluto grazie a questo speciale dispositivo.<\/p><p>I follicoli piliferi vengono posizionati sul cuoio capelluto grazie alla speciale penna choi. Questa penna ha una punta molto sottile e appuntita, ma grazie alla sua particolare struttura \u00e8 possibile inserire i follicoli piliferi. Questa penna medica a punta fine, che viene immersa nel cuoio capelluto con un&#8217;angolazione appropriata, posiziona il follicolo pilifero sul cuoio capelluto quando viene premuto sull&#8217;area speciale dietro di esso.<\/p><p>Questo metodo, che viene applicato senza danneggiare i tessuti sani, \u00e8 vantaggioso in quanto consente impianti pi\u00f9 frequenti.<\/p><p>Il motivo per cui questo metodo \u00e8 generalmente preferito; Dopo che le radici sono state prelevate, vengono posizionate immediatamente senza attendere. Pertanto, il tasso di ritenzione e la probabilit\u00e0 che gli innesti rimangano sani aumentano. Sebbene sia una tecnica che esiste da molto tempo, la sua stella ha brillato di recente.<\/p><p>\u00c8 estremamente importante che il processo, che richiede circa 10-12 ore, sia svolto da persone esperte. Come nella chirurgia robotica dei capelli e nel metodo Fue, il controllo viene eseguito il primo giorno dopo la procedura. Il lavaggio inizia il secondo giorno e continua per otto giorni.<\/p>\t\t\t\t\t\t<\/div>\n\t\t\t\t<\/div>\n\t\t\t\t<div class=\"elementor-element elementor-element-4e40ebec elementor-widget-divider--view-line elementor-widget elementor-widget-divider\" data-id=\"4e40ebec\" data-element_type=\"widget\" data-widget_type=\"divider.default\">\n\t\t\t\t<div class=\"elementor-widget-container\">\n\t\t\t<style>\/*! elementor - v3.7.4 - 31-08-2022 *\/\n.elementor-widget-divider{--divider-border-style:none;--divider-border-width:1px;--divider-color:#2c2c2c;--divider-icon-size:20px;--divider-element-spacing:10px;--divider-pattern-height:24px;--divider-pattern-size:20px;--divider-pattern-url:none;--divider-pattern-repeat:repeat-x}.elementor-widget-divider .elementor-divider{display:-webkit-box;display:-ms-flexbox;display:flex}.elementor-widget-divider .elementor-divider__text{font-size:15px;line-height:1;max-width:95%}.elementor-widget-divider .elementor-divider__element{margin:0 var(--divider-element-spacing);-ms-flex-negative:0;flex-shrink:0}.elementor-widget-divider .elementor-icon{font-size:var(--divider-icon-size)}.elementor-widget-divider .elementor-divider-separator{display:-webkit-box;display:-ms-flexbox;display:flex;margin:0;direction:ltr}.elementor-widget-divider--view-line_icon .elementor-divider-separator,.elementor-widget-divider--view-line_text .elementor-divider-separator{-webkit-box-align:center;-ms-flex-align:center;align-items:center}.elementor-widget-divider--view-line_icon .elementor-divider-separator:after,.elementor-widget-divider--view-line_icon .elementor-divider-separator:before,.elementor-widget-divider--view-line_text .elementor-divider-separator:after,.elementor-widget-divider--view-line_text .elementor-divider-separator:before{display:block;content:\"\";border-bottom:0;-webkit-box-flex:1;-ms-flex-positive:1;flex-grow:1;border-top:var(--divider-border-width) var(--divider-border-style) var(--divider-color)}.elementor-widget-divider--element-align-left .elementor-divider .elementor-divider-separator>.elementor-divider__svg:first-of-type{-webkit-box-flex:0;-ms-flex-positive:0;flex-grow:0;-ms-flex-negative:100;flex-shrink:100}.elementor-widget-divider--element-align-left .elementor-divider-separator:before{content:none}.elementor-widget-divider--element-align-left .elementor-divider__element{margin-left:0}.elementor-widget-divider--element-align-right .elementor-divider .elementor-divider-separator>.elementor-divider__svg:last-of-type{-webkit-box-flex:0;-ms-flex-positive:0;flex-grow:0;-ms-flex-negative:100;flex-shrink:100}.elementor-widget-divider--element-align-right .elementor-divider-separator:after{content:none}.elementor-widget-divider--element-align-right .elementor-divider__element{margin-right:0}.elementor-widget-divider:not(.elementor-widget-divider--view-line_text):not(.elementor-widget-divider--view-line_icon) .elementor-divider-separator{border-top:var(--divider-border-width) var(--divider-border-style) var(--divider-color)}.elementor-widget-divider--separator-type-pattern{--divider-border-style:none}.elementor-widget-divider--separator-type-pattern.elementor-widget-divider--view-line .elementor-divider-separator,.elementor-widget-divider--separator-type-pattern:not(.elementor-widget-divider--view-line) .elementor-divider-separator:after,.elementor-widget-divider--separator-type-pattern:not(.elementor-widget-divider--view-line) .elementor-divider-separator:before,.elementor-widget-divider--separator-type-pattern:not([class*=elementor-widget-divider--view]) .elementor-divider-separator{width:100%;min-height:var(--divider-pattern-height);-webkit-mask-size:var(--divider-pattern-size) 100%;mask-size:var(--divider-pattern-size) 100%;-webkit-mask-repeat:var(--divider-pattern-repeat);mask-repeat:var(--divider-pattern-repeat);background-color:var(--divider-color);-webkit-mask-image:var(--divider-pattern-url);mask-image:var(--divider-pattern-url)}.elementor-widget-divider--no-spacing{--divider-pattern-size:auto}.elementor-widget-divider--bg-round{--divider-pattern-repeat:round}.rtl .elementor-widget-divider .elementor-divider__text{direction:rtl}.e-container>.elementor-widget-divider{width:var(--container-widget-width,100%);--flex-grow:var(--container-widget-flex-grow,0)}<\/style>\t\t<div class=\"elementor-divider\">\n\t\t\t<span class=\"elementor-divider-separator\">\n\t\t\t\t\t\t<\/span>\n\t\t<\/div>\n\t\t\t\t<\/div>\n\t\t\t\t<\/div>\n\t\t\t\t<div class=\"elementor-element elementor-element-35c57f11 elementor-widget elementor-widget-hub_fancy_heading\" data-id=\"35c57f11\" data-element_type=\"widget\" data-widget_type=\"hub_fancy_heading.default\">\n\t\t\t\t<div class=\"elementor-widget-container\">\n\t\t\t\n\t\t<div id=\"ld-fancy-heading-69f342b3cee2b\" class=\"ld-fancy-heading pos-rel\">\n\t\t\t<h3 class=\"ld-fh-element d-inline-block pos-rel  elementor-heading-title lqd-highlight-classic lqd-highlight-grow-left h3\"  > Domande Frequenti<\/h3>\t\t<\/div>\n\n\t\t\t\t<\/div>\n\t\t\t\t<\/div>\n\t\t\t\t<div class=\"elementor-element elementor-element-71ce774c elementor-widget elementor-widget-ld_accordion\" data-id=\"71ce774c\" data-element_type=\"widget\" data-widget_type=\"ld_accordion.default\">\n\t\t\t\t<div class=\"elementor-widget-container\">\n\t\t\t\n\t\t<div class=\"accordion accordion-lg accordion-side-spacing accordion-title-bg-transparent accordion-expander-lg accordion-active-has-fill\" id=\"accordion-69f342b3d09a5\" role=\"tablist\" aria-multiselectable=\"true\">\n\t\t\t\t\t\t\t\t\t\t\t\t<div class=\"accordion-item panel  active\">\n\t\t\t\t\n\t\t\t\t<div class=\"accordion-heading\" role=\"tab\" id=\"heading-1901\">\n\t\t\t\t<h4 class=\"accordion-title \">\t\t\t\t\t<a class=\"\" role=\"button\" data-toggle=\"collapse\" \n\t\t\t\t\tdata-parent=\"#accordion-69f342b3d09a5\" href=\"#collapse-1901\" \n\t\t\t\t\taria-expanded=\"true\" aria-controls=\"collapse-1901\">\n\t\t\t\t\t\t\t\t\t\t\t\t<span class=\"accordion-title-txt\">Quali sono i vantaggi?<\/span>\n\t\t\t\t\t\t\t\t\t\t\t\t\t<span class=\"accordion-expander\"><i class=\"lqd-icn-ess icon-ion-ios-arrow-down\"><\/i><i class=\"lqd-icn-ess icon-ion-ios-arrow-up\"><\/i><\/span>\t\t\t\t\t\t\t\t\t\t\t<\/a>\n\t\t\t\t<\/h4>\t\t\t\t<\/div>\n\t\t\t\t\n\t\t\t\t<div id=\"collapse-1901\" class=\"accordion-collapse collapse  in\" role=\"tabpanel\" aria-labelledby=\"heading-1901\">\n\n\t\t\t\t<div class=\"accordion-content\">\n\t\t\t\t\t<ul><li>L'esecuzione simultanea della scanalatura e del posizionamento del follicolo pilifero consente di posizionare i follicoli piliferi raccolti senza attendere molto tempo.<\/li><li>Permette una semina pi\u00f9 frequente e un aspetto pi\u00f9 naturale.<\/li><li>Grazie al suo speciale strumento, il tempo di attesa delle radici durante il trapianto di capelli \u00e8 ridotto. Pertanto, il rischio di perdita della radice \u00e8 ridotto al minimo.<\/li><li>I capelli esistenti non vengono danneggiati. \u00c8 un metodo che pu\u00f2 essere applicato anche in pazienti la cui caduta dei capelli non \u00e8 stata completata.<\/li><li>Il paziente sperimenta un rapido periodo di recupero.<\/li><\/ul>\t\t\t\t<\/div>\n\t\t\t\t\t\t\n\t\t\t\t<\/div>\n\t\t\t\t\n\t\t\t<\/div>\n\t\t\t\t\t\t\t\t\t<div class=\"accordion-item panel \">\n\t\t\t\t\n\t\t\t\t<div class=\"accordion-heading\" role=\"tab\" id=\"heading-1902\">\n\t\t\t\t<h4 class=\"accordion-title \">\t\t\t\t\t<a class=\"collapsed\" role=\"button\" data-toggle=\"collapse\" \n\t\t\t\t\tdata-parent=\"#accordion-69f342b3d09a5\" href=\"#collapse-1902\" \n\t\t\t\t\taria-expanded=\"false\" aria-controls=\"collapse-1902\">\n\t\t\t\t\t\t\t\t\t\t\t\t<span class=\"accordion-title-txt\">Sono un candidato idoneo per il trapianto di capelli DHI?<\/span>\n\t\t\t\t\t\t\t\t\t\t\t\t\t<span class=\"accordion-expander\"><i class=\"lqd-icn-ess icon-ion-ios-arrow-down\"><\/i><i class=\"lqd-icn-ess icon-ion-ios-arrow-up\"><\/i><\/span>\t\t\t\t\t\t\t\t\t\t\t<\/a>\n\t\t\t\t<\/h4>\t\t\t\t<\/div>\n\t\t\t\t\n\t\t\t\t<div id=\"collapse-1902\" class=\"accordion-collapse collapse \" role=\"tabpanel\" aria-labelledby=\"heading-1902\">\n\n\t\t\t\t<div class=\"accordion-content\">\n\t\t\t\t\t<p>Con la tecnica del trapianto di capelli Dhi, ti sottoponi a un esame dettagliato prima dell'operazione di trapianto di capelli. In questa fase viene applicato il protocollo di chirurgia generale per assicurarsi che non vi siano problemi di salute che impediscano l'intervento chirurgico. Durante l'esecuzione dei test e degli esami del sangue necessari, viene analizzata l'area donatrice.<\/p><p>Una consulenza personale dettagliata in base all'et\u00e0 del paziente e al tipo di perdita di capelli \u00e8 estremamente importante in termini di potenziale perdita di capelli e soddisfazione del paziente nel trapianto di capelli.<\/p>\t\t\t\t<\/div>\n\t\t\t\t\t\t\n\t\t\t\t<\/div>\n\t\t\t\t\n\t\t\t<\/div>\n\t\t\t\t\t\t\t\t\t<div class=\"accordion-item panel \">\n\t\t\t\t\n\t\t\t\t<div class=\"accordion-heading\" role=\"tab\" id=\"heading-1903\">\n\t\t\t\t<h4 class=\"accordion-title \">\t\t\t\t\t<a class=\"collapsed\" role=\"button\" data-toggle=\"collapse\" \n\t\t\t\t\tdata-parent=\"#accordion-69f342b3d09a5\" href=\"#collapse-1903\" \n\t\t\t\t\taria-expanded=\"false\" aria-controls=\"collapse-1903\">\n\t\t\t\t\t\t\t\t\t\t\t\t<span class=\"accordion-title-txt\">Dopo il trapianto di capelli DHI<\/span>\n\t\t\t\t\t\t\t\t\t\t\t\t\t<span class=\"accordion-expander\"><i class=\"lqd-icn-ess icon-ion-ios-arrow-down\"><\/i><i class=\"lqd-icn-ess icon-ion-ios-arrow-up\"><\/i><\/span>\t\t\t\t\t\t\t\t\t\t\t<\/a>\n\t\t\t\t<\/h4>\t\t\t\t<\/div>\n\t\t\t\t\n\t\t\t\t<div id=\"collapse-1903\" class=\"accordion-collapse collapse \" role=\"tabpanel\" aria-labelledby=\"heading-1903\">\n\n\t\t\t\t<div class=\"accordion-content\">\n\t\t\t\t\t<p>La cura delle ferite e il primo lavaggio vengono eseguiti uno o due giorni dopo l'intervento di trapianto di capelli Dhi. Viene controllata la condizione dei follicoli piliferi. Dopo questa fase, si rilassa gradualmente. I primi giorni sono il periodo pi\u00f9 delicato nel trapianto di capelli Dhi. Dopo il secondo giorno, il paziente pu\u00f2 tornare nel suo paese.<\/p>\t\t\t\t<\/div>\n\t\t\t\t\t\t\n\t\t\t\t<\/div>\n\t\t\t\t\n\t\t\t<\/div>\n\t\t\t\t\t\t\t\t\t\n\t\t<\/div>\n\n\t\t\t\t<\/div>\n\t\t\t\t<\/div>\n\t\t\t\t\t<\/div>\n\t\t<\/div>\n\t\t\t\t\t\t\t<\/div>\n\t\t<\/section>\n\t\t\t\t\t\t\t<\/div>\n\t\t","protected":false},"excerpt":{"rendered":"<p>Ottieni Informazioni Ora Trapianto di Capelli DHI Trapianto di capelli DHI (impianto di capelli diretto) significa &#8220;trapianto di capelli diretto&#8221;. In questo metodo, gli innesti vengono raccolti grazie alla penna medica chiamata choi, che dovrebbe essere utilizzata solo da esperti, e poi i capelli prelevati con questa penna vengono posizionati direttamente sulla pelle senza incisione [&hellip;]<\/p>\n","protected":false},"author":1,"featured_media":0,"parent":0,"menu_order":0,"comment_status":"closed","ping_status":"closed","template":"","meta":{"footnotes":""},"class_list":["post-877","page","type-page","status-publish","hentry"],"_links":{"self":[{"href":"https:\/\/drhimmelclinic.com\/it\/wp-json\/wp\/v2\/pages\/877","targetHints":{"allow":["GET"]}}],"collection":[{"href":"https:\/\/drhimmelclinic.com\/it\/wp-json\/wp\/v2\/pages"}],"about":[{"href":"https:\/\/drhimmelclinic.com\/it\/wp-json\/wp\/v2\/types\/page"}],"author":[{"embeddable":true,"href":"https:\/\/drhimmelclinic.com\/it\/wp-json\/wp\/v2\/users\/1"}],"replies":[{"embeddable":true,"href":"https:\/\/drhimmelclinic.com\/it\/wp-json\/wp\/v2\/comments?post=877"}],"version-history":[{"count":11,"href":"https:\/\/drhimmelclinic.com\/it\/wp-json\/wp\/v2\/pages\/877\/revisions"}],"predecessor-version":[{"id":1505,"href":"https:\/\/drhimmelclinic.com\/it\/wp-json\/wp\/v2\/pages\/877\/revisions\/1505"}],"wp:attachment":[{"href":"https:\/\/drhimmelclinic.com\/it\/wp-json\/wp\/v2\/media?parent=877"}],"curies":[{"name":"wp","href":"https:\/\/api.w.org\/{rel}","templated":true}]}}