{"id":898,"date":"2022-09-17T12:34:21","date_gmt":"2022-09-17T09:34:21","guid":{"rendered":"https:\/\/drhimmelclinic.com\/pt\/?page_id=898"},"modified":"2022-12-14T09:58:56","modified_gmt":"2022-12-14T06:58:56","slug":"transplante-de-barba-e-bigode","status":"publish","type":"page","link":"https:\/\/drhimmelclinic.com\/pt\/transplante-de-barba-e-bigode","title":{"rendered":"Transplante de Barba e Bigode"},"content":{"rendered":"\t\t<div data-elementor-type=\"wp-page\" data-elementor-id=\"898\" class=\"elementor elementor-898\">\n\t\t\t\t\t\t\t\t\t<section class=\"elementor-section elementor-top-section elementor-element elementor-element-100bd8a5 elementor-section-boxed elementor-section-height-default elementor-section-height-default\" data-id=\"100bd8a5\" data-element_type=\"section\">\n\t\t\t\t\t\t<div class=\"elementor-container elementor-column-gap-default\">\n\t\t\t\t\t<div class=\"lqd-css-sticky-column elementor-column elementor-col-50 elementor-top-column elementor-element elementor-element-2eda37c\" style=\"--lqd-sticky-offset:30px\" data-id=\"2eda37c\" data-element_type=\"column\">\n\t\t\t<div class=\"elementor-widget-wrap elementor-element-populated\">\n\t\t\t\t\t\t\t\t<section class=\"elementor-section elementor-inner-section elementor-element elementor-element-505692c0 elementor-section-boxed elementor-section-height-default elementor-section-height-default\" data-id=\"505692c0\" data-element_type=\"section\">\n\t\t\t\t\t\t<div class=\"elementor-container elementor-column-gap-default\">\n\t\t\t\t\t<div class=\"elementor-column elementor-col-100 elementor-inner-column elementor-element elementor-element-702ef4b5\" data-id=\"702ef4b5\" data-element_type=\"column\" data-settings=\"{&quot;background_background&quot;:&quot;classic&quot;}\">\n\t\t\t<div class=\"elementor-widget-wrap elementor-element-populated\">\n\t\t\t\t\t\t\t\t<div class=\"elementor-element elementor-element-c4b355e elementor-widget elementor-widget-hub_fancy_heading\" data-id=\"c4b355e\" data-element_type=\"widget\" data-widget_type=\"hub_fancy_heading.default\">\n\t\t\t\t<div class=\"elementor-widget-container\">\n\t\t\t\n\t\t<div id=\"ld-fancy-heading-69f381c42e172\" class=\"ld-fancy-heading pos-rel\">\n\t\t\t<h2 class=\"ld-fh-element d-inline-block pos-rel  elementor-heading-title lqd-highlight-classic lqd-highlight-grow-left h2\"  > Obter Informa\u00e7\u00f5es<\/h2>\t\t<\/div>\n\n\t\t\t\t<\/div>\n\t\t\t\t<\/div>\n\t\t\t\t<div class=\"elementor-element elementor-element-b7b8b7b elementor-widget elementor-widget-ld_cf722\" data-id=\"b7b8b7b\" data-element_type=\"widget\" data-widget_type=\"ld_cf722.default\">\n\t\t\t\t<div class=\"elementor-widget-container\">\n\t\t\t\n\t<div class=\"lqd-contact-form lqd-contact-form-inputs-filled lqd-contact-form-inputs-round lqd-contact-form-button-block lqd-contact-form-button-round\" >\n\t\t<div role=\"form\" class=\"wpcf7\" id=\"wpcf7-f6-o1\" lang=\"tr-TR\" dir=\"ltr\">\n<div class=\"screen-reader-response\"><p role=\"status\" aria-live=\"polite\" aria-atomic=\"true\"><\/p> <ul><\/ul><\/div>\n<form action=\"\/pt\/wp-json\/wp\/v2\/pages\/898#wpcf7-f6-o1\" method=\"post\" class=\"wpcf7-form init\" novalidate=\"novalidate\" data-status=\"init\">\n<div style=\"display: none;\">\n<input type=\"hidden\" name=\"_wpcf7\" value=\"6\" \/>\n<input type=\"hidden\" name=\"_wpcf7_version\" value=\"5.6.3\" \/>\n<input type=\"hidden\" name=\"_wpcf7_locale\" value=\"tr_TR\" \/>\n<input type=\"hidden\" name=\"_wpcf7_unit_tag\" value=\"wpcf7-f6-o1\" \/>\n<input type=\"hidden\" name=\"_wpcf7_container_post\" value=\"0\" \/>\n<input type=\"hidden\" name=\"_wpcf7_posted_data_hash\" value=\"\" \/>\n<\/div>\n<p><span class=\"wpcf7-form-control-wrap\" data-name=\"adi\"><input type=\"text\" name=\"adi\" value=\"\" size=\"40\" class=\"wpcf7-form-control wpcf7-text wpcf7-validates-as-required\" aria-required=\"true\" aria-invalid=\"false\" placeholder=\"Seu nome\" \/><\/span><br \/>\n<span class=\"wpcf7-form-control-wrap\" data-name=\"telefon\"><input type=\"text\" name=\"telefon\" value=\"\" size=\"40\" class=\"wpcf7-form-control wpcf7-text wpcf7-validates-as-required\" aria-required=\"true\" aria-invalid=\"false\" placeholder=\"Seu numero de telefone\" \/><\/span><br \/>\n<span class=\"wpcf7-form-control-wrap\" data-name=\"mesaj\"><textarea name=\"mesaj\" cols=\"40\" rows=\"3\" class=\"wpcf7-form-control wpcf7-textarea\" aria-invalid=\"false\" placeholder=\"Sua mensagem\"><\/textarea><\/span><br \/>\n<input type=\"submit\" value=\"Enviar formul\u00e1rio\" class=\"wpcf7-form-control has-spinner wpcf7-submit\" \/><\/p>\n<div class=\"wpcf7-response-output\" aria-hidden=\"true\"><\/div><\/form><\/div>\t<\/div>\n\n\t\t\t<\/div>\n\t\t\t\t<\/div>\n\t\t\t\t\t<\/div>\n\t\t<\/div>\n\t\t\t\t\t\t\t<\/div>\n\t\t<\/section>\n\t\t\t\t\t<\/div>\n\t\t<\/div>\n\t\t\t\t<div class=\"elementor-column elementor-col-50 elementor-top-column elementor-element elementor-element-231f3078\" data-id=\"231f3078\" data-element_type=\"column\">\n\t\t\t<div class=\"elementor-widget-wrap elementor-element-populated\">\n\t\t\t\t\t\t\t\t<div class=\"elementor-element elementor-element-cc9606b elementor-widget elementor-widget-image\" data-id=\"cc9606b\" data-element_type=\"widget\" data-widget_type=\"image.default\">\n\t\t\t\t<div class=\"elementor-widget-container\">\n\t\t\t<style>\/*! elementor - v3.7.4 - 31-08-2022 *\/\n.elementor-widget-image{text-align:center}.elementor-widget-image a{display:inline-block}.elementor-widget-image a img[src$=\".svg\"]{width:48px}.elementor-widget-image img{vertical-align:middle;display:inline-block}<\/style>\t\t\t\t\t\t\t\t\t\t\t\t<img decoding=\"async\" width=\"930\" height=\"550\" src=\"https:\/\/drhimmelclinic.com\/pt\/wp-content\/uploads\/2022\/09\/sakal-ekimi-header.jpg\" class=\"elementor-animation-float attachment-full size-full\" alt=\"\" srcset=\"https:\/\/drhimmelclinic.com\/pt\/wp-content\/uploads\/2022\/09\/sakal-ekimi-header.jpg 930w, https:\/\/drhimmelclinic.com\/pt\/wp-content\/uploads\/2022\/09\/sakal-ekimi-header-300x177.jpg 300w, https:\/\/drhimmelclinic.com\/pt\/wp-content\/uploads\/2022\/09\/sakal-ekimi-header-600x355.jpg 600w\" sizes=\"(max-width: 930px) 100vw, 930px\" \/>\t\t\t\t\t\t\t\t\t\t\t\t\t\t\t<\/div>\n\t\t\t\t<\/div>\n\t\t\t\t<div class=\"elementor-element elementor-element-c153a33 elementor-widget elementor-widget-spacer\" data-id=\"c153a33\" data-element_type=\"widget\" data-widget_type=\"spacer.default\">\n\t\t\t\t<div class=\"elementor-widget-container\">\n\t\t\t<style>\/*! elementor - v3.7.4 - 31-08-2022 *\/\n.elementor-column .elementor-spacer-inner{height:var(--spacer-size)}.e-container{--container-widget-width:100%}.e-container>.elementor-widget-spacer{width:var(--container-widget-width,var(--spacer-size));-ms-flex-item-align:stretch;align-self:stretch;-ms-flex-negative:0;flex-shrink:0}.e-container>.elementor-widget-spacer>.elementor-widget-container,.e-container>.elementor-widget-spacer>.elementor-widget-container>.elementor-spacer{height:100%}.e-container>.elementor-widget-spacer>.elementor-widget-container>.elementor-spacer>.elementor-spacer-inner{height:var(--container-widget-height,var(--spacer-size))}<\/style>\t\t<div class=\"elementor-spacer\">\n\t\t\t<div class=\"elementor-spacer-inner\"><\/div>\n\t\t<\/div>\n\t\t\t\t<\/div>\n\t\t\t\t<\/div>\n\t\t\t\t<div class=\"elementor-element elementor-element-527f0d1f elementor-widget elementor-widget-hub_fancy_heading\" data-id=\"527f0d1f\" data-element_type=\"widget\" data-widget_type=\"hub_fancy_heading.default\">\n\t\t\t\t<div class=\"elementor-widget-container\">\n\t\t\t\n\t\t<div id=\"ld-fancy-heading-69f381c434a73\" class=\"ld-fancy-heading pos-rel\">\n\t\t\t<h2 class=\"ld-fh-element d-inline-block pos-rel  elementor-heading-title lqd-highlight-classic lqd-highlight-grow-left h2\"  > Transplante de Barba e Bigode\n<\/h2>\t\t<\/div>\n\n\t\t\t\t<\/div>\n\t\t\t\t<\/div>\n\t\t\t\t<div class=\"elementor-element elementor-element-7eef461 elementor-widget elementor-widget-text-editor\" data-id=\"7eef461\" data-element_type=\"widget\" data-widget_type=\"text-editor.default\">\n\t\t\t\t<div class=\"elementor-widget-container\">\n\t\t\t<style>\/*! elementor - v3.7.4 - 31-08-2022 *\/\n.elementor-widget-text-editor.elementor-drop-cap-view-stacked .elementor-drop-cap{background-color:#818a91;color:#fff}.elementor-widget-text-editor.elementor-drop-cap-view-framed .elementor-drop-cap{color:#818a91;border:3px solid;background-color:transparent}.elementor-widget-text-editor:not(.elementor-drop-cap-view-default) .elementor-drop-cap{margin-top:8px}.elementor-widget-text-editor:not(.elementor-drop-cap-view-default) .elementor-drop-cap-letter{width:1em;height:1em}.elementor-widget-text-editor .elementor-drop-cap{float:left;text-align:center;line-height:1;font-size:50px}.elementor-widget-text-editor .elementor-drop-cap-letter{display:inline-block}<\/style>\t\t\t\t<p>O transplante de barba e bigode \u00e9 um m\u00e9todo que pode ser aplicado a pacientes que n\u00e3o t\u00eam barbas e bigodes no rosto, que \u00e9 chamado de canto. Desta forma, o transplante de cabelo e bigode foi aplicado com sucesso a muitos pacientes \u00e1rabes e do Extremo Oriente que vieram \u00e0 nossa cl\u00ednica.<\/p><p>No entanto, o facto de o paciente transplantado ser moreno ou loiro n\u00e3o afeta de forma alguma o processo de tratamento. Tamb\u00e9m \u00e9 necess\u00e1rio analisar os pacientes cujo cabelo e barba saem de cores diferentes. Vale a pena avisar o paciente com anteced\u00eancia sobre o poss\u00edvel resultado.<\/p><p><strong>Beass, Como Plantar um Bigode<\/strong><\/p><p>O transplante de barba e bigode \u00e9 um procedimento de sess\u00e3o \u00fanica realizado sob anestesia local. \u00c9 um procedimento indolor que dura aproximadamente 4-5 horas. No dia seguinte ao procedimento, pode ocorrer alguma pequena crosta na \u00e1rea transplantada. Mas vai passar em pouco tempo. Os pelos na extremidade das ra\u00edzes plantadas s\u00e3o derramados ap\u00f3s 15 dias. Este \u00e9 um processo normal. Ap\u00f3s tr\u00eas meses, os pelos come\u00e7am a crescer novamente. Dentro de 6 a 8 meses, o paciente ter\u00e1 os crit\u00e9rios desejados de barba e bigode.<\/p>\t\t\t\t\t\t<\/div>\n\t\t\t\t<\/div>\n\t\t\t\t<div class=\"elementor-element elementor-element-4e40ebec elementor-widget-divider--view-line elementor-widget elementor-widget-divider\" data-id=\"4e40ebec\" data-element_type=\"widget\" data-widget_type=\"divider.default\">\n\t\t\t\t<div class=\"elementor-widget-container\">\n\t\t\t<style>\/*! elementor - v3.7.4 - 31-08-2022 *\/\n.elementor-widget-divider{--divider-border-style:none;--divider-border-width:1px;--divider-color:#2c2c2c;--divider-icon-size:20px;--divider-element-spacing:10px;--divider-pattern-height:24px;--divider-pattern-size:20px;--divider-pattern-url:none;--divider-pattern-repeat:repeat-x}.elementor-widget-divider .elementor-divider{display:-webkit-box;display:-ms-flexbox;display:flex}.elementor-widget-divider .elementor-divider__text{font-size:15px;line-height:1;max-width:95%}.elementor-widget-divider .elementor-divider__element{margin:0 var(--divider-element-spacing);-ms-flex-negative:0;flex-shrink:0}.elementor-widget-divider .elementor-icon{font-size:var(--divider-icon-size)}.elementor-widget-divider .elementor-divider-separator{display:-webkit-box;display:-ms-flexbox;display:flex;margin:0;direction:ltr}.elementor-widget-divider--view-line_icon .elementor-divider-separator,.elementor-widget-divider--view-line_text .elementor-divider-separator{-webkit-box-align:center;-ms-flex-align:center;align-items:center}.elementor-widget-divider--view-line_icon .elementor-divider-separator:after,.elementor-widget-divider--view-line_icon .elementor-divider-separator:before,.elementor-widget-divider--view-line_text .elementor-divider-separator:after,.elementor-widget-divider--view-line_text .elementor-divider-separator:before{display:block;content:\"\";border-bottom:0;-webkit-box-flex:1;-ms-flex-positive:1;flex-grow:1;border-top:var(--divider-border-width) var(--divider-border-style) var(--divider-color)}.elementor-widget-divider--element-align-left .elementor-divider .elementor-divider-separator>.elementor-divider__svg:first-of-type{-webkit-box-flex:0;-ms-flex-positive:0;flex-grow:0;-ms-flex-negative:100;flex-shrink:100}.elementor-widget-divider--element-align-left .elementor-divider-separator:before{content:none}.elementor-widget-divider--element-align-left .elementor-divider__element{margin-left:0}.elementor-widget-divider--element-align-right .elementor-divider .elementor-divider-separator>.elementor-divider__svg:last-of-type{-webkit-box-flex:0;-ms-flex-positive:0;flex-grow:0;-ms-flex-negative:100;flex-shrink:100}.elementor-widget-divider--element-align-right .elementor-divider-separator:after{content:none}.elementor-widget-divider--element-align-right .elementor-divider__element{margin-right:0}.elementor-widget-divider:not(.elementor-widget-divider--view-line_text):not(.elementor-widget-divider--view-line_icon) .elementor-divider-separator{border-top:var(--divider-border-width) var(--divider-border-style) var(--divider-color)}.elementor-widget-divider--separator-type-pattern{--divider-border-style:none}.elementor-widget-divider--separator-type-pattern.elementor-widget-divider--view-line .elementor-divider-separator,.elementor-widget-divider--separator-type-pattern:not(.elementor-widget-divider--view-line) .elementor-divider-separator:after,.elementor-widget-divider--separator-type-pattern:not(.elementor-widget-divider--view-line) .elementor-divider-separator:before,.elementor-widget-divider--separator-type-pattern:not([class*=elementor-widget-divider--view]) .elementor-divider-separator{width:100%;min-height:var(--divider-pattern-height);-webkit-mask-size:var(--divider-pattern-size) 100%;mask-size:var(--divider-pattern-size) 100%;-webkit-mask-repeat:var(--divider-pattern-repeat);mask-repeat:var(--divider-pattern-repeat);background-color:var(--divider-color);-webkit-mask-image:var(--divider-pattern-url);mask-image:var(--divider-pattern-url)}.elementor-widget-divider--no-spacing{--divider-pattern-size:auto}.elementor-widget-divider--bg-round{--divider-pattern-repeat:round}.rtl .elementor-widget-divider .elementor-divider__text{direction:rtl}.e-container>.elementor-widget-divider{width:var(--container-widget-width,100%);--flex-grow:var(--container-widget-flex-grow,0)}<\/style>\t\t<div class=\"elementor-divider\">\n\t\t\t<span class=\"elementor-divider-separator\">\n\t\t\t\t\t\t<\/span>\n\t\t<\/div>\n\t\t\t\t<\/div>\n\t\t\t\t<\/div>\n\t\t\t\t<div class=\"elementor-element elementor-element-35c57f11 elementor-widget elementor-widget-hub_fancy_heading\" data-id=\"35c57f11\" data-element_type=\"widget\" data-widget_type=\"hub_fancy_heading.default\">\n\t\t\t\t<div class=\"elementor-widget-container\">\n\t\t\t\n\t\t<div id=\"ld-fancy-heading-69f381c43792b\" class=\"ld-fancy-heading pos-rel\">\n\t\t\t<h3 class=\"ld-fh-element d-inline-block pos-rel  elementor-heading-title lqd-highlight-classic lqd-highlight-grow-left h3\"  > Perguntas frequentes<\/h3>\t\t<\/div>\n\n\t\t\t\t<\/div>\n\t\t\t\t<\/div>\n\t\t\t\t<div class=\"elementor-element elementor-element-71ce774c elementor-widget elementor-widget-ld_accordion\" data-id=\"71ce774c\" data-element_type=\"widget\" data-widget_type=\"ld_accordion.default\">\n\t\t\t\t<div class=\"elementor-widget-container\">\n\t\t\t\n\t\t<div class=\"accordion accordion-lg accordion-side-spacing accordion-title-bg-transparent accordion-expander-lg accordion-active-has-fill\" id=\"accordion-69f381c439450\" role=\"tablist\" aria-multiselectable=\"true\">\n\t\t\t\t\t\t\t\t\t\t\t\t<div class=\"accordion-item panel  active\">\n\t\t\t\t\n\t\t\t\t<div class=\"accordion-heading\" role=\"tab\" id=\"heading-1901\">\n\t\t\t\t<h4 class=\"accordion-title \">\t\t\t\t\t<a class=\"\" role=\"button\" data-toggle=\"collapse\" \n\t\t\t\t\tdata-parent=\"#accordion-69f381c439450\" href=\"#collapse-1901\" \n\t\t\t\t\taria-expanded=\"true\" aria-controls=\"collapse-1901\">\n\t\t\t\t\t\t\t\t\t\t\t\t<span class=\"accordion-title-txt\">O transplante de barba \u00e9 feito junto com o transplante de cabelo?<\/span>\n\t\t\t\t\t\t\t\t\t\t\t\t\t<span class=\"accordion-expander\"><i class=\"lqd-icn-ess icon-ion-ios-arrow-down\"><\/i><i class=\"lqd-icn-ess icon-ion-ios-arrow-up\"><\/i><\/span>\t\t\t\t\t\t\t\t\t\t\t<\/a>\n\t\t\t\t<\/h4>\t\t\t\t<\/div>\n\t\t\t\t\n\t\t\t\t<div id=\"collapse-1901\" class=\"accordion-collapse collapse  in\" role=\"tabpanel\" aria-labelledby=\"heading-1901\">\n\n\t\t\t\t<div class=\"accordion-content\">\n\t\t\t\t\t<p>Se a pessoa que vai fazer o transplante de barba tamb\u00e9m fizer o transplante de cabelo, o paciente deve ser avaliado minuciosamente. Os fol\u00edculos pilosos na \u00e1rea doadora devem ser examinados detalhadamente. Deve-se calcular que os fol\u00edculos pilosos retirados desta \u00e1rea ser\u00e3o utilizados tanto para o cabelo quanto para a barba, devendo ser feito um planejamento adequado. A semeadura deve ser realizada sem danificar as ra\u00edzes do cabelo e sem desperdi\u00e7\u00e1-las. Al\u00e9m disso, os fol\u00edculos pilosos adequados para barba devem ser usados \u200b\u200bpara transplante de barba, e os para cabelo devem ser usados \u200b\u200bem transplante de cabelo. O transplante de cabelo e barba pode ser feito ao mesmo tempo, fazendo a separa\u00e7\u00e3o de cores dos fol\u00edculos pilosos corretamente.<\/p>\t\t\t\t<\/div>\n\t\t\t\t\t\t\n\t\t\t\t<\/div>\n\t\t\t\t\n\t\t\t<\/div>\n\t\t\t\t\t\t\t\t\t<div class=\"accordion-item panel \">\n\t\t\t\t\n\t\t\t\t<div class=\"accordion-heading\" role=\"tab\" id=\"heading-1902\">\n\t\t\t\t<h4 class=\"accordion-title \">\t\t\t\t\t<a class=\"collapsed\" role=\"button\" data-toggle=\"collapse\" \n\t\t\t\t\tdata-parent=\"#accordion-69f381c439450\" href=\"#collapse-1902\" \n\t\t\t\t\taria-expanded=\"false\" aria-controls=\"collapse-1902\">\n\t\t\t\t\t\t\t\t\t\t\t\t<span class=\"accordion-title-txt\">Quantas ra\u00edzes s\u00e3o usadas no transplante de barba?<\/span>\n\t\t\t\t\t\t\t\t\t\t\t\t\t<span class=\"accordion-expander\"><i class=\"lqd-icn-ess icon-ion-ios-arrow-down\"><\/i><i class=\"lqd-icn-ess icon-ion-ios-arrow-up\"><\/i><\/span>\t\t\t\t\t\t\t\t\t\t\t<\/a>\n\t\t\t\t<\/h4>\t\t\t\t<\/div>\n\t\t\t\t\n\t\t\t\t<div id=\"collapse-1902\" class=\"accordion-collapse collapse \" role=\"tabpanel\" aria-labelledby=\"heading-1902\">\n\n\t\t\t\t<div class=\"accordion-content\">\n\t\t\t\t\t<p>O n\u00famero de ra\u00edzes a serem usadas nesse sentido pode variar de pessoa para pessoa. A densidade da barba que se deseja criar ou o n\u00famero de ra\u00edzes necess\u00e1rias para cobri-la, caso falte, s\u00e3o decisivos. Mas em geral; S\u00e3o necess\u00e1rios 250 a 700 ra\u00edzes para a \u00e1rea das bochechas, 150 a 250 ra\u00edzes para a \u00e1rea das costeletas e 550 a 700 ra\u00edzes para a \u00e1rea do queixo.<\/p>\t\t\t\t<\/div>\n\t\t\t\t\t\t\n\t\t\t\t<\/div>\n\t\t\t\t\n\t\t\t<\/div>\n\t\t\t\t\t\t\t\t\t<div class=\"accordion-item panel \">\n\t\t\t\t\n\t\t\t\t<div class=\"accordion-heading\" role=\"tab\" id=\"heading-1903\">\n\t\t\t\t<h4 class=\"accordion-title \">\t\t\t\t\t<a class=\"collapsed\" role=\"button\" data-toggle=\"collapse\" \n\t\t\t\t\tdata-parent=\"#accordion-69f381c439450\" href=\"#collapse-1903\" \n\t\t\t\t\taria-expanded=\"false\" aria-controls=\"collapse-1903\">\n\t\t\t\t\t\t\t\t\t\t\t\t<span class=\"accordion-title-txt\">Quanto tempo demora um transplante de barba?<\/span>\n\t\t\t\t\t\t\t\t\t\t\t\t\t<span class=\"accordion-expander\"><i class=\"lqd-icn-ess icon-ion-ios-arrow-down\"><\/i><i class=\"lqd-icn-ess icon-ion-ios-arrow-up\"><\/i><\/span>\t\t\t\t\t\t\t\t\t\t\t<\/a>\n\t\t\t\t<\/h4>\t\t\t\t<\/div>\n\t\t\t\t\n\t\t\t\t<div id=\"collapse-1903\" class=\"accordion-collapse collapse \" role=\"tabpanel\" aria-labelledby=\"heading-1903\">\n\n\t\t\t\t<div class=\"accordion-content\">\n\t\t\t\t\t<p>Essa situa\u00e7\u00e3o tamb\u00e9m pode variar dependendo do tamanho e da dispers\u00e3o da \u00e1rea a ser transplantada na face da pessoa, da densidade a ser alcan\u00e7ada e da densidade do fol\u00edculo piloso que pode ser retirado da \u00e1rea doadora. Mas, em geral, existem tempos de aplica\u00e7\u00e3o que variam entre 2 e 5 horas.<\/p>\t\t\t\t<\/div>\n\t\t\t\t\t\t\n\t\t\t\t<\/div>\n\t\t\t\t\n\t\t\t<\/div>\n\t\t\t\t\t\t\t\t\t\n\t\t<\/div>\n\n\t\t\t\t<\/div>\n\t\t\t\t<\/div>\n\t\t\t\t\t<\/div>\n\t\t<\/div>\n\t\t\t\t\t\t\t<\/div>\n\t\t<\/section>\n\t\t\t\t\t\t\t<\/div>\n\t\t","protected":false},"excerpt":{"rendered":"<p>Obter Informa\u00e7\u00f5es Transplante de Barba e Bigode O transplante de barba e bigode \u00e9 um m\u00e9todo que pode ser aplicado a pacientes que n\u00e3o t\u00eam barbas e bigodes no rosto, que \u00e9 chamado de canto. Desta forma, o transplante de cabelo e bigode foi aplicado com sucesso a muitos pacientes \u00e1rabes e do Extremo Oriente [&hellip;]<\/p>\n","protected":false},"author":1,"featured_media":0,"parent":0,"menu_order":0,"comment_status":"closed","ping_status":"closed","template":"","meta":{"footnotes":""},"class_list":["post-898","page","type-page","status-publish","hentry"],"_links":{"self":[{"href":"https:\/\/drhimmelclinic.com\/pt\/wp-json\/wp\/v2\/pages\/898","targetHints":{"allow":["GET"]}}],"collection":[{"href":"https:\/\/drhimmelclinic.com\/pt\/wp-json\/wp\/v2\/pages"}],"about":[{"href":"https:\/\/drhimmelclinic.com\/pt\/wp-json\/wp\/v2\/types\/page"}],"author":[{"embeddable":true,"href":"https:\/\/drhimmelclinic.com\/pt\/wp-json\/wp\/v2\/users\/1"}],"replies":[{"embeddable":true,"href":"https:\/\/drhimmelclinic.com\/pt\/wp-json\/wp\/v2\/comments?post=898"}],"version-history":[{"count":14,"href":"https:\/\/drhimmelclinic.com\/pt\/wp-json\/wp\/v2\/pages\/898\/revisions"}],"predecessor-version":[{"id":1701,"href":"https:\/\/drhimmelclinic.com\/pt\/wp-json\/wp\/v2\/pages\/898\/revisions\/1701"}],"wp:attachment":[{"href":"https:\/\/drhimmelclinic.com\/pt\/wp-json\/wp\/v2\/media?parent=898"}],"curies":[{"name":"wp","href":"https:\/\/api.w.org\/{rel}","templated":true}]}}