{"id":788,"date":"2022-09-17T11:21:30","date_gmt":"2022-09-17T08:21:30","guid":{"rendered":"https:\/\/drhimmelclinic.com\/tr\/?page_id=788"},"modified":"2022-09-17T13:51:13","modified_gmt":"2022-09-17T10:51:13","slug":"meme-diklestirme","status":"publish","type":"page","link":"https:\/\/drhimmelclinic.com\/tr\/meme-diklestirme","title":{"rendered":"Meme Dikle\u015ftirme"},"content":{"rendered":"\t\t<div data-elementor-type=\"wp-page\" data-elementor-id=\"788\" class=\"elementor elementor-788\">\n\t\t\t\t\t\t\t\t\t<section class=\"elementor-section elementor-top-section elementor-element elementor-element-100bd8a5 elementor-section-boxed elementor-section-height-default elementor-section-height-default\" data-id=\"100bd8a5\" data-element_type=\"section\">\n\t\t\t\t\t\t<div class=\"elementor-container elementor-column-gap-default\">\n\t\t\t\t\t<div class=\"lqd-css-sticky-column elementor-column elementor-col-50 elementor-top-column elementor-element elementor-element-2eda37c\" style=\"--lqd-sticky-offset:30px\" data-id=\"2eda37c\" data-element_type=\"column\">\n\t\t\t<div class=\"elementor-widget-wrap elementor-element-populated\">\n\t\t\t\t\t\t\t\t<section class=\"elementor-section elementor-inner-section elementor-element elementor-element-505692c0 elementor-section-boxed elementor-section-height-default elementor-section-height-default\" data-id=\"505692c0\" data-element_type=\"section\">\n\t\t\t\t\t\t<div class=\"elementor-container elementor-column-gap-default\">\n\t\t\t\t\t<div class=\"elementor-column elementor-col-100 elementor-inner-column elementor-element elementor-element-702ef4b5\" data-id=\"702ef4b5\" data-element_type=\"column\" data-settings=\"{&quot;background_background&quot;:&quot;classic&quot;}\">\n\t\t\t<div class=\"elementor-widget-wrap elementor-element-populated\">\n\t\t\t\t\t\t\t\t<div class=\"elementor-element elementor-element-c4b355e elementor-widget elementor-widget-hub_fancy_heading\" data-id=\"c4b355e\" data-element_type=\"widget\" data-widget_type=\"hub_fancy_heading.default\">\n\t\t\t\t<div class=\"elementor-widget-container\">\n\t\t\t\n\t\t<div id=\"ld-fancy-heading-69f226aa9ad5a\" class=\"ld-fancy-heading pos-rel\">\n\t\t\t<h2 class=\"ld-fh-element d-inline-block pos-rel  elementor-heading-title lqd-highlight-classic lqd-highlight-grow-left h2\"  > Hemen Bilgi Al<\/h2>\t\t<\/div>\n\n\t\t\t\t<\/div>\n\t\t\t\t<\/div>\n\t\t\t\t\t<\/div>\n\t\t<\/div>\n\t\t\t\t\t\t\t<\/div>\n\t\t<\/section>\n\t\t\t\t<div class=\"elementor-element elementor-element-b7b8b7b elementor-widget elementor-widget-ld_cf722\" data-id=\"b7b8b7b\" data-element_type=\"widget\" data-widget_type=\"ld_cf722.default\">\n\t\t\t\t<div class=\"elementor-widget-container\">\n\t\t\t\n\t<div class=\"lqd-contact-form lqd-contact-form-inputs-filled lqd-contact-form-inputs-round lqd-contact-form-button-block lqd-contact-form-button-round\" >\n\t\t<div role=\"form\" class=\"wpcf7\" id=\"wpcf7-f6-o1\" lang=\"tr-TR\" dir=\"ltr\">\n<div class=\"screen-reader-response\"><p role=\"status\" aria-live=\"polite\" aria-atomic=\"true\"><\/p> <ul><\/ul><\/div>\n<form action=\"\/tr\/wp-json\/wp\/v2\/pages\/788#wpcf7-f6-o1\" method=\"post\" class=\"wpcf7-form init\" novalidate=\"novalidate\" data-status=\"init\">\n<div style=\"display: none;\">\n<input type=\"hidden\" name=\"_wpcf7\" value=\"6\" \/>\n<input type=\"hidden\" name=\"_wpcf7_version\" value=\"5.6.3\" \/>\n<input type=\"hidden\" name=\"_wpcf7_locale\" value=\"tr_TR\" \/>\n<input type=\"hidden\" name=\"_wpcf7_unit_tag\" value=\"wpcf7-f6-o1\" \/>\n<input type=\"hidden\" name=\"_wpcf7_container_post\" value=\"0\" \/>\n<input type=\"hidden\" name=\"_wpcf7_posted_data_hash\" value=\"\" \/>\n<\/div>\n<p><span class=\"wpcf7-form-control-wrap\" data-name=\"adi\"><input type=\"text\" name=\"adi\" value=\"\" size=\"40\" class=\"wpcf7-form-control wpcf7-text wpcf7-validates-as-required\" aria-required=\"true\" aria-invalid=\"false\" placeholder=\"Ad\u0131n\u0131z\" \/><\/span><br \/>\n<span class=\"wpcf7-form-control-wrap\" data-name=\"telefon\"><input type=\"text\" name=\"telefon\" value=\"\" size=\"40\" class=\"wpcf7-form-control wpcf7-text wpcf7-validates-as-required\" aria-required=\"true\" aria-invalid=\"false\" placeholder=\"Telefon Numaran\u0131z\" \/><\/span><br \/>\n<span class=\"wpcf7-form-control-wrap\" data-name=\"mesaj\"><textarea name=\"mesaj\" cols=\"40\" rows=\"3\" class=\"wpcf7-form-control wpcf7-textarea\" aria-invalid=\"false\" placeholder=\"Mesaj\u0131n\u0131z\"><\/textarea><\/span><br \/>\n<input type=\"submit\" value=\"Formu G\u00f6nder\" class=\"wpcf7-form-control has-spinner wpcf7-submit\" \/><\/p>\n<div class=\"wpcf7-response-output\" aria-hidden=\"true\"><\/div><\/form><\/div>\t<\/div>\n\n\t\t\t<\/div>\n\t\t\t\t<\/div>\n\t\t\t\t\t<\/div>\n\t\t<\/div>\n\t\t\t\t<div class=\"elementor-column elementor-col-50 elementor-top-column elementor-element elementor-element-231f3078\" data-id=\"231f3078\" data-element_type=\"column\">\n\t\t\t<div class=\"elementor-widget-wrap elementor-element-populated\">\n\t\t\t\t\t\t\t\t<div class=\"elementor-element elementor-element-cc9606b elementor-widget elementor-widget-image\" data-id=\"cc9606b\" data-element_type=\"widget\" data-widget_type=\"image.default\">\n\t\t\t\t<div class=\"elementor-widget-container\">\n\t\t\t<style>\/*! elementor - v3.7.4 - 31-08-2022 *\/\n.elementor-widget-image{text-align:center}.elementor-widget-image a{display:inline-block}.elementor-widget-image a img[src$=\".svg\"]{width:48px}.elementor-widget-image img{vertical-align:middle;display:inline-block}<\/style>\t\t\t\t\t\t\t\t\t\t\t\t<img decoding=\"async\" width=\"930\" height=\"550\" src=\"https:\/\/drhimmelclinic.com\/tr\/wp-content\/uploads\/2022\/09\/meme-diklestirme-header.jpg\" class=\"elementor-animation-float attachment-full size-full\" alt=\"\" srcset=\"https:\/\/drhimmelclinic.com\/tr\/wp-content\/uploads\/2022\/09\/meme-diklestirme-header.jpg 930w, https:\/\/drhimmelclinic.com\/tr\/wp-content\/uploads\/2022\/09\/meme-diklestirme-header-300x177.jpg 300w, https:\/\/drhimmelclinic.com\/tr\/wp-content\/uploads\/2022\/09\/meme-diklestirme-header-600x355.jpg 600w\" sizes=\"(max-width: 930px) 100vw, 930px\" \/>\t\t\t\t\t\t\t\t\t\t\t\t\t\t\t<\/div>\n\t\t\t\t<\/div>\n\t\t\t\t<div class=\"elementor-element elementor-element-c153a33 elementor-widget elementor-widget-spacer\" data-id=\"c153a33\" data-element_type=\"widget\" data-widget_type=\"spacer.default\">\n\t\t\t\t<div class=\"elementor-widget-container\">\n\t\t\t<style>\/*! elementor - v3.7.4 - 31-08-2022 *\/\n.elementor-column .elementor-spacer-inner{height:var(--spacer-size)}.e-container{--container-widget-width:100%}.e-container>.elementor-widget-spacer{width:var(--container-widget-width,var(--spacer-size));-ms-flex-item-align:stretch;align-self:stretch;-ms-flex-negative:0;flex-shrink:0}.e-container>.elementor-widget-spacer>.elementor-widget-container,.e-container>.elementor-widget-spacer>.elementor-widget-container>.elementor-spacer{height:100%}.e-container>.elementor-widget-spacer>.elementor-widget-container>.elementor-spacer>.elementor-spacer-inner{height:var(--container-widget-height,var(--spacer-size))}<\/style>\t\t<div class=\"elementor-spacer\">\n\t\t\t<div class=\"elementor-spacer-inner\"><\/div>\n\t\t<\/div>\n\t\t\t\t<\/div>\n\t\t\t\t<\/div>\n\t\t\t\t<div class=\"elementor-element elementor-element-527f0d1f elementor-widget elementor-widget-hub_fancy_heading\" data-id=\"527f0d1f\" data-element_type=\"widget\" data-widget_type=\"hub_fancy_heading.default\">\n\t\t\t\t<div class=\"elementor-widget-container\">\n\t\t\t\n\t\t<div id=\"ld-fancy-heading-69f226aaa14ca\" class=\"ld-fancy-heading pos-rel\">\n\t\t\t<h2 class=\"ld-fh-element d-inline-block pos-rel  elementor-heading-title lqd-highlight-classic lqd-highlight-grow-left h2\"  > Meme Dikle\u015ftirme<\/h2>\t\t<\/div>\n\n\t\t\t\t<\/div>\n\t\t\t\t<\/div>\n\t\t\t\t<div class=\"elementor-element elementor-element-7eef461 elementor-widget elementor-widget-text-editor\" data-id=\"7eef461\" data-element_type=\"widget\" data-widget_type=\"text-editor.default\">\n\t\t\t\t<div class=\"elementor-widget-container\">\n\t\t\t<style>\/*! elementor - v3.7.4 - 31-08-2022 *\/\n.elementor-widget-text-editor.elementor-drop-cap-view-stacked .elementor-drop-cap{background-color:#818a91;color:#fff}.elementor-widget-text-editor.elementor-drop-cap-view-framed .elementor-drop-cap{color:#818a91;border:3px solid;background-color:transparent}.elementor-widget-text-editor:not(.elementor-drop-cap-view-default) .elementor-drop-cap{margin-top:8px}.elementor-widget-text-editor:not(.elementor-drop-cap-view-default) .elementor-drop-cap-letter{width:1em;height:1em}.elementor-widget-text-editor .elementor-drop-cap{float:left;text-align:center;line-height:1;font-size:50px}.elementor-widget-text-editor .elementor-drop-cap-letter{display:inline-block}<\/style>\t\t\t\t<p>Meme dikle\u015ftirme esteti\u011fi yani mastopeksi; sark\u0131k durumda olan memelerin dikle\u015ftirilerek estetik bir g\u00f6r\u00fcn\u00fcme kavu\u015fturulmas\u0131, beden \u00f6l\u00e7\u00fclerine uyumun yakalanmas\u0131, do\u011fal g\u00f6r\u00fcn\u00fcml\u00fc ve simetrik memeler elde edilmesi amac\u0131yla yap\u0131lmaktad\u0131r. Meme dikle\u015ftirme operasyonlar\u0131, memelerinde sarkmalar olan, do\u011fum yapm\u0131\u015f veya da yapmam\u0131\u015f b\u00fct\u00fcn kad\u0131nlara uygulanabilen operasyonlard\u0131r. Memeler de sarkmalar\u0131n nedenleri yap\u0131sal olarak da g\u00f6r\u00fclebilece\u011fi gibi, kilo al\u0131p verme durumunda, do\u011fum yapt\u0131ktan sonra ki d\u00f6nemde ve ya\u015fa ba\u011fl\u0131 olarak yer \u00e7ekiminin etkisiyle de g\u00f6r\u00fclebilmektedir. Memenizi sark\u0131kl\u0131k durumunu anlamak i\u00e7in ilk \u00f6nce aynan\u0131n kar\u015f\u0131s\u0131na ge\u00e7melisiniz ve ard\u0131ndan meme ucunuz ile meme alt\u0131 \u00e7izginizi de\u011ferlendirerek sarkma olup olmad\u0131\u011f\u0131n\u0131 anlayabilirsiniz. Meme pitozu denilen memenin sark\u0131kl\u0131k durumu \u00e7o\u011funlukla 4 grupta s\u0131n\u0131fland\u0131r\u0131lmaktad\u0131r. Bu 4 grup; hafif, orta, a\u011f\u0131r ve yalanc\u0131 pitozdur. Meme ba\u015f\u0131, meme alt\u0131 \u00e7izgisinin hizas\u0131ndad\u0131r veya da 1 cm kadar alt\u0131ndaysa hafiftir. Meme ba\u015f\u0131, meme alt\u0131 \u00e7izgisinden 1-3 cm kadar a\u015fa\u011f\u0131daysa ortad\u0131r. Meme ba\u015f\u0131, 3 cm\u2019den daha alt taraflara yerle\u015fmi\u015fse a\u011f\u0131r pitozdur. Meme ba\u015f\u0131, normal meme alt\u0131 \u00e7izgisinin \u00fczerine yerle\u015fmi\u015f fakat memenin taban\u0131 sarkm\u0131\u015f olarak g\u00f6r\u00fcl\u00fcyor ise bu da yalanc\u0131 pitozdur.<\/p><p>Hamilelik, emzirme, an\u0131 kilo de\u011fi\u015fimi ve ya\u015flanma gibi sebeplerden dolay\u0131 memelerde sarkma g\u00f6r\u00fcl\u00fcyorsa, meme ba\u015f\u0131n\u0131zda veya ucunu \u00e7evreleyen dokuda sarkmalar g\u00f6r\u00fcl\u00fcyorsa ve doktorunuzda yaln\u0131zca protez kullanarak memeye arzu edilen \u015feklin verilmesinin m\u00fcmk\u00fcn olmayaca\u011f\u0131n\u0131 d\u00fc\u015f\u00fcn\u00fcyorsa meme dikle\u015ftirme operasyonunu tercih edebilirsiniz.<\/p><p>Meme dikle\u015ftirme ameliyat\u0131 \u00e7ok farkl\u0131 teknikler ile beraber yap\u0131labilmektedir. Birinci tekni\u011fimizde meme ba\u015f\u0131 \u00e7evresine \u201cTers T\u201d \u015feklinde bir kesi yap\u0131l\u0131yor. Bu kesi meme ba\u015f\u0131ndan meme katlant\u0131s\u0131 b\u00f6l\u00fcm\u00fcne kadar dikey olarak inmekte ve katlant\u0131 boyunca da yatay bir \u015fekilde devam etmektedir. Bu teknik genellikle ileri seviyede meme sarkmas\u0131 ya\u015fayan hastalarda kullan\u0131lmaktad\u0131r. \u0130kinci tekni\u011fimizde ise \u201cLolipop\u201d kesi yap\u0131lmaktad\u0131r ve kesi meme ba\u015f\u0131 \u00e7evresinden alt meme katlant\u0131s\u0131na do\u011fru dikey bir \u015fekilde devam etmektedir. Bu teknik genellikle orta sark\u0131kl\u0131kta sarkmalar\u0131 olan memelerin dikle\u015ftirilmesi i\u00e7in kullan\u0131lmaktad\u0131r. Az derece de sarkmas\u0131 g\u00f6r\u00fclen hastalar\u0131m\u0131z i\u00e7inde yaln\u0131zca meme ba\u015f\u0131n\u0131n \u00e7evresine bir kesi yap\u0131l\u0131r. B\u00fct\u00fcn tekniklerde ilk olarak meme ba\u015f\u0131n\u0131n etraf\u0131nda yer alan dokular serbestle\u015ftirilir. Ard\u0131ndan \u00e7evre meme dokusundaki fazla doku al\u0131narak memeye yeni \u015fekli verilir. \u015eekil verildikten sonra meme ucu ideal olan yerine dikilebilmektedir.<\/p>\t\t\t\t\t\t<\/div>\n\t\t\t\t<\/div>\n\t\t\t\t<div class=\"elementor-element elementor-element-4e40ebec elementor-widget-divider--view-line elementor-widget elementor-widget-divider\" data-id=\"4e40ebec\" data-element_type=\"widget\" data-widget_type=\"divider.default\">\n\t\t\t\t<div class=\"elementor-widget-container\">\n\t\t\t<style>\/*! elementor - v3.7.4 - 31-08-2022 *\/\n.elementor-widget-divider{--divider-border-style:none;--divider-border-width:1px;--divider-color:#2c2c2c;--divider-icon-size:20px;--divider-element-spacing:10px;--divider-pattern-height:24px;--divider-pattern-size:20px;--divider-pattern-url:none;--divider-pattern-repeat:repeat-x}.elementor-widget-divider .elementor-divider{display:-webkit-box;display:-ms-flexbox;display:flex}.elementor-widget-divider .elementor-divider__text{font-size:15px;line-height:1;max-width:95%}.elementor-widget-divider .elementor-divider__element{margin:0 var(--divider-element-spacing);-ms-flex-negative:0;flex-shrink:0}.elementor-widget-divider .elementor-icon{font-size:var(--divider-icon-size)}.elementor-widget-divider .elementor-divider-separator{display:-webkit-box;display:-ms-flexbox;display:flex;margin:0;direction:ltr}.elementor-widget-divider--view-line_icon .elementor-divider-separator,.elementor-widget-divider--view-line_text .elementor-divider-separator{-webkit-box-align:center;-ms-flex-align:center;align-items:center}.elementor-widget-divider--view-line_icon .elementor-divider-separator:after,.elementor-widget-divider--view-line_icon .elementor-divider-separator:before,.elementor-widget-divider--view-line_text .elementor-divider-separator:after,.elementor-widget-divider--view-line_text .elementor-divider-separator:before{display:block;content:\"\";border-bottom:0;-webkit-box-flex:1;-ms-flex-positive:1;flex-grow:1;border-top:var(--divider-border-width) var(--divider-border-style) var(--divider-color)}.elementor-widget-divider--element-align-left .elementor-divider .elementor-divider-separator>.elementor-divider__svg:first-of-type{-webkit-box-flex:0;-ms-flex-positive:0;flex-grow:0;-ms-flex-negative:100;flex-shrink:100}.elementor-widget-divider--element-align-left .elementor-divider-separator:before{content:none}.elementor-widget-divider--element-align-left .elementor-divider__element{margin-left:0}.elementor-widget-divider--element-align-right .elementor-divider .elementor-divider-separator>.elementor-divider__svg:last-of-type{-webkit-box-flex:0;-ms-flex-positive:0;flex-grow:0;-ms-flex-negative:100;flex-shrink:100}.elementor-widget-divider--element-align-right .elementor-divider-separator:after{content:none}.elementor-widget-divider--element-align-right .elementor-divider__element{margin-right:0}.elementor-widget-divider:not(.elementor-widget-divider--view-line_text):not(.elementor-widget-divider--view-line_icon) .elementor-divider-separator{border-top:var(--divider-border-width) var(--divider-border-style) var(--divider-color)}.elementor-widget-divider--separator-type-pattern{--divider-border-style:none}.elementor-widget-divider--separator-type-pattern.elementor-widget-divider--view-line .elementor-divider-separator,.elementor-widget-divider--separator-type-pattern:not(.elementor-widget-divider--view-line) .elementor-divider-separator:after,.elementor-widget-divider--separator-type-pattern:not(.elementor-widget-divider--view-line) .elementor-divider-separator:before,.elementor-widget-divider--separator-type-pattern:not([class*=elementor-widget-divider--view]) .elementor-divider-separator{width:100%;min-height:var(--divider-pattern-height);-webkit-mask-size:var(--divider-pattern-size) 100%;mask-size:var(--divider-pattern-size) 100%;-webkit-mask-repeat:var(--divider-pattern-repeat);mask-repeat:var(--divider-pattern-repeat);background-color:var(--divider-color);-webkit-mask-image:var(--divider-pattern-url);mask-image:var(--divider-pattern-url)}.elementor-widget-divider--no-spacing{--divider-pattern-size:auto}.elementor-widget-divider--bg-round{--divider-pattern-repeat:round}.rtl .elementor-widget-divider .elementor-divider__text{direction:rtl}.e-container>.elementor-widget-divider{width:var(--container-widget-width,100%);--flex-grow:var(--container-widget-flex-grow,0)}<\/style>\t\t<div class=\"elementor-divider\">\n\t\t\t<span class=\"elementor-divider-separator\">\n\t\t\t\t\t\t<\/span>\n\t\t<\/div>\n\t\t\t\t<\/div>\n\t\t\t\t<\/div>\n\t\t\t\t<div class=\"elementor-element elementor-element-35c57f11 elementor-widget elementor-widget-hub_fancy_heading\" data-id=\"35c57f11\" data-element_type=\"widget\" data-widget_type=\"hub_fancy_heading.default\">\n\t\t\t\t<div class=\"elementor-widget-container\">\n\t\t\t\n\t\t<div id=\"ld-fancy-heading-69f226aaa4291\" class=\"ld-fancy-heading pos-rel\">\n\t\t\t<h3 class=\"ld-fh-element d-inline-block pos-rel  elementor-heading-title lqd-highlight-classic lqd-highlight-grow-left h3\"  > S\u0131k Sorulan Sorular<\/h3>\t\t<\/div>\n\n\t\t\t\t<\/div>\n\t\t\t\t<\/div>\n\t\t\t\t<div class=\"elementor-element elementor-element-71ce774c elementor-widget elementor-widget-ld_accordion\" data-id=\"71ce774c\" data-element_type=\"widget\" data-widget_type=\"ld_accordion.default\">\n\t\t\t\t<div class=\"elementor-widget-container\">\n\t\t\t\n\t\t<div class=\"accordion accordion-lg accordion-side-spacing accordion-title-bg-transparent accordion-expander-lg accordion-active-has-fill\" id=\"accordion-69f226aaa5ba9\" role=\"tablist\" aria-multiselectable=\"true\">\n\t\t\t\t\t\t\t\t\t\t\t\t<div class=\"accordion-item panel  active\">\n\t\t\t\t\n\t\t\t\t<div class=\"accordion-heading\" role=\"tab\" id=\"heading-1901\">\n\t\t\t\t<h4 class=\"accordion-title \">\t\t\t\t\t<a class=\"\" role=\"button\" data-toggle=\"collapse\" \n\t\t\t\t\tdata-parent=\"#accordion-69f226aaa5ba9\" href=\"#collapse-1901\" \n\t\t\t\t\taria-expanded=\"true\" aria-controls=\"collapse-1901\">\n\t\t\t\t\t\t\t\t\t\t\t\t<span class=\"accordion-title-txt\">Meme dikle\u015ftirme operasyonundan sonra ne kadar s\u00fcrede iyile\u015febilirim?<\/span>\n\t\t\t\t\t\t\t\t\t\t\t\t\t<span class=\"accordion-expander\"><i class=\"lqd-icn-ess icon-ion-ios-arrow-down\"><\/i><i class=\"lqd-icn-ess icon-ion-ios-arrow-up\"><\/i><\/span>\t\t\t\t\t\t\t\t\t\t\t<\/a>\n\t\t\t\t<\/h4>\t\t\t\t<\/div>\n\t\t\t\t\n\t\t\t\t<div id=\"collapse-1901\" class=\"accordion-collapse collapse  in\" role=\"tabpanel\" aria-labelledby=\"heading-1901\">\n\n\t\t\t\t<div class=\"accordion-content\">\n\t\t\t\t\t<p>Meme dikle\u015ftirme operasyonundan sonra v\u00fccutta ki bandajlar al\u0131nd\u0131\u011f\u0131nda memelerde \u015fi\u015flik g\u00f6r\u00fclebilmektedir. Meme alt\u0131nda kesi olan yerlerde potluk g\u00f6z\u00fckebilir veya bir \u015fekilsizlik g\u00f6r\u00fclebilir. Ameliyat\u0131n bu etkileri bir ay kadar olan s\u00fcrede ge\u00e7mektedir. Ameliyat\u0131n ard\u0131ndan \u00e7ok fazla bir a\u011fr\u0131n\u0131z olmayacakt\u0131r. Fakat bazen memelerde \u015fi\u015flik ve morluklar ya\u015fanabilir. Bunlar k\u0131sa s\u00fcrede ge\u00e7en rahats\u0131zl\u0131klard\u0131r. Ameliyat\u0131n ard\u0131ndan g\u00f6\u011fs\u00fcn\u00fczde ki bandaj\u0131 3 g\u00fcn kadar kullanman\u0131z tavsiye edilmektedir. Bu s\u00fcrenin sonunda yar\u0131m atlet \u015feklinde olan sporcu s\u00fctyenlerini kullanabilirsiniz. Ameliyat\u0131n ard\u0131ndan kolunuzu \u00e7al\u0131\u015ft\u0131ran egzersizler ve y\u00fczme aktivitelerine bir ay sonra ba\u015flayabilirsiniz. Meme dikle\u015ftirme ameliyatlar\u0131nda eriyen diki\u015fler kullan\u0131ld\u0131\u011f\u0131 i\u00e7in ameliyat\u0131n ard\u0131ndan birde diki\u015flerin al\u0131nmas\u0131 gibi i\u015flemlere de gerek olmayacakt\u0131r. Meme dikle\u015ftirme operasyonunun ard\u0131ndan b\u00fct\u00fcn etkilerin d\u00fczelmesi, tam \u015fekil al\u0131nmas\u0131 ve his kayb\u0131n\u0131n d\u00fczelmesi i\u00e7in 6 ay ile 1 y\u0131l gerekmektedir.<\/p>\t\t\t\t<\/div>\n\t\t\t\t\t\t\n\t\t\t\t<\/div>\n\t\t\t\t\n\t\t\t<\/div>\n\t\t\t\t\t\t\t\t\t<div class=\"accordion-item panel \">\n\t\t\t\t\n\t\t\t\t<div class=\"accordion-heading\" role=\"tab\" id=\"heading-1902\">\n\t\t\t\t<h4 class=\"accordion-title \">\t\t\t\t\t<a class=\"collapsed\" role=\"button\" data-toggle=\"collapse\" \n\t\t\t\t\tdata-parent=\"#accordion-69f226aaa5ba9\" href=\"#collapse-1902\" \n\t\t\t\t\taria-expanded=\"false\" aria-controls=\"collapse-1902\">\n\t\t\t\t\t\t\t\t\t\t\t\t<span class=\"accordion-title-txt\">Meme dikle\u015ftirme operasyonundan sonra hamile kalabilir ve \u00e7ocu\u011fumu emzirebilir miyim?<\/span>\n\t\t\t\t\t\t\t\t\t\t\t\t\t<span class=\"accordion-expander\"><i class=\"lqd-icn-ess icon-ion-ios-arrow-down\"><\/i><i class=\"lqd-icn-ess icon-ion-ios-arrow-up\"><\/i><\/span>\t\t\t\t\t\t\t\t\t\t\t<\/a>\n\t\t\t\t<\/h4>\t\t\t\t<\/div>\n\t\t\t\t\n\t\t\t\t<div id=\"collapse-1902\" class=\"accordion-collapse collapse \" role=\"tabpanel\" aria-labelledby=\"heading-1902\">\n\n\t\t\t\t<div class=\"accordion-content\">\n\t\t\t\t\t<p>Meme dikle\u015ftirme operasyonun da s\u00fct bezleri ve s\u00fct kanallar\u0131 korunmaktad\u0131r. Teknik olarak yap\u0131lacak i\u015flemler do\u011frultusunda s\u00fct verme kabiliyetiniz ve duyunuz son derece iyi bir \u015fekilde korunmaktad\u0131r.<\/p>\t\t\t\t<\/div>\n\t\t\t\t\t\t\n\t\t\t\t<\/div>\n\t\t\t\t\n\t\t\t<\/div>\n\t\t\t\t\t\t\t\t\t<div class=\"accordion-item panel \">\n\t\t\t\t\n\t\t\t\t<div class=\"accordion-heading\" role=\"tab\" id=\"heading-1903\">\n\t\t\t\t<h4 class=\"accordion-title \">\t\t\t\t\t<a class=\"collapsed\" role=\"button\" data-toggle=\"collapse\" \n\t\t\t\t\tdata-parent=\"#accordion-69f226aaa5ba9\" href=\"#collapse-1903\" \n\t\t\t\t\taria-expanded=\"false\" aria-controls=\"collapse-1903\">\n\t\t\t\t\t\t\t\t\t\t\t\t<span class=\"accordion-title-txt\">Do\u011fumdan ne kadar s\u00fcre sonra meme dikle\u015ftirme ameliyat\u0131 olabilirim?<\/span>\n\t\t\t\t\t\t\t\t\t\t\t\t\t<span class=\"accordion-expander\"><i class=\"lqd-icn-ess icon-ion-ios-arrow-down\"><\/i><i class=\"lqd-icn-ess icon-ion-ios-arrow-up\"><\/i><\/span>\t\t\t\t\t\t\t\t\t\t\t<\/a>\n\t\t\t\t<\/h4>\t\t\t\t<\/div>\n\t\t\t\t\n\t\t\t\t<div id=\"collapse-1903\" class=\"accordion-collapse collapse \" role=\"tabpanel\" aria-labelledby=\"heading-1903\">\n\n\t\t\t\t<div class=\"accordion-content\">\n\t\t\t\t\tEmzirme d\u00f6nemi bitiminde yani s\u00fct\u00fcn\u00fcz kesildikten yakla\u015f\u0131k 6 ay sonra meme dikle\u015ftirme ameliyat\u0131 olabilirsiniz. Bu s\u00fcreyi beklemezseniz aksi halde iltihaplanma ya\u015fanabilir ve diki\u015fleriniz a\u00e7\u0131labilir. Bu durumda g\u00f6\u011f\u00fcslerinizde iz kalmas\u0131na sebep olacakt\u0131r.\t\t\t\t<\/div>\n\t\t\t\t\t\t\n\t\t\t\t<\/div>\n\t\t\t\t\n\t\t\t<\/div>\n\t\t\t\t\t\t\t\t\t\n\t\t<\/div>\n\n\t\t\t\t<\/div>\n\t\t\t\t<\/div>\n\t\t\t\t\t<\/div>\n\t\t<\/div>\n\t\t\t\t\t\t\t<\/div>\n\t\t<\/section>\n\t\t\t\t\t\t\t<\/div>\n\t\t","protected":false},"excerpt":{"rendered":"<p>Hemen Bilgi Al Meme Dikle\u015ftirme Meme dikle\u015ftirme esteti\u011fi yani mastopeksi; sark\u0131k durumda olan memelerin dikle\u015ftirilerek estetik bir g\u00f6r\u00fcn\u00fcme kavu\u015fturulmas\u0131, beden \u00f6l\u00e7\u00fclerine uyumun yakalanmas\u0131, do\u011fal g\u00f6r\u00fcn\u00fcml\u00fc ve simetrik memeler elde edilmesi amac\u0131yla yap\u0131lmaktad\u0131r. Meme dikle\u015ftirme operasyonlar\u0131, memelerinde sarkmalar olan, do\u011fum yapm\u0131\u015f veya da yapmam\u0131\u015f b\u00fct\u00fcn kad\u0131nlara uygulanabilen operasyonlard\u0131r. Memeler de sarkmalar\u0131n nedenleri yap\u0131sal olarak da g\u00f6r\u00fclebilece\u011fi [&hellip;]<\/p>\n","protected":false},"author":1,"featured_media":0,"parent":0,"menu_order":0,"comment_status":"closed","ping_status":"closed","template":"","meta":{"footnotes":""},"class_list":["post-788","page","type-page","status-publish","hentry"],"_links":{"self":[{"href":"https:\/\/drhimmelclinic.com\/tr\/wp-json\/wp\/v2\/pages\/788","targetHints":{"allow":["GET"]}}],"collection":[{"href":"https:\/\/drhimmelclinic.com\/tr\/wp-json\/wp\/v2\/pages"}],"about":[{"href":"https:\/\/drhimmelclinic.com\/tr\/wp-json\/wp\/v2\/types\/page"}],"author":[{"embeddable":true,"href":"https:\/\/drhimmelclinic.com\/tr\/wp-json\/wp\/v2\/users\/1"}],"replies":[{"embeddable":true,"href":"https:\/\/drhimmelclinic.com\/tr\/wp-json\/wp\/v2\/comments?post=788"}],"version-history":[{"count":10,"href":"https:\/\/drhimmelclinic.com\/tr\/wp-json\/wp\/v2\/pages\/788\/revisions"}],"predecessor-version":[{"id":1045,"href":"https:\/\/drhimmelclinic.com\/tr\/wp-json\/wp\/v2\/pages\/788\/revisions\/1045"}],"wp:attachment":[{"href":"https:\/\/drhimmelclinic.com\/tr\/wp-json\/wp\/v2\/media?parent=788"}],"curies":[{"name":"wp","href":"https:\/\/api.w.org\/{rel}","templated":true}]}}