{"id":803,"date":"2022-09-17T11:27:16","date_gmt":"2022-09-17T08:27:16","guid":{"rendered":"https:\/\/drhimmelclinic.com\/tr\/?page_id=803"},"modified":"2022-09-17T12:14:44","modified_gmt":"2022-09-17T09:14:44","slug":"hakkimizda","status":"publish","type":"page","link":"https:\/\/drhimmelclinic.com\/tr\/hakkimizda","title":{"rendered":"Hakk\u0131m\u0131zda"},"content":{"rendered":"\t\t<div data-elementor-type=\"wp-page\" data-elementor-id=\"803\" class=\"elementor elementor-803\">\n\t\t\t\t\t\t\t\t\t<section class=\"elementor-section elementor-top-section elementor-element elementor-element-53223b1 elementor-section-content-middle elementor-section-boxed elementor-section-height-default elementor-section-height-default\" data-id=\"53223b1\" data-element_type=\"section\" data-settings=\"{&quot;background_background&quot;:&quot;classic&quot;}\">\n\t\t\t\t\t\t<div class=\"elementor-container elementor-column-gap-extended\">\n\t\t\t\t\t<div class=\"elementor-column elementor-col-50 elementor-top-column elementor-element elementor-element-a05d18e\" data-id=\"a05d18e\" data-element_type=\"column\">\n\t\t\t<div class=\"elementor-widget-wrap elementor-element-populated\">\n\t\t\t\t\t\t\t\t<div class=\"elementor-element elementor-element-fd704c8 elementor-widget elementor-widget-image\" data-id=\"fd704c8\" data-element_type=\"widget\" data-widget_type=\"image.default\">\n\t\t\t\t<div class=\"elementor-widget-container\">\n\t\t\t<style>\/*! elementor - v3.7.4 - 31-08-2022 *\/\n.elementor-widget-image{text-align:center}.elementor-widget-image a{display:inline-block}.elementor-widget-image a img[src$=\".svg\"]{width:48px}.elementor-widget-image img{vertical-align:middle;display:inline-block}<\/style>\t\t\t\t\t\t\t\t\t\t\t\t<img decoding=\"async\" width=\"708\" height=\"948\" src=\"https:\/\/drhimmelclinic.com\/tr\/wp-content\/uploads\/2022\/09\/klinik2.jpg\" class=\"attachment-full size-full\" alt=\"\" srcset=\"https:\/\/drhimmelclinic.com\/tr\/wp-content\/uploads\/2022\/09\/klinik2.jpg 708w, https:\/\/drhimmelclinic.com\/tr\/wp-content\/uploads\/2022\/09\/klinik2-224x300.jpg 224w, https:\/\/drhimmelclinic.com\/tr\/wp-content\/uploads\/2022\/09\/klinik2-600x803.jpg 600w\" sizes=\"(max-width: 708px) 100vw, 708px\" \/>\t\t\t\t\t\t\t\t\t\t\t\t\t\t\t<\/div>\n\t\t\t\t<\/div>\n\t\t\t\t\t<\/div>\n\t\t<\/div>\n\t\t\t\t<div class=\"elementor-column elementor-col-50 elementor-top-column elementor-element elementor-element-b93b610\" data-id=\"b93b610\" data-element_type=\"column\">\n\t\t\t<div class=\"elementor-widget-wrap elementor-element-populated\">\n\t\t\t\t\t\t\t\t<div class=\"elementor-element elementor-element-d3ce508 elementor-widget elementor-widget-hub_fancy_heading\" data-id=\"d3ce508\" data-element_type=\"widget\" data-widget_type=\"hub_fancy_heading.default\">\n\t\t\t\t<div class=\"elementor-widget-container\">\n\t\t\t\n\t\t<div id=\"ld-fancy-heading-69f21cde4cdf1\" class=\"ld-fancy-heading pos-rel\">\n\t\t\t<h2 class=\"ld-fh-element d-inline-block pos-rel  elementor-heading-title lqd-highlight-classic lqd-highlight-grow-left h2\"  > Dr. Himmel Clinic<\/h2>\t\t<\/div>\n\n\t\t\t\t<\/div>\n\t\t\t\t<\/div>\n\t\t\t\t<div class=\"elementor-element elementor-element-8e69009 elementor-widget elementor-widget-text-editor\" data-id=\"8e69009\" data-element_type=\"widget\" data-widget_type=\"text-editor.default\">\n\t\t\t\t<div class=\"elementor-widget-container\">\n\t\t\t<style>\/*! elementor - v3.7.4 - 31-08-2022 *\/\n.elementor-widget-text-editor.elementor-drop-cap-view-stacked .elementor-drop-cap{background-color:#818a91;color:#fff}.elementor-widget-text-editor.elementor-drop-cap-view-framed .elementor-drop-cap{color:#818a91;border:3px solid;background-color:transparent}.elementor-widget-text-editor:not(.elementor-drop-cap-view-default) .elementor-drop-cap{margin-top:8px}.elementor-widget-text-editor:not(.elementor-drop-cap-view-default) .elementor-drop-cap-letter{width:1em;height:1em}.elementor-widget-text-editor .elementor-drop-cap{float:left;text-align:center;line-height:1;font-size:50px}.elementor-widget-text-editor .elementor-drop-cap-letter{display:inline-block}<\/style>\t\t\t\t<p><strong>Dr. Himmel Clinic<\/strong> olarak hastalar\u0131m\u0131za ve dan\u0131\u015fanlar\u0131m\u0131za farkl\u0131 medikal alanlarda hizmet sunmaktay\u0131z. Medikal estetikten sa\u00e7 ekimine kadar, son teknoloji cihazlar\u0131m\u0131z ve uzman ekibimizle her ad\u0131mda yan\u0131n\u0131zday\u0131z.\u00a0<\/p><p><strong>Dr. Himmel Clinic<\/strong> olarak, hastalar\u0131m\u0131za ula\u015fmak istedikleri g\u00f6r\u00fcn\u00fcm\u00fc kazand\u0131rmak i\u00e7in farkl\u0131 tedavi se\u00e7enekleri sunuyoruz.<\/p><p><strong>Dr. Himmel Clinic<\/strong> kadrosunda hastalar\u0131na en iyi ve en g\u00fcvenli tedavi y\u00f6ntem ve sonu\u00e7lar\u0131n\u0131 sa\u011flamak isteyen yetkin ve deneyimli doktorlar\u0131 vard\u0131r. <strong>Dr. Himmel Clinic<\/strong>\u00a0doktorlar\u0131n\u0131n oda\u011f\u0131 her zaman hastalar\u0131ndad\u0131r; onlar\u0131n kayg\u0131lar\u0131n\u0131 dinleyerek istedikleri sonu\u00e7lar\u0131 almak i\u00e7in tedavi prosed\u00fcrleri tasarlarlar.<\/p><p>Plastik Cerrahi, Sa\u00e7 Ekimi ve Di\u015f ve Bariatrik uygulamalar\u0131nda; \u0130nsan odakl\u0131, b\u00fct\u00fcnc\u00fcl, s\u00fcrd\u00fcr\u00fclebilir sa\u011fl\u0131k hizmetlerini, uluslararas\u0131 kalite anlay\u0131\u015f\u0131 ile sunarak, etik ilkelerden \u00f6d\u00fcn vermeden t\u0131bb\u0131n geli\u015fimine katk\u0131 sa\u011flamak.<\/p><p>Konusunda uzman kadromuz ve g\u00fcncel teknolojik alt yap\u0131m\u0131z ile Uluslararas\u0131 sa\u011fl\u0131k hizmeti sunmak ve d\u00fcnyada referans merkez olmak.<\/p>\t\t\t\t\t\t<\/div>\n\t\t\t\t<\/div>\n\t\t\t\t\t<\/div>\n\t\t<\/div>\n\t\t\t\t\t\t\t<\/div>\n\t\t<\/section>\n\t\t\t\t\t\t\t<\/div>\n\t\t","protected":false},"excerpt":{"rendered":"<p>Dr. Himmel Clinic Dr. Himmel Clinic olarak hastalar\u0131m\u0131za ve dan\u0131\u015fanlar\u0131m\u0131za farkl\u0131 medikal alanlarda hizmet sunmaktay\u0131z. Medikal estetikten sa\u00e7 ekimine kadar, son teknoloji cihazlar\u0131m\u0131z ve uzman ekibimizle her ad\u0131mda yan\u0131n\u0131zday\u0131z.\u00a0 Dr. Himmel Clinic olarak, hastalar\u0131m\u0131za ula\u015fmak istedikleri g\u00f6r\u00fcn\u00fcm\u00fc kazand\u0131rmak i\u00e7in farkl\u0131 tedavi se\u00e7enekleri sunuyoruz. Dr. Himmel Clinic kadrosunda hastalar\u0131na en iyi ve en g\u00fcvenli tedavi y\u00f6ntem [&hellip;]<\/p>\n","protected":false},"author":1,"featured_media":0,"parent":0,"menu_order":0,"comment_status":"closed","ping_status":"closed","template":"","meta":{"footnotes":""},"class_list":["post-803","page","type-page","status-publish","hentry"],"_links":{"self":[{"href":"https:\/\/drhimmelclinic.com\/tr\/wp-json\/wp\/v2\/pages\/803","targetHints":{"allow":["GET"]}}],"collection":[{"href":"https:\/\/drhimmelclinic.com\/tr\/wp-json\/wp\/v2\/pages"}],"about":[{"href":"https:\/\/drhimmelclinic.com\/tr\/wp-json\/wp\/v2\/types\/page"}],"author":[{"embeddable":true,"href":"https:\/\/drhimmelclinic.com\/tr\/wp-json\/wp\/v2\/users\/1"}],"replies":[{"embeddable":true,"href":"https:\/\/drhimmelclinic.com\/tr\/wp-json\/wp\/v2\/comments?post=803"}],"version-history":[{"count":19,"href":"https:\/\/drhimmelclinic.com\/tr\/wp-json\/wp\/v2\/pages\/803\/revisions"}],"predecessor-version":[{"id":862,"href":"https:\/\/drhimmelclinic.com\/tr\/wp-json\/wp\/v2\/pages\/803\/revisions\/862"}],"wp:attachment":[{"href":"https:\/\/drhimmelclinic.com\/tr\/wp-json\/wp\/v2\/media?parent=803"}],"curies":[{"name":"wp","href":"https:\/\/api.w.org\/{rel}","templated":true}]}}