{"id":817,"date":"2022-09-17T11:32:23","date_gmt":"2022-09-17T08:32:23","guid":{"rendered":"https:\/\/drhimmelclinic.com\/tr\/?page_id=817"},"modified":"2022-09-17T13:53:07","modified_gmt":"2022-09-17T10:53:07","slug":"karin-germe","status":"publish","type":"page","link":"https:\/\/drhimmelclinic.com\/tr\/karin-germe","title":{"rendered":"Kar\u0131n Germe"},"content":{"rendered":"\t\t<div data-elementor-type=\"wp-page\" data-elementor-id=\"817\" class=\"elementor elementor-817\">\n\t\t\t\t\t\t\t\t\t<section class=\"elementor-section elementor-top-section elementor-element elementor-element-100bd8a5 elementor-section-boxed elementor-section-height-default elementor-section-height-default\" data-id=\"100bd8a5\" data-element_type=\"section\">\n\t\t\t\t\t\t<div class=\"elementor-container elementor-column-gap-default\">\n\t\t\t\t\t<div class=\"lqd-css-sticky-column elementor-column elementor-col-50 elementor-top-column elementor-element elementor-element-2eda37c\" style=\"--lqd-sticky-offset:30px\" data-id=\"2eda37c\" data-element_type=\"column\">\n\t\t\t<div class=\"elementor-widget-wrap elementor-element-populated\">\n\t\t\t\t\t\t\t\t<section class=\"elementor-section elementor-inner-section elementor-element elementor-element-505692c0 elementor-section-boxed elementor-section-height-default elementor-section-height-default\" data-id=\"505692c0\" data-element_type=\"section\">\n\t\t\t\t\t\t<div class=\"elementor-container elementor-column-gap-default\">\n\t\t\t\t\t<div class=\"elementor-column elementor-col-100 elementor-inner-column elementor-element elementor-element-702ef4b5\" data-id=\"702ef4b5\" data-element_type=\"column\" data-settings=\"{&quot;background_background&quot;:&quot;classic&quot;}\">\n\t\t\t<div class=\"elementor-widget-wrap elementor-element-populated\">\n\t\t\t\t\t\t\t\t<div class=\"elementor-element elementor-element-c4b355e elementor-widget elementor-widget-hub_fancy_heading\" data-id=\"c4b355e\" data-element_type=\"widget\" data-widget_type=\"hub_fancy_heading.default\">\n\t\t\t\t<div class=\"elementor-widget-container\">\n\t\t\t\n\t\t<div id=\"ld-fancy-heading-69f2248fccec0\" class=\"ld-fancy-heading pos-rel\">\n\t\t\t<h2 class=\"ld-fh-element d-inline-block pos-rel  elementor-heading-title lqd-highlight-classic lqd-highlight-grow-left h2\"  > Hemen Bilgi Al<\/h2>\t\t<\/div>\n\n\t\t\t\t<\/div>\n\t\t\t\t<\/div>\n\t\t\t\t<div class=\"elementor-element elementor-element-b7b8b7b elementor-widget elementor-widget-ld_cf722\" data-id=\"b7b8b7b\" data-element_type=\"widget\" data-widget_type=\"ld_cf722.default\">\n\t\t\t\t<div class=\"elementor-widget-container\">\n\t\t\t\n\t<div class=\"lqd-contact-form lqd-contact-form-inputs-filled lqd-contact-form-inputs-round lqd-contact-form-button-block lqd-contact-form-button-round\" >\n\t\t<div role=\"form\" class=\"wpcf7\" id=\"wpcf7-f6-o1\" lang=\"tr-TR\" dir=\"ltr\">\n<div class=\"screen-reader-response\"><p role=\"status\" aria-live=\"polite\" aria-atomic=\"true\"><\/p> <ul><\/ul><\/div>\n<form action=\"\/tr\/wp-json\/wp\/v2\/pages\/817#wpcf7-f6-o1\" method=\"post\" class=\"wpcf7-form init\" novalidate=\"novalidate\" data-status=\"init\">\n<div style=\"display: none;\">\n<input type=\"hidden\" name=\"_wpcf7\" value=\"6\" \/>\n<input type=\"hidden\" name=\"_wpcf7_version\" value=\"5.6.3\" \/>\n<input type=\"hidden\" name=\"_wpcf7_locale\" value=\"tr_TR\" \/>\n<input type=\"hidden\" name=\"_wpcf7_unit_tag\" value=\"wpcf7-f6-o1\" \/>\n<input type=\"hidden\" name=\"_wpcf7_container_post\" value=\"0\" \/>\n<input type=\"hidden\" name=\"_wpcf7_posted_data_hash\" value=\"\" \/>\n<\/div>\n<p><span class=\"wpcf7-form-control-wrap\" data-name=\"adi\"><input type=\"text\" name=\"adi\" value=\"\" size=\"40\" class=\"wpcf7-form-control wpcf7-text wpcf7-validates-as-required\" aria-required=\"true\" aria-invalid=\"false\" placeholder=\"Ad\u0131n\u0131z\" \/><\/span><br \/>\n<span class=\"wpcf7-form-control-wrap\" data-name=\"telefon\"><input type=\"text\" name=\"telefon\" value=\"\" size=\"40\" class=\"wpcf7-form-control wpcf7-text wpcf7-validates-as-required\" aria-required=\"true\" aria-invalid=\"false\" placeholder=\"Telefon Numaran\u0131z\" \/><\/span><br \/>\n<span class=\"wpcf7-form-control-wrap\" data-name=\"mesaj\"><textarea name=\"mesaj\" cols=\"40\" rows=\"3\" class=\"wpcf7-form-control wpcf7-textarea\" aria-invalid=\"false\" placeholder=\"Mesaj\u0131n\u0131z\"><\/textarea><\/span><br \/>\n<input type=\"submit\" value=\"Formu G\u00f6nder\" class=\"wpcf7-form-control has-spinner wpcf7-submit\" \/><\/p>\n<div class=\"wpcf7-response-output\" aria-hidden=\"true\"><\/div><\/form><\/div>\t<\/div>\n\n\t\t\t<\/div>\n\t\t\t\t<\/div>\n\t\t\t\t\t<\/div>\n\t\t<\/div>\n\t\t\t\t\t\t\t<\/div>\n\t\t<\/section>\n\t\t\t\t\t<\/div>\n\t\t<\/div>\n\t\t\t\t<div class=\"elementor-column elementor-col-50 elementor-top-column elementor-element elementor-element-231f3078\" data-id=\"231f3078\" data-element_type=\"column\">\n\t\t\t<div class=\"elementor-widget-wrap elementor-element-populated\">\n\t\t\t\t\t\t\t\t<div class=\"elementor-element elementor-element-cc9606b elementor-widget elementor-widget-image\" data-id=\"cc9606b\" data-element_type=\"widget\" data-widget_type=\"image.default\">\n\t\t\t\t<div class=\"elementor-widget-container\">\n\t\t\t<style>\/*! elementor - v3.7.4 - 31-08-2022 *\/\n.elementor-widget-image{text-align:center}.elementor-widget-image a{display:inline-block}.elementor-widget-image a img[src$=\".svg\"]{width:48px}.elementor-widget-image img{vertical-align:middle;display:inline-block}<\/style>\t\t\t\t\t\t\t\t\t\t\t\t<img decoding=\"async\" width=\"930\" height=\"550\" src=\"https:\/\/drhimmelclinic.com\/tr\/wp-content\/uploads\/2022\/09\/karin-germe-header.jpg\" class=\"elementor-animation-float attachment-full size-full\" alt=\"\" srcset=\"https:\/\/drhimmelclinic.com\/tr\/wp-content\/uploads\/2022\/09\/karin-germe-header.jpg 930w, https:\/\/drhimmelclinic.com\/tr\/wp-content\/uploads\/2022\/09\/karin-germe-header-300x177.jpg 300w, https:\/\/drhimmelclinic.com\/tr\/wp-content\/uploads\/2022\/09\/karin-germe-header-600x355.jpg 600w\" sizes=\"(max-width: 930px) 100vw, 930px\" \/>\t\t\t\t\t\t\t\t\t\t\t\t\t\t\t<\/div>\n\t\t\t\t<\/div>\n\t\t\t\t<div class=\"elementor-element elementor-element-c153a33 elementor-widget elementor-widget-spacer\" data-id=\"c153a33\" data-element_type=\"widget\" data-widget_type=\"spacer.default\">\n\t\t\t\t<div class=\"elementor-widget-container\">\n\t\t\t<style>\/*! elementor - v3.7.4 - 31-08-2022 *\/\n.elementor-column .elementor-spacer-inner{height:var(--spacer-size)}.e-container{--container-widget-width:100%}.e-container>.elementor-widget-spacer{width:var(--container-widget-width,var(--spacer-size));-ms-flex-item-align:stretch;align-self:stretch;-ms-flex-negative:0;flex-shrink:0}.e-container>.elementor-widget-spacer>.elementor-widget-container,.e-container>.elementor-widget-spacer>.elementor-widget-container>.elementor-spacer{height:100%}.e-container>.elementor-widget-spacer>.elementor-widget-container>.elementor-spacer>.elementor-spacer-inner{height:var(--container-widget-height,var(--spacer-size))}<\/style>\t\t<div class=\"elementor-spacer\">\n\t\t\t<div class=\"elementor-spacer-inner\"><\/div>\n\t\t<\/div>\n\t\t\t\t<\/div>\n\t\t\t\t<\/div>\n\t\t\t\t<div class=\"elementor-element elementor-element-527f0d1f elementor-widget elementor-widget-hub_fancy_heading\" data-id=\"527f0d1f\" data-element_type=\"widget\" data-widget_type=\"hub_fancy_heading.default\">\n\t\t\t\t<div class=\"elementor-widget-container\">\n\t\t\t\n\t\t<div id=\"ld-fancy-heading-69f2248fd61e2\" class=\"ld-fancy-heading pos-rel\">\n\t\t\t<h2 class=\"ld-fh-element d-inline-block pos-rel  elementor-heading-title lqd-highlight-classic lqd-highlight-grow-left h2\"  > Kar\u0131n Germe<\/h2>\t\t<\/div>\n\n\t\t\t\t<\/div>\n\t\t\t\t<\/div>\n\t\t\t\t<div class=\"elementor-element elementor-element-7eef461 elementor-widget elementor-widget-text-editor\" data-id=\"7eef461\" data-element_type=\"widget\" data-widget_type=\"text-editor.default\">\n\t\t\t\t<div class=\"elementor-widget-container\">\n\t\t\t<style>\/*! elementor - v3.7.4 - 31-08-2022 *\/\n.elementor-widget-text-editor.elementor-drop-cap-view-stacked .elementor-drop-cap{background-color:#818a91;color:#fff}.elementor-widget-text-editor.elementor-drop-cap-view-framed .elementor-drop-cap{color:#818a91;border:3px solid;background-color:transparent}.elementor-widget-text-editor:not(.elementor-drop-cap-view-default) .elementor-drop-cap{margin-top:8px}.elementor-widget-text-editor:not(.elementor-drop-cap-view-default) .elementor-drop-cap-letter{width:1em;height:1em}.elementor-widget-text-editor .elementor-drop-cap{float:left;text-align:center;line-height:1;font-size:50px}.elementor-widget-text-editor .elementor-drop-cap-letter{display:inline-block}<\/style>\t\t\t\t<p>Kar\u0131n germe ameliyat\u0131, karn\u0131n \u00f6n k\u0131sm\u0131nda yer alan fazla ya\u011f\u0131n ve sark\u0131k olan derinin al\u0131nd\u0131\u011f\u0131 ve kar\u0131n kaslar\u0131n\u0131n gerildi\u011fi cerrahi bir i\u015flemdir. Genellikle bu \u00e7atlaklar ani kilo de\u011fi\u015fikliklerinde ve hamilelikte g\u00f6r\u00fclmektedir. Kar\u0131n germe ameliyat\u0131nda ki ama\u00e7 \u00e7atlaklar\u0131n giderilmesi, kar\u0131n ya\u011flar\u0131n\u0131n al\u0131nmas\u0131 ve ameliyattan sonra kar\u0131n b\u00f6lgesinin ideal g\u00f6r\u00fcn\u00fcm\u00fcne kavu\u015fturulmas\u0131d\u0131r. Kar\u0131n germe ameliyat\u0131n\u0131n s\u00fcresi 2 ile 4 saat aras\u0131nda de\u011fi\u015fmektedir. Ameliyat olan hastan\u0131n diki\u015fleri ise iyile\u015fme s\u00fcrecine ba\u011fl\u0131 olarak 10-15 g\u00fcn de al\u0131nmaktad\u0131r. Hastalar hastanede bir gece g\u00f6zetimimiz alt\u0131nda kald\u0131ktan sonra \u00e7\u0131k\u0131\u015f yapabilir ve i\u015flerine de 2 ile 4 hafta sonra d\u00f6nebilmektedirler. Cerrahlar\u0131m\u0131z kar\u0131n germe ameliyat\u0131n\u0131n ard\u0131ndan hastalar\u0131m\u0131za belirli bir s\u00fcre korse giymelerini ve egzersizden bir m\u00fcddet uzak durmalar\u0131n\u0131 tavsiye etmektedir. Kar\u0131n germe ameliyat\u0131ndan sonra hafif bir iz kalacakt\u0131r. Bu iz belirli bir s\u00fcre sonra zamanla silikle\u015fece\u011finden ve ameliyat izlerinin yeri tercih edilen i\u00e7 \u00e7ama\u015f\u0131r modeline g\u00f6re belirlenece\u011finden hastalar i\u00e7in hi\u00e7bir sorun te\u015fkil etmeyecektir.<\/p><p>Tam kar\u0131n germe ameliyat\u0131 a\u015f\u0131r\u0131 kilo de\u011fi\u015fimi ya\u015fam\u0131\u015f veya do\u011fum yapm\u0131\u015f ki\u015filere uygulanmaktad\u0131r. Hastan\u0131n g\u00f6bek deli\u011finin \u00fcst taraf\u0131nda deri fazlas\u0131 varsa, oturdu\u011fu esnada da g\u00f6bek deli\u011finin alt taraf\u0131nda eliyle tutabilece\u011fi kadar bir kat olu\u015fmaktaysa bu hasta kar\u0131n germe ameliyat\u0131 i\u00e7in uygun demektir. Kar\u0131n germe ameliyat\u0131 i\u00e7in a\u015f\u0131r\u0131 obez olmayan ki\u015filer, diyet ve spora ra\u011fmen kar\u0131n ya\u011flar\u0131 erimeyenler, kilo verdikten sonra kar\u0131n b\u00f6lgesinde sarkma, gev\u015feme ve \u00e7atlak olanlar, do\u011fum yapmasa bile b\u00fcy\u00fck bir karn\u0131 olanlar, hamileli\u011fe ba\u011fl\u0131 olarak sarkma, gev\u015feme ve \u00e7atlama olanlar, v\u00fccudu estetik \u00f6l\u00e7\u00fclerde olmas\u0131na ra\u011fmen kar\u0131n b\u00f6lgesinde ya\u011flanmas\u0131 olanlar kar\u0131n germe ameliyat\u0131 i\u00e7in uygun ki\u015filerdir. Kar\u0131n germe ameliyat\u0131n\u0131n yap\u0131lmas\u0131n\u0131 engelleyen sa\u011fl\u0131k sorunu olmayan ki\u015filer rahatl\u0131kla kar\u0131n germe ameliyat\u0131 (abdominoplasti) olabilirler. Hastada deri fazlas\u0131 yok ise, sadece biraz ya\u011flanmas\u0131 var ise kar\u0131n duvar\u0131 da do\u011fum ve kilo de\u011fi\u015fimi sebebi ile gev\u015femi\u015f ise endoskopik kar\u0131n germe ameliyat\u0131 tercih edilmektedir. Deri ve ya\u011f fazlas\u0131 yaln\u0131zca g\u00f6be\u011fin alt taraf\u0131nda birikmi\u015f ise mini kar\u0131n germe ameliyat\u0131 yap\u0131lmaktad\u0131r.<\/p><p>B\u00fct\u00fcn ameliyatlarda oldu\u011fu gibi kar\u0131n germe ameliyat\u0131nda hemen \u00f6ncesinde de dikkat etmeniz gereken \u015feyler vard\u0131r. Bunlar\u0131n ba\u015f\u0131nda sigara kullan\u0131m\u0131n\u0131 b\u0131rakmak gelmektedir. \u00c7\u00fcnk\u00fc sigara kan dola\u015f\u0131m\u0131n\u0131 yava\u015flat\u0131r ve ameliyat yaralar\u0131n\u0131n iyile\u015fme s\u00fcresini uzat\u0131r. Ameliyat\u0131n son haftas\u0131nda kesinlikle kan suland\u0131r\u0131c\u0131 ila\u00e7lar\u0131 ve anesteziyi olumsuz olarak etkileyecek ila\u00e7lar\u0131 kullanmay\u0131 b\u0131rakmal\u0131s\u0131n\u0131z. Kad\u0131nlar\u0131n \u00f6zel g\u00fcnleri ile ameliyat tarihinin denk gelmemesi i\u00e7in \u00f6nceden buna uyarak plan yapman\u0131z \u00f6nemli olacakt\u0131r.<\/p>\t\t\t\t\t\t<\/div>\n\t\t\t\t<\/div>\n\t\t\t\t<div class=\"elementor-element elementor-element-4e40ebec elementor-widget-divider--view-line elementor-widget elementor-widget-divider\" data-id=\"4e40ebec\" data-element_type=\"widget\" data-widget_type=\"divider.default\">\n\t\t\t\t<div class=\"elementor-widget-container\">\n\t\t\t<style>\/*! elementor - v3.7.4 - 31-08-2022 *\/\n.elementor-widget-divider{--divider-border-style:none;--divider-border-width:1px;--divider-color:#2c2c2c;--divider-icon-size:20px;--divider-element-spacing:10px;--divider-pattern-height:24px;--divider-pattern-size:20px;--divider-pattern-url:none;--divider-pattern-repeat:repeat-x}.elementor-widget-divider .elementor-divider{display:-webkit-box;display:-ms-flexbox;display:flex}.elementor-widget-divider .elementor-divider__text{font-size:15px;line-height:1;max-width:95%}.elementor-widget-divider .elementor-divider__element{margin:0 var(--divider-element-spacing);-ms-flex-negative:0;flex-shrink:0}.elementor-widget-divider .elementor-icon{font-size:var(--divider-icon-size)}.elementor-widget-divider .elementor-divider-separator{display:-webkit-box;display:-ms-flexbox;display:flex;margin:0;direction:ltr}.elementor-widget-divider--view-line_icon .elementor-divider-separator,.elementor-widget-divider--view-line_text .elementor-divider-separator{-webkit-box-align:center;-ms-flex-align:center;align-items:center}.elementor-widget-divider--view-line_icon .elementor-divider-separator:after,.elementor-widget-divider--view-line_icon .elementor-divider-separator:before,.elementor-widget-divider--view-line_text .elementor-divider-separator:after,.elementor-widget-divider--view-line_text .elementor-divider-separator:before{display:block;content:\"\";border-bottom:0;-webkit-box-flex:1;-ms-flex-positive:1;flex-grow:1;border-top:var(--divider-border-width) var(--divider-border-style) var(--divider-color)}.elementor-widget-divider--element-align-left .elementor-divider .elementor-divider-separator>.elementor-divider__svg:first-of-type{-webkit-box-flex:0;-ms-flex-positive:0;flex-grow:0;-ms-flex-negative:100;flex-shrink:100}.elementor-widget-divider--element-align-left .elementor-divider-separator:before{content:none}.elementor-widget-divider--element-align-left .elementor-divider__element{margin-left:0}.elementor-widget-divider--element-align-right .elementor-divider .elementor-divider-separator>.elementor-divider__svg:last-of-type{-webkit-box-flex:0;-ms-flex-positive:0;flex-grow:0;-ms-flex-negative:100;flex-shrink:100}.elementor-widget-divider--element-align-right .elementor-divider-separator:after{content:none}.elementor-widget-divider--element-align-right .elementor-divider__element{margin-right:0}.elementor-widget-divider:not(.elementor-widget-divider--view-line_text):not(.elementor-widget-divider--view-line_icon) .elementor-divider-separator{border-top:var(--divider-border-width) var(--divider-border-style) var(--divider-color)}.elementor-widget-divider--separator-type-pattern{--divider-border-style:none}.elementor-widget-divider--separator-type-pattern.elementor-widget-divider--view-line .elementor-divider-separator,.elementor-widget-divider--separator-type-pattern:not(.elementor-widget-divider--view-line) .elementor-divider-separator:after,.elementor-widget-divider--separator-type-pattern:not(.elementor-widget-divider--view-line) .elementor-divider-separator:before,.elementor-widget-divider--separator-type-pattern:not([class*=elementor-widget-divider--view]) .elementor-divider-separator{width:100%;min-height:var(--divider-pattern-height);-webkit-mask-size:var(--divider-pattern-size) 100%;mask-size:var(--divider-pattern-size) 100%;-webkit-mask-repeat:var(--divider-pattern-repeat);mask-repeat:var(--divider-pattern-repeat);background-color:var(--divider-color);-webkit-mask-image:var(--divider-pattern-url);mask-image:var(--divider-pattern-url)}.elementor-widget-divider--no-spacing{--divider-pattern-size:auto}.elementor-widget-divider--bg-round{--divider-pattern-repeat:round}.rtl .elementor-widget-divider .elementor-divider__text{direction:rtl}.e-container>.elementor-widget-divider{width:var(--container-widget-width,100%);--flex-grow:var(--container-widget-flex-grow,0)}<\/style>\t\t<div class=\"elementor-divider\">\n\t\t\t<span class=\"elementor-divider-separator\">\n\t\t\t\t\t\t<\/span>\n\t\t<\/div>\n\t\t\t\t<\/div>\n\t\t\t\t<\/div>\n\t\t\t\t<div class=\"elementor-element elementor-element-35c57f11 elementor-widget elementor-widget-hub_fancy_heading\" data-id=\"35c57f11\" data-element_type=\"widget\" data-widget_type=\"hub_fancy_heading.default\">\n\t\t\t\t<div class=\"elementor-widget-container\">\n\t\t\t\n\t\t<div id=\"ld-fancy-heading-69f2248fd9a5c\" class=\"ld-fancy-heading pos-rel\">\n\t\t\t<h3 class=\"ld-fh-element d-inline-block pos-rel  elementor-heading-title lqd-highlight-classic lqd-highlight-grow-left h3\"  > S\u0131k Sorulan Sorular<\/h3>\t\t<\/div>\n\n\t\t\t\t<\/div>\n\t\t\t\t<\/div>\n\t\t\t\t<div class=\"elementor-element elementor-element-71ce774c elementor-widget elementor-widget-ld_accordion\" data-id=\"71ce774c\" data-element_type=\"widget\" data-widget_type=\"ld_accordion.default\">\n\t\t\t\t<div class=\"elementor-widget-container\">\n\t\t\t\n\t\t<div class=\"accordion accordion-lg accordion-side-spacing accordion-title-bg-transparent accordion-expander-lg accordion-active-has-fill\" id=\"accordion-69f2248fdbc33\" role=\"tablist\" aria-multiselectable=\"true\">\n\t\t\t\t\t\t\t\t\t\t\t\t<div class=\"accordion-item panel  active\">\n\t\t\t\t\n\t\t\t\t<div class=\"accordion-heading\" role=\"tab\" id=\"heading-1901\">\n\t\t\t\t<h4 class=\"accordion-title \">\t\t\t\t\t<a class=\"\" role=\"button\" data-toggle=\"collapse\" \n\t\t\t\t\tdata-parent=\"#accordion-69f2248fdbc33\" href=\"#collapse-1901\" \n\t\t\t\t\taria-expanded=\"true\" aria-controls=\"collapse-1901\">\n\t\t\t\t\t\t\t\t\t\t\t\t<span class=\"accordion-title-txt\">Kar\u0131n germe ameliyat\u0131nda a\u011fr\u0131 hisseder miyim?<\/span>\n\t\t\t\t\t\t\t\t\t\t\t\t\t<span class=\"accordion-expander\"><i class=\"lqd-icn-ess icon-ion-ios-arrow-down\"><\/i><i class=\"lqd-icn-ess icon-ion-ios-arrow-up\"><\/i><\/span>\t\t\t\t\t\t\t\t\t\t\t<\/a>\n\t\t\t\t<\/h4>\t\t\t\t<\/div>\n\t\t\t\t\n\t\t\t\t<div id=\"collapse-1901\" class=\"accordion-collapse collapse  in\" role=\"tabpanel\" aria-labelledby=\"heading-1901\">\n\n\t\t\t\t<div class=\"accordion-content\">\n\t\t\t\t\t<p>Kar\u0131n germe ameliyat\u0131 a\u011fr\u0131l\u0131 bir operasyon de\u011fildir. Kar\u0131n germe ameliyat\u0131 esnas\u0131nda b\u00fct\u00fcn kesiklere ve kar\u0131n duvar\u0131na uzun s\u00fcre etkisini g\u00f6steren lokal anesteziler yap\u0131lmaktad\u0131r. Bu sayede hastalar ameliyat sonras\u0131nda da a\u011fr\u0131 duymayacaklard\u0131r. Ameliyat\u0131n ertesi g\u00fcn\u00fc biraz a\u011fr\u0131 hissetseler de bu a\u011fr\u0131 kar\u0131n germenin ortaya \u00e7\u0131kard\u0131\u011f\u0131 gerginlikten dolay\u0131 olacakt\u0131r. Endoskopik kar\u0131n germe ve mini kar\u0131n germe ameliyatlar\u0131nda ise a\u011fr\u0131 daha da az olacakt\u0131r.<\/p>\t\t\t\t<\/div>\n\t\t\t\t\t\t\n\t\t\t\t<\/div>\n\t\t\t\t\n\t\t\t<\/div>\n\t\t\t\t\t\t\t\t\t<div class=\"accordion-item panel \">\n\t\t\t\t\n\t\t\t\t<div class=\"accordion-heading\" role=\"tab\" id=\"heading-1902\">\n\t\t\t\t<h4 class=\"accordion-title \">\t\t\t\t\t<a class=\"collapsed\" role=\"button\" data-toggle=\"collapse\" \n\t\t\t\t\tdata-parent=\"#accordion-69f2248fdbc33\" href=\"#collapse-1902\" \n\t\t\t\t\taria-expanded=\"false\" aria-controls=\"collapse-1902\">\n\t\t\t\t\t\t\t\t\t\t\t\t<span class=\"accordion-title-txt\">Kar\u0131n germe ameliyat\u0131 olduktan sonra neler ya\u015far\u0131m?<\/span>\n\t\t\t\t\t\t\t\t\t\t\t\t\t<span class=\"accordion-expander\"><i class=\"lqd-icn-ess icon-ion-ios-arrow-down\"><\/i><i class=\"lqd-icn-ess icon-ion-ios-arrow-up\"><\/i><\/span>\t\t\t\t\t\t\t\t\t\t\t<\/a>\n\t\t\t\t<\/h4>\t\t\t\t<\/div>\n\t\t\t\t\n\t\t\t\t<div id=\"collapse-1902\" class=\"accordion-collapse collapse \" role=\"tabpanel\" aria-labelledby=\"heading-1902\">\n\n\t\t\t\t<div class=\"accordion-content\">\n\t\t\t\t\t<p>Kar\u0131n germe ameliyat\u0131ndan sonra hastalara mutlaka emboli \u00f6nleyici \u00e7oraplar giydirilmekte, idrar sondas\u0131 tak\u0131lmakta, diren konulmakta ve kar\u0131n korsesi giydirilmektedir. Ameliyattan birka\u00e7 saat sonra yemek yiyebilir ve aya\u011fa kalkabilirsiniz. Diki\u015flere fazla y\u00fck binmemesi ad\u0131na ilk zamanlarda \u00f6ne e\u011fik y\u00fcr\u00fcmeleri gerekmektedir. Ameliyattan sonra diki\u015fler deri alt\u0131nda b\u0131rak\u0131ld\u0131\u011f\u0131 i\u00e7in diki\u015f al\u0131nmas\u0131 i\u015flemine gerek yoktur. Bir hafta sonra normal ya\u015fant\u0131n\u0131za d\u00f6nebilir, \u00fc\u00e7 hafta sonras\u0131nda da spora ba\u015flayabilirsiniz.<\/p>\t\t\t\t<\/div>\n\t\t\t\t\t\t\n\t\t\t\t<\/div>\n\t\t\t\t\n\t\t\t<\/div>\n\t\t\t\t\t\t\t\t\t<div class=\"accordion-item panel \">\n\t\t\t\t\n\t\t\t\t<div class=\"accordion-heading\" role=\"tab\" id=\"heading-1903\">\n\t\t\t\t<h4 class=\"accordion-title \">\t\t\t\t\t<a class=\"collapsed\" role=\"button\" data-toggle=\"collapse\" \n\t\t\t\t\tdata-parent=\"#accordion-69f2248fdbc33\" href=\"#collapse-1903\" \n\t\t\t\t\taria-expanded=\"false\" aria-controls=\"collapse-1903\">\n\t\t\t\t\t\t\t\t\t\t\t\t<span class=\"accordion-title-txt\">Kar\u0131n germe ameliyat\u0131ndan sonra eski halime d\u00f6ner miyim?<\/span>\n\t\t\t\t\t\t\t\t\t\t\t\t\t<span class=\"accordion-expander\"><i class=\"lqd-icn-ess icon-ion-ios-arrow-down\"><\/i><i class=\"lqd-icn-ess icon-ion-ios-arrow-up\"><\/i><\/span>\t\t\t\t\t\t\t\t\t\t\t<\/a>\n\t\t\t\t<\/h4>\t\t\t\t<\/div>\n\t\t\t\t\n\t\t\t\t<div id=\"collapse-1903\" class=\"accordion-collapse collapse \" role=\"tabpanel\" aria-labelledby=\"heading-1903\">\n\n\t\t\t\t<div class=\"accordion-content\">\n\t\t\t\t\tKar\u0131n germe ameliyat\u0131, o b\u00f6lgede ki sorunlara kal\u0131c\u0131 \u00e7\u00f6z\u00fcmler getirmektedir. Fakat ameliyattan sonra a\u015f\u0131r\u0131 kilo de\u011fi\u015fimi ve hamilelik durumlar\u0131 olursa bir miktar kay\u0131p g\u00f6r\u00fclebilir. Yine de hasta eski haline d\u00f6nmez. Hastalar kar\u0131n germe ameliyat\u0131ndan sonra kilolar\u0131na dikkat ederler ve dengeli bir \u015fekilde beslenirlerse hi\u00e7bir sorun ya\u015famayacaklard\u0131r.\n\n\t\t\t\t<\/div>\n\t\t\t\t\t\t\n\t\t\t\t<\/div>\n\t\t\t\t\n\t\t\t<\/div>\n\t\t\t\t\t\t\t\t\t\n\t\t<\/div>\n\n\t\t\t\t<\/div>\n\t\t\t\t<\/div>\n\t\t\t\t\t<\/div>\n\t\t<\/div>\n\t\t\t\t\t\t\t<\/div>\n\t\t<\/section>\n\t\t\t\t\t\t\t<\/div>\n\t\t","protected":false},"excerpt":{"rendered":"<p>Hemen Bilgi Al Kar\u0131n Germe Kar\u0131n germe ameliyat\u0131, karn\u0131n \u00f6n k\u0131sm\u0131nda yer alan fazla ya\u011f\u0131n ve sark\u0131k olan derinin al\u0131nd\u0131\u011f\u0131 ve kar\u0131n kaslar\u0131n\u0131n gerildi\u011fi cerrahi bir i\u015flemdir. Genellikle bu \u00e7atlaklar ani kilo de\u011fi\u015fikliklerinde ve hamilelikte g\u00f6r\u00fclmektedir. Kar\u0131n germe ameliyat\u0131nda ki ama\u00e7 \u00e7atlaklar\u0131n giderilmesi, kar\u0131n ya\u011flar\u0131n\u0131n al\u0131nmas\u0131 ve ameliyattan sonra kar\u0131n b\u00f6lgesinin ideal g\u00f6r\u00fcn\u00fcm\u00fcne kavu\u015fturulmas\u0131d\u0131r. Kar\u0131n [&hellip;]<\/p>\n","protected":false},"author":1,"featured_media":0,"parent":0,"menu_order":0,"comment_status":"closed","ping_status":"closed","template":"","meta":{"footnotes":""},"class_list":["post-817","page","type-page","status-publish","hentry"],"_links":{"self":[{"href":"https:\/\/drhimmelclinic.com\/tr\/wp-json\/wp\/v2\/pages\/817","targetHints":{"allow":["GET"]}}],"collection":[{"href":"https:\/\/drhimmelclinic.com\/tr\/wp-json\/wp\/v2\/pages"}],"about":[{"href":"https:\/\/drhimmelclinic.com\/tr\/wp-json\/wp\/v2\/types\/page"}],"author":[{"embeddable":true,"href":"https:\/\/drhimmelclinic.com\/tr\/wp-json\/wp\/v2\/users\/1"}],"replies":[{"embeddable":true,"href":"https:\/\/drhimmelclinic.com\/tr\/wp-json\/wp\/v2\/comments?post=817"}],"version-history":[{"count":7,"href":"https:\/\/drhimmelclinic.com\/tr\/wp-json\/wp\/v2\/pages\/817\/revisions"}],"predecessor-version":[{"id":1060,"href":"https:\/\/drhimmelclinic.com\/tr\/wp-json\/wp\/v2\/pages\/817\/revisions\/1060"}],"wp:attachment":[{"href":"https:\/\/drhimmelclinic.com\/tr\/wp-json\/wp\/v2\/media?parent=817"}],"curies":[{"name":"wp","href":"https:\/\/api.w.org\/{rel}","templated":true}]}}