{"id":834,"date":"2022-09-17T11:36:47","date_gmt":"2022-09-17T08:36:47","guid":{"rendered":"https:\/\/drhimmelclinic.com\/tr\/?page_id=834"},"modified":"2022-09-17T13:53:30","modified_gmt":"2022-09-17T10:53:30","slug":"kol-germe","status":"publish","type":"page","link":"https:\/\/drhimmelclinic.com\/tr\/kol-germe","title":{"rendered":"Kol Germe"},"content":{"rendered":"\t\t<div data-elementor-type=\"wp-page\" data-elementor-id=\"834\" class=\"elementor elementor-834\">\n\t\t\t\t\t\t\t\t\t<section class=\"elementor-section elementor-top-section elementor-element elementor-element-100bd8a5 elementor-section-boxed elementor-section-height-default elementor-section-height-default\" data-id=\"100bd8a5\" data-element_type=\"section\">\n\t\t\t\t\t\t<div class=\"elementor-container elementor-column-gap-default\">\n\t\t\t\t\t<div class=\"lqd-css-sticky-column elementor-column elementor-col-50 elementor-top-column elementor-element elementor-element-2eda37c\" style=\"--lqd-sticky-offset:30px\" data-id=\"2eda37c\" data-element_type=\"column\">\n\t\t\t<div class=\"elementor-widget-wrap elementor-element-populated\">\n\t\t\t\t\t\t\t\t<section class=\"elementor-section elementor-inner-section elementor-element elementor-element-505692c0 elementor-section-boxed elementor-section-height-default elementor-section-height-default\" data-id=\"505692c0\" data-element_type=\"section\">\n\t\t\t\t\t\t<div class=\"elementor-container elementor-column-gap-default\">\n\t\t\t\t\t<div class=\"elementor-column elementor-col-100 elementor-inner-column elementor-element elementor-element-702ef4b5\" data-id=\"702ef4b5\" data-element_type=\"column\" data-settings=\"{&quot;background_background&quot;:&quot;classic&quot;}\">\n\t\t\t<div class=\"elementor-widget-wrap elementor-element-populated\">\n\t\t\t\t\t\t\t\t<div class=\"elementor-element elementor-element-c4b355e elementor-widget elementor-widget-hub_fancy_heading\" data-id=\"c4b355e\" data-element_type=\"widget\" data-widget_type=\"hub_fancy_heading.default\">\n\t\t\t\t<div class=\"elementor-widget-container\">\n\t\t\t\n\t\t<div id=\"ld-fancy-heading-69f224852fdd5\" class=\"ld-fancy-heading pos-rel\">\n\t\t\t<h2 class=\"ld-fh-element d-inline-block pos-rel  elementor-heading-title lqd-highlight-classic lqd-highlight-grow-left h2\"  > Hemen Bilgi Al<\/h2>\t\t<\/div>\n\n\t\t\t\t<\/div>\n\t\t\t\t<\/div>\n\t\t\t\t<div class=\"elementor-element elementor-element-b7b8b7b elementor-widget elementor-widget-ld_cf722\" data-id=\"b7b8b7b\" data-element_type=\"widget\" data-widget_type=\"ld_cf722.default\">\n\t\t\t\t<div class=\"elementor-widget-container\">\n\t\t\t\n\t<div class=\"lqd-contact-form lqd-contact-form-inputs-filled lqd-contact-form-inputs-round lqd-contact-form-button-block lqd-contact-form-button-round\" >\n\t\t<div role=\"form\" class=\"wpcf7\" id=\"wpcf7-f6-o1\" lang=\"tr-TR\" dir=\"ltr\">\n<div class=\"screen-reader-response\"><p role=\"status\" aria-live=\"polite\" aria-atomic=\"true\"><\/p> <ul><\/ul><\/div>\n<form action=\"\/tr\/wp-json\/wp\/v2\/pages\/834#wpcf7-f6-o1\" method=\"post\" class=\"wpcf7-form init\" novalidate=\"novalidate\" data-status=\"init\">\n<div style=\"display: none;\">\n<input type=\"hidden\" name=\"_wpcf7\" value=\"6\" \/>\n<input type=\"hidden\" name=\"_wpcf7_version\" value=\"5.6.3\" \/>\n<input type=\"hidden\" name=\"_wpcf7_locale\" value=\"tr_TR\" \/>\n<input type=\"hidden\" name=\"_wpcf7_unit_tag\" value=\"wpcf7-f6-o1\" \/>\n<input type=\"hidden\" name=\"_wpcf7_container_post\" value=\"0\" \/>\n<input type=\"hidden\" name=\"_wpcf7_posted_data_hash\" value=\"\" \/>\n<\/div>\n<p><span class=\"wpcf7-form-control-wrap\" data-name=\"adi\"><input type=\"text\" name=\"adi\" value=\"\" size=\"40\" class=\"wpcf7-form-control wpcf7-text wpcf7-validates-as-required\" aria-required=\"true\" aria-invalid=\"false\" placeholder=\"Ad\u0131n\u0131z\" \/><\/span><br \/>\n<span class=\"wpcf7-form-control-wrap\" data-name=\"telefon\"><input type=\"text\" name=\"telefon\" value=\"\" size=\"40\" class=\"wpcf7-form-control wpcf7-text wpcf7-validates-as-required\" aria-required=\"true\" aria-invalid=\"false\" placeholder=\"Telefon Numaran\u0131z\" \/><\/span><br \/>\n<span class=\"wpcf7-form-control-wrap\" data-name=\"mesaj\"><textarea name=\"mesaj\" cols=\"40\" rows=\"3\" class=\"wpcf7-form-control wpcf7-textarea\" aria-invalid=\"false\" placeholder=\"Mesaj\u0131n\u0131z\"><\/textarea><\/span><br \/>\n<input type=\"submit\" value=\"Formu G\u00f6nder\" class=\"wpcf7-form-control has-spinner wpcf7-submit\" \/><\/p>\n<div class=\"wpcf7-response-output\" aria-hidden=\"true\"><\/div><\/form><\/div>\t<\/div>\n\n\t\t\t<\/div>\n\t\t\t\t<\/div>\n\t\t\t\t\t<\/div>\n\t\t<\/div>\n\t\t\t\t\t\t\t<\/div>\n\t\t<\/section>\n\t\t\t\t\t<\/div>\n\t\t<\/div>\n\t\t\t\t<div class=\"elementor-column elementor-col-50 elementor-top-column elementor-element elementor-element-231f3078\" data-id=\"231f3078\" data-element_type=\"column\">\n\t\t\t<div class=\"elementor-widget-wrap elementor-element-populated\">\n\t\t\t\t\t\t\t\t<div class=\"elementor-element elementor-element-cc9606b elementor-widget elementor-widget-image\" data-id=\"cc9606b\" data-element_type=\"widget\" data-widget_type=\"image.default\">\n\t\t\t\t<div class=\"elementor-widget-container\">\n\t\t\t<style>\/*! elementor - v3.7.4 - 31-08-2022 *\/\n.elementor-widget-image{text-align:center}.elementor-widget-image a{display:inline-block}.elementor-widget-image a img[src$=\".svg\"]{width:48px}.elementor-widget-image img{vertical-align:middle;display:inline-block}<\/style>\t\t\t\t\t\t\t\t\t\t\t\t<img decoding=\"async\" width=\"930\" height=\"550\" src=\"https:\/\/drhimmelclinic.com\/tr\/wp-content\/uploads\/2022\/09\/kol-germe-header.jpg\" class=\"elementor-animation-float attachment-full size-full\" alt=\"\" srcset=\"https:\/\/drhimmelclinic.com\/tr\/wp-content\/uploads\/2022\/09\/kol-germe-header.jpg 930w, https:\/\/drhimmelclinic.com\/tr\/wp-content\/uploads\/2022\/09\/kol-germe-header-300x177.jpg 300w, https:\/\/drhimmelclinic.com\/tr\/wp-content\/uploads\/2022\/09\/kol-germe-header-600x355.jpg 600w\" sizes=\"(max-width: 930px) 100vw, 930px\" \/>\t\t\t\t\t\t\t\t\t\t\t\t\t\t\t<\/div>\n\t\t\t\t<\/div>\n\t\t\t\t<div class=\"elementor-element elementor-element-c153a33 elementor-widget elementor-widget-spacer\" data-id=\"c153a33\" data-element_type=\"widget\" data-widget_type=\"spacer.default\">\n\t\t\t\t<div class=\"elementor-widget-container\">\n\t\t\t<style>\/*! elementor - v3.7.4 - 31-08-2022 *\/\n.elementor-column .elementor-spacer-inner{height:var(--spacer-size)}.e-container{--container-widget-width:100%}.e-container>.elementor-widget-spacer{width:var(--container-widget-width,var(--spacer-size));-ms-flex-item-align:stretch;align-self:stretch;-ms-flex-negative:0;flex-shrink:0}.e-container>.elementor-widget-spacer>.elementor-widget-container,.e-container>.elementor-widget-spacer>.elementor-widget-container>.elementor-spacer{height:100%}.e-container>.elementor-widget-spacer>.elementor-widget-container>.elementor-spacer>.elementor-spacer-inner{height:var(--container-widget-height,var(--spacer-size))}<\/style>\t\t<div class=\"elementor-spacer\">\n\t\t\t<div class=\"elementor-spacer-inner\"><\/div>\n\t\t<\/div>\n\t\t\t\t<\/div>\n\t\t\t\t<\/div>\n\t\t\t\t<div class=\"elementor-element elementor-element-527f0d1f elementor-widget elementor-widget-hub_fancy_heading\" data-id=\"527f0d1f\" data-element_type=\"widget\" data-widget_type=\"hub_fancy_heading.default\">\n\t\t\t\t<div class=\"elementor-widget-container\">\n\t\t\t\n\t\t<div id=\"ld-fancy-heading-69f2248535ede\" class=\"ld-fancy-heading pos-rel\">\n\t\t\t<h2 class=\"ld-fh-element d-inline-block pos-rel  elementor-heading-title lqd-highlight-classic lqd-highlight-grow-left h2\"  > Kol Germe<\/h2>\t\t<\/div>\n\n\t\t\t\t<\/div>\n\t\t\t\t<\/div>\n\t\t\t\t<div class=\"elementor-element elementor-element-7eef461 elementor-widget elementor-widget-text-editor\" data-id=\"7eef461\" data-element_type=\"widget\" data-widget_type=\"text-editor.default\">\n\t\t\t\t<div class=\"elementor-widget-container\">\n\t\t\t<style>\/*! elementor - v3.7.4 - 31-08-2022 *\/\n.elementor-widget-text-editor.elementor-drop-cap-view-stacked .elementor-drop-cap{background-color:#818a91;color:#fff}.elementor-widget-text-editor.elementor-drop-cap-view-framed .elementor-drop-cap{color:#818a91;border:3px solid;background-color:transparent}.elementor-widget-text-editor:not(.elementor-drop-cap-view-default) .elementor-drop-cap{margin-top:8px}.elementor-widget-text-editor:not(.elementor-drop-cap-view-default) .elementor-drop-cap-letter{width:1em;height:1em}.elementor-widget-text-editor .elementor-drop-cap{float:left;text-align:center;line-height:1;font-size:50px}.elementor-widget-text-editor .elementor-drop-cap-letter{display:inline-block}<\/style>\t\t\t\t<p>Kolun \u00fcst, arka ve i\u00e7 k\u0131s\u0131mlar\u0131nda sarkmalar\u0131n olmas\u0131 \u00e7o\u011funlukla ya\u011f birikintileri ve deri sarkmalar\u0131yla beraber ortaya \u00e7\u0131kmaktad\u0131r. Sarkman\u0131n bir di\u011fer sebebi ise ya\u015fl\u0131l\u0131k, yer \u00e7ekimi ve aral\u0131kl\u0131 kilo vermeyle ilgilidir. \u00c7\u00fcnk\u00fc bu b\u00f6lgelerde deri ve deri alt\u0131 dokusu daha gev\u015fektir. Sarkmalar ile birlikte biriken ya\u011f dokusunun oran\u0131 ki\u015fiden ki\u015fiye de\u011fi\u015fiklik g\u00f6sterir. Bu sebeple de kol germe esteti\u011fi yap\u0131lacak olan her hasta ayr\u0131 ayr\u0131 de\u011ferlendirilmelidir. Kol germe ameliyatlar\u0131 tek ba\u015f\u0131na yap\u0131labildi\u011fi gibi meme k\u00fc\u00e7\u00fcltme, meme dikle\u015ftirme, kar\u0131n germe, bacak germe ve liposuction ile beraber de yap\u0131labilmektedir. Kol germe ameliyat\u0131n\u0131n \u00f6ncelikle yeterli donan\u0131m\u0131 olan bir hastanede yap\u0131lmas\u0131 gerekmektedir. Ameliyat genel anestezi alt\u0131nda yap\u0131l\u0131r ve yakla\u015f\u0131k olarak 1-3 saat s\u00fcrmektedir. Ameliyat\u0131n ard\u0131ndan bir g\u00fcn hastanede g\u00f6zetim alt\u0131nda kalmak yeterli olacakt\u0131r. \u00c7\u00fcnk\u00fc herhangi bir rahats\u0131z edecek derecede a\u011fr\u0131 olmayacakt\u0131r.<\/p><p>Ki\u015finin kol b\u00f6lgesinde bulunan fazla ya\u011f ve cilt fazlal\u0131klar\u0131n\u0131n al\u0131narak ince ve gergin g\u00f6r\u00fcn\u00fcml\u00fc kollar\u0131n olmas\u0131n\u0131n sa\u011fland\u0131\u011f\u0131 i\u015fleme kol germe ameliyat\u0131 denilmektedir. Kol germe ameliyatlar\u0131 genellikle 40 ya\u015f ve \u00fczerindeki kad\u0131nlara yap\u0131lmaktad\u0131r. Kol b\u00f6lgesinde ya\u011f ve cilt fazlal\u0131\u011f\u0131 olan ve de bu g\u00f6r\u00fcnt\u00fcden rahats\u0131z olan herkese kol germe esteti\u011fi yap\u0131labilir.<\/p><p>B\u00fct\u00fcn ameliyatlarda oldu\u011fu gibi kol germe esteti\u011fi ameliyatlar\u0131nda da ameliyattan yakla\u015f\u0131k iki \u00fc\u00e7 hafta \u00f6ncesinde sigaray\u0131, aspirini, kan suland\u0131r\u0131c\u0131 ila\u00e7lar\u0131 ve benzeri maddeleri b\u0131rakman\u0131z gerekmektedir. Ameliyat\u0131n hemen \u00f6ncesinde de genel sa\u011fl\u0131k durumunuz ve kulland\u0131\u011f\u0131n\u0131z ila\u00e7lar hakk\u0131nda doktorunuza gereken bilgiyi vermeniz gerekecektir. Apranaks, vermidon ve voltaren gibi a\u011fr\u0131 kesicileri, multivitamin haplar\u0131n\u0131, ye\u015fil \u00e7ay\u0131, domates \u00e7ekirde\u011fini, kiraz sap\u0131n\u0131, keten tohumunu ve b\u00fct\u00fcn zay\u0131flama \u00fcr\u00fcnlerini kullanmaman\u0131z gerekmektedir.<\/p>\t\t\t\t\t\t<\/div>\n\t\t\t\t<\/div>\n\t\t\t\t<div class=\"elementor-element elementor-element-4e40ebec elementor-widget-divider--view-line elementor-widget elementor-widget-divider\" data-id=\"4e40ebec\" data-element_type=\"widget\" data-widget_type=\"divider.default\">\n\t\t\t\t<div class=\"elementor-widget-container\">\n\t\t\t<style>\/*! elementor - v3.7.4 - 31-08-2022 *\/\n.elementor-widget-divider{--divider-border-style:none;--divider-border-width:1px;--divider-color:#2c2c2c;--divider-icon-size:20px;--divider-element-spacing:10px;--divider-pattern-height:24px;--divider-pattern-size:20px;--divider-pattern-url:none;--divider-pattern-repeat:repeat-x}.elementor-widget-divider .elementor-divider{display:-webkit-box;display:-ms-flexbox;display:flex}.elementor-widget-divider .elementor-divider__text{font-size:15px;line-height:1;max-width:95%}.elementor-widget-divider .elementor-divider__element{margin:0 var(--divider-element-spacing);-ms-flex-negative:0;flex-shrink:0}.elementor-widget-divider .elementor-icon{font-size:var(--divider-icon-size)}.elementor-widget-divider .elementor-divider-separator{display:-webkit-box;display:-ms-flexbox;display:flex;margin:0;direction:ltr}.elementor-widget-divider--view-line_icon .elementor-divider-separator,.elementor-widget-divider--view-line_text .elementor-divider-separator{-webkit-box-align:center;-ms-flex-align:center;align-items:center}.elementor-widget-divider--view-line_icon .elementor-divider-separator:after,.elementor-widget-divider--view-line_icon .elementor-divider-separator:before,.elementor-widget-divider--view-line_text .elementor-divider-separator:after,.elementor-widget-divider--view-line_text .elementor-divider-separator:before{display:block;content:\"\";border-bottom:0;-webkit-box-flex:1;-ms-flex-positive:1;flex-grow:1;border-top:var(--divider-border-width) var(--divider-border-style) var(--divider-color)}.elementor-widget-divider--element-align-left .elementor-divider .elementor-divider-separator>.elementor-divider__svg:first-of-type{-webkit-box-flex:0;-ms-flex-positive:0;flex-grow:0;-ms-flex-negative:100;flex-shrink:100}.elementor-widget-divider--element-align-left .elementor-divider-separator:before{content:none}.elementor-widget-divider--element-align-left .elementor-divider__element{margin-left:0}.elementor-widget-divider--element-align-right .elementor-divider .elementor-divider-separator>.elementor-divider__svg:last-of-type{-webkit-box-flex:0;-ms-flex-positive:0;flex-grow:0;-ms-flex-negative:100;flex-shrink:100}.elementor-widget-divider--element-align-right .elementor-divider-separator:after{content:none}.elementor-widget-divider--element-align-right .elementor-divider__element{margin-right:0}.elementor-widget-divider:not(.elementor-widget-divider--view-line_text):not(.elementor-widget-divider--view-line_icon) .elementor-divider-separator{border-top:var(--divider-border-width) var(--divider-border-style) var(--divider-color)}.elementor-widget-divider--separator-type-pattern{--divider-border-style:none}.elementor-widget-divider--separator-type-pattern.elementor-widget-divider--view-line .elementor-divider-separator,.elementor-widget-divider--separator-type-pattern:not(.elementor-widget-divider--view-line) .elementor-divider-separator:after,.elementor-widget-divider--separator-type-pattern:not(.elementor-widget-divider--view-line) .elementor-divider-separator:before,.elementor-widget-divider--separator-type-pattern:not([class*=elementor-widget-divider--view]) .elementor-divider-separator{width:100%;min-height:var(--divider-pattern-height);-webkit-mask-size:var(--divider-pattern-size) 100%;mask-size:var(--divider-pattern-size) 100%;-webkit-mask-repeat:var(--divider-pattern-repeat);mask-repeat:var(--divider-pattern-repeat);background-color:var(--divider-color);-webkit-mask-image:var(--divider-pattern-url);mask-image:var(--divider-pattern-url)}.elementor-widget-divider--no-spacing{--divider-pattern-size:auto}.elementor-widget-divider--bg-round{--divider-pattern-repeat:round}.rtl .elementor-widget-divider .elementor-divider__text{direction:rtl}.e-container>.elementor-widget-divider{width:var(--container-widget-width,100%);--flex-grow:var(--container-widget-flex-grow,0)}<\/style>\t\t<div class=\"elementor-divider\">\n\t\t\t<span class=\"elementor-divider-separator\">\n\t\t\t\t\t\t<\/span>\n\t\t<\/div>\n\t\t\t\t<\/div>\n\t\t\t\t<\/div>\n\t\t\t\t<div class=\"elementor-element elementor-element-35c57f11 elementor-widget elementor-widget-hub_fancy_heading\" data-id=\"35c57f11\" data-element_type=\"widget\" data-widget_type=\"hub_fancy_heading.default\">\n\t\t\t\t<div class=\"elementor-widget-container\">\n\t\t\t\n\t\t<div id=\"ld-fancy-heading-69f2248538a85\" class=\"ld-fancy-heading pos-rel\">\n\t\t\t<h3 class=\"ld-fh-element d-inline-block pos-rel  elementor-heading-title lqd-highlight-classic lqd-highlight-grow-left h3\"  > S\u0131k Sorulan Sorular<\/h3>\t\t<\/div>\n\n\t\t\t\t<\/div>\n\t\t\t\t<\/div>\n\t\t\t\t<div class=\"elementor-element elementor-element-71ce774c elementor-widget elementor-widget-ld_accordion\" data-id=\"71ce774c\" data-element_type=\"widget\" data-widget_type=\"ld_accordion.default\">\n\t\t\t\t<div class=\"elementor-widget-container\">\n\t\t\t\n\t\t<div class=\"accordion accordion-lg accordion-side-spacing accordion-title-bg-transparent accordion-expander-lg accordion-active-has-fill\" id=\"accordion-69f224853a325\" role=\"tablist\" aria-multiselectable=\"true\">\n\t\t\t\t\t\t\t\t\t\t\t\t<div class=\"accordion-item panel  active\">\n\t\t\t\t\n\t\t\t\t<div class=\"accordion-heading\" role=\"tab\" id=\"heading-1901\">\n\t\t\t\t<h4 class=\"accordion-title \">\t\t\t\t\t<a class=\"\" role=\"button\" data-toggle=\"collapse\" \n\t\t\t\t\tdata-parent=\"#accordion-69f224853a325\" href=\"#collapse-1901\" \n\t\t\t\t\taria-expanded=\"true\" aria-controls=\"collapse-1901\">\n\t\t\t\t\t\t\t\t\t\t\t\t<span class=\"accordion-title-txt\">Kol germe ameliyatlar\u0131 nas\u0131l yap\u0131lmaktad\u0131r?<\/span>\n\t\t\t\t\t\t\t\t\t\t\t\t\t<span class=\"accordion-expander\"><i class=\"lqd-icn-ess icon-ion-ios-arrow-down\"><\/i><i class=\"lqd-icn-ess icon-ion-ios-arrow-up\"><\/i><\/span>\t\t\t\t\t\t\t\t\t\t\t<\/a>\n\t\t\t\t<\/h4>\t\t\t\t<\/div>\n\t\t\t\t\n\t\t\t\t<div id=\"collapse-1901\" class=\"accordion-collapse collapse  in\" role=\"tabpanel\" aria-labelledby=\"heading-1901\">\n\n\t\t\t\t<div class=\"accordion-content\">\n\t\t\t\t\t<p>Kol germe ameliyat\u0131na koltuk alt\u0131ndan ba\u015flayarak dirse\u011fe do\u011fru \u201cL\u201d \u015feklinde bir kesi yap\u0131larak ba\u015flan\u0131r. \u00c7o\u011funlukla hastadan sadece fazla deri al\u0131n\u0131r ve kol gerginli\u011fi artt\u0131r\u0131l\u0131r. Fakat kollar\u0131 fazla kal\u0131n olan hastalarda kol germe i\u015flemine liposuction y\u00f6ntemi de eklenir. Bu y\u00f6ntem eklenirse operasyon daha ba\u015far\u0131l\u0131 olacakt\u0131r. Ameliyat genel anestezi alt\u0131nda yap\u0131l\u0131rken, ameliyat\u0131n s\u00fcresi yar\u0131m saat ile \u00fc\u00e7 saat aras\u0131nda de\u011fi\u015fmektedir.<\/p>\t\t\t\t<\/div>\n\t\t\t\t\t\t\n\t\t\t\t<\/div>\n\t\t\t\t\n\t\t\t<\/div>\n\t\t\t\t\t\t\t\t\t<div class=\"accordion-item panel \">\n\t\t\t\t\n\t\t\t\t<div class=\"accordion-heading\" role=\"tab\" id=\"heading-1902\">\n\t\t\t\t<h4 class=\"accordion-title \">\t\t\t\t\t<a class=\"collapsed\" role=\"button\" data-toggle=\"collapse\" \n\t\t\t\t\tdata-parent=\"#accordion-69f224853a325\" href=\"#collapse-1902\" \n\t\t\t\t\taria-expanded=\"false\" aria-controls=\"collapse-1902\">\n\t\t\t\t\t\t\t\t\t\t\t\t<span class=\"accordion-title-txt\">Kol germe ameliyat\u0131n\u0131n ard\u0131ndan hastalar evlerine gidebilirler. Ameliyattan sonra ki iki g\u00fcn boyunca diki\u015flerin \u00fcst\u00fcnde koruyucu bandaj olur. Bu diki\u015flerin tamam\u0131 cildin alt\u0131nda kald\u0131\u011f\u0131 i\u00e7in diki\u015flerin al\u0131nmas\u0131 gerekmez. \u0130ki g\u00fcn\u00fcn sonunda hastalar rahatl\u0131kla banyolar\u0131n\u0131 yapabilirler. Ameliyattan sonra ki ilk \u00fc\u00e7 hafta boyunca hastalar a\u015f\u0131r\u0131 kol hareketinden ka\u00e7\u0131nmal\u0131d\u0131rlar. Kol germe ameliyat\u0131ndan sonra ya\u015fanacak olan en b\u00fcy\u00fck sorun kollarda kalan izlerdir. Bu izler kar\u015f\u0131dan bak\u0131ld\u0131\u011f\u0131nda g\u00f6r\u00fcnebilecek olan izler de\u011fildir. \u0130zler hastan\u0131n kollar\u0131n\u0131n i\u00e7 k\u0131sm\u0131nda kalaca\u011f\u0131 i\u00e7in yaln\u0131zca hasta g\u00f6recektir. Bu izler sorunsuz bir \u015fekilde iyile\u015fti\u011fi takdirde alt\u0131 ay sonras\u0131nda silikle\u015fecektir. Kol germe ameliyat\u0131ndan sonra 4 hafta boyunca s\u00fcrekli olarak korse kullanman\u0131z gerekecektir. Ameliyat\u0131n ard\u0131ndan ilk pansuman ameliyattan sonraki 5. g\u00fcnde yap\u0131lacakt\u0131r. Bu s\u00fcre\u00e7te hafif uyu\u015fukluk, morluk ve \u00f6demleriniz olabilir fakat bunlar h\u0131zla ge\u00e7ecektir. Ameliyattan sonra ki bir hafta i\u00e7inde i\u015f hayat\u0131n\u0131za rahatl\u0131kla d\u00f6nebilirsiniz.<\/span>\n\t\t\t\t\t\t\t\t\t\t\t\t\t<span class=\"accordion-expander\"><i class=\"lqd-icn-ess icon-ion-ios-arrow-down\"><\/i><i class=\"lqd-icn-ess icon-ion-ios-arrow-up\"><\/i><\/span>\t\t\t\t\t\t\t\t\t\t\t<\/a>\n\t\t\t\t<\/h4>\t\t\t\t<\/div>\n\t\t\t\t\n\t\t\t\t<div id=\"collapse-1902\" class=\"accordion-collapse collapse \" role=\"tabpanel\" aria-labelledby=\"heading-1902\">\n\n\t\t\t\t<div class=\"accordion-content\">\n\t\t\t\t\tBiliyorsunuz ki cilt \u00fczerinde yap\u0131lan herhangi bir kesik bile iz b\u0131rakmaktad\u0131r. Fakat ameliyat izi denildi\u011finde akl\u0131n\u0131za gelen o b\u00fcy\u00fck diki\u015fler burun esteti\u011finde olmayacakt\u0131r. \u00c7\u00fcnk\u00fc burun esteti\u011fi operasyonlar\u0131nda a\u00e7\u0131lan her bir kesik ve diki\u015fler son derece dikkatli bir \u015fekilde yap\u0131laca\u011f\u0131 i\u00e7in g\u00f6zle g\u00f6r\u00fclmeyecektir. Burun esteti\u011fi ameliyat\u0131 a\u00e7\u0131k ve kapal\u0131 olarak iki \u015fekilde yap\u0131lmaktad\u0131r. Kapal\u0131 olan operasyonda kesikler burnunuzun i\u00e7inde kalaca\u011f\u0131 i\u00e7in g\u00f6z\u00fckmeyecektir. A\u00e7\u0131k burun operasyonunda ise burnun taban\u0131nda k\u00fc\u00e7\u00fcc\u00fck bir iz kalacakt\u0131r. A\u00e7\u0131k operasyon yap\u0131lmas\u0131 gereken bir durum oldu\u011funda hastalara \u00f6nceden gerekli bilgi verilecektir.\t\t\t\t<\/div>\n\t\t\t\t\t\t\n\t\t\t\t<\/div>\n\t\t\t\t\n\t\t\t<\/div>\n\t\t\t\t\t\t\t\t\t<div class=\"accordion-item panel \">\n\t\t\t\t\n\t\t\t\t<div class=\"accordion-heading\" role=\"tab\" id=\"heading-1903\">\n\t\t\t\t<h4 class=\"accordion-title \">\t\t\t\t\t<a class=\"collapsed\" role=\"button\" data-toggle=\"collapse\" \n\t\t\t\t\tdata-parent=\"#accordion-69f224853a325\" href=\"#collapse-1903\" \n\t\t\t\t\taria-expanded=\"false\" aria-controls=\"collapse-1903\">\n\t\t\t\t\t\t\t\t\t\t\t\t<span class=\"accordion-title-txt\">Kol germe ameliyat\u0131n\u0131n sonucu kal\u0131c\u0131 olur mu?<\/span>\n\t\t\t\t\t\t\t\t\t\t\t\t\t<span class=\"accordion-expander\"><i class=\"lqd-icn-ess icon-ion-ios-arrow-down\"><\/i><i class=\"lqd-icn-ess icon-ion-ios-arrow-up\"><\/i><\/span>\t\t\t\t\t\t\t\t\t\t\t<\/a>\n\t\t\t\t<\/h4>\t\t\t\t<\/div>\n\t\t\t\t\n\t\t\t\t<div id=\"collapse-1903\" class=\"accordion-collapse collapse \" role=\"tabpanel\" aria-labelledby=\"heading-1903\">\n\n\t\t\t\t<div class=\"accordion-content\">\n\t\t\t\t\tKol germe ameliyat\u0131ndan sonra da ya\u015flanma s\u00fcreci devam edece\u011fi i\u00e7in bir miktar gev\u015feme s\u00f6z konusu olabilir. Ard\u0131ndan kilo al\u0131p vermelerde bu s\u00fcreci h\u0131zland\u0131racakt\u0131r. Fakat kollar\u0131n\u0131z hi\u00e7bir zaman eski hallerine geri d\u00f6nmeyecektir. Hastalar ameliyat\u0131n ard\u0131ndan sonucu koruyabilmek ad\u0131na kilolar\u0131na dikkat etmeli ve d\u00fczenli spor yapt\u0131rmal\u0131d\u0131rlar.\n\n\t\t\t\t<\/div>\n\t\t\t\t\t\t\n\t\t\t\t<\/div>\n\t\t\t\t\n\t\t\t<\/div>\n\t\t\t\t\t\t\t\t\t\n\t\t<\/div>\n\n\t\t\t\t<\/div>\n\t\t\t\t<\/div>\n\t\t\t\t\t<\/div>\n\t\t<\/div>\n\t\t\t\t\t\t\t<\/div>\n\t\t<\/section>\n\t\t\t\t\t\t\t<\/div>\n\t\t","protected":false},"excerpt":{"rendered":"<p>Hemen Bilgi Al Kol Germe Kolun \u00fcst, arka ve i\u00e7 k\u0131s\u0131mlar\u0131nda sarkmalar\u0131n olmas\u0131 \u00e7o\u011funlukla ya\u011f birikintileri ve deri sarkmalar\u0131yla beraber ortaya \u00e7\u0131kmaktad\u0131r. Sarkman\u0131n bir di\u011fer sebebi ise ya\u015fl\u0131l\u0131k, yer \u00e7ekimi ve aral\u0131kl\u0131 kilo vermeyle ilgilidir. \u00c7\u00fcnk\u00fc bu b\u00f6lgelerde deri ve deri alt\u0131 dokusu daha gev\u015fektir. Sarkmalar ile birlikte biriken ya\u011f dokusunun oran\u0131 ki\u015fiden ki\u015fiye de\u011fi\u015fiklik [&hellip;]<\/p>\n","protected":false},"author":1,"featured_media":0,"parent":0,"menu_order":0,"comment_status":"closed","ping_status":"closed","template":"","meta":{"footnotes":""},"class_list":["post-834","page","type-page","status-publish","hentry"],"_links":{"self":[{"href":"https:\/\/drhimmelclinic.com\/tr\/wp-json\/wp\/v2\/pages\/834","targetHints":{"allow":["GET"]}}],"collection":[{"href":"https:\/\/drhimmelclinic.com\/tr\/wp-json\/wp\/v2\/pages"}],"about":[{"href":"https:\/\/drhimmelclinic.com\/tr\/wp-json\/wp\/v2\/types\/page"}],"author":[{"embeddable":true,"href":"https:\/\/drhimmelclinic.com\/tr\/wp-json\/wp\/v2\/users\/1"}],"replies":[{"embeddable":true,"href":"https:\/\/drhimmelclinic.com\/tr\/wp-json\/wp\/v2\/comments?post=834"}],"version-history":[{"count":7,"href":"https:\/\/drhimmelclinic.com\/tr\/wp-json\/wp\/v2\/pages\/834\/revisions"}],"predecessor-version":[{"id":1063,"href":"https:\/\/drhimmelclinic.com\/tr\/wp-json\/wp\/v2\/pages\/834\/revisions\/1063"}],"wp:attachment":[{"href":"https:\/\/drhimmelclinic.com\/tr\/wp-json\/wp\/v2\/media?parent=834"}],"curies":[{"name":"wp","href":"https:\/\/api.w.org\/{rel}","templated":true}]}}