{"id":839,"date":"2022-09-17T11:39:09","date_gmt":"2022-09-17T08:39:09","guid":{"rendered":"https:\/\/drhimmelclinic.com\/tr\/?page_id=839"},"modified":"2022-09-17T13:53:41","modified_gmt":"2022-09-17T10:53:41","slug":"bacak-germe","status":"publish","type":"page","link":"https:\/\/drhimmelclinic.com\/tr\/bacak-germe","title":{"rendered":"Bacak Germe"},"content":{"rendered":"\t\t<div data-elementor-type=\"wp-page\" data-elementor-id=\"839\" class=\"elementor elementor-839\">\n\t\t\t\t\t\t\t\t\t<section class=\"elementor-section elementor-top-section elementor-element elementor-element-100bd8a5 elementor-section-boxed elementor-section-height-default elementor-section-height-default\" data-id=\"100bd8a5\" data-element_type=\"section\">\n\t\t\t\t\t\t<div class=\"elementor-container elementor-column-gap-default\">\n\t\t\t\t\t<div class=\"lqd-css-sticky-column elementor-column elementor-col-50 elementor-top-column elementor-element elementor-element-2eda37c\" style=\"--lqd-sticky-offset:30px\" data-id=\"2eda37c\" data-element_type=\"column\">\n\t\t\t<div class=\"elementor-widget-wrap elementor-element-populated\">\n\t\t\t\t\t\t\t\t<section class=\"elementor-section elementor-inner-section elementor-element elementor-element-505692c0 elementor-section-boxed elementor-section-height-default elementor-section-height-default\" data-id=\"505692c0\" data-element_type=\"section\">\n\t\t\t\t\t\t<div class=\"elementor-container elementor-column-gap-default\">\n\t\t\t\t\t<div class=\"elementor-column elementor-col-100 elementor-inner-column elementor-element elementor-element-702ef4b5\" data-id=\"702ef4b5\" data-element_type=\"column\" data-settings=\"{&quot;background_background&quot;:&quot;classic&quot;}\">\n\t\t\t<div class=\"elementor-widget-wrap elementor-element-populated\">\n\t\t\t\t\t\t\t\t<div class=\"elementor-element elementor-element-c4b355e elementor-widget elementor-widget-hub_fancy_heading\" data-id=\"c4b355e\" data-element_type=\"widget\" data-widget_type=\"hub_fancy_heading.default\">\n\t\t\t\t<div class=\"elementor-widget-container\">\n\t\t\t\n\t\t<div id=\"ld-fancy-heading-69f2261f6b5a7\" class=\"ld-fancy-heading pos-rel\">\n\t\t\t<h2 class=\"ld-fh-element d-inline-block pos-rel  elementor-heading-title lqd-highlight-classic lqd-highlight-grow-left h2\"  > Hemen Bilgi Al<\/h2>\t\t<\/div>\n\n\t\t\t\t<\/div>\n\t\t\t\t<\/div>\n\t\t\t\t<div class=\"elementor-element elementor-element-b7b8b7b elementor-widget elementor-widget-ld_cf722\" data-id=\"b7b8b7b\" data-element_type=\"widget\" data-widget_type=\"ld_cf722.default\">\n\t\t\t\t<div class=\"elementor-widget-container\">\n\t\t\t\n\t<div class=\"lqd-contact-form lqd-contact-form-inputs-filled lqd-contact-form-inputs-round lqd-contact-form-button-block lqd-contact-form-button-round\" >\n\t\t<div role=\"form\" class=\"wpcf7\" id=\"wpcf7-f6-o1\" lang=\"tr-TR\" dir=\"ltr\">\n<div class=\"screen-reader-response\"><p role=\"status\" aria-live=\"polite\" aria-atomic=\"true\"><\/p> <ul><\/ul><\/div>\n<form action=\"\/tr\/wp-json\/wp\/v2\/pages\/839#wpcf7-f6-o1\" method=\"post\" class=\"wpcf7-form init\" novalidate=\"novalidate\" data-status=\"init\">\n<div style=\"display: none;\">\n<input type=\"hidden\" name=\"_wpcf7\" value=\"6\" \/>\n<input type=\"hidden\" name=\"_wpcf7_version\" value=\"5.6.3\" \/>\n<input type=\"hidden\" name=\"_wpcf7_locale\" value=\"tr_TR\" \/>\n<input type=\"hidden\" name=\"_wpcf7_unit_tag\" value=\"wpcf7-f6-o1\" \/>\n<input type=\"hidden\" name=\"_wpcf7_container_post\" value=\"0\" \/>\n<input type=\"hidden\" name=\"_wpcf7_posted_data_hash\" value=\"\" \/>\n<\/div>\n<p><span class=\"wpcf7-form-control-wrap\" data-name=\"adi\"><input type=\"text\" name=\"adi\" value=\"\" size=\"40\" class=\"wpcf7-form-control wpcf7-text wpcf7-validates-as-required\" aria-required=\"true\" aria-invalid=\"false\" placeholder=\"Ad\u0131n\u0131z\" \/><\/span><br \/>\n<span class=\"wpcf7-form-control-wrap\" data-name=\"telefon\"><input type=\"text\" name=\"telefon\" value=\"\" size=\"40\" class=\"wpcf7-form-control wpcf7-text wpcf7-validates-as-required\" aria-required=\"true\" aria-invalid=\"false\" placeholder=\"Telefon Numaran\u0131z\" \/><\/span><br \/>\n<span class=\"wpcf7-form-control-wrap\" data-name=\"mesaj\"><textarea name=\"mesaj\" cols=\"40\" rows=\"3\" class=\"wpcf7-form-control wpcf7-textarea\" aria-invalid=\"false\" placeholder=\"Mesaj\u0131n\u0131z\"><\/textarea><\/span><br \/>\n<input type=\"submit\" value=\"Formu G\u00f6nder\" class=\"wpcf7-form-control has-spinner wpcf7-submit\" \/><\/p>\n<div class=\"wpcf7-response-output\" aria-hidden=\"true\"><\/div><\/form><\/div>\t<\/div>\n\n\t\t\t<\/div>\n\t\t\t\t<\/div>\n\t\t\t\t\t<\/div>\n\t\t<\/div>\n\t\t\t\t\t\t\t<\/div>\n\t\t<\/section>\n\t\t\t\t\t<\/div>\n\t\t<\/div>\n\t\t\t\t<div class=\"elementor-column elementor-col-50 elementor-top-column elementor-element elementor-element-231f3078\" data-id=\"231f3078\" data-element_type=\"column\">\n\t\t\t<div class=\"elementor-widget-wrap elementor-element-populated\">\n\t\t\t\t\t\t\t\t<div class=\"elementor-element elementor-element-cc9606b elementor-widget elementor-widget-image\" data-id=\"cc9606b\" data-element_type=\"widget\" data-widget_type=\"image.default\">\n\t\t\t\t<div class=\"elementor-widget-container\">\n\t\t\t<style>\/*! elementor - v3.7.4 - 31-08-2022 *\/\n.elementor-widget-image{text-align:center}.elementor-widget-image a{display:inline-block}.elementor-widget-image a img[src$=\".svg\"]{width:48px}.elementor-widget-image img{vertical-align:middle;display:inline-block}<\/style>\t\t\t\t\t\t\t\t\t\t\t\t<img decoding=\"async\" width=\"930\" height=\"550\" src=\"https:\/\/drhimmelclinic.com\/tr\/wp-content\/uploads\/2022\/09\/bacak-germe-header.jpg\" class=\"elementor-animation-float attachment-full size-full\" alt=\"\" srcset=\"https:\/\/drhimmelclinic.com\/tr\/wp-content\/uploads\/2022\/09\/bacak-germe-header.jpg 930w, https:\/\/drhimmelclinic.com\/tr\/wp-content\/uploads\/2022\/09\/bacak-germe-header-300x177.jpg 300w, https:\/\/drhimmelclinic.com\/tr\/wp-content\/uploads\/2022\/09\/bacak-germe-header-600x355.jpg 600w\" sizes=\"(max-width: 930px) 100vw, 930px\" \/>\t\t\t\t\t\t\t\t\t\t\t\t\t\t\t<\/div>\n\t\t\t\t<\/div>\n\t\t\t\t<div class=\"elementor-element elementor-element-c153a33 elementor-widget elementor-widget-spacer\" data-id=\"c153a33\" data-element_type=\"widget\" data-widget_type=\"spacer.default\">\n\t\t\t\t<div class=\"elementor-widget-container\">\n\t\t\t<style>\/*! elementor - v3.7.4 - 31-08-2022 *\/\n.elementor-column .elementor-spacer-inner{height:var(--spacer-size)}.e-container{--container-widget-width:100%}.e-container>.elementor-widget-spacer{width:var(--container-widget-width,var(--spacer-size));-ms-flex-item-align:stretch;align-self:stretch;-ms-flex-negative:0;flex-shrink:0}.e-container>.elementor-widget-spacer>.elementor-widget-container,.e-container>.elementor-widget-spacer>.elementor-widget-container>.elementor-spacer{height:100%}.e-container>.elementor-widget-spacer>.elementor-widget-container>.elementor-spacer>.elementor-spacer-inner{height:var(--container-widget-height,var(--spacer-size))}<\/style>\t\t<div class=\"elementor-spacer\">\n\t\t\t<div class=\"elementor-spacer-inner\"><\/div>\n\t\t<\/div>\n\t\t\t\t<\/div>\n\t\t\t\t<\/div>\n\t\t\t\t<div class=\"elementor-element elementor-element-527f0d1f elementor-widget elementor-widget-hub_fancy_heading\" data-id=\"527f0d1f\" data-element_type=\"widget\" data-widget_type=\"hub_fancy_heading.default\">\n\t\t\t\t<div class=\"elementor-widget-container\">\n\t\t\t\n\t\t<div id=\"ld-fancy-heading-69f2261f719fd\" class=\"ld-fancy-heading pos-rel\">\n\t\t\t<h2 class=\"ld-fh-element d-inline-block pos-rel  elementor-heading-title lqd-highlight-classic lqd-highlight-grow-left h2\"  > Bacak Germe<\/h2>\t\t<\/div>\n\n\t\t\t\t<\/div>\n\t\t\t\t<\/div>\n\t\t\t\t<div class=\"elementor-element elementor-element-7eef461 elementor-widget elementor-widget-text-editor\" data-id=\"7eef461\" data-element_type=\"widget\" data-widget_type=\"text-editor.default\">\n\t\t\t\t<div class=\"elementor-widget-container\">\n\t\t\t<style>\/*! elementor - v3.7.4 - 31-08-2022 *\/\n.elementor-widget-text-editor.elementor-drop-cap-view-stacked .elementor-drop-cap{background-color:#818a91;color:#fff}.elementor-widget-text-editor.elementor-drop-cap-view-framed .elementor-drop-cap{color:#818a91;border:3px solid;background-color:transparent}.elementor-widget-text-editor:not(.elementor-drop-cap-view-default) .elementor-drop-cap{margin-top:8px}.elementor-widget-text-editor:not(.elementor-drop-cap-view-default) .elementor-drop-cap-letter{width:1em;height:1em}.elementor-widget-text-editor .elementor-drop-cap{float:left;text-align:center;line-height:1;font-size:50px}.elementor-widget-text-editor .elementor-drop-cap-letter{display:inline-block}<\/style>\t\t\t\t<p>Bireylerde meydana gelen bacak derisinde sarkman\u0131n en kesin tedavisi bacak germe ameliyat\u0131 olmalar\u0131d\u0131r. Olduk\u00e7a ba\u015far\u0131l\u0131 sonu\u00e7lar elde edilen bir ameliyat t\u00fcr\u00fcd\u00fcr. Fazla kilo al\u0131p verme, hareketsizlik ve ya\u011fl\u0131 beslenme sonucu olu\u015fan deri sarkmas\u0131 bu \u015fekilde tedavi edilebilir.<\/p><p>Ameliyat i\u00e7in steril, ameliyathane \u015fartlar\u0131 gerekir. Uzman hekim taraf\u0131ndan yap\u0131l\u0131r. Bacak b\u00f6lgesindeki sarkman\u0131n giderilmesi i\u00e7in fazla deri \u00e7\u0131kar\u0131l\u0131r. B\u00f6ylece bacak germe ameliyat\u0131 sonras\u0131nda toparlanma ve s\u0131k\u0131la\u015fma elde edilir.<\/p><p>H\u0131zl\u0131 kilo al\u0131p verme ya da fazla miktarda kilo kayb\u0131 ya\u015fama gibi sebepler dolay\u0131s\u0131yla bacak derisinde sarkma ve \u00e7atlaklar g\u00f6zlenebilir. Bu durum \u00f6zellikle \u00fcst bacak b\u00f6lgesinde belirgindir. Bacak germe ameliyat\u0131 fiyatlar\u0131 ise ameliyat edilecek b\u00f6lgeye ve ek i\u015flem yap\u0131l\u0131p yap\u0131lmamas\u0131na g\u00f6re de\u011fi\u015fir. Derinin sarkmas\u0131, ba\u015fka y\u00f6ntemlerle giderilemez. Bu nedenle ki\u015filere \u00f6nerilecek en kesin y\u00f6ntem cerrahi m\u00fcdahale olacakt\u0131r.<\/p>\t\t\t\t\t\t<\/div>\n\t\t\t\t<\/div>\n\t\t\t\t<div class=\"elementor-element elementor-element-4e40ebec elementor-widget-divider--view-line elementor-widget elementor-widget-divider\" data-id=\"4e40ebec\" data-element_type=\"widget\" data-widget_type=\"divider.default\">\n\t\t\t\t<div class=\"elementor-widget-container\">\n\t\t\t<style>\/*! elementor - v3.7.4 - 31-08-2022 *\/\n.elementor-widget-divider{--divider-border-style:none;--divider-border-width:1px;--divider-color:#2c2c2c;--divider-icon-size:20px;--divider-element-spacing:10px;--divider-pattern-height:24px;--divider-pattern-size:20px;--divider-pattern-url:none;--divider-pattern-repeat:repeat-x}.elementor-widget-divider .elementor-divider{display:-webkit-box;display:-ms-flexbox;display:flex}.elementor-widget-divider .elementor-divider__text{font-size:15px;line-height:1;max-width:95%}.elementor-widget-divider .elementor-divider__element{margin:0 var(--divider-element-spacing);-ms-flex-negative:0;flex-shrink:0}.elementor-widget-divider .elementor-icon{font-size:var(--divider-icon-size)}.elementor-widget-divider .elementor-divider-separator{display:-webkit-box;display:-ms-flexbox;display:flex;margin:0;direction:ltr}.elementor-widget-divider--view-line_icon .elementor-divider-separator,.elementor-widget-divider--view-line_text .elementor-divider-separator{-webkit-box-align:center;-ms-flex-align:center;align-items:center}.elementor-widget-divider--view-line_icon .elementor-divider-separator:after,.elementor-widget-divider--view-line_icon .elementor-divider-separator:before,.elementor-widget-divider--view-line_text .elementor-divider-separator:after,.elementor-widget-divider--view-line_text .elementor-divider-separator:before{display:block;content:\"\";border-bottom:0;-webkit-box-flex:1;-ms-flex-positive:1;flex-grow:1;border-top:var(--divider-border-width) var(--divider-border-style) var(--divider-color)}.elementor-widget-divider--element-align-left .elementor-divider .elementor-divider-separator>.elementor-divider__svg:first-of-type{-webkit-box-flex:0;-ms-flex-positive:0;flex-grow:0;-ms-flex-negative:100;flex-shrink:100}.elementor-widget-divider--element-align-left .elementor-divider-separator:before{content:none}.elementor-widget-divider--element-align-left .elementor-divider__element{margin-left:0}.elementor-widget-divider--element-align-right .elementor-divider .elementor-divider-separator>.elementor-divider__svg:last-of-type{-webkit-box-flex:0;-ms-flex-positive:0;flex-grow:0;-ms-flex-negative:100;flex-shrink:100}.elementor-widget-divider--element-align-right .elementor-divider-separator:after{content:none}.elementor-widget-divider--element-align-right .elementor-divider__element{margin-right:0}.elementor-widget-divider:not(.elementor-widget-divider--view-line_text):not(.elementor-widget-divider--view-line_icon) .elementor-divider-separator{border-top:var(--divider-border-width) var(--divider-border-style) var(--divider-color)}.elementor-widget-divider--separator-type-pattern{--divider-border-style:none}.elementor-widget-divider--separator-type-pattern.elementor-widget-divider--view-line .elementor-divider-separator,.elementor-widget-divider--separator-type-pattern:not(.elementor-widget-divider--view-line) .elementor-divider-separator:after,.elementor-widget-divider--separator-type-pattern:not(.elementor-widget-divider--view-line) .elementor-divider-separator:before,.elementor-widget-divider--separator-type-pattern:not([class*=elementor-widget-divider--view]) .elementor-divider-separator{width:100%;min-height:var(--divider-pattern-height);-webkit-mask-size:var(--divider-pattern-size) 100%;mask-size:var(--divider-pattern-size) 100%;-webkit-mask-repeat:var(--divider-pattern-repeat);mask-repeat:var(--divider-pattern-repeat);background-color:var(--divider-color);-webkit-mask-image:var(--divider-pattern-url);mask-image:var(--divider-pattern-url)}.elementor-widget-divider--no-spacing{--divider-pattern-size:auto}.elementor-widget-divider--bg-round{--divider-pattern-repeat:round}.rtl .elementor-widget-divider .elementor-divider__text{direction:rtl}.e-container>.elementor-widget-divider{width:var(--container-widget-width,100%);--flex-grow:var(--container-widget-flex-grow,0)}<\/style>\t\t<div class=\"elementor-divider\">\n\t\t\t<span class=\"elementor-divider-separator\">\n\t\t\t\t\t\t<\/span>\n\t\t<\/div>\n\t\t\t\t<\/div>\n\t\t\t\t<\/div>\n\t\t\t\t<div class=\"elementor-element elementor-element-35c57f11 elementor-widget elementor-widget-hub_fancy_heading\" data-id=\"35c57f11\" data-element_type=\"widget\" data-widget_type=\"hub_fancy_heading.default\">\n\t\t\t\t<div class=\"elementor-widget-container\">\n\t\t\t\n\t\t<div id=\"ld-fancy-heading-69f2261f74708\" class=\"ld-fancy-heading pos-rel\">\n\t\t\t<h3 class=\"ld-fh-element d-inline-block pos-rel  elementor-heading-title lqd-highlight-classic lqd-highlight-grow-left h3\"  > S\u0131k Sorulan Sorular<\/h3>\t\t<\/div>\n\n\t\t\t\t<\/div>\n\t\t\t\t<\/div>\n\t\t\t\t<div class=\"elementor-element elementor-element-71ce774c elementor-widget elementor-widget-ld_accordion\" data-id=\"71ce774c\" data-element_type=\"widget\" data-widget_type=\"ld_accordion.default\">\n\t\t\t\t<div class=\"elementor-widget-container\">\n\t\t\t\n\t\t<div class=\"accordion accordion-lg accordion-side-spacing accordion-title-bg-transparent accordion-expander-lg accordion-active-has-fill\" id=\"accordion-69f2261f760cc\" role=\"tablist\" aria-multiselectable=\"true\">\n\t\t\t\t\t\t\t\t\t\t\t\t<div class=\"accordion-item panel  active\">\n\t\t\t\t\n\t\t\t\t<div class=\"accordion-heading\" role=\"tab\" id=\"heading-1901\">\n\t\t\t\t<h4 class=\"accordion-title \">\t\t\t\t\t<a class=\"\" role=\"button\" data-toggle=\"collapse\" \n\t\t\t\t\tdata-parent=\"#accordion-69f2261f760cc\" href=\"#collapse-1901\" \n\t\t\t\t\taria-expanded=\"true\" aria-controls=\"collapse-1901\">\n\t\t\t\t\t\t\t\t\t\t\t\t<span class=\"accordion-title-txt\">Bacak germe ameliyat\u0131 \u00f6ncesi<\/span>\n\t\t\t\t\t\t\t\t\t\t\t\t\t<span class=\"accordion-expander\"><i class=\"lqd-icn-ess icon-ion-ios-arrow-down\"><\/i><i class=\"lqd-icn-ess icon-ion-ios-arrow-up\"><\/i><\/span>\t\t\t\t\t\t\t\t\t\t\t<\/a>\n\t\t\t\t<\/h4>\t\t\t\t<\/div>\n\t\t\t\t\n\t\t\t\t<div id=\"collapse-1901\" class=\"accordion-collapse collapse  in\" role=\"tabpanel\" aria-labelledby=\"heading-1901\">\n\n\t\t\t\t<div class=\"accordion-content\">\n\t\t\t\t\t<p>Ameliyat \u00f6ncesi, bacak derisi sarkm\u0131\u015f durumdad\u0131r. Hatta yer yer \u00e7atlaklar\u0131n olmas\u0131 beklenen bir durumdur. Kilo al\u0131p verme sonras\u0131nda bu bulgu kar\u015f\u0131m\u0131za \u00e7\u0131kabilir. Ameliyat karar\u0131 al\u0131nmadan \u00f6nce ki\u015finin ayr\u0131nt\u0131l\u0131 bir \u015fekilde de\u011ferlendirilmesi ve ameliyata uygunlu\u011funun ara\u015ft\u0131r\u0131lmas\u0131 \u00f6nem ta\u015f\u0131r.<\/p><p>Ameliyattan iki hafta kadar \u00f6nce, e\u011fer i\u00e7iyorsan\u0131z sigaray\u0131 b\u0131rakm\u0131\u015f olman\u0131z \u00f6nerilir. Sigara i\u00e7mek damarlar\u0131n daralmas\u0131na yol a\u00e7ar. Dola\u0131s\u0131yla ameliyat yerinin kanlanmas\u0131 bozulur ve iyile\u015fme gecikir. Bu nedenle t\u00fcm ameliyatlarda oldu\u011fu gibi bacak germe ameliyat\u0131 \u00f6ncesinde de sigaray\u0131 b\u0131rakman\u0131z, daha h\u0131zl\u0131 iyile\u015febilmenizi sa\u011flar.<\/p>\t\t\t\t<\/div>\n\t\t\t\t\t\t\n\t\t\t\t<\/div>\n\t\t\t\t\n\t\t\t<\/div>\n\t\t\t\t\t\t\t\t\t<div class=\"accordion-item panel \">\n\t\t\t\t\n\t\t\t\t<div class=\"accordion-heading\" role=\"tab\" id=\"heading-1902\">\n\t\t\t\t<h4 class=\"accordion-title \">\t\t\t\t\t<a class=\"collapsed\" role=\"button\" data-toggle=\"collapse\" \n\t\t\t\t\tdata-parent=\"#accordion-69f2261f760cc\" href=\"#collapse-1902\" \n\t\t\t\t\taria-expanded=\"false\" aria-controls=\"collapse-1902\">\n\t\t\t\t\t\t\t\t\t\t\t\t<span class=\"accordion-title-txt\">Bacak germe ameliyat\u0131 sonras\u0131<\/span>\n\t\t\t\t\t\t\t\t\t\t\t\t\t<span class=\"accordion-expander\"><i class=\"lqd-icn-ess icon-ion-ios-arrow-down\"><\/i><i class=\"lqd-icn-ess icon-ion-ios-arrow-up\"><\/i><\/span>\t\t\t\t\t\t\t\t\t\t\t<\/a>\n\t\t\t\t<\/h4>\t\t\t\t<\/div>\n\t\t\t\t\n\t\t\t\t<div id=\"collapse-1902\" class=\"accordion-collapse collapse \" role=\"tabpanel\" aria-labelledby=\"heading-1902\">\n\n\t\t\t\t<div class=\"accordion-content\">\n\t\t\t\t\t<p>Bacaklarda olu\u015fan sarkman\u0131n gideilmesi amac\u0131yla ger\u00e7ekle\u015ftirilen bu amelyat sonras\u0131 istirahat \u00e7ok \u00f6nemlidir. Doktorunuz taraf\u0131ndan \u00f6nerilen s\u00fcre boyunca istirahat etmeniz gerekir. Sonras\u0131nda ise a\u011f\u0131r egzersizlerden ka\u00e7\u0131nmak en do\u011frusu olacakt\u0131r. \u0130yile\u015fme tamamlanana kadar bacak kaslar\u0131n\u0131z\u0131 zorlayacak a\u011f\u0131r i\u015flerden ka\u00e7\u0131nman\u0131z, iyile\u015fmenin daha h\u0131zl\u0131 tamamlanmas\u0131n\u0131 sa\u011flar. Bacak germe ameliyat\u0131 sonras\u0131 bacaklar\u0131n\u0131zdaki toparlanma ve s\u0131k\u0131la\u015fma sizin i\u00e7in olduk\u00e7a \u015fa\u015f\u0131rt\u0131c\u0131 ve memnun edici olacakt\u0131r.<\/p>\t\t\t\t<\/div>\n\t\t\t\t\t\t\n\t\t\t\t<\/div>\n\t\t\t\t\n\t\t\t<\/div>\n\t\t\t\t\t\t\t\t\t<div class=\"accordion-item panel \">\n\t\t\t\t\n\t\t\t\t<div class=\"accordion-heading\" role=\"tab\" id=\"heading-1903\">\n\t\t\t\t<h4 class=\"accordion-title \">\t\t\t\t\t<a class=\"collapsed\" role=\"button\" data-toggle=\"collapse\" \n\t\t\t\t\tdata-parent=\"#accordion-69f2261f760cc\" href=\"#collapse-1903\" \n\t\t\t\t\taria-expanded=\"false\" aria-controls=\"collapse-1903\">\n\t\t\t\t\t\t\t\t\t\t\t\t<span class=\"accordion-title-txt\">Bacak germe ameliyat\u0131 olanlar nelere dikkat etmeli?<\/span>\n\t\t\t\t\t\t\t\t\t\t\t\t\t<span class=\"accordion-expander\"><i class=\"lqd-icn-ess icon-ion-ios-arrow-down\"><\/i><i class=\"lqd-icn-ess icon-ion-ios-arrow-up\"><\/i><\/span>\t\t\t\t\t\t\t\t\t\t\t<\/a>\n\t\t\t\t<\/h4>\t\t\t\t<\/div>\n\t\t\t\t\n\t\t\t\t<div id=\"collapse-1903\" class=\"accordion-collapse collapse \" role=\"tabpanel\" aria-labelledby=\"heading-1903\">\n\n\t\t\t\t<div class=\"accordion-content\">\n\t\t\t\t\tBu operasyon sonras\u0131nda diki\u015f yerlerinin temiz tutulmas\u0131 \u00f6nem ta\u015f\u0131r. Aksi halde yara yeri enfeksiyonu riski mevcuttur. Belirtilen s\u00fcre boyunca istirahat etmek ve a\u011f\u0131r egzersizden ka\u00e7\u0131nmak gerekir. Yakla\u015f\u0131k bir hafta \u2013 10 g\u00fcn sonra i\u015f hayat\u0131n\u0131za d\u00f6nebilirsiniz. Ayr\u0131ca ilk g\u00fcnler a\u011fr\u0131 hissetmeniz gayet normaldir. Bu dayan\u0131lmayacak bir a\u011fr\u0131 de\u011fildir. Ameliyat\u0131 ger\u00e7ekle\u015ftiren doktorunuzun \u00f6nerisiyle a\u011fr\u0131 kesici i\u00e7ebilirsiniz. Ameliyat sonras\u0131nda sigara i\u00e7memeniz, iyile\u015fmenin daha h\u0131zl\u0131 ve sorunsuz olmas\u0131n\u0131 sa\u011flar.\n\n\t\t\t\t<\/div>\n\t\t\t\t\t\t\n\t\t\t\t<\/div>\n\t\t\t\t\n\t\t\t<\/div>\n\t\t\t\t\t\t\t\t\t\n\t\t<\/div>\n\n\t\t\t\t<\/div>\n\t\t\t\t<\/div>\n\t\t\t\t\t<\/div>\n\t\t<\/div>\n\t\t\t\t\t\t\t<\/div>\n\t\t<\/section>\n\t\t\t\t\t\t\t<\/div>\n\t\t","protected":false},"excerpt":{"rendered":"<p>Hemen Bilgi Al Bacak Germe Bireylerde meydana gelen bacak derisinde sarkman\u0131n en kesin tedavisi bacak germe ameliyat\u0131 olmalar\u0131d\u0131r. Olduk\u00e7a ba\u015far\u0131l\u0131 sonu\u00e7lar elde edilen bir ameliyat t\u00fcr\u00fcd\u00fcr. Fazla kilo al\u0131p verme, hareketsizlik ve ya\u011fl\u0131 beslenme sonucu olu\u015fan deri sarkmas\u0131 bu \u015fekilde tedavi edilebilir. Ameliyat i\u00e7in steril, ameliyathane \u015fartlar\u0131 gerekir. Uzman hekim taraf\u0131ndan yap\u0131l\u0131r. Bacak b\u00f6lgesindeki sarkman\u0131n [&hellip;]<\/p>\n","protected":false},"author":1,"featured_media":0,"parent":0,"menu_order":0,"comment_status":"closed","ping_status":"closed","template":"","meta":{"footnotes":""},"class_list":["post-839","page","type-page","status-publish","hentry"],"_links":{"self":[{"href":"https:\/\/drhimmelclinic.com\/tr\/wp-json\/wp\/v2\/pages\/839","targetHints":{"allow":["GET"]}}],"collection":[{"href":"https:\/\/drhimmelclinic.com\/tr\/wp-json\/wp\/v2\/pages"}],"about":[{"href":"https:\/\/drhimmelclinic.com\/tr\/wp-json\/wp\/v2\/types\/page"}],"author":[{"embeddable":true,"href":"https:\/\/drhimmelclinic.com\/tr\/wp-json\/wp\/v2\/users\/1"}],"replies":[{"embeddable":true,"href":"https:\/\/drhimmelclinic.com\/tr\/wp-json\/wp\/v2\/comments?post=839"}],"version-history":[{"count":10,"href":"https:\/\/drhimmelclinic.com\/tr\/wp-json\/wp\/v2\/pages\/839\/revisions"}],"predecessor-version":[{"id":1066,"href":"https:\/\/drhimmelclinic.com\/tr\/wp-json\/wp\/v2\/pages\/839\/revisions\/1066"}],"wp:attachment":[{"href":"https:\/\/drhimmelclinic.com\/tr\/wp-json\/wp\/v2\/media?parent=839"}],"curies":[{"name":"wp","href":"https:\/\/api.w.org\/{rel}","templated":true}]}}