{"id":882,"date":"2022-09-17T12:29:31","date_gmt":"2022-09-17T09:29:31","guid":{"rendered":"https:\/\/drhimmelclinic.com\/tr\/?page_id=882"},"modified":"2022-09-17T13:54:47","modified_gmt":"2022-09-17T10:54:47","slug":"safir-sac-ekimi","status":"publish","type":"page","link":"https:\/\/drhimmelclinic.com\/tr\/safir-sac-ekimi","title":{"rendered":"Safir Sa\u00e7 Ekimi"},"content":{"rendered":"\t\t<div data-elementor-type=\"wp-page\" data-elementor-id=\"882\" class=\"elementor elementor-882\">\n\t\t\t\t\t\t\t\t\t<section class=\"elementor-section elementor-top-section elementor-element elementor-element-100bd8a5 elementor-section-boxed elementor-section-height-default elementor-section-height-default\" data-id=\"100bd8a5\" data-element_type=\"section\">\n\t\t\t\t\t\t<div class=\"elementor-container elementor-column-gap-default\">\n\t\t\t\t\t<div class=\"lqd-css-sticky-column elementor-column elementor-col-50 elementor-top-column elementor-element elementor-element-2eda37c\" style=\"--lqd-sticky-offset:30px\" data-id=\"2eda37c\" data-element_type=\"column\">\n\t\t\t<div class=\"elementor-widget-wrap elementor-element-populated\">\n\t\t\t\t\t\t\t\t<section class=\"elementor-section elementor-inner-section elementor-element elementor-element-505692c0 elementor-section-boxed elementor-section-height-default elementor-section-height-default\" data-id=\"505692c0\" data-element_type=\"section\">\n\t\t\t\t\t\t<div class=\"elementor-container elementor-column-gap-default\">\n\t\t\t\t\t<div class=\"elementor-column elementor-col-100 elementor-inner-column elementor-element elementor-element-702ef4b5\" data-id=\"702ef4b5\" data-element_type=\"column\" data-settings=\"{&quot;background_background&quot;:&quot;classic&quot;}\">\n\t\t\t<div class=\"elementor-widget-wrap elementor-element-populated\">\n\t\t\t\t\t\t\t\t<div class=\"elementor-element elementor-element-c4b355e elementor-widget elementor-widget-hub_fancy_heading\" data-id=\"c4b355e\" data-element_type=\"widget\" data-widget_type=\"hub_fancy_heading.default\">\n\t\t\t\t<div class=\"elementor-widget-container\">\n\t\t\t\n\t\t<div id=\"ld-fancy-heading-69f228c2f2ebb\" class=\"ld-fancy-heading pos-rel\">\n\t\t\t<h2 class=\"ld-fh-element d-inline-block pos-rel  elementor-heading-title lqd-highlight-classic lqd-highlight-grow-left h2\"  > Hemen Bilgi Al<\/h2>\t\t<\/div>\n\n\t\t\t\t<\/div>\n\t\t\t\t<\/div>\n\t\t\t\t<div class=\"elementor-element elementor-element-b7b8b7b elementor-widget elementor-widget-ld_cf722\" data-id=\"b7b8b7b\" data-element_type=\"widget\" data-widget_type=\"ld_cf722.default\">\n\t\t\t\t<div class=\"elementor-widget-container\">\n\t\t\t\n\t<div class=\"lqd-contact-form lqd-contact-form-inputs-filled lqd-contact-form-inputs-round lqd-contact-form-button-block lqd-contact-form-button-round\" >\n\t\t<div role=\"form\" class=\"wpcf7\" id=\"wpcf7-f6-o1\" lang=\"tr-TR\" dir=\"ltr\">\n<div class=\"screen-reader-response\"><p role=\"status\" aria-live=\"polite\" aria-atomic=\"true\"><\/p> <ul><\/ul><\/div>\n<form action=\"\/tr\/wp-json\/wp\/v2\/pages\/882#wpcf7-f6-o1\" method=\"post\" class=\"wpcf7-form init\" novalidate=\"novalidate\" data-status=\"init\">\n<div style=\"display: none;\">\n<input type=\"hidden\" name=\"_wpcf7\" value=\"6\" \/>\n<input type=\"hidden\" name=\"_wpcf7_version\" value=\"5.6.3\" \/>\n<input type=\"hidden\" name=\"_wpcf7_locale\" value=\"tr_TR\" \/>\n<input type=\"hidden\" name=\"_wpcf7_unit_tag\" value=\"wpcf7-f6-o1\" \/>\n<input type=\"hidden\" name=\"_wpcf7_container_post\" value=\"0\" \/>\n<input type=\"hidden\" name=\"_wpcf7_posted_data_hash\" value=\"\" \/>\n<\/div>\n<p><span class=\"wpcf7-form-control-wrap\" data-name=\"adi\"><input type=\"text\" name=\"adi\" value=\"\" size=\"40\" class=\"wpcf7-form-control wpcf7-text wpcf7-validates-as-required\" aria-required=\"true\" aria-invalid=\"false\" placeholder=\"Ad\u0131n\u0131z\" \/><\/span><br \/>\n<span class=\"wpcf7-form-control-wrap\" data-name=\"telefon\"><input type=\"text\" name=\"telefon\" value=\"\" size=\"40\" class=\"wpcf7-form-control wpcf7-text wpcf7-validates-as-required\" aria-required=\"true\" aria-invalid=\"false\" placeholder=\"Telefon Numaran\u0131z\" \/><\/span><br \/>\n<span class=\"wpcf7-form-control-wrap\" data-name=\"mesaj\"><textarea name=\"mesaj\" cols=\"40\" rows=\"3\" class=\"wpcf7-form-control wpcf7-textarea\" aria-invalid=\"false\" placeholder=\"Mesaj\u0131n\u0131z\"><\/textarea><\/span><br \/>\n<input type=\"submit\" value=\"Formu G\u00f6nder\" class=\"wpcf7-form-control has-spinner wpcf7-submit\" \/><\/p>\n<div class=\"wpcf7-response-output\" aria-hidden=\"true\"><\/div><\/form><\/div>\t<\/div>\n\n\t\t\t<\/div>\n\t\t\t\t<\/div>\n\t\t\t\t\t<\/div>\n\t\t<\/div>\n\t\t\t\t\t\t\t<\/div>\n\t\t<\/section>\n\t\t\t\t\t<\/div>\n\t\t<\/div>\n\t\t\t\t<div class=\"elementor-column elementor-col-50 elementor-top-column elementor-element elementor-element-231f3078\" data-id=\"231f3078\" data-element_type=\"column\">\n\t\t\t<div class=\"elementor-widget-wrap elementor-element-populated\">\n\t\t\t\t\t\t\t\t<div class=\"elementor-element elementor-element-cc9606b elementor-widget elementor-widget-image\" data-id=\"cc9606b\" data-element_type=\"widget\" data-widget_type=\"image.default\">\n\t\t\t\t<div class=\"elementor-widget-container\">\n\t\t\t<style>\/*! elementor - v3.7.4 - 31-08-2022 *\/\n.elementor-widget-image{text-align:center}.elementor-widget-image a{display:inline-block}.elementor-widget-image a img[src$=\".svg\"]{width:48px}.elementor-widget-image img{vertical-align:middle;display:inline-block}<\/style>\t\t\t\t\t\t\t\t\t\t\t\t<img decoding=\"async\" width=\"930\" height=\"550\" src=\"https:\/\/drhimmelclinic.com\/tr\/wp-content\/uploads\/2022\/09\/sac-ekimi2-header.jpg\" class=\"elementor-animation-float attachment-full size-full\" alt=\"\" srcset=\"https:\/\/drhimmelclinic.com\/tr\/wp-content\/uploads\/2022\/09\/sac-ekimi2-header.jpg 930w, https:\/\/drhimmelclinic.com\/tr\/wp-content\/uploads\/2022\/09\/sac-ekimi2-header-300x177.jpg 300w, https:\/\/drhimmelclinic.com\/tr\/wp-content\/uploads\/2022\/09\/sac-ekimi2-header-600x355.jpg 600w\" sizes=\"(max-width: 930px) 100vw, 930px\" \/>\t\t\t\t\t\t\t\t\t\t\t\t\t\t\t<\/div>\n\t\t\t\t<\/div>\n\t\t\t\t<div class=\"elementor-element elementor-element-c153a33 elementor-widget elementor-widget-spacer\" data-id=\"c153a33\" data-element_type=\"widget\" data-widget_type=\"spacer.default\">\n\t\t\t\t<div class=\"elementor-widget-container\">\n\t\t\t<style>\/*! elementor - v3.7.4 - 31-08-2022 *\/\n.elementor-column .elementor-spacer-inner{height:var(--spacer-size)}.e-container{--container-widget-width:100%}.e-container>.elementor-widget-spacer{width:var(--container-widget-width,var(--spacer-size));-ms-flex-item-align:stretch;align-self:stretch;-ms-flex-negative:0;flex-shrink:0}.e-container>.elementor-widget-spacer>.elementor-widget-container,.e-container>.elementor-widget-spacer>.elementor-widget-container>.elementor-spacer{height:100%}.e-container>.elementor-widget-spacer>.elementor-widget-container>.elementor-spacer>.elementor-spacer-inner{height:var(--container-widget-height,var(--spacer-size))}<\/style>\t\t<div class=\"elementor-spacer\">\n\t\t\t<div class=\"elementor-spacer-inner\"><\/div>\n\t\t<\/div>\n\t\t\t\t<\/div>\n\t\t\t\t<\/div>\n\t\t\t\t<div class=\"elementor-element elementor-element-527f0d1f elementor-widget elementor-widget-hub_fancy_heading\" data-id=\"527f0d1f\" data-element_type=\"widget\" data-widget_type=\"hub_fancy_heading.default\">\n\t\t\t\t<div class=\"elementor-widget-container\">\n\t\t\t\n\t\t<div id=\"ld-fancy-heading-69f228c30551f\" class=\"ld-fancy-heading pos-rel\">\n\t\t\t<h2 class=\"ld-fh-element d-inline-block pos-rel  elementor-heading-title lqd-highlight-classic lqd-highlight-grow-left h2\"  > Safir Sa\u00e7 Ekimi<\/h2>\t\t<\/div>\n\n\t\t\t\t<\/div>\n\t\t\t\t<\/div>\n\t\t\t\t<div class=\"elementor-element elementor-element-7eef461 elementor-widget elementor-widget-text-editor\" data-id=\"7eef461\" data-element_type=\"widget\" data-widget_type=\"text-editor.default\">\n\t\t\t\t<div class=\"elementor-widget-container\">\n\t\t\t<style>\/*! elementor - v3.7.4 - 31-08-2022 *\/\n.elementor-widget-text-editor.elementor-drop-cap-view-stacked .elementor-drop-cap{background-color:#818a91;color:#fff}.elementor-widget-text-editor.elementor-drop-cap-view-framed .elementor-drop-cap{color:#818a91;border:3px solid;background-color:transparent}.elementor-widget-text-editor:not(.elementor-drop-cap-view-default) .elementor-drop-cap{margin-top:8px}.elementor-widget-text-editor:not(.elementor-drop-cap-view-default) .elementor-drop-cap-letter{width:1em;height:1em}.elementor-widget-text-editor .elementor-drop-cap{float:left;text-align:center;line-height:1;font-size:50px}.elementor-widget-text-editor .elementor-drop-cap-letter{display:inline-block}<\/style>\t\t\t\t<p>D\u00fcnya \u00fczerinde en \u00e7ok kullan\u0131lan sa\u00e7 ekimi tekni\u011fi FUE\u2019dir ( Folik\u00fcler \u00dcnite Ekstraksiyonu ). Bu teknik sa\u00e7 k\u00f6klerinin toplanmas\u0131, kanallar\u0131n a\u00e7\u0131lmas\u0131 ve a\u00e7\u0131lan kanallara greft ad\u0131 verilen k\u00f6klerin ekilmesi a\u015famalar\u0131ndan olu\u015fur.<\/p><p>FUE tekni\u011finin bir a\u015famas\u0131 olan kanal a\u00e7\u0131lmas\u0131 esnas\u0131nda doku deformasyonunun en aza indirgenmesine ve maksimum s\u0131kl\u0131kla kanal a\u00e7\u0131labilmesine olanak sa\u011flayan bir y\u00f6ntem olarak safir u\u00e7lu \u00f6zel kalemler geli\u015ftirilmi\u015ftir. \u0130\u015fte Safir FUE olarak adland\u0131r\u0131lan bu ekim modeli ger\u00e7ek safirden \u00fcretilen u\u00e7lara sahip kalemlerin kullan\u0131ld\u0131\u011f\u0131 bir FUE operasyonudur.<\/p><p>Sa\u00e7 ekimi esnas\u0131nda kanal a\u00e7\u0131l\u0131rken slit denilen kesici bir alet kullan\u0131l\u0131r. Ancak bu \u00e7elik slitlerle yap\u0131lan ekimde doku tahribat\u0131 y\u00fcksek oldu\u011fu i\u00e7in iyile\u015fme s\u00fcreleri nispeten uzundur. Safir u\u00e7lu kalemler ile mikro d\u00fczeyde s\u0131k kanal a\u00e7\u0131labilmesi nedeniyle s\u0131k ve do\u011fal bir ekimin yap\u0131labilmesi m\u00fcmk\u00fcn olur. Kanallar mikro d\u00fczeyde a\u00e7\u0131ld\u0131\u011f\u0131 i\u00e7in di\u011fer sa\u00e7 ekimi teknikleriyle k\u0131yasland\u0131\u011f\u0131nda \u00e7ok daha h\u0131zl\u0131 bir iyile\u015fme s\u00fcreci s\u00f6z konusudur. Ekim sonras\u0131 kabuklanma minimal d\u00fczeyde olur ve bu da hasta konforunu artt\u0131r\u0131c\u0131 bir sonu\u00e7tur.<\/p><p>Safir FUE sa\u00e7 ekimi tekni\u011finde sa\u00e7 k\u00f6kleri yine FUE tekni\u011fi kullan\u0131larak toplan\u0131yor. Ancak sa\u00e7 ekiminin yap\u0131laca\u011f\u0131 b\u00f6lgeye kanallar FUE y\u00f6ntemindeki gibi \u00e7elikle de\u011fil, kalem formundaki safir cevheri ile a\u00e7\u0131l\u0131yor.<\/p><p>Safir u\u00e7lar ekimin yap\u0131laca\u011f\u0131 b\u00f6lgede \u00e7elikten \u00e7ok daha k\u00fc\u00e7\u00fck, p\u00fcr\u00fczs\u00fcz ve s\u0131k mikrokanallar a\u00e7\u0131lmas\u0131n\u0131 sa\u011fl\u0131yor. Kanallar\u0131n mikro d\u00fczeyde a\u00e7\u0131lmas\u0131 doku deformasyonunu en aza indirerek kabuklanmay\u0131 azalt\u0131yor. B\u00f6ylece uygulama sonras\u0131nda sa\u00e7 derisi h\u0131zl\u0131ca iyile\u015fiyor ve g\u00f6zle g\u00f6r\u00fcl\u00fcr hi\u00e7bir iz kalm\u0131yor. Safir FUE sa\u00e7 ekimi ile a\u00e7\u0131lan bu mikrokanallar ayr\u0131ca, sa\u00e7 k\u00f6klerinin s\u0131k ve do\u011fal \u00e7\u0131k\u0131\u015f y\u00f6n\u00fcne uygun bir \u015fekilde ekilmesine imkan tan\u0131yor. Bu teknik sayesinde sa\u00e7 kayb\u0131 ya\u015fayanlar, kendi sa\u00e7lar\u0131ndan ay\u0131rt edilemeyecek do\u011fall\u0131kta sa\u00e7lara sahip oluyor.<\/p><p>Safir FUE sa\u00e7 ekimi, sedasyonlu sa\u00e7 ekimi ve t\u0131ra\u015fs\u0131z sa\u00e7 ekimi gibi konforu ve hasta memnuniyetini art\u0131ran di\u011fer y\u00f6ntemlerle de kombine edilerek uygulanabiliyor.<\/p>\t\t\t\t\t\t<\/div>\n\t\t\t\t<\/div>\n\t\t\t\t<div class=\"elementor-element elementor-element-4e40ebec elementor-widget-divider--view-line elementor-widget elementor-widget-divider\" data-id=\"4e40ebec\" data-element_type=\"widget\" data-widget_type=\"divider.default\">\n\t\t\t\t<div class=\"elementor-widget-container\">\n\t\t\t<style>\/*! elementor - v3.7.4 - 31-08-2022 *\/\n.elementor-widget-divider{--divider-border-style:none;--divider-border-width:1px;--divider-color:#2c2c2c;--divider-icon-size:20px;--divider-element-spacing:10px;--divider-pattern-height:24px;--divider-pattern-size:20px;--divider-pattern-url:none;--divider-pattern-repeat:repeat-x}.elementor-widget-divider .elementor-divider{display:-webkit-box;display:-ms-flexbox;display:flex}.elementor-widget-divider .elementor-divider__text{font-size:15px;line-height:1;max-width:95%}.elementor-widget-divider .elementor-divider__element{margin:0 var(--divider-element-spacing);-ms-flex-negative:0;flex-shrink:0}.elementor-widget-divider .elementor-icon{font-size:var(--divider-icon-size)}.elementor-widget-divider .elementor-divider-separator{display:-webkit-box;display:-ms-flexbox;display:flex;margin:0;direction:ltr}.elementor-widget-divider--view-line_icon .elementor-divider-separator,.elementor-widget-divider--view-line_text .elementor-divider-separator{-webkit-box-align:center;-ms-flex-align:center;align-items:center}.elementor-widget-divider--view-line_icon .elementor-divider-separator:after,.elementor-widget-divider--view-line_icon .elementor-divider-separator:before,.elementor-widget-divider--view-line_text .elementor-divider-separator:after,.elementor-widget-divider--view-line_text .elementor-divider-separator:before{display:block;content:\"\";border-bottom:0;-webkit-box-flex:1;-ms-flex-positive:1;flex-grow:1;border-top:var(--divider-border-width) var(--divider-border-style) var(--divider-color)}.elementor-widget-divider--element-align-left .elementor-divider .elementor-divider-separator>.elementor-divider__svg:first-of-type{-webkit-box-flex:0;-ms-flex-positive:0;flex-grow:0;-ms-flex-negative:100;flex-shrink:100}.elementor-widget-divider--element-align-left .elementor-divider-separator:before{content:none}.elementor-widget-divider--element-align-left .elementor-divider__element{margin-left:0}.elementor-widget-divider--element-align-right .elementor-divider .elementor-divider-separator>.elementor-divider__svg:last-of-type{-webkit-box-flex:0;-ms-flex-positive:0;flex-grow:0;-ms-flex-negative:100;flex-shrink:100}.elementor-widget-divider--element-align-right .elementor-divider-separator:after{content:none}.elementor-widget-divider--element-align-right .elementor-divider__element{margin-right:0}.elementor-widget-divider:not(.elementor-widget-divider--view-line_text):not(.elementor-widget-divider--view-line_icon) .elementor-divider-separator{border-top:var(--divider-border-width) var(--divider-border-style) var(--divider-color)}.elementor-widget-divider--separator-type-pattern{--divider-border-style:none}.elementor-widget-divider--separator-type-pattern.elementor-widget-divider--view-line .elementor-divider-separator,.elementor-widget-divider--separator-type-pattern:not(.elementor-widget-divider--view-line) .elementor-divider-separator:after,.elementor-widget-divider--separator-type-pattern:not(.elementor-widget-divider--view-line) .elementor-divider-separator:before,.elementor-widget-divider--separator-type-pattern:not([class*=elementor-widget-divider--view]) .elementor-divider-separator{width:100%;min-height:var(--divider-pattern-height);-webkit-mask-size:var(--divider-pattern-size) 100%;mask-size:var(--divider-pattern-size) 100%;-webkit-mask-repeat:var(--divider-pattern-repeat);mask-repeat:var(--divider-pattern-repeat);background-color:var(--divider-color);-webkit-mask-image:var(--divider-pattern-url);mask-image:var(--divider-pattern-url)}.elementor-widget-divider--no-spacing{--divider-pattern-size:auto}.elementor-widget-divider--bg-round{--divider-pattern-repeat:round}.rtl .elementor-widget-divider .elementor-divider__text{direction:rtl}.e-container>.elementor-widget-divider{width:var(--container-widget-width,100%);--flex-grow:var(--container-widget-flex-grow,0)}<\/style>\t\t<div class=\"elementor-divider\">\n\t\t\t<span class=\"elementor-divider-separator\">\n\t\t\t\t\t\t<\/span>\n\t\t<\/div>\n\t\t\t\t<\/div>\n\t\t\t\t<\/div>\n\t\t\t\t<div class=\"elementor-element elementor-element-35c57f11 elementor-widget elementor-widget-hub_fancy_heading\" data-id=\"35c57f11\" data-element_type=\"widget\" data-widget_type=\"hub_fancy_heading.default\">\n\t\t\t\t<div class=\"elementor-widget-container\">\n\t\t\t\n\t\t<div id=\"ld-fancy-heading-69f228c308215\" class=\"ld-fancy-heading pos-rel\">\n\t\t\t<h3 class=\"ld-fh-element d-inline-block pos-rel  elementor-heading-title lqd-highlight-classic lqd-highlight-grow-left h3\"  > S\u0131k Sorulan Sorular<\/h3>\t\t<\/div>\n\n\t\t\t\t<\/div>\n\t\t\t\t<\/div>\n\t\t\t\t<div class=\"elementor-element elementor-element-71ce774c elementor-widget elementor-widget-ld_accordion\" data-id=\"71ce774c\" data-element_type=\"widget\" data-widget_type=\"ld_accordion.default\">\n\t\t\t\t<div class=\"elementor-widget-container\">\n\t\t\t\n\t\t<div class=\"accordion accordion-lg accordion-side-spacing accordion-title-bg-transparent accordion-expander-lg accordion-active-has-fill\" id=\"accordion-69f228c309c1a\" role=\"tablist\" aria-multiselectable=\"true\">\n\t\t\t\t\t\t\t\t\t\t\t\t<div class=\"accordion-item panel  active\">\n\t\t\t\t\n\t\t\t\t<div class=\"accordion-heading\" role=\"tab\" id=\"heading-1901\">\n\t\t\t\t<h4 class=\"accordion-title \">\t\t\t\t\t<a class=\"\" role=\"button\" data-toggle=\"collapse\" \n\t\t\t\t\tdata-parent=\"#accordion-69f228c309c1a\" href=\"#collapse-1901\" \n\t\t\t\t\taria-expanded=\"true\" aria-controls=\"collapse-1901\">\n\t\t\t\t\t\t\t\t\t\t\t\t<span class=\"accordion-title-txt\">Safir sa\u00e7 ekiminin avantajlar\u0131<\/span>\n\t\t\t\t\t\t\t\t\t\t\t\t\t<span class=\"accordion-expander\"><i class=\"lqd-icn-ess icon-ion-ios-arrow-down\"><\/i><i class=\"lqd-icn-ess icon-ion-ios-arrow-up\"><\/i><\/span>\t\t\t\t\t\t\t\t\t\t\t<\/a>\n\t\t\t\t<\/h4>\t\t\t\t<\/div>\n\t\t\t\t\n\t\t\t\t<div id=\"collapse-1901\" class=\"accordion-collapse collapse  in\" role=\"tabpanel\" aria-labelledby=\"heading-1901\">\n\n\t\t\t\t<div class=\"accordion-content\">\n\t\t\t\t\t<p>Safir FUE sa\u00e7 ekiminde kullan\u0131lan g\u00fcncel teknoloji \u00fcr\u00fcn\u00fc safir u\u00e7lar, \u00e7elik u\u00e7lardan daha estetik ve sa\u011fl\u0131kl\u0131 sonu\u00e7lar al\u0131nmas\u0131n\u0131 sa\u011fl\u0131yor. Safir u\u00e7lu kalemle a\u00e7\u0131lan kanallar \u00e7ok daha k\u00fc\u00e7\u00fck ve p\u00fcr\u00fczs\u00fcz oldu\u011fu i\u00e7in bu y\u00f6ntemde, di\u011fer sa\u00e7 ekimi tekniklerine k\u0131yasla daha az doku tahribat\u0131 ya\u015fan\u0131yor. B\u00f6ylelikle uygulama sonras\u0131nda dokular g\u00f6zle g\u00f6r\u00fcl\u00fcr hi\u00e7bir iz kalmadan, h\u0131zl\u0131ca iyile\u015fiyor.<\/p><p>\u00c7ok ince safir u\u00e7lu kalem, kanallar\u0131n, sa\u00e7 k\u00f6klerinin boyutuna ve a\u00e7\u0131s\u0131na uygun bir \u015fekilde a\u00e7\u0131lmas\u0131na imkan veriyor. B\u00f6ylelikle sa\u00e7 k\u00f6kleri kanallar\u0131n i\u00e7ine do\u011fal bir a\u00e7\u0131yla yerle\u015ftirilebiliyor. Bu ise hem ekilen sa\u00e7lar\u0131n sa\u00e7 derisine daha g\u00fc\u00e7l\u00fc tutunmas\u0131n\u0131 hem de olduk\u00e7a do\u011fal bir g\u00f6r\u00fcnt\u00fc elde edilmesini sa\u011fl\u0131yor.<\/p><p>Safir FUE y\u00f6nteminde kullan\u0131lan safir u\u00e7lu kalem, sa\u00e7 k\u00f6k\u00fc boyutunda mikrokanallar a\u00e7\u0131lmas\u0131n\u0131 sa\u011fl\u0131yor. Bu ise sa\u00e7 ekiminin yap\u0131laca\u011f\u0131 b\u00f6lgeye daha s\u0131k aral\u0131klarla kanal a\u00e7\u0131labilmesi ve k\u00f6klerin birbirine daha yak\u0131n ekilebilmesine olanak tan\u0131yor. Safir FUE y\u00f6nteminde sa\u00e7 k\u00f6klerinin s\u0131k ekilmesiyle di\u011fer tekniklere k\u0131yasla \u00e7ok daha do\u011fal ve dolgun bir g\u00f6r\u00fcn\u00fcm elde ediliyor.<\/p>\t\t\t\t<\/div>\n\t\t\t\t\t\t\n\t\t\t\t<\/div>\n\t\t\t\t\n\t\t\t<\/div>\n\t\t\t\t\t\t\t\t\t<div class=\"accordion-item panel \">\n\t\t\t\t\n\t\t\t\t<div class=\"accordion-heading\" role=\"tab\" id=\"heading-1902\">\n\t\t\t\t<h4 class=\"accordion-title \">\t\t\t\t\t<a class=\"collapsed\" role=\"button\" data-toggle=\"collapse\" \n\t\t\t\t\tdata-parent=\"#accordion-69f228c309c1a\" href=\"#collapse-1902\" \n\t\t\t\t\taria-expanded=\"false\" aria-controls=\"collapse-1902\">\n\t\t\t\t\t\t\t\t\t\t\t\t<span class=\"accordion-title-txt\">Kimler safir sa\u00e7 ekimi i\u00e7in uygun adayd\u0131r?<\/span>\n\t\t\t\t\t\t\t\t\t\t\t\t\t<span class=\"accordion-expander\"><i class=\"lqd-icn-ess icon-ion-ios-arrow-down\"><\/i><i class=\"lqd-icn-ess icon-ion-ios-arrow-up\"><\/i><\/span>\t\t\t\t\t\t\t\t\t\t\t<\/a>\n\t\t\t\t<\/h4>\t\t\t\t<\/div>\n\t\t\t\t\n\t\t\t\t<div id=\"collapse-1902\" class=\"accordion-collapse collapse \" role=\"tabpanel\" aria-labelledby=\"heading-1902\">\n\n\t\t\t\t<div class=\"accordion-content\">\n\t\t\t\t\t<p>Don\u00f6r b\u00f6lgede yeterli miktarda sa\u00e7 k\u00f6k\u00fcne sahip 20-60 ya\u015f aras\u0131 t\u00fcm kad\u0131n ve erkekler, Safir FUE sa\u00e7 ekimi tekni\u011fi ile kaybettikleri sa\u00e7lara kavu\u015fabilir.<\/p><p>Geni\u015f bir alanda \u015fiddetli sa\u00e7 kay\u0131plar\u0131 durumunda kullan\u0131labilece\u011fi gibi \u015fakaklarda a\u00e7\u0131lma, al\u0131n \u00e7izgisinin geriye gitmesi, sa\u00e7\u0131n tepeden a\u00e7\u0131lmas\u0131 ya da homojen seyrelme gibi tipik sa\u00e7 d\u00f6k\u00fclmelerine kar\u015f\u0131 da Safir FUE sa\u00e7 ekimi, kal\u0131c\u0131 \u00e7\u00f6z\u00fcmd\u00fcr.<\/p>\t\t\t\t<\/div>\n\t\t\t\t\t\t\n\t\t\t\t<\/div>\n\t\t\t\t\n\t\t\t<\/div>\n\t\t\t\t\t\t\t\t\t<div class=\"accordion-item panel \">\n\t\t\t\t\n\t\t\t\t<div class=\"accordion-heading\" role=\"tab\" id=\"heading-1903\">\n\t\t\t\t<h4 class=\"accordion-title \">\t\t\t\t\t<a class=\"collapsed\" role=\"button\" data-toggle=\"collapse\" \n\t\t\t\t\tdata-parent=\"#accordion-69f228c309c1a\" href=\"#collapse-1903\" \n\t\t\t\t\taria-expanded=\"false\" aria-controls=\"collapse-1903\">\n\t\t\t\t\t\t\t\t\t\t\t\t<span class=\"accordion-title-txt\">Safir sa\u00e7 ekimi sonras\u0131<\/span>\n\t\t\t\t\t\t\t\t\t\t\t\t\t<span class=\"accordion-expander\"><i class=\"lqd-icn-ess icon-ion-ios-arrow-down\"><\/i><i class=\"lqd-icn-ess icon-ion-ios-arrow-up\"><\/i><\/span>\t\t\t\t\t\t\t\t\t\t\t<\/a>\n\t\t\t\t<\/h4>\t\t\t\t<\/div>\n\t\t\t\t\n\t\t\t\t<div id=\"collapse-1903\" class=\"accordion-collapse collapse \" role=\"tabpanel\" aria-labelledby=\"heading-1903\">\n\n\t\t\t\t<div class=\"accordion-content\">\n\t\t\t\t\t<p>Sa\u00e7 ekimi operasyonu tamamland\u0131ktan sonra ilk y\u0131kama yap\u0131lana kadar en az iki g\u00fcn daha T\u00fcrkiye\u2019de zaman ge\u00e7irirler. Operasyon sonras\u0131 hastan\u0131n dinlenmesi gerekir fakat sonraki g\u00fcn d\u00fcnyan\u0131n en g\u00fczel \u015fehirlerinden birini, \u0130stanbul\u2019u ke\u015ffe \u00e7\u0131kabilirsiniz. \u0130stanbul\u2019da sa\u00e7 ekimin avantajlar\u0131 aras\u0131nda say\u0131lmas\u0131 gereken en \u00f6nemli \u015feylerden biri de bu turistik atmosferdir.<\/p>\t\t\t\t<\/div>\n\t\t\t\t\t\t\n\t\t\t\t<\/div>\n\t\t\t\t\n\t\t\t<\/div>\n\t\t\t\t\t\t\t\t\t\n\t\t<\/div>\n\n\t\t\t\t<\/div>\n\t\t\t\t<\/div>\n\t\t\t\t\t<\/div>\n\t\t<\/div>\n\t\t\t\t\t\t\t<\/div>\n\t\t<\/section>\n\t\t\t\t\t\t\t<\/div>\n\t\t","protected":false},"excerpt":{"rendered":"<p>Hemen Bilgi Al Safir Sa\u00e7 Ekimi D\u00fcnya \u00fczerinde en \u00e7ok kullan\u0131lan sa\u00e7 ekimi tekni\u011fi FUE\u2019dir ( Folik\u00fcler \u00dcnite Ekstraksiyonu ). Bu teknik sa\u00e7 k\u00f6klerinin toplanmas\u0131, kanallar\u0131n a\u00e7\u0131lmas\u0131 ve a\u00e7\u0131lan kanallara greft ad\u0131 verilen k\u00f6klerin ekilmesi a\u015famalar\u0131ndan olu\u015fur. FUE tekni\u011finin bir a\u015famas\u0131 olan kanal a\u00e7\u0131lmas\u0131 esnas\u0131nda doku deformasyonunun en aza indirgenmesine ve maksimum s\u0131kl\u0131kla kanal a\u00e7\u0131labilmesine [&hellip;]<\/p>\n","protected":false},"author":1,"featured_media":0,"parent":0,"menu_order":0,"comment_status":"closed","ping_status":"closed","template":"","meta":{"footnotes":""},"class_list":["post-882","page","type-page","status-publish","hentry"],"_links":{"self":[{"href":"https:\/\/drhimmelclinic.com\/tr\/wp-json\/wp\/v2\/pages\/882","targetHints":{"allow":["GET"]}}],"collection":[{"href":"https:\/\/drhimmelclinic.com\/tr\/wp-json\/wp\/v2\/pages"}],"about":[{"href":"https:\/\/drhimmelclinic.com\/tr\/wp-json\/wp\/v2\/types\/page"}],"author":[{"embeddable":true,"href":"https:\/\/drhimmelclinic.com\/tr\/wp-json\/wp\/v2\/users\/1"}],"replies":[{"embeddable":true,"href":"https:\/\/drhimmelclinic.com\/tr\/wp-json\/wp\/v2\/comments?post=882"}],"version-history":[{"count":7,"href":"https:\/\/drhimmelclinic.com\/tr\/wp-json\/wp\/v2\/pages\/882\/revisions"}],"predecessor-version":[{"id":1075,"href":"https:\/\/drhimmelclinic.com\/tr\/wp-json\/wp\/v2\/pages\/882\/revisions\/1075"}],"wp:attachment":[{"href":"https:\/\/drhimmelclinic.com\/tr\/wp-json\/wp\/v2\/media?parent=882"}],"curies":[{"name":"wp","href":"https:\/\/api.w.org\/{rel}","templated":true}]}}