{"id":913,"date":"2022-09-17T12:40:54","date_gmt":"2022-09-17T09:40:54","guid":{"rendered":"https:\/\/drhimmelclinic.com\/tr\/?page_id=913"},"modified":"2022-09-17T14:31:22","modified_gmt":"2022-09-17T11:31:22","slug":"gulus-tasarimi","status":"publish","type":"page","link":"https:\/\/drhimmelclinic.com\/tr\/gulus-tasarimi","title":{"rendered":"G\u00fcl\u00fc\u015f Tasar\u0131m\u0131"},"content":{"rendered":"\t\t<div data-elementor-type=\"wp-page\" data-elementor-id=\"913\" class=\"elementor elementor-913\">\n\t\t\t\t\t\t\t\t\t<section class=\"elementor-section elementor-top-section elementor-element elementor-element-100bd8a5 elementor-section-boxed elementor-section-height-default elementor-section-height-default\" data-id=\"100bd8a5\" data-element_type=\"section\">\n\t\t\t\t\t\t<div class=\"elementor-container elementor-column-gap-default\">\n\t\t\t\t\t<div class=\"lqd-css-sticky-column elementor-column elementor-col-50 elementor-top-column elementor-element elementor-element-2eda37c\" style=\"--lqd-sticky-offset:30px\" data-id=\"2eda37c\" data-element_type=\"column\">\n\t\t\t<div class=\"elementor-widget-wrap elementor-element-populated\">\n\t\t\t\t\t\t\t\t<section class=\"elementor-section elementor-inner-section elementor-element elementor-element-505692c0 elementor-section-boxed elementor-section-height-default elementor-section-height-default\" data-id=\"505692c0\" data-element_type=\"section\">\n\t\t\t\t\t\t<div class=\"elementor-container elementor-column-gap-default\">\n\t\t\t\t\t<div class=\"elementor-column elementor-col-100 elementor-inner-column elementor-element elementor-element-702ef4b5\" data-id=\"702ef4b5\" data-element_type=\"column\" data-settings=\"{&quot;background_background&quot;:&quot;classic&quot;}\">\n\t\t\t<div class=\"elementor-widget-wrap elementor-element-populated\">\n\t\t\t\t\t\t\t\t<div class=\"elementor-element elementor-element-c4b355e elementor-widget elementor-widget-hub_fancy_heading\" data-id=\"c4b355e\" data-element_type=\"widget\" data-widget_type=\"hub_fancy_heading.default\">\n\t\t\t\t<div class=\"elementor-widget-container\">\n\t\t\t\n\t\t<div id=\"ld-fancy-heading-69f225551f3e2\" class=\"ld-fancy-heading pos-rel\">\n\t\t\t<h2 class=\"ld-fh-element d-inline-block pos-rel  elementor-heading-title lqd-highlight-classic lqd-highlight-grow-left h2\"  > Hemen Bilgi Al<\/h2>\t\t<\/div>\n\n\t\t\t\t<\/div>\n\t\t\t\t<\/div>\n\t\t\t\t<div class=\"elementor-element elementor-element-b7b8b7b elementor-widget elementor-widget-ld_cf722\" data-id=\"b7b8b7b\" data-element_type=\"widget\" data-widget_type=\"ld_cf722.default\">\n\t\t\t\t<div class=\"elementor-widget-container\">\n\t\t\t\n\t<div class=\"lqd-contact-form lqd-contact-form-inputs-filled lqd-contact-form-inputs-round lqd-contact-form-button-block lqd-contact-form-button-round\" >\n\t\t<div role=\"form\" class=\"wpcf7\" id=\"wpcf7-f6-o1\" lang=\"tr-TR\" dir=\"ltr\">\n<div class=\"screen-reader-response\"><p role=\"status\" aria-live=\"polite\" aria-atomic=\"true\"><\/p> <ul><\/ul><\/div>\n<form action=\"\/tr\/wp-json\/wp\/v2\/pages\/913#wpcf7-f6-o1\" method=\"post\" class=\"wpcf7-form init\" novalidate=\"novalidate\" data-status=\"init\">\n<div style=\"display: none;\">\n<input type=\"hidden\" name=\"_wpcf7\" value=\"6\" \/>\n<input type=\"hidden\" name=\"_wpcf7_version\" value=\"5.6.3\" \/>\n<input type=\"hidden\" name=\"_wpcf7_locale\" value=\"tr_TR\" \/>\n<input type=\"hidden\" name=\"_wpcf7_unit_tag\" value=\"wpcf7-f6-o1\" \/>\n<input type=\"hidden\" name=\"_wpcf7_container_post\" value=\"0\" \/>\n<input type=\"hidden\" name=\"_wpcf7_posted_data_hash\" value=\"\" \/>\n<\/div>\n<p><span class=\"wpcf7-form-control-wrap\" data-name=\"adi\"><input type=\"text\" name=\"adi\" value=\"\" size=\"40\" class=\"wpcf7-form-control wpcf7-text wpcf7-validates-as-required\" aria-required=\"true\" aria-invalid=\"false\" placeholder=\"Ad\u0131n\u0131z\" \/><\/span><br \/>\n<span class=\"wpcf7-form-control-wrap\" data-name=\"telefon\"><input type=\"text\" name=\"telefon\" value=\"\" size=\"40\" class=\"wpcf7-form-control wpcf7-text wpcf7-validates-as-required\" aria-required=\"true\" aria-invalid=\"false\" placeholder=\"Telefon Numaran\u0131z\" \/><\/span><br \/>\n<span class=\"wpcf7-form-control-wrap\" data-name=\"mesaj\"><textarea name=\"mesaj\" cols=\"40\" rows=\"3\" class=\"wpcf7-form-control wpcf7-textarea\" aria-invalid=\"false\" placeholder=\"Mesaj\u0131n\u0131z\"><\/textarea><\/span><br \/>\n<input type=\"submit\" value=\"Formu G\u00f6nder\" class=\"wpcf7-form-control has-spinner wpcf7-submit\" \/><\/p>\n<div class=\"wpcf7-response-output\" aria-hidden=\"true\"><\/div><\/form><\/div>\t<\/div>\n\n\t\t\t<\/div>\n\t\t\t\t<\/div>\n\t\t\t\t\t<\/div>\n\t\t<\/div>\n\t\t\t\t\t\t\t<\/div>\n\t\t<\/section>\n\t\t\t\t\t<\/div>\n\t\t<\/div>\n\t\t\t\t<div class=\"elementor-column elementor-col-50 elementor-top-column elementor-element elementor-element-231f3078\" data-id=\"231f3078\" data-element_type=\"column\">\n\t\t\t<div class=\"elementor-widget-wrap elementor-element-populated\">\n\t\t\t\t\t\t\t\t<div class=\"elementor-element elementor-element-cc9606b elementor-widget elementor-widget-image\" data-id=\"cc9606b\" data-element_type=\"widget\" data-widget_type=\"image.default\">\n\t\t\t\t<div class=\"elementor-widget-container\">\n\t\t\t<style>\/*! elementor - v3.7.4 - 31-08-2022 *\/\n.elementor-widget-image{text-align:center}.elementor-widget-image a{display:inline-block}.elementor-widget-image a img[src$=\".svg\"]{width:48px}.elementor-widget-image img{vertical-align:middle;display:inline-block}<\/style>\t\t\t\t\t\t\t\t\t\t\t\t<img decoding=\"async\" width=\"930\" height=\"550\" src=\"https:\/\/drhimmelclinic.com\/tr\/wp-content\/uploads\/2022\/09\/gulus-tasarimi-header.jpg\" class=\"elementor-animation-float attachment-full size-full\" alt=\"\" srcset=\"https:\/\/drhimmelclinic.com\/tr\/wp-content\/uploads\/2022\/09\/gulus-tasarimi-header.jpg 930w, https:\/\/drhimmelclinic.com\/tr\/wp-content\/uploads\/2022\/09\/gulus-tasarimi-header-300x177.jpg 300w, https:\/\/drhimmelclinic.com\/tr\/wp-content\/uploads\/2022\/09\/gulus-tasarimi-header-600x355.jpg 600w\" sizes=\"(max-width: 930px) 100vw, 930px\" \/>\t\t\t\t\t\t\t\t\t\t\t\t\t\t\t<\/div>\n\t\t\t\t<\/div>\n\t\t\t\t<div class=\"elementor-element elementor-element-c153a33 elementor-widget elementor-widget-spacer\" data-id=\"c153a33\" data-element_type=\"widget\" data-widget_type=\"spacer.default\">\n\t\t\t\t<div class=\"elementor-widget-container\">\n\t\t\t<style>\/*! elementor - v3.7.4 - 31-08-2022 *\/\n.elementor-column .elementor-spacer-inner{height:var(--spacer-size)}.e-container{--container-widget-width:100%}.e-container>.elementor-widget-spacer{width:var(--container-widget-width,var(--spacer-size));-ms-flex-item-align:stretch;align-self:stretch;-ms-flex-negative:0;flex-shrink:0}.e-container>.elementor-widget-spacer>.elementor-widget-container,.e-container>.elementor-widget-spacer>.elementor-widget-container>.elementor-spacer{height:100%}.e-container>.elementor-widget-spacer>.elementor-widget-container>.elementor-spacer>.elementor-spacer-inner{height:var(--container-widget-height,var(--spacer-size))}<\/style>\t\t<div class=\"elementor-spacer\">\n\t\t\t<div class=\"elementor-spacer-inner\"><\/div>\n\t\t<\/div>\n\t\t\t\t<\/div>\n\t\t\t\t<\/div>\n\t\t\t\t<div class=\"elementor-element elementor-element-527f0d1f elementor-widget elementor-widget-hub_fancy_heading\" data-id=\"527f0d1f\" data-element_type=\"widget\" data-widget_type=\"hub_fancy_heading.default\">\n\t\t\t\t<div class=\"elementor-widget-container\">\n\t\t\t\n\t\t<div id=\"ld-fancy-heading-69f22555267f1\" class=\"ld-fancy-heading pos-rel\">\n\t\t\t<h2 class=\"ld-fh-element d-inline-block pos-rel  elementor-heading-title lqd-highlight-classic lqd-highlight-grow-left h2\"  > G\u00fcl\u00fc\u015f Tasar\u0131m\u0131<\/h2>\t\t<\/div>\n\n\t\t\t\t<\/div>\n\t\t\t\t<\/div>\n\t\t\t\t<div class=\"elementor-element elementor-element-7eef461 elementor-widget elementor-widget-text-editor\" data-id=\"7eef461\" data-element_type=\"widget\" data-widget_type=\"text-editor.default\">\n\t\t\t\t<div class=\"elementor-widget-container\">\n\t\t\t<style>\/*! elementor - v3.7.4 - 31-08-2022 *\/\n.elementor-widget-text-editor.elementor-drop-cap-view-stacked .elementor-drop-cap{background-color:#818a91;color:#fff}.elementor-widget-text-editor.elementor-drop-cap-view-framed .elementor-drop-cap{color:#818a91;border:3px solid;background-color:transparent}.elementor-widget-text-editor:not(.elementor-drop-cap-view-default) .elementor-drop-cap{margin-top:8px}.elementor-widget-text-editor:not(.elementor-drop-cap-view-default) .elementor-drop-cap-letter{width:1em;height:1em}.elementor-widget-text-editor .elementor-drop-cap{float:left;text-align:center;line-height:1;font-size:50px}.elementor-widget-text-editor .elementor-drop-cap-letter{display:inline-block}<\/style>\t\t\t\t<p>G\u00fcl\u00fc\u015f tasar\u0131m\u0131, di\u015f hekimli\u011finin ve sanat\u0131n beraber uygulanarak y\u00fcze \u00f6zel olan g\u00fcl\u00fc\u015f\u00fcn sa\u011flanabilmesidir. \u00d6ncelikle sizin ki\u015fisel istekleriniz ve hekiminizin \u00f6nerileriyle beraber sa\u011fl\u0131kl\u0131 bir g\u00fcl\u00fc\u015f plan\u0131 yap\u0131lmaktad\u0131r. G\u00fcl\u00fc\u015f tasar\u0131m\u0131; ya\u015f\u0131n\u0131z, cinsiyetiniz, y\u00fcz \u015fekliniz, mesle\u011finiz ve karakterinize g\u00f6re planlanmaktad\u0131r. G\u00fcl\u00fc\u015f tasar\u0131m\u0131n\u0131n en \u00f6nemli noktas\u0131 sa\u011fl\u0131\u011f\u0131n\u0131z\u0131n ve do\u011fall\u0131\u011f\u0131n\u0131z\u0131n korunarak g\u00fcl\u00fcmsemenizin yeniden yap\u0131land\u0131r\u0131l\u0131yor olmas\u0131d\u0131r. G\u00fcl\u00fc\u015f tasar\u0131m\u0131na ba\u015flarken ilk olarak y\u00fcz hatt\u0131n\u0131z\u0131n hangi geometrik \u015fekle uydu\u011fu tespit edilmektedir. \u00c7\u00fcnk\u00fc ki\u015finin y\u00fcz\u00fcndeki hatlar di\u015fin hangi formda olmas\u0131 gerekti\u011finin \u015fifrelerini vermektedir. Erkek ve kad\u0131n anatomisi birbirinden tamamen farkl\u0131d\u0131r. Kad\u0131nlarda ge\u00e7i\u015fler daha yumu\u015fakken, burun ve ka\u015f kemerleri de daha siliktir. Erkeklerde ise y\u00fcz hatlar\u0131 daha keskin ve belirgin g\u00f6r\u00fclmektedir. Al\u0131n, burun ve \u00e7ene ucu orant\u0131s\u0131 kad\u0131nlar\u0131n y\u00fczleriyle farkl\u0131l\u0131k g\u00f6stermektedir. Kad\u0131nlarda di\u015flerin k\u00f6\u015feleri daha yumu\u015fakt\u0131r ve ortadaki iki di\u015f yandaki di\u015flerden daha uzundur. Kom\u015fu di\u015flerin k\u00f6\u015feleri aras\u0131nda da minik aral\u0131klar yer almaktad\u0131r. Ayr\u0131ca g\u00fclme hatt\u0131 da yukar\u0131ya do\u011fru bir kavis g\u00f6stermektedir. Erkeklerde ise di\u015flerin hatlar\u0131 daha belirgindir ve kom\u015fu di\u015fler daha d\u00fcz g\u00f6r\u00fclmektedir. Ayr\u0131ca kad\u0131nlara k\u0131yasla erkeklerde g\u00fclme hatt\u0131 daha d\u00fcz bir bi\u00e7imde gelmektedir. G\u00fcl\u00fc\u015f tasar\u0131m\u0131 sayesinde sizde her a\u00e7\u0131dan daha sa\u011fl\u0131kl\u0131 di\u015flere kavu\u015fabilirsiniz.<\/p><p>Genel olarak g\u00fcl\u00fc\u015f ifadeleri \u00fc\u00e7e ayr\u0131lmaktad\u0131r. Bunlardan birincisi \u00e7ekici g\u00fcl\u00fc\u015f, ikincisi entelekt\u00fcel g\u00fcl\u00fc\u015f ve \u00fc\u00e7\u00fcnc\u00fcs\u00fc sportif g\u00fcl\u00fcmsemedir. \u00c7ekici g\u00fcl\u00fcmseme i\u00e7in \u00f6n di\u015flerin yan di\u015flere g\u00f6re fark edilir bir bi\u00e7imde daha uzun olmas\u0131 gerekmektedir. \u00d6n di\u015flerinizin bu \u015fekilde tasarlanmas\u0131 size gen\u00e7, dinamik ve \u00e7ekici bir g\u00fcl\u00fcmseme kazand\u0131rmaktad\u0131r. Entelekt\u00fcel g\u00fcl\u00fc\u015f i\u00e7in d\u00fcz bir \u00e7izgi \u00fczerine s\u0131ralanan di\u015fler gerekmektedir. Bu g\u00fcl\u00fcmseme y\u00fcz\u00fcn\u00fcze olgun ve bilgili bir ifade vermektedir. Sportif bir g\u00fcl\u00fcmseme i\u00e7inde orta kesici di\u015flerinizin yan kesicilerden \u00e7ok az farkla uzun olmas\u0131 gerekmektedir. Bu g\u00fcl\u00fc\u015f size i\u00e7ten, s\u0131ra d\u0131\u015f\u0131 ve s\u0131cak bir ifade kazand\u0131racakt\u0131r.<\/p><p>G\u00fcl\u00fc\u015f tasar\u0131m\u0131 ile di\u015f renklenmeleri, tek veya birka\u00e7 di\u015fin birbirlerinden farkl\u0131 hizada veya konumda yer almas\u0131, eksik di\u015flerden kaynaklanan bo\u015fluklar\u0131n giderilmesi, di\u015f etlerinin olmas\u0131 gerekti\u011fi hizada olmas\u0131, g\u00f6r\u00fcnen di\u015f ve di\u015f eti miktar\u0131n\u0131n orant\u0131s\u0131zl\u0131\u011f\u0131n\u0131n giderilmesi, dudaklarda uyumsuz di\u015f boylar\u0131n\u0131n engellenmesi, y\u00fcz ve dudaklardaki \u00e7\u00f6k\u00fckl\u00fck sebebi ile eksik di\u015flerden kaynaklanan ya\u015fl\u0131 g\u00f6r\u00fcn\u00fcm\u00fcn engellenmesi hedeflenmektedir. B\u00fct\u00fcn bu problemler hastan\u0131n estetik g\u00f6r\u00fcn\u00fcm\u00fcnde bozulmaya sebep olaca\u011f\u0131 i\u00e7in g\u00fcl\u00fc\u015f tasar\u0131m\u0131 ile b\u00fct\u00fcn hepsinin giderilmesi hedeflenir.<\/p>\t\t\t\t\t\t<\/div>\n\t\t\t\t<\/div>\n\t\t\t\t<div class=\"elementor-element elementor-element-4e40ebec elementor-widget-divider--view-line elementor-widget elementor-widget-divider\" data-id=\"4e40ebec\" data-element_type=\"widget\" data-widget_type=\"divider.default\">\n\t\t\t\t<div class=\"elementor-widget-container\">\n\t\t\t<style>\/*! elementor - v3.7.4 - 31-08-2022 *\/\n.elementor-widget-divider{--divider-border-style:none;--divider-border-width:1px;--divider-color:#2c2c2c;--divider-icon-size:20px;--divider-element-spacing:10px;--divider-pattern-height:24px;--divider-pattern-size:20px;--divider-pattern-url:none;--divider-pattern-repeat:repeat-x}.elementor-widget-divider .elementor-divider{display:-webkit-box;display:-ms-flexbox;display:flex}.elementor-widget-divider .elementor-divider__text{font-size:15px;line-height:1;max-width:95%}.elementor-widget-divider .elementor-divider__element{margin:0 var(--divider-element-spacing);-ms-flex-negative:0;flex-shrink:0}.elementor-widget-divider .elementor-icon{font-size:var(--divider-icon-size)}.elementor-widget-divider .elementor-divider-separator{display:-webkit-box;display:-ms-flexbox;display:flex;margin:0;direction:ltr}.elementor-widget-divider--view-line_icon .elementor-divider-separator,.elementor-widget-divider--view-line_text .elementor-divider-separator{-webkit-box-align:center;-ms-flex-align:center;align-items:center}.elementor-widget-divider--view-line_icon .elementor-divider-separator:after,.elementor-widget-divider--view-line_icon .elementor-divider-separator:before,.elementor-widget-divider--view-line_text .elementor-divider-separator:after,.elementor-widget-divider--view-line_text .elementor-divider-separator:before{display:block;content:\"\";border-bottom:0;-webkit-box-flex:1;-ms-flex-positive:1;flex-grow:1;border-top:var(--divider-border-width) var(--divider-border-style) var(--divider-color)}.elementor-widget-divider--element-align-left .elementor-divider .elementor-divider-separator>.elementor-divider__svg:first-of-type{-webkit-box-flex:0;-ms-flex-positive:0;flex-grow:0;-ms-flex-negative:100;flex-shrink:100}.elementor-widget-divider--element-align-left .elementor-divider-separator:before{content:none}.elementor-widget-divider--element-align-left .elementor-divider__element{margin-left:0}.elementor-widget-divider--element-align-right .elementor-divider .elementor-divider-separator>.elementor-divider__svg:last-of-type{-webkit-box-flex:0;-ms-flex-positive:0;flex-grow:0;-ms-flex-negative:100;flex-shrink:100}.elementor-widget-divider--element-align-right .elementor-divider-separator:after{content:none}.elementor-widget-divider--element-align-right .elementor-divider__element{margin-right:0}.elementor-widget-divider:not(.elementor-widget-divider--view-line_text):not(.elementor-widget-divider--view-line_icon) .elementor-divider-separator{border-top:var(--divider-border-width) var(--divider-border-style) var(--divider-color)}.elementor-widget-divider--separator-type-pattern{--divider-border-style:none}.elementor-widget-divider--separator-type-pattern.elementor-widget-divider--view-line .elementor-divider-separator,.elementor-widget-divider--separator-type-pattern:not(.elementor-widget-divider--view-line) .elementor-divider-separator:after,.elementor-widget-divider--separator-type-pattern:not(.elementor-widget-divider--view-line) .elementor-divider-separator:before,.elementor-widget-divider--separator-type-pattern:not([class*=elementor-widget-divider--view]) .elementor-divider-separator{width:100%;min-height:var(--divider-pattern-height);-webkit-mask-size:var(--divider-pattern-size) 100%;mask-size:var(--divider-pattern-size) 100%;-webkit-mask-repeat:var(--divider-pattern-repeat);mask-repeat:var(--divider-pattern-repeat);background-color:var(--divider-color);-webkit-mask-image:var(--divider-pattern-url);mask-image:var(--divider-pattern-url)}.elementor-widget-divider--no-spacing{--divider-pattern-size:auto}.elementor-widget-divider--bg-round{--divider-pattern-repeat:round}.rtl .elementor-widget-divider .elementor-divider__text{direction:rtl}.e-container>.elementor-widget-divider{width:var(--container-widget-width,100%);--flex-grow:var(--container-widget-flex-grow,0)}<\/style>\t\t<div class=\"elementor-divider\">\n\t\t\t<span class=\"elementor-divider-separator\">\n\t\t\t\t\t\t<\/span>\n\t\t<\/div>\n\t\t\t\t<\/div>\n\t\t\t\t<\/div>\n\t\t\t\t<div class=\"elementor-element elementor-element-35c57f11 elementor-widget elementor-widget-hub_fancy_heading\" data-id=\"35c57f11\" data-element_type=\"widget\" data-widget_type=\"hub_fancy_heading.default\">\n\t\t\t\t<div class=\"elementor-widget-container\">\n\t\t\t\n\t\t<div id=\"ld-fancy-heading-69f2255529a68\" class=\"ld-fancy-heading pos-rel\">\n\t\t\t<h3 class=\"ld-fh-element d-inline-block pos-rel  elementor-heading-title lqd-highlight-classic lqd-highlight-grow-left h3\"  > S\u0131k Sorulan Sorular<\/h3>\t\t<\/div>\n\n\t\t\t\t<\/div>\n\t\t\t\t<\/div>\n\t\t\t\t<div class=\"elementor-element elementor-element-71ce774c elementor-widget elementor-widget-ld_accordion\" data-id=\"71ce774c\" data-element_type=\"widget\" data-widget_type=\"ld_accordion.default\">\n\t\t\t\t<div class=\"elementor-widget-container\">\n\t\t\t\n\t\t<div class=\"accordion accordion-lg accordion-side-spacing accordion-title-bg-transparent accordion-expander-lg accordion-active-has-fill\" id=\"accordion-69f225552b694\" role=\"tablist\" aria-multiselectable=\"true\">\n\t\t\t\t\t\t\t\t\t\t\t\t<div class=\"accordion-item panel  active\">\n\t\t\t\t\n\t\t\t\t<div class=\"accordion-heading\" role=\"tab\" id=\"heading-1901\">\n\t\t\t\t<h4 class=\"accordion-title \">\t\t\t\t\t<a class=\"\" role=\"button\" data-toggle=\"collapse\" \n\t\t\t\t\tdata-parent=\"#accordion-69f225552b694\" href=\"#collapse-1901\" \n\t\t\t\t\taria-expanded=\"true\" aria-controls=\"collapse-1901\">\n\t\t\t\t\t\t\t\t\t\t\t\t<span class=\"accordion-title-txt\">G\u00fcl\u00fc\u015f tasar\u0131m\u0131nda hangi tedaviler yap\u0131lmaktad\u0131r?<\/span>\n\t\t\t\t\t\t\t\t\t\t\t\t\t<span class=\"accordion-expander\"><i class=\"lqd-icn-ess icon-ion-ios-arrow-down\"><\/i><i class=\"lqd-icn-ess icon-ion-ios-arrow-up\"><\/i><\/span>\t\t\t\t\t\t\t\t\t\t\t<\/a>\n\t\t\t\t<\/h4>\t\t\t\t<\/div>\n\t\t\t\t\n\t\t\t\t<div id=\"collapse-1901\" class=\"accordion-collapse collapse  in\" role=\"tabpanel\" aria-labelledby=\"heading-1901\">\n\n\t\t\t\t<div class=\"accordion-content\">\n\t\t\t\t\t<p>G\u00fcl\u00fc\u015f tasar\u0131m\u0131 di\u015fin konumuna ve durumuna g\u00f6re belirlenmektedir. Di\u015f uzatma, di\u015f k\u0131saltma, di\u015f \u015feklini d\u00fczeltme, di\u015fin konumuna g\u00f6re inceltme ve kal\u0131nla\u015ft\u0131rma, di\u015f eti bo\u015fluklar\u0131n\u0131 d\u00fczeltme, di\u015f y\u00fczey tabakas\u0131n\u0131 d\u00fczle\u015ftirme ve k\u00f6\u015fe tasar\u0131m\u0131 yani karele\u015ftirme, sivriltme, yuvarlatma, t\u00f6rp\u00fcleme gibi tedaviler yap\u0131lmaktad\u0131r.<\/p>\t\t\t\t<\/div>\n\t\t\t\t\t\t\n\t\t\t\t<\/div>\n\t\t\t\t\n\t\t\t<\/div>\n\t\t\t\t\t\t\t\t\t<div class=\"accordion-item panel \">\n\t\t\t\t\n\t\t\t\t<div class=\"accordion-heading\" role=\"tab\" id=\"heading-1902\">\n\t\t\t\t<h4 class=\"accordion-title \">\t\t\t\t\t<a class=\"collapsed\" role=\"button\" data-toggle=\"collapse\" \n\t\t\t\t\tdata-parent=\"#accordion-69f225552b694\" href=\"#collapse-1902\" \n\t\t\t\t\taria-expanded=\"false\" aria-controls=\"collapse-1902\">\n\t\t\t\t\t\t\t\t\t\t\t\t<span class=\"accordion-title-txt\">G\u00fcl\u00fc\u015f tasar\u0131m\u0131n\u0131 etkileyen fakt\u00f6rler nelerdir?<\/span>\n\t\t\t\t\t\t\t\t\t\t\t\t\t<span class=\"accordion-expander\"><i class=\"lqd-icn-ess icon-ion-ios-arrow-down\"><\/i><i class=\"lqd-icn-ess icon-ion-ios-arrow-up\"><\/i><\/span>\t\t\t\t\t\t\t\t\t\t\t<\/a>\n\t\t\t\t<\/h4>\t\t\t\t<\/div>\n\t\t\t\t\n\t\t\t\t<div id=\"collapse-1902\" class=\"accordion-collapse collapse \" role=\"tabpanel\" aria-labelledby=\"heading-1902\">\n\n\t\t\t\t<div class=\"accordion-content\">\n\t\t\t\t\t<p>Ki\u015fiye \u00f6zel g\u00fcl\u00fc\u015f tasar\u0131m\u0131 belirlenirken bu i\u015flemi etkileyen fakt\u00f6rler aras\u0131nda ya\u015f, cinsiyet, dudaklar, y\u00fcz hatlar\u0131, ten rengi, di\u015flerin s\u0131ralan\u0131\u015f\u0131 ve di\u015f etleri bulunmaktad\u0131r.<\/p>\t\t\t\t<\/div>\n\t\t\t\t\t\t\n\t\t\t\t<\/div>\n\t\t\t\t\n\t\t\t<\/div>\n\t\t\t\t\t\t\t\t\t<div class=\"accordion-item panel \">\n\t\t\t\t\n\t\t\t\t<div class=\"accordion-heading\" role=\"tab\" id=\"heading-1903\">\n\t\t\t\t<h4 class=\"accordion-title \">\t\t\t\t\t<a class=\"collapsed\" role=\"button\" data-toggle=\"collapse\" \n\t\t\t\t\tdata-parent=\"#accordion-69f225552b694\" href=\"#collapse-1903\" \n\t\t\t\t\taria-expanded=\"false\" aria-controls=\"collapse-1903\">\n\t\t\t\t\t\t\t\t\t\t\t\t<span class=\"accordion-title-txt\">G\u00fcl\u00fc\u015f tasar\u0131m\u0131 ka\u00e7 seansta tamamlanmaktad\u0131r?<\/span>\n\t\t\t\t\t\t\t\t\t\t\t\t\t<span class=\"accordion-expander\"><i class=\"lqd-icn-ess icon-ion-ios-arrow-down\"><\/i><i class=\"lqd-icn-ess icon-ion-ios-arrow-up\"><\/i><\/span>\t\t\t\t\t\t\t\t\t\t\t<\/a>\n\t\t\t\t<\/h4>\t\t\t\t<\/div>\n\t\t\t\t\n\t\t\t\t<div id=\"collapse-1903\" class=\"accordion-collapse collapse \" role=\"tabpanel\" aria-labelledby=\"heading-1903\">\n\n\t\t\t\t<div class=\"accordion-content\">\n\t\t\t\t\tKi\u015finin mevcut di\u015f durumu ve a\u011f\u0131z sa\u011fl\u0131\u011f\u0131 g\u00f6z \u00f6n\u00fcne al\u0131narak yap\u0131lacak olan tedavi belirlendikten sonra ka\u00e7 seansta yap\u0131laca\u011f\u0131 da ona g\u00f6re belirlenecektir. Tedavi 1 seansta da sonu\u00e7lanabilirken birka\u00e7 haftada da sonu\u00e7lanabilmektedir.\n\n\t\t\t\t<\/div>\n\t\t\t\t\t\t\n\t\t\t\t<\/div>\n\t\t\t\t\n\t\t\t<\/div>\n\t\t\t\t\t\t\t\t\t\n\t\t<\/div>\n\n\t\t\t\t<\/div>\n\t\t\t\t<\/div>\n\t\t\t\t\t<\/div>\n\t\t<\/div>\n\t\t\t\t\t\t\t<\/div>\n\t\t<\/section>\n\t\t\t\t\t\t\t<\/div>\n\t\t","protected":false},"excerpt":{"rendered":"<p>Hemen Bilgi Al G\u00fcl\u00fc\u015f Tasar\u0131m\u0131 G\u00fcl\u00fc\u015f tasar\u0131m\u0131, di\u015f hekimli\u011finin ve sanat\u0131n beraber uygulanarak y\u00fcze \u00f6zel olan g\u00fcl\u00fc\u015f\u00fcn sa\u011flanabilmesidir. \u00d6ncelikle sizin ki\u015fisel istekleriniz ve hekiminizin \u00f6nerileriyle beraber sa\u011fl\u0131kl\u0131 bir g\u00fcl\u00fc\u015f plan\u0131 yap\u0131lmaktad\u0131r. G\u00fcl\u00fc\u015f tasar\u0131m\u0131; ya\u015f\u0131n\u0131z, cinsiyetiniz, y\u00fcz \u015fekliniz, mesle\u011finiz ve karakterinize g\u00f6re planlanmaktad\u0131r. G\u00fcl\u00fc\u015f tasar\u0131m\u0131n\u0131n en \u00f6nemli noktas\u0131 sa\u011fl\u0131\u011f\u0131n\u0131z\u0131n ve do\u011fall\u0131\u011f\u0131n\u0131z\u0131n korunarak g\u00fcl\u00fcmsemenizin yeniden yap\u0131land\u0131r\u0131l\u0131yor olmas\u0131d\u0131r. [&hellip;]<\/p>\n","protected":false},"author":1,"featured_media":0,"parent":0,"menu_order":0,"comment_status":"closed","ping_status":"closed","template":"","meta":{"footnotes":""},"class_list":["post-913","page","type-page","status-publish","hentry"],"_links":{"self":[{"href":"https:\/\/drhimmelclinic.com\/tr\/wp-json\/wp\/v2\/pages\/913","targetHints":{"allow":["GET"]}}],"collection":[{"href":"https:\/\/drhimmelclinic.com\/tr\/wp-json\/wp\/v2\/pages"}],"about":[{"href":"https:\/\/drhimmelclinic.com\/tr\/wp-json\/wp\/v2\/types\/page"}],"author":[{"embeddable":true,"href":"https:\/\/drhimmelclinic.com\/tr\/wp-json\/wp\/v2\/users\/1"}],"replies":[{"embeddable":true,"href":"https:\/\/drhimmelclinic.com\/tr\/wp-json\/wp\/v2\/comments?post=913"}],"version-history":[{"count":8,"href":"https:\/\/drhimmelclinic.com\/tr\/wp-json\/wp\/v2\/pages\/913\/revisions"}],"predecessor-version":[{"id":1111,"href":"https:\/\/drhimmelclinic.com\/tr\/wp-json\/wp\/v2\/pages\/913\/revisions\/1111"}],"wp:attachment":[{"href":"https:\/\/drhimmelclinic.com\/tr\/wp-json\/wp\/v2\/media?parent=913"}],"curies":[{"name":"wp","href":"https:\/\/api.w.org\/{rel}","templated":true}]}}